{"id":8649,"date":"2025-04-26T13:00:33","date_gmt":"2025-04-26T05:00:33","guid":{"rendered":"https:\/\/www.sikortex.com\/?post_type=product&#038;p=8649"},"modified":"2025-04-27T12:10:31","modified_gmt":"2025-04-27T04:10:31","slug":"3-lagiges-wasserdichtes-stretchgewebe","status":"publish","type":"product","link":"https:\/\/www.sikortex.com\/de\/produkt\/3-lagiges-wasserdichtes-stretchgewebe\/","title":{"rendered":"3-lagiges, elastisches, wasserdichtes Gewebe f\u00fcr Funktionsjacken"},"content":{"rendered":"<p>&nbsp;<\/p>\n<h2>Revolution\u00e4res, wasserdichtes Stretchgewebe f\u00fcr uneingeschr\u00e4nkte Bewegungsfreiheit<\/h2>\n<p>Die fortschrittlichen <strong>wasserdichtes Stretchgewebe<\/strong> kombiniert au\u00dfergew\u00f6hnlichen Wetterschutz mit voller Bewegungsfreiheit. Die innovative 3-Lagen-Konstruktion besteht aus einer flexiblen Nylon-\/Spandex-Au\u00dfenseite, einer wasserdichten TPU-Membran und einer komfortablen Polyester-Strickr\u00fcckseite \u2013 ein neuer Komfort bei wasserdichter Kleidung.<\/p>\n<h3>Dreilagige technische Konstruktion<\/h3>\n<p>Diese Pr\u00e4mie <strong>wasserdichtes Stretchgewebe<\/strong> bietet un\u00fcbertroffene Leistung durch sein intelligentes Design:<\/p>\n<ul>\n<li><strong>\u00c4u\u00dfere Schicht:<\/strong> 30D Nylon + 20D Spandex-Mischung f\u00fcr Vier-Wege-Stretch und Haltbarkeit<\/li>\n<li><strong>Wasserdichte Barriere:<\/strong> Nahtlose TPU-Membran-Laminierung<\/li>\n<li><strong>Innere Schicht:<\/strong> Atmungsaktives Polyester-Strickgewebe f\u00fcr Komfort und Feuchtigkeitsmanagement<\/li>\n<\/ul>\n<h3>Wichtige Leistungsvorteile<\/h3>\n<ul>\n<li>Echte Dehnung in vier Richtungen f\u00fcr vollst\u00e4ndige Beweglichkeit<\/li>\n<li>Wasserdichtigkeit bis 6.000 mm+<\/li>\n<li>Verbesserte Atmungsaktivit\u00e4t (6.000 g\/m\u00b2\/24 Std.)<\/li>\n<li>Leichtgewicht mit nur 30D Fl\u00e4chengewicht<\/li>\n<li>Hervorragende R\u00fcckstellkraft und Formbest\u00e4ndigkeit<\/li>\n<li>Weiches, angenehmes Innengef\u00fchl<\/li>\n<\/ul>\n<h3>Premium-Anwendungen<\/h3>\n<p>Ideal f\u00fcr wasserdichte Hochleistungsbekleidung:<\/p>\n<ul>\n<li>Aktive Outdoorjacken<\/li>\n<li>Leistungsstarke Ski- und Snowboardbekleidung<\/li>\n<li>Urbane technische Oberbekleidung<\/li>\n<li>Abenteuerreisebekleidung<\/li>\n<\/ul>\n<h4>Die Zukunft des wasserdichten Komforts<\/h4>\n<p>Das <strong>wasserdichtes Stretchgewebe<\/strong> l\u00f6st den traditionellen Kompromiss zwischen Schutz und Bewegungsfreiheit. Die einzigartige Kombination aus elastischem Obermaterial mit wasserdichtem TPU und Strickr\u00fccken sorgt f\u00fcr Kleidungsst\u00fccke, die sich mit Ihrem K\u00f6rper bewegen und Sie dabei absolut trocken halten \u2013 perfekt f\u00fcr Sportler und einen aktiven Lebensstil.<\/p>\n<p>&nbsp;<\/p>","protected":false},"excerpt":{"rendered":"<p>1000 Meter (Mindestbestellmenge)<\/p>","protected":false},"featured_media":8652,"comment_status":"closed","ping_status":"closed","template":"","meta":{"_uag_custom_page_level_css":"","site-sidebar-layout":"default","site-content-layout":"default","ast-site-content-layout":"default","site-content-style":"default","site-sidebar-style":"default","ast-global-header-display":"","ast-banner-title-visibility":"","ast-main-header-display":"","ast-hfb-above-header-display":"","ast-hfb-below-header-display":"","ast-hfb-mobile-header-display":"","site-post-title":"","ast-breadcrumbs-content":"","ast-featured-img":"","footer-sml-layout":"","theme-transparent-header-meta":"default","adv-header-id-meta":"","stick-header-meta":"default","header-above-stick-meta":"","header-main-stick-meta":"","header-below-stick-meta":"","astra-migrate-meta-layouts":"set","ast-page-background-enabled":"default","ast-page-background-meta":{"desktop":{"background-color":"","background-image":"","background-repeat":"repeat","background-position":"center center","background-size":"auto","background-attachment":"scroll","background-type":"","background-media":"","overlay-type":"","overlay-color":"","overlay-opacity":"","overlay-gradient":""},"tablet":{"background-color":"","background-image":"","background-repeat":"repeat","background-position":"center center","background-size":"auto","background-attachment":"scroll","background-type":"","background-media":"","overlay-type":"","overlay-color":"","overlay-opacity":"","overlay-gradient":""},"mobile":{"background-color":"","background-image":"","background-repeat":"repeat","background-position":"center center","background-size":"auto","background-attachment":"scroll","background-type":"","background-media":"","overlay-type":"","overlay-color":"","overlay-opacity":"","overlay-gradient":""}},"ast-content-background-meta":{"desktop":{"background-color":"var(--ast-global-color-5)","background-image":"","background-repeat":"repeat","background-position":"center center","background-size":"auto","background-attachment":"scroll","background-type":"","background-media":"","overlay-type":"","overlay-color":"","overlay-opacity":"","overlay-gradient":""},"tablet":{"background-color":"var(--ast-global-color-5)","background-image":"","background-repeat":"repeat","background-position":"center center","background-size":"auto","background-attachment":"scroll","background-type":"","background-media":"","overlay-type":"","overlay-color":"","overlay-opacity":"","overlay-gradient":""},"mobile":{"background-color":"var(--ast-global-color-5)","background-image":"","background-repeat":"repeat","background-position":"center center","background-size":"auto","background-attachment":"scroll","background-type":"","background-media":"","overlay-type":"","overlay-color":"","overlay-opacity":"","overlay-gradient":""}}},"product_brand":[],"product_cat":[431,428,429,421,404,420],"product_tag":[],"class_list":{"0":"post-8649","1":"product","2":"type-product","3":"status-publish","4":"has-post-thumbnail","6":"product_cat-fabric-for-commuting-clothing","7":"product_cat-fabric-for-outdoor-sports","8":"product_cat-fabric-for-sportswear","9":"product_cat-foul-weather-fabrics","10":"product_cat-nylon-fabrics","11":"product_cat-stretch-fabrics","12":"desktop-align-left","13":"tablet-align-left","14":"mobile-align-left","15":"ast-product-gallery-layout-vertical-slider","16":"ast-product-tabs-layout-horizontal","18":"first","19":"instock","20":"shipping-taxable","21":"product-type-simple"},"uagb_featured_image_src":{"full":["https:\/\/www.sikortex.com\/wp-content\/uploads\/2025\/04\/4-12.jpg",800,800,false],"thumbnail":["https:\/\/www.sikortex.com\/wp-content\/uploads\/2025\/04\/4-12-150x150.jpg",150,150,true],"medium":["https:\/\/www.sikortex.com\/wp-content\/uploads\/2025\/04\/4-12-300x300.jpg",300,300,true],"medium_large":["https:\/\/www.sikortex.com\/wp-content\/uploads\/2025\/04\/4-12-768x768.jpg",768,768,true],"large":["https:\/\/www.sikortex.com\/wp-content\/uploads\/2025\/04\/4-12.jpg",800,800,false],"1536x1536":["https:\/\/www.sikortex.com\/wp-content\/uploads\/2025\/04\/4-12.jpg",800,800,false],"2048x2048":["https:\/\/www.sikortex.com\/wp-content\/uploads\/2025\/04\/4-12.jpg",800,800,false],"trp-custom-language-flag":["https:\/\/www.sikortex.com\/wp-content\/uploads\/2025\/04\/4-12-12x12.jpg",12,12,true],"woocommerce_thumbnail":["https:\/\/www.sikortex.com\/wp-content\/uploads\/2025\/04\/4-12-300x300.jpg",300,300,true],"woocommerce_single":["https:\/\/www.sikortex.com\/wp-content\/uploads\/2025\/04\/4-12-600x600.jpg",600,600,true],"woocommerce_gallery_thumbnail":["https:\/\/www.sikortex.com\/wp-content\/uploads\/2025\/04\/4-12-100x100.jpg",100,100,true]},"uagb_author_info":{"display_name":"Sandy","author_link":"https:\/\/www.sikortex.com\/de\/author\/"},"uagb_comment_info":0,"uagb_excerpt":"1000 Meters(Min.Order)","_links":{"self":[{"href":"https:\/\/www.sikortex.com\/de\/wp-json\/wp\/v2\/product\/8649","targetHints":{"allow":["GET"]}}],"collection":[{"href":"https:\/\/www.sikortex.com\/de\/wp-json\/wp\/v2\/product"}],"about":[{"href":"https:\/\/www.sikortex.com\/de\/wp-json\/wp\/v2\/types\/product"}],"replies":[{"embeddable":true,"href":"https:\/\/www.sikortex.com\/de\/wp-json\/wp\/v2\/comments?post=8649"}],"wp:featuredmedia":[{"embeddable":true,"href":"https:\/\/www.sikortex.com\/de\/wp-json\/wp\/v2\/media\/8652"}],"wp:attachment":[{"href":"https:\/\/www.sikortex.com\/de\/wp-json\/wp\/v2\/media?parent=8649"}],"wp:term":[{"taxonomy":"product_brand","embeddable":true,"href":"https:\/\/www.sikortex.com\/de\/wp-json\/wp\/v2\/product_brand?post=8649"},{"taxonomy":"product_cat","embeddable":true,"href":"https:\/\/www.sikortex.com\/de\/wp-json\/wp\/v2\/product_cat?post=8649"},{"taxonomy":"product_tag","embeddable":true,"href":"https:\/\/www.sikortex.com\/de\/wp-json\/wp\/v2\/product_tag?post=8649"}],"curies":[{"name":"wp","href":"https:\/\/api.w.org\/{rel}","templated":true}]}}