{"id":8599,"date":"2025-04-23T12:50:01","date_gmt":"2025-04-23T04:50:01","guid":{"rendered":"https:\/\/www.sikortex.com\/?post_type=product&#038;p=8599"},"modified":"2025-04-24T17:48:13","modified_gmt":"2025-04-24T09:48:13","slug":"elastisches-ripstop-t400-gewebe-fur-oberbekleidung","status":"publish","type":"product","link":"https:\/\/www.sikortex.com\/de\/produkt\/elastisches-ripstop-t400-gewebe-fur-oberbekleidung\/","title":{"rendered":"Ultrad\u00fcnnes Ripstop T400-Elastikgewebe, laminiertes PU-Gewebe f\u00fcr Oberbekleidung"},"content":{"rendered":"<p style=\"text-align: left;\">\n<style>\n        .spec-table {<br \/>            width: 100%;<br \/>            border-collapse: collapse;<br \/>            margin: 15px 0;<br \/>            font-family: Arial, sans-serif;<br \/>        }<br \/>        .spec-table th, .spec-table td {<br \/>            border: 1px solid #ddd;<br \/>            padding: 8px 12px;<br \/>            text-align: left;<br \/>        }<br \/>        .spec-table th {<br \/>            background-color: #f2f2f2;<br \/>            font-weight: bold;<br \/>        }<br \/>        .spec-table tr:nth-child(even) {<br \/>            background-color: #f9f9f9;<br \/>        }<br \/>    <\/style>\n<\/p>\n<h3 style=\"text-align: left;\">Hochwertiges technisches Gewebe f\u00fcr Outdoor-Leistung<\/h3>\n<p style=\"text-align: left;\">Das elastische Gewebe SIKOR-TEX Ripstop T400 vereint modernste Textiltechnologie mit PU-Laminierung und schafft so das ultimative Oberbekleidungsmaterial. Dieses fortschrittliche Material bietet au\u00dfergew\u00f6hnlichen Schutz und gleichzeitig ultraleichten Tragekomfort.<\/p>\n<h3 style=\"text-align: left;\">Hauptmerkmale des elastischen Gewebes T400<\/h3>\n<ol>\n<li style=\"text-align: left;\"><strong>Ultrad\u00fcnn:<\/strong> Leichtbauweise reduziert Masse<\/li>\n<li style=\"text-align: left;\"><strong>Ripstop verst\u00e4rkt:<\/strong> Hervorragende Rei\u00dffestigkeit<\/li>\n<li style=\"text-align: left;\"><strong>Winddicht:<\/strong> Wirksame Barriere gegen raue Elemente<\/li>\n<li style=\"text-align: left;\"><strong>Wasserdicht &amp; atmungsaktiv:<\/strong> 10.000 mm hydrostatischer Druck<\/li>\n<li style=\"text-align: left;\"><strong>Dehnbar:<\/strong> Schussdehnung f\u00fcr verbesserte Beweglichkeit<\/li>\n<\/ol>\n<h4 style=\"text-align: left;\">Technische Spezifikationen<\/h4>\n<table class=\"spec-table alignleft\">\n<thead>\n<tr>\n<th style=\"text-align: center;\">Parameter<\/th>\n<th style=\"text-align: center;\">Leistung<\/th>\n<th style=\"text-align: center;\">Pr\u00fcfnorm<\/th>\n<\/tr>\n<\/thead>\n<tbody>\n<tr>\n<td>Hydrostatischer Druck<\/td>\n<td>10.000 mm H\u2082O<\/td>\n<td>JIS L 1092<\/td>\n<\/tr>\n<tr>\n<td style=\"text-align: center;\">Atmungsaktivit\u00e4t (MVTR)<\/td>\n<td style=\"text-align: center;\">10.000 g\/m\u00b2\/24 Std.<\/td>\n<td style=\"text-align: center;\">JIS L 1099<\/td>\n<\/tr>\n<\/tbody>\n<\/table>\n<h3 style=\"text-align: left;\">Empfohlene Anwendungen<\/h3>\n<h4 style=\"text-align: left;\">Perfekt f\u00fcr:<\/h4>\n<ul>\n<li style=\"text-align: left;\">High-End-Outdoor-Bekleidungssysteme<\/li>\n<li style=\"text-align: left;\">Bekleidung f\u00fcr den Stadtpendler<\/li>\n<li style=\"text-align: left;\">Funktionsjacken und -shells<\/li>\n<li style=\"text-align: left;\">Strapazierf\u00e4hige Outdoorhose<\/li>\n<li style=\"text-align: left;\">Technische Activewear<\/li>\n<\/ul>\n<h4 style=\"text-align: left;\">Warum sollten Sie sich f\u00fcr unser Ripstop T400-Gewebe entscheiden?<\/h4>\n<p style=\"text-align: left;\">Das <strong>Elastisches T400-Gewebe<\/strong> besticht durch die einzigartige Kombination aus Ripstop-Stretch und Zwei-Wege-Stretch. Die PU-Laminierung sorgt f\u00fcr absoluten Wasserdichtigkeitsschutz bei gleichzeitig au\u00dfergew\u00f6hnlicher Atmungsaktivit\u00e4t und macht das Modell ideal f\u00fcr anspruchsvolle Outdoor-Aktivit\u00e4ten und den urbanen Alltag.<\/p>\n<p style=\"text-align: left;\">","protected":false},"excerpt":{"rendered":"<p>1200 Meter (Mindestbestellmenge)<\/p>","protected":false},"featured_media":8600,"comment_status":"closed","ping_status":"closed","template":"","meta":{"_uag_custom_page_level_css":"","site-sidebar-layout":"default","site-content-layout":"default","ast-site-content-layout":"default","site-content-style":"default","site-sidebar-style":"default","ast-global-header-display":"","ast-banner-title-visibility":"","ast-main-header-display":"","ast-hfb-above-header-display":"","ast-hfb-below-header-display":"","ast-hfb-mobile-header-display":"","site-post-title":"","ast-breadcrumbs-content":"","ast-featured-img":"","footer-sml-layout":"","theme-transparent-header-meta":"default","adv-header-id-meta":"","stick-header-meta":"default","header-above-stick-meta":"","header-main-stick-meta":"","header-below-stick-meta":"","astra-migrate-meta-layouts":"set","ast-page-background-enabled":"default","ast-page-background-meta":{"desktop":{"background-color":"","background-image":"","background-repeat":"repeat","background-position":"center center","background-size":"auto","background-attachment":"scroll","background-type":"","background-media":"","overlay-type":"","overlay-color":"","overlay-opacity":"","overlay-gradient":""},"tablet":{"background-color":"","background-image":"","background-repeat":"repeat","background-position":"center center","background-size":"auto","background-attachment":"scroll","background-type":"","background-media":"","overlay-type":"","overlay-color":"","overlay-opacity":"","overlay-gradient":""},"mobile":{"background-color":"","background-image":"","background-repeat":"repeat","background-position":"center center","background-size":"auto","background-attachment":"scroll","background-type":"","background-media":"","overlay-type":"","overlay-color":"","overlay-opacity":"","overlay-gradient":""}},"ast-content-background-meta":{"desktop":{"background-color":"var(--ast-global-color-5)","background-image":"","background-repeat":"repeat","background-position":"center center","background-size":"auto","background-attachment":"scroll","background-type":"","background-media":"","overlay-type":"","overlay-color":"","overlay-opacity":"","overlay-gradient":""},"tablet":{"background-color":"var(--ast-global-color-5)","background-image":"","background-repeat":"repeat","background-position":"center center","background-size":"auto","background-attachment":"scroll","background-type":"","background-media":"","overlay-type":"","overlay-color":"","overlay-opacity":"","overlay-gradient":""},"mobile":{"background-color":"var(--ast-global-color-5)","background-image":"","background-repeat":"repeat","background-position":"center center","background-size":"auto","background-attachment":"scroll","background-type":"","background-media":"","overlay-type":"","overlay-color":"","overlay-opacity":"","overlay-gradient":""}}},"product_brand":[],"product_cat":[1145,403,414],"product_tag":[],"class_list":{"0":"post-8599","1":"product","2":"type-product","3":"status-publish","4":"has-post-thumbnail","6":"product_cat-lightweight-fabric","7":"product_cat-polyester-fabrics","8":"product_cat-waterproof-fabrics","9":"pa_available_colors-911052-spc","10":"desktop-align-left","11":"tablet-align-left","12":"mobile-align-left","13":"ast-product-gallery-layout-vertical-slider","14":"ast-product-tabs-layout-horizontal","16":"first","17":"instock","18":"shipping-taxable","19":"product-type-simple"},"uagb_featured_image_src":{"full":["https:\/\/www.sikortex.com\/wp-content\/uploads\/2025\/04\/1-6.jpg",800,800,false],"thumbnail":["https:\/\/www.sikortex.com\/wp-content\/uploads\/2025\/04\/1-6-150x150.jpg",150,150,true],"medium":["https:\/\/www.sikortex.com\/wp-content\/uploads\/2025\/04\/1-6-300x300.jpg",300,300,true],"medium_large":["https:\/\/www.sikortex.com\/wp-content\/uploads\/2025\/04\/1-6-768x768.jpg",768,768,true],"large":["https:\/\/www.sikortex.com\/wp-content\/uploads\/2025\/04\/1-6.jpg",800,800,false],"1536x1536":["https:\/\/www.sikortex.com\/wp-content\/uploads\/2025\/04\/1-6.jpg",800,800,false],"2048x2048":["https:\/\/www.sikortex.com\/wp-content\/uploads\/2025\/04\/1-6.jpg",800,800,false],"trp-custom-language-flag":["https:\/\/www.sikortex.com\/wp-content\/uploads\/2025\/04\/1-6-12x12.jpg",12,12,true],"woocommerce_thumbnail":["https:\/\/www.sikortex.com\/wp-content\/uploads\/2025\/04\/1-6-300x300.jpg",300,300,true],"woocommerce_single":["https:\/\/www.sikortex.com\/wp-content\/uploads\/2025\/04\/1-6-600x600.jpg",600,600,true],"woocommerce_gallery_thumbnail":["https:\/\/www.sikortex.com\/wp-content\/uploads\/2025\/04\/1-6-100x100.jpg",100,100,true]},"uagb_author_info":{"display_name":"Sandy","author_link":"https:\/\/www.sikortex.com\/de\/author\/"},"uagb_comment_info":0,"uagb_excerpt":"1200 Meters(Min.Order)","_links":{"self":[{"href":"https:\/\/www.sikortex.com\/de\/wp-json\/wp\/v2\/product\/8599","targetHints":{"allow":["GET"]}}],"collection":[{"href":"https:\/\/www.sikortex.com\/de\/wp-json\/wp\/v2\/product"}],"about":[{"href":"https:\/\/www.sikortex.com\/de\/wp-json\/wp\/v2\/types\/product"}],"replies":[{"embeddable":true,"href":"https:\/\/www.sikortex.com\/de\/wp-json\/wp\/v2\/comments?post=8599"}],"wp:featuredmedia":[{"embeddable":true,"href":"https:\/\/www.sikortex.com\/de\/wp-json\/wp\/v2\/media\/8600"}],"wp:attachment":[{"href":"https:\/\/www.sikortex.com\/de\/wp-json\/wp\/v2\/media?parent=8599"}],"wp:term":[{"taxonomy":"product_brand","embeddable":true,"href":"https:\/\/www.sikortex.com\/de\/wp-json\/wp\/v2\/product_brand?post=8599"},{"taxonomy":"product_cat","embeddable":true,"href":"https:\/\/www.sikortex.com\/de\/wp-json\/wp\/v2\/product_cat?post=8599"},{"taxonomy":"product_tag","embeddable":true,"href":"https:\/\/www.sikortex.com\/de\/wp-json\/wp\/v2\/product_tag?post=8599"}],"curies":[{"name":"wp","href":"https:\/\/api.w.org\/{rel}","templated":true}]}}