{"id":8566,"date":"2025-04-23T11:33:00","date_gmt":"2025-04-23T03:33:00","guid":{"rendered":"https:\/\/www.sikortex.com\/?post_type=product&#038;p=8566"},"modified":"2025-04-23T13:15:27","modified_gmt":"2025-04-23T05:15:27","slug":"laminiertes-pu-fleecegewebe-mit-4-wege-stretch-aus-nylon","status":"publish","type":"product","link":"https:\/\/www.sikortex.com\/de\/produkt\/laminiertes-pu-fleecegewebe-mit-4-wege-stretch-aus-nylon\/","title":{"rendered":"Hochwertiges Nylon-4-Wege-Stretch-Laminat-PU-Fleecegewebe"},"content":{"rendered":"<style>\n        body {<br \/>\n            font-family: 'Arial', sans-serif;<br \/>\n            line-height: 1.6;<br \/>\n            color: #333;<br \/>\n            max-width: 1000px;<br \/>\n            margin: 0 auto;<br \/>\n            padding: 20px;<br \/>\n        }<br \/>\n        h1 {<br \/>\n            color: #2a5885;<br \/>\n            font-size: 28px;<br \/>\n            margin-bottom: 20px;<br \/>\n            border-bottom: 2px solid #f0f0f0;<br \/>\n            padding-bottom: 10px;<br \/>\n        }<br \/>\n        h2 {<br \/>\n            color: #3a6ea5;<br \/>\n            font-size: 22px;<br \/>\n            margin-top: 30px;<br \/>\n        }<br \/>\n        .features-grid {<br \/>\n            display: grid;<br \/>\n            grid-template-columns: repeat(2, 1fr);<br \/>\n            gap: 15px;<br \/>\n            margin: 20px 0;<br \/>\n        }<br \/>\n        .feature-item {<br \/>\n            background: #f9f9f9;<br \/>\n            padding: 15px;<br \/>\n            border-radius: 5px;<br \/>\n            border-left: 4px solid #3a6ea5;<br \/>\n        }<br \/>\n        .feature-title {<br \/>\n            font-weight: bold;<br \/>\n            color: #2a5885;<br \/>\n            margin-bottom: 5px;<br \/>\n        }<br \/>\n        table {<br \/>\n            width: 100%;<br \/>\n            border-collapse: collapse;<br \/>\n            margin: 25px 0;<br \/>\n        }<br \/>\n        th, td {<br \/>\n            padding: 12px 15px;<br \/>\n            text-align: left;<br \/>\n            border-bottom: 1px solid #ddd;<br \/>\n        }<br \/>\n        th {<br \/>\n            background-color: #f2f2f2;<br \/>\n            color: #2a5885;<br \/>\n        }<br \/>\n        .highlight {<br \/>\n            font-weight: bold;<br \/>\n            color: #2a5885;<br \/>\n        }<br \/>\n    <\/style>\n<h2>Hochwertiges Nylon-4-Wege-Stretch-Laminat-PU-Fleecegewebe<\/h2>\n<p>Erleben Sie die perfekte Mischung aus Leistung und Komfort mit unseren <span class=\"highlight\">Hochwertiges Nylon-4-Wege-Stretch-Laminat-PU-Fleecegewebe<\/span>. Dieses f\u00fcr hochwertige Oberbekleidung und Sportbekleidung konzipierte <span class=\"highlight\">3-lagiges laminiertes Gewebe<\/span> bietet au\u00dfergew\u00f6hnlichen Schutz und Flexibilit\u00e4t und ist daher ideal f\u00fcr extreme Wetterbedingungen und hochintensive Aktivit\u00e4ten.<\/p>\n<h3>Un\u00fcbertroffene Leistung und Schutz<\/h3>\n<div class=\"features-grid\">\n<div class=\"feature-item\">\n<div class=\"feature-title\">Winddicht und wasserdicht<\/div>\n<p>Die fortgeschrittene <span class=\"highlight\">PU-Laminierung<\/span> sorgt f\u00fcr absolute Windbest\u00e4ndigkeit und <span class=\"highlight\">langlebig wasserdicht<\/span> Leistung, die Sie bei starkem Regen und Schnee trocken h\u00e4lt.<\/p>\n<\/div>\n<div class=\"feature-item\">\n<div class=\"feature-title\">Atmungsaktiv<\/div>\n<p>Der Stoff ist auf optimale Luftzirkulation ausgelegt und l\u00e4sst Feuchtigkeit entweichen, wodurch eine \u00dcberhitzung bei Bewegungen verhindert wird.<\/p>\n<\/div>\n<div class=\"feature-item\">\n<div class=\"feature-title\">Vier-Wege-Stretch<\/div>\n<p>Der <span class=\"highlight\">Nylon 4-Wege-Stretch<\/span> Die Konstruktion bietet \u00fcberragende Elastizit\u00e4t und gew\u00e4hrleistet Bewegungsfreiheit ohne Kompromisse bei der Haltbarkeit.<\/p>\n<\/div>\n<div class=\"feature-item\">\n<div class=\"feature-title\">Abriebfest<\/div>\n<p>Verst\u00e4rkte Fasern erh\u00f6hen die Robustheit und machen das Produkt verschlei\u00dffest und langlebig.<\/p>\n<\/div>\n<div class=\"feature-item\">\n<div class=\"feature-title\">Au\u00dfergew\u00f6hnliche W\u00e4rme<\/div>\n<p>Die weiche Fleece-Innenschicht bietet hervorragende Isolierung und h\u00e4lt Sie in kalten Klimazonen warm.<\/p>\n<\/div>\n<div class=\"feature-item\">\n<div class=\"feature-title\">Luxuri\u00f6ses Finish<\/div>\n<p>Der <span class=\"highlight\">feine und hochwertige Oberfl\u00e4che<\/span> bietet einen eleganten, hochwertigen Look, der zu hochwertiger Mode und Performance-Ausr\u00fcstung passt.<\/p>\n<\/div>\n<\/div>\n<h3>Technische Spezifikationen<\/h3>\n<table>\n<thead>\n<tr>\n<th>Eigentum<\/th>\n<th>Leistungsbewertung<\/th>\n<\/tr>\n<\/thead>\n<tbody>\n<tr>\n<td>Hydrostatischer Druckwiderstand<\/td>\n<td>20.000 (JIS L)<\/td>\n<\/tr>\n<tr>\n<td>Atmungsaktivit\u00e4t<\/td>\n<td>10.000 (JIS L)<\/td>\n<\/tr>\n<\/tbody>\n<\/table>\n<p>Ideal f\u00fcr Skijacken, Outdoor-Ausr\u00fcstung und urbane Oberbekleidung, kombiniert dieser Stoff <span class=\"highlight\">Nylon-Flexibilit\u00e4t<\/span> mit <span class=\"highlight\">laminierter Fleece-Komfort<\/span> f\u00fcr ultimative Leistung und Stil.<\/p>\n<p>&nbsp;<\/p>","protected":false},"excerpt":{"rendered":"<p>1000 Meter (Mindestbestellmenge)<\/p>","protected":false},"featured_media":8571,"comment_status":"closed","ping_status":"closed","template":"","meta":{"_uag_custom_page_level_css":"","site-sidebar-layout":"default","site-content-layout":"default","ast-site-content-layout":"default","site-content-style":"default","site-sidebar-style":"default","ast-global-header-display":"","ast-banner-title-visibility":"","ast-main-header-display":"","ast-hfb-above-header-display":"","ast-hfb-below-header-display":"","ast-hfb-mobile-header-display":"","site-post-title":"","ast-breadcrumbs-content":"","ast-featured-img":"","footer-sml-layout":"","theme-transparent-header-meta":"default","adv-header-id-meta":"","stick-header-meta":"default","header-above-stick-meta":"","header-main-stick-meta":"","header-below-stick-meta":"","astra-migrate-meta-layouts":"set","ast-page-background-enabled":"default","ast-page-background-meta":{"desktop":{"background-color":"","background-image":"","background-repeat":"repeat","background-position":"center center","background-size":"auto","background-attachment":"scroll","background-type":"","background-media":"","overlay-type":"","overlay-color":"","overlay-opacity":"","overlay-gradient":""},"tablet":{"background-color":"","background-image":"","background-repeat":"repeat","background-position":"center center","background-size":"auto","background-attachment":"scroll","background-type":"","background-media":"","overlay-type":"","overlay-color":"","overlay-opacity":"","overlay-gradient":""},"mobile":{"background-color":"","background-image":"","background-repeat":"repeat","background-position":"center center","background-size":"auto","background-attachment":"scroll","background-type":"","background-media":"","overlay-type":"","overlay-color":"","overlay-opacity":"","overlay-gradient":""}},"ast-content-background-meta":{"desktop":{"background-color":"var(--ast-global-color-5)","background-image":"","background-repeat":"repeat","background-position":"center center","background-size":"auto","background-attachment":"scroll","background-type":"","background-media":"","overlay-type":"","overlay-color":"","overlay-opacity":"","overlay-gradient":""},"tablet":{"background-color":"var(--ast-global-color-5)","background-image":"","background-repeat":"repeat","background-position":"center center","background-size":"auto","background-attachment":"scroll","background-type":"","background-media":"","overlay-type":"","overlay-color":"","overlay-opacity":"","overlay-gradient":""},"mobile":{"background-color":"var(--ast-global-color-5)","background-image":"","background-repeat":"repeat","background-position":"center center","background-size":"auto","background-attachment":"scroll","background-type":"","background-media":"","overlay-type":"","overlay-color":"","overlay-opacity":"","overlay-gradient":""}}},"product_brand":[],"product_cat":[404,414],"product_tag":[],"class_list":{"0":"post-8566","1":"product","2":"type-product","3":"status-publish","4":"has-post-thumbnail","6":"product_cat-nylon-fabrics","7":"product_cat-waterproof-fabrics","8":"pa_available_colors-911052-spc","9":"desktop-align-left","10":"tablet-align-left","11":"mobile-align-left","12":"ast-product-gallery-layout-vertical-slider","13":"ast-product-tabs-layout-horizontal","15":"first","16":"instock","17":"shipping-taxable","18":"product-type-simple"},"uagb_featured_image_src":{"full":["https:\/\/www.sikortex.com\/wp-content\/uploads\/2025\/04\/IMG_0769.jpg",800,800,false],"thumbnail":["https:\/\/www.sikortex.com\/wp-content\/uploads\/2025\/04\/IMG_0769-150x150.jpg",150,150,true],"medium":["https:\/\/www.sikortex.com\/wp-content\/uploads\/2025\/04\/IMG_0769-300x300.jpg",300,300,true],"medium_large":["https:\/\/www.sikortex.com\/wp-content\/uploads\/2025\/04\/IMG_0769-768x768.jpg",768,768,true],"large":["https:\/\/www.sikortex.com\/wp-content\/uploads\/2025\/04\/IMG_0769.jpg",800,800,false],"1536x1536":["https:\/\/www.sikortex.com\/wp-content\/uploads\/2025\/04\/IMG_0769.jpg",800,800,false],"2048x2048":["https:\/\/www.sikortex.com\/wp-content\/uploads\/2025\/04\/IMG_0769.jpg",800,800,false],"trp-custom-language-flag":["https:\/\/www.sikortex.com\/wp-content\/uploads\/2025\/04\/IMG_0769-12x12.jpg",12,12,true],"woocommerce_thumbnail":["https:\/\/www.sikortex.com\/wp-content\/uploads\/2025\/04\/IMG_0769-300x300.jpg",300,300,true],"woocommerce_single":["https:\/\/www.sikortex.com\/wp-content\/uploads\/2025\/04\/IMG_0769-600x600.jpg",600,600,true],"woocommerce_gallery_thumbnail":["https:\/\/www.sikortex.com\/wp-content\/uploads\/2025\/04\/IMG_0769-100x100.jpg",100,100,true]},"uagb_author_info":{"display_name":"Sandy","author_link":"https:\/\/www.sikortex.com\/de\/author\/"},"uagb_comment_info":0,"uagb_excerpt":"1000 Meters(Min.Order)","_links":{"self":[{"href":"https:\/\/www.sikortex.com\/de\/wp-json\/wp\/v2\/product\/8566","targetHints":{"allow":["GET"]}}],"collection":[{"href":"https:\/\/www.sikortex.com\/de\/wp-json\/wp\/v2\/product"}],"about":[{"href":"https:\/\/www.sikortex.com\/de\/wp-json\/wp\/v2\/types\/product"}],"replies":[{"embeddable":true,"href":"https:\/\/www.sikortex.com\/de\/wp-json\/wp\/v2\/comments?post=8566"}],"wp:featuredmedia":[{"embeddable":true,"href":"https:\/\/www.sikortex.com\/de\/wp-json\/wp\/v2\/media\/8571"}],"wp:attachment":[{"href":"https:\/\/www.sikortex.com\/de\/wp-json\/wp\/v2\/media?parent=8566"}],"wp:term":[{"taxonomy":"product_brand","embeddable":true,"href":"https:\/\/www.sikortex.com\/de\/wp-json\/wp\/v2\/product_brand?post=8566"},{"taxonomy":"product_cat","embeddable":true,"href":"https:\/\/www.sikortex.com\/de\/wp-json\/wp\/v2\/product_cat?post=8566"},{"taxonomy":"product_tag","embeddable":true,"href":"https:\/\/www.sikortex.com\/de\/wp-json\/wp\/v2\/product_tag?post=8566"}],"curies":[{"name":"wp","href":"https:\/\/api.w.org\/{rel}","templated":true}]}}