{"id":8563,"date":"2025-04-23T11:15:38","date_gmt":"2025-04-23T03:15:38","guid":{"rendered":"https:\/\/www.sikortex.com\/?post_type=product&#038;p=8563"},"modified":"2025-04-23T12:46:39","modified_gmt":"2025-04-23T04:46:39","slug":"tarnung-laminierter-tpu-trikotstoff","status":"publish","type":"product","link":"https:\/\/www.sikortex.com\/de\/produkt\/tarnung-laminierter-tpu-trikotstoff\/","title":{"rendered":"Polyester Camouflage Laminierter TPU-Trikotstoff f\u00fcr Milit\u00e4runiformen"},"content":{"rendered":"<h2>Hochleistungs-Polyester-Tarnung, laminiertes TPU-Trikotgewebe f\u00fcr Milit\u00e4runiformen<\/h2>\n<p>Unser fortschrittliches, laminiertes TPU-Trikotgewebe aus Polyester mit Camouflage-Muster wurde entwickelt, um den hohen Anforderungen moderner Milit\u00e4ranwendungen gerecht zu werden. Dieses Premium-Gewebe vereint au\u00dfergew\u00f6hnliche Haltbarkeit mit hervorragenden wasserdichten und atmungsaktiven Eigenschaften und eignet sich daher ideal f\u00fcr taktische Uniformen und spezielle Outdoor-Ausr\u00fcstung.<\/p>\n<h3>Hauptmerkmale:<\/h3>\n<ul>\n<li><strong>Haltbarkeit nach Milit\u00e4rstandard:<\/strong> Verst\u00e4rkte Konstruktion widersteht extremen Bedingungen und wiederholter Nutzung<\/li>\n<li><strong>Fortschrittliche wasserdichte\/atmungsaktive Leistung:<\/strong> Erf\u00fcllt strenge japanische Industriestandards<\/li>\n<li><strong>Anpassbare Designs:<\/strong> Erh\u00e4ltlich mit Digital- oder Siebdruck f\u00fcr perfekte Tarnmuster<\/li>\n<li><strong>Taktische Funktionalit\u00e4t:<\/strong> Optimiert f\u00fcr Mobilit\u00e4t und Komfort im Au\u00dfeneinsatz<\/li>\n<\/ul>\n<div class=\"specs-table\">\n<table>\n<tbody>\n<tr>\n<th>Spezifikation<\/th>\n<th>Leistungsmetrik<\/th>\n<th>Pr\u00fcfnorm<\/th>\n<\/tr>\n<tr>\n<td>Hydrostatischer Widerstand<\/td>\n<td>15.000 mmH\u2082O<\/td>\n<td>Japanischer Industriestandard<\/td>\n<\/tr>\n<tr>\n<td>Wasserdampfdurchl\u00e4ssigkeit<\/td>\n<td>15.000 g\/m\u00b2\/24 Std.<\/td>\n<td>Japanischer Industriestandard<\/td>\n<\/tr>\n<\/tbody>\n<\/table>\n<\/div>\n<h3>Benutzerdefinierte Druckoptionen<\/h3>\n<p>Wir bieten eine vollst\u00e4ndige Anpassung der Tarnmuster durch:<\/p>\n<ul>\n<li><strong>Digitaldruck:<\/strong> Hochaufl\u00f6sende Muster mit unbegrenzten Farboptionen und komplizierten Details<\/li>\n<li><strong>Siebdruck:<\/strong> Traditionelle Methode f\u00fcr Gro\u00dfauftr\u00e4ge mit konsistenter Farbabstimmung<\/li>\n<\/ul>\n<p>Dieses Polyester\/TPU-laminierte Gewebe ist die optimale Wahl f\u00fcr Milit\u00e4runternehmen, Uniformhersteller und Hersteller taktischer Ausr\u00fcstung, die zuverl\u00e4ssige Leistung in anspruchsvollen Umgebungen ben\u00f6tigen. Die Trikotr\u00fcckseite bietet au\u00dfergew\u00f6hnlichen Komfort und gew\u00e4hrleistet gleichzeitig die strukturelle Integrit\u00e4t, die f\u00fcr den dauerhaften Einsatz im Feld erforderlich ist.<\/p>\n<p>Kontaktieren Sie uns noch heute, um Ihre spezifischen Anforderungen an ma\u00dfgeschneiderte Tarnstoffl\u00f6sungen zu besprechen. Unser technisches Team unterst\u00fctzt Sie gerne bei der Musterentwicklung, den Leistungsspezifikationen und der Serienproduktion, um Ihre genauen Anforderungen zu erf\u00fcllen.<\/p>\n<p>&nbsp;<\/p>","protected":false},"excerpt":{"rendered":"<p>1000 Meter (Mindestbestellmenge)<\/p>","protected":false},"featured_media":8540,"comment_status":"closed","ping_status":"closed","template":"","meta":{"_uag_custom_page_level_css":"","site-sidebar-layout":"default","site-content-layout":"default","ast-site-content-layout":"default","site-content-style":"default","site-sidebar-style":"default","ast-global-header-display":"","ast-banner-title-visibility":"","ast-main-header-display":"","ast-hfb-above-header-display":"","ast-hfb-below-header-display":"","ast-hfb-mobile-header-display":"","site-post-title":"","ast-breadcrumbs-content":"","ast-featured-img":"","footer-sml-layout":"","theme-transparent-header-meta":"default","adv-header-id-meta":"","stick-header-meta":"default","header-above-stick-meta":"","header-main-stick-meta":"","header-below-stick-meta":"","astra-migrate-meta-layouts":"set","ast-page-background-enabled":"default","ast-page-background-meta":{"desktop":{"background-color":"","background-image":"","background-repeat":"repeat","background-position":"center center","background-size":"auto","background-attachment":"scroll","background-type":"","background-media":"","overlay-type":"","overlay-color":"","overlay-opacity":"","overlay-gradient":""},"tablet":{"background-color":"","background-image":"","background-repeat":"repeat","background-position":"center center","background-size":"auto","background-attachment":"scroll","background-type":"","background-media":"","overlay-type":"","overlay-color":"","overlay-opacity":"","overlay-gradient":""},"mobile":{"background-color":"","background-image":"","background-repeat":"repeat","background-position":"center center","background-size":"auto","background-attachment":"scroll","background-type":"","background-media":"","overlay-type":"","overlay-color":"","overlay-opacity":"","overlay-gradient":""}},"ast-content-background-meta":{"desktop":{"background-color":"var(--ast-global-color-5)","background-image":"","background-repeat":"repeat","background-position":"center center","background-size":"auto","background-attachment":"scroll","background-type":"","background-media":"","overlay-type":"","overlay-color":"","overlay-opacity":"","overlay-gradient":""},"tablet":{"background-color":"var(--ast-global-color-5)","background-image":"","background-repeat":"repeat","background-position":"center center","background-size":"auto","background-attachment":"scroll","background-type":"","background-media":"","overlay-type":"","overlay-color":"","overlay-opacity":"","overlay-gradient":""},"mobile":{"background-color":"var(--ast-global-color-5)","background-image":"","background-repeat":"repeat","background-position":"center center","background-size":"auto","background-attachment":"scroll","background-type":"","background-media":"","overlay-type":"","overlay-color":"","overlay-opacity":"","overlay-gradient":""}}},"product_brand":[],"product_cat":[423,421,403,414],"product_tag":[],"class_list":{"0":"post-8563","1":"product","2":"type-product","3":"status-publish","4":"has-post-thumbnail","6":"product_cat-fabric-for-military-police","7":"product_cat-foul-weather-fabrics","8":"product_cat-polyester-fabrics","9":"product_cat-waterproof-fabrics","10":"pa_available_colors-911052-spc","11":"desktop-align-left","12":"tablet-align-left","13":"mobile-align-left","14":"ast-product-gallery-layout-vertical-slider","15":"ast-product-tabs-layout-horizontal","17":"first","18":"instock","19":"shipping-taxable","20":"product-type-simple"},"uagb_featured_image_src":{"full":["https:\/\/www.sikortex.com\/wp-content\/uploads\/2025\/04\/3-1.jpg",800,800,false],"thumbnail":["https:\/\/www.sikortex.com\/wp-content\/uploads\/2025\/04\/3-1-150x150.jpg",150,150,true],"medium":["https:\/\/www.sikortex.com\/wp-content\/uploads\/2025\/04\/3-1-300x300.jpg",300,300,true],"medium_large":["https:\/\/www.sikortex.com\/wp-content\/uploads\/2025\/04\/3-1-768x768.jpg",768,768,true],"large":["https:\/\/www.sikortex.com\/wp-content\/uploads\/2025\/04\/3-1.jpg",800,800,false],"1536x1536":["https:\/\/www.sikortex.com\/wp-content\/uploads\/2025\/04\/3-1.jpg",800,800,false],"2048x2048":["https:\/\/www.sikortex.com\/wp-content\/uploads\/2025\/04\/3-1.jpg",800,800,false],"trp-custom-language-flag":["https:\/\/www.sikortex.com\/wp-content\/uploads\/2025\/04\/3-1-12x12.jpg",12,12,true],"woocommerce_thumbnail":["https:\/\/www.sikortex.com\/wp-content\/uploads\/2025\/04\/3-1-300x300.jpg",300,300,true],"woocommerce_single":["https:\/\/www.sikortex.com\/wp-content\/uploads\/2025\/04\/3-1-600x600.jpg",600,600,true],"woocommerce_gallery_thumbnail":["https:\/\/www.sikortex.com\/wp-content\/uploads\/2025\/04\/3-1-100x100.jpg",100,100,true]},"uagb_author_info":{"display_name":"Sandy","author_link":"https:\/\/www.sikortex.com\/de\/author\/"},"uagb_comment_info":0,"uagb_excerpt":"1000 Meters(Min.Order)","_links":{"self":[{"href":"https:\/\/www.sikortex.com\/de\/wp-json\/wp\/v2\/product\/8563","targetHints":{"allow":["GET"]}}],"collection":[{"href":"https:\/\/www.sikortex.com\/de\/wp-json\/wp\/v2\/product"}],"about":[{"href":"https:\/\/www.sikortex.com\/de\/wp-json\/wp\/v2\/types\/product"}],"replies":[{"embeddable":true,"href":"https:\/\/www.sikortex.com\/de\/wp-json\/wp\/v2\/comments?post=8563"}],"wp:featuredmedia":[{"embeddable":true,"href":"https:\/\/www.sikortex.com\/de\/wp-json\/wp\/v2\/media\/8540"}],"wp:attachment":[{"href":"https:\/\/www.sikortex.com\/de\/wp-json\/wp\/v2\/media?parent=8563"}],"wp:term":[{"taxonomy":"product_brand","embeddable":true,"href":"https:\/\/www.sikortex.com\/de\/wp-json\/wp\/v2\/product_brand?post=8563"},{"taxonomy":"product_cat","embeddable":true,"href":"https:\/\/www.sikortex.com\/de\/wp-json\/wp\/v2\/product_cat?post=8563"},{"taxonomy":"product_tag","embeddable":true,"href":"https:\/\/www.sikortex.com\/de\/wp-json\/wp\/v2\/product_tag?post=8563"}],"curies":[{"name":"wp","href":"https:\/\/api.w.org\/{rel}","templated":true}]}}