{"id":8021,"date":"2025-03-03T15:10:59","date_gmt":"2025-03-03T07:10:59","guid":{"rendered":"https:\/\/www.sikortex.com\/?post_type=product&#038;p=8021"},"modified":"2025-03-04T11:07:21","modified_gmt":"2025-03-04T03:07:21","slug":"doppelseitig-beschichtetes-polyester-tpu-gewebe","status":"publish","type":"product","link":"https:\/\/www.sikortex.com\/de\/produkt\/doppelseitig-beschichtetes-polyester-tpu-gewebe\/","title":{"rendered":"Doppelseitig beschichtetes 600D Polyester-TPU-Gewebe \u2013 langlebig, wasserdicht und anpassbar"},"content":{"rendered":"<p>Unser doppelseitig beschichtetes 600D Polyester-TPU-Gewebe ist ein Hochleistungsmaterial f\u00fcr anspruchsvolle Anwendungen. Dank der beidseitigen TPU-Beschichtung bietet dieses Gewebe au\u00dfergew\u00f6hnliche Haltbarkeit. <a href=\"\/de\/losungsgefarbter-stoff\/\"><span style=\"color: #3366ff;\">UV-Best\u00e4ndigkeit<\/span><\/a>, Wasserdichtigkeit und Anpassungsm\u00f6glichkeiten. Ob Sie es f\u00fcr Outdoor-Ausr\u00fcstung ben\u00f6tigen, <a href=\"https:\/\/www.sikortex.com\/de\/arbeitskleidung-fur-transport-und\/\"><span style=\"color: #3366ff;\">Industrieabdeckungen<\/span><\/a>, oder strapazierf\u00e4hige Taschen, dieses Gewebe bietet un\u00fcbertroffene Leistung und Zuverl\u00e4ssigkeit.<\/p>\n<p>Hauptmerkmale<br \/>\n1. Doppelseitige TPU-Beschichtung:<br \/>\nBietet vollst\u00e4ndige Wasserdichtigkeit und verbesserte Haltbarkeit f\u00fcr dauerhaften Gebrauch.<\/p>\n<p>2. UV- und Korrosionsbest\u00e4ndigkeit:<br \/>\nH\u00e4lt l\u00e4ngerer Sonneneinstrahlung und rauen Umgebungsbedingungen stand und ist daher ideal f\u00fcr den Au\u00dfen- und Schiffseinsatz.<\/p>\n<p>3. Anpassbare Optionen:<br \/>\nErh\u00e4ltlich in transparenten, mattierten oder gef\u00e4rbten Beschichtungen, um Ihren spezifischen Designanforderungen gerecht zu werden.<\/p>\n<p>4. Umweltfreundliches Material:<br \/>\nTPU ist recycelbar und frei von sch\u00e4dlichen Chemikalien wie Phthalaten und Chlor, was es zu einer nachhaltigen Wahl macht.<\/p>\n<p>&nbsp;<\/p>\n<p>Anwendungen<br \/>\nUnser doppelseitig beschichtetes 600D-Polyester-TPU-Gewebe ist perfekt f\u00fcr:<br \/>\nTauchwesten: Korrosionsbest\u00e4ndiges und wasserdichtes Material f\u00fcr Tauchausr\u00fcstung.<br \/>\nOutdoor-Ausr\u00fcstung: Zelte, Rucks\u00e4cke und Planen, die strapazierf\u00e4hig und wetterbest\u00e4ndig sein m\u00fcssen.<br \/>\n<a href=\"https:\/\/www.sikortex.com\/de\/arbeitskleidung-fur-transport-und\/\"><span style=\"color: #3366ff;\">Industrielle Abdeckungen<\/span><\/a>: Schutzh\u00fcllen f\u00fcr Maschinen und Fahrzeuge.<br \/>\nRobuste Taschen: Gep\u00e4ck, Werkzeugs\u00e4tze und taktische Ausr\u00fcstung.<br \/>\nSchiffsausr\u00fcstung: Bootsabdeckungen und Schiffsinnenausstattung.<\/p>\n<p>&nbsp;<\/p>\n<p>&nbsp;<\/p>","protected":false},"excerpt":{"rendered":"<p>600 Meter (Mindestbestellmenge)<\/p>","protected":false},"featured_media":8023,"comment_status":"closed","ping_status":"closed","template":"","meta":{"_uag_custom_page_level_css":"","site-sidebar-layout":"default","site-content-layout":"default","ast-site-content-layout":"default","site-content-style":"default","site-sidebar-style":"default","ast-global-header-display":"","ast-banner-title-visibility":"","ast-main-header-display":"","ast-hfb-above-header-display":"","ast-hfb-below-header-display":"","ast-hfb-mobile-header-display":"","site-post-title":"","ast-breadcrumbs-content":"","ast-featured-img":"","footer-sml-layout":"","theme-transparent-header-meta":"default","adv-header-id-meta":"","stick-header-meta":"default","header-above-stick-meta":"","header-main-stick-meta":"","header-below-stick-meta":"","astra-migrate-meta-layouts":"set","ast-page-background-enabled":"default","ast-page-background-meta":{"desktop":{"background-color":"","background-image":"","background-repeat":"repeat","background-position":"center center","background-size":"auto","background-attachment":"scroll","background-type":"","background-media":"","overlay-type":"","overlay-color":"","overlay-opacity":"","overlay-gradient":""},"tablet":{"background-color":"","background-image":"","background-repeat":"repeat","background-position":"center center","background-size":"auto","background-attachment":"scroll","background-type":"","background-media":"","overlay-type":"","overlay-color":"","overlay-opacity":"","overlay-gradient":""},"mobile":{"background-color":"","background-image":"","background-repeat":"repeat","background-position":"center center","background-size":"auto","background-attachment":"scroll","background-type":"","background-media":"","overlay-type":"","overlay-color":"","overlay-opacity":"","overlay-gradient":""}},"ast-content-background-meta":{"desktop":{"background-color":"var(--ast-global-color-5)","background-image":"","background-repeat":"repeat","background-position":"center center","background-size":"auto","background-attachment":"scroll","background-type":"","background-media":"","overlay-type":"","overlay-color":"","overlay-opacity":"","overlay-gradient":""},"tablet":{"background-color":"var(--ast-global-color-5)","background-image":"","background-repeat":"repeat","background-position":"center center","background-size":"auto","background-attachment":"scroll","background-type":"","background-media":"","overlay-type":"","overlay-color":"","overlay-opacity":"","overlay-gradient":""},"mobile":{"background-color":"var(--ast-global-color-5)","background-image":"","background-repeat":"repeat","background-position":"center center","background-size":"auto","background-attachment":"scroll","background-type":"","background-media":"","overlay-type":"","overlay-color":"","overlay-opacity":"","overlay-gradient":""}}},"product_brand":[],"product_cat":[1206,432,1184,403,433,414],"product_tag":[],"class_list":{"0":"post-8021","1":"product","2":"type-product","3":"status-publish","4":"has-post-thumbnail","6":"product_cat-fabric-for-bag","7":"product_cat-fabric-for-tent","8":"product_cat-oxford-fabric","9":"product_cat-polyester-fabrics","10":"product_cat-textile-for-industrial","11":"product_cat-waterproof-fabrics","12":"pa_available_colors-h-black","13":"desktop-align-left","14":"tablet-align-left","15":"mobile-align-left","16":"ast-product-gallery-layout-vertical-slider","17":"ast-product-tabs-layout-horizontal","19":"first","20":"instock","21":"shipping-taxable","22":"product-type-simple"},"uagb_featured_image_src":{"full":["https:\/\/www.sikortex.com\/wp-content\/uploads\/2025\/03\/O1CN01OmJ6yQ1d8yz6ldDNI_2841383692-0-cib.jpg",800,800,false],"thumbnail":["https:\/\/www.sikortex.com\/wp-content\/uploads\/2025\/03\/O1CN01OmJ6yQ1d8yz6ldDNI_2841383692-0-cib-150x150.jpg",150,150,true],"medium":["https:\/\/www.sikortex.com\/wp-content\/uploads\/2025\/03\/O1CN01OmJ6yQ1d8yz6ldDNI_2841383692-0-cib-300x300.jpg",300,300,true],"medium_large":["https:\/\/www.sikortex.com\/wp-content\/uploads\/2025\/03\/O1CN01OmJ6yQ1d8yz6ldDNI_2841383692-0-cib-768x768.jpg",768,768,true],"large":["https:\/\/www.sikortex.com\/wp-content\/uploads\/2025\/03\/O1CN01OmJ6yQ1d8yz6ldDNI_2841383692-0-cib.jpg",800,800,false],"1536x1536":["https:\/\/www.sikortex.com\/wp-content\/uploads\/2025\/03\/O1CN01OmJ6yQ1d8yz6ldDNI_2841383692-0-cib.jpg",800,800,false],"2048x2048":["https:\/\/www.sikortex.com\/wp-content\/uploads\/2025\/03\/O1CN01OmJ6yQ1d8yz6ldDNI_2841383692-0-cib.jpg",800,800,false],"trp-custom-language-flag":["https:\/\/www.sikortex.com\/wp-content\/uploads\/2025\/03\/O1CN01OmJ6yQ1d8yz6ldDNI_2841383692-0-cib-12x12.jpg",12,12,true],"woocommerce_thumbnail":["https:\/\/www.sikortex.com\/wp-content\/uploads\/2025\/03\/O1CN01OmJ6yQ1d8yz6ldDNI_2841383692-0-cib-300x300.jpg",300,300,true],"woocommerce_single":["https:\/\/www.sikortex.com\/wp-content\/uploads\/2025\/03\/O1CN01OmJ6yQ1d8yz6ldDNI_2841383692-0-cib-600x600.jpg",600,600,true],"woocommerce_gallery_thumbnail":["https:\/\/www.sikortex.com\/wp-content\/uploads\/2025\/03\/O1CN01OmJ6yQ1d8yz6ldDNI_2841383692-0-cib-100x100.jpg",100,100,true]},"uagb_author_info":{"display_name":"Perry","author_link":"https:\/\/www.sikortex.com\/de\/author\/"},"uagb_comment_info":0,"uagb_excerpt":"600 Meters(Min.Order)","_links":{"self":[{"href":"https:\/\/www.sikortex.com\/de\/wp-json\/wp\/v2\/product\/8021","targetHints":{"allow":["GET"]}}],"collection":[{"href":"https:\/\/www.sikortex.com\/de\/wp-json\/wp\/v2\/product"}],"about":[{"href":"https:\/\/www.sikortex.com\/de\/wp-json\/wp\/v2\/types\/product"}],"replies":[{"embeddable":true,"href":"https:\/\/www.sikortex.com\/de\/wp-json\/wp\/v2\/comments?post=8021"}],"wp:featuredmedia":[{"embeddable":true,"href":"https:\/\/www.sikortex.com\/de\/wp-json\/wp\/v2\/media\/8023"}],"wp:attachment":[{"href":"https:\/\/www.sikortex.com\/de\/wp-json\/wp\/v2\/media?parent=8021"}],"wp:term":[{"taxonomy":"product_brand","embeddable":true,"href":"https:\/\/www.sikortex.com\/de\/wp-json\/wp\/v2\/product_brand?post=8021"},{"taxonomy":"product_cat","embeddable":true,"href":"https:\/\/www.sikortex.com\/de\/wp-json\/wp\/v2\/product_cat?post=8021"},{"taxonomy":"product_tag","embeddable":true,"href":"https:\/\/www.sikortex.com\/de\/wp-json\/wp\/v2\/product_tag?post=8021"}],"curies":[{"name":"wp","href":"https:\/\/api.w.org\/{rel}","templated":true}]}}