{"id":8006,"date":"2025-03-03T12:37:18","date_gmt":"2025-03-03T04:37:18","guid":{"rendered":"https:\/\/www.sikortex.com\/?post_type=product&#038;p=8006"},"modified":"2025-03-04T13:01:26","modified_gmt":"2025-03-04T05:01:26","slug":"diamant-taft-polyester-tpu-gussgewebe","status":"publish","type":"product","link":"https:\/\/www.sikortex.com\/de\/produkt\/diamant-taft-polyester-tpu-gussgewebe\/","title":{"rendered":"Diamant-Taft-Polyester-TPU-Gussgewebe"},"content":{"rendered":"<p>Unser Diamond Taffeta Polyester TPU Cast Fabric ist ein hochwertiges Material, das Weichheit, Haltbarkeit und Umweltfreundlichkeit vereint. Dieses Gewebe wird durch Gie\u00dfen von thermoplastischem Polyurethan (TPU) auf eine hochwertige Polyesterbasis hergestellt und ist somit ein vielseitiges und leistungsstarkes Material. Ob Sie Taschen, Zelte oder aufblasbare Produkte entwerfen, dieses Gewebe bietet au\u00dfergew\u00f6hnliche <a href=\"https:\/\/www.sikortex.com\/de\/wasserabweisend-bestandig-wasserdicht\/\"><span style=\"color: #3366ff;\">Abdichtung<\/span><\/a>, Luftdichtheit und Nachhaltigkeit.<\/p>\n<p>&nbsp;<\/p>\n<p>Hauptmerkmale<br \/>\n1. Weich und flexibel:<br \/>\nDie TPU-Gussbeschichtung sorgt f\u00fcr eine glatte und weiche Textur, ist angenehm in der Handhabung und ideal f\u00fcr Produkte, die Flexibilit\u00e4t erfordern.<\/p>\n<p>2. <a href=\"https:\/\/www.sikortex.com\/de\/wasserabweisend-bestandig-wasserdicht\/\"><span style=\"color: #3366ff;\">Wasserdicht<\/span><\/a> und luftdicht:<br \/>\nDie TPU-Schicht bietet hervorragende <a href=\"https:\/\/www.sikortex.com\/de\/wasserabweisend-bestandig-wasserdicht\/\"><span style=\"color: #3366ff;\">Abdichtung<\/span><\/a> und luftdichte Eigenschaften, die sicherstellen, dass Ihre Produkte vor Feuchtigkeit und Luftlecks gesch\u00fctzt sind.<\/p>\n<p>3. Umweltfreundliches Material:<br \/>\nTPU ist frei von sch\u00e4dlichen Chemikalien wie Phthalaten und Chlor und ist daher im Vergleich zu PVC eine sicherere und nachhaltigere Wahl.<\/p>\n<p>4. Langlebig und <a href=\"https:\/\/www.sikortex.com\/de\/nylon-baumwollstoff-ripstop-windbreaker-stoff-3\/\"><span style=\"color: #3366ff;\">Leicht<\/span><\/a>:<br \/>\nTrotz seiner <a href=\"https:\/\/www.sikortex.com\/de\/nylon-baumwollstoff-ripstop-windbreaker-stoff-3\/\"><span style=\"color: #3366ff;\">leicht<\/span><\/a> Der Stoff ist von Natur aus \u00e4u\u00dferst strapazierf\u00e4hig und abriebfest und gew\u00e4hrleistet so eine lang anhaltende Leistung.<\/p>\n<p>5. Vielseitige Ausf\u00fchrungen:<br \/>\nErh\u00e4ltlich in verschiedenen Ausf\u00fchrungen, einschlie\u00dflich matt und gl\u00e4nzend, um unterschiedlichen Designanforderungen gerecht zu werden.<\/p>\n<p>&nbsp;<\/p>\n<p>Anwendungen<br \/>\nUnser Diamond Taffeta Polyester TPU Cast Fabric eignet sich perfekt f\u00fcr eine breite Palette von Anwendungen, darunter:<br \/>\nTaschen: Robuste und wasserdichte Rucks\u00e4cke, Tragetaschen und Reisetaschen.<br \/>\nZelte und Outdoor-Ausr\u00fcstung: <a href=\"https:\/\/www.sikortex.com\/de\/nylon-baumwollstoff-ripstop-windbreaker-stoff-3\/\"><span style=\"color: #3366ff;\">Leicht<\/span><\/a> und wetterfeste Zelte, Planen und Campingausr\u00fcstung.<br \/>\nWasserdichte Taschen: Trockens\u00e4cke und Schutzh\u00fcllen f\u00fcr den Einsatz im Freien und auf See.<br \/>\nAufblasbare Produkte: Luftdichte und langlebige Materialien f\u00fcr aufblasbares Spielzeug, Fl\u00f6\u00dfe und Sportger\u00e4te.<br \/>\nSportausr\u00fcstung: Schutzh\u00fcllen und Ausr\u00fcstung, die Flexibilit\u00e4t und Haltbarkeit erfordern.<\/p>\n<p>&nbsp;<\/p>\n<p>Warum sollten Sie sich f\u00fcr unser TPU-Gussgewebe entscheiden?<br \/>\n1. \u00dcberragende Qualit\u00e4t:<br \/>\nUnser TPU-Gussgewebe wird nach den h\u00f6chsten Standards hergestellt und gew\u00e4hrleistet gleichbleibende Leistung und Zuverl\u00e4ssigkeit.<\/p>\n<p>2. Umweltfreundliche Wahl:<br \/>\nHergestellt aus <a href=\"https:\/\/www.sikortex.com\/de\/umweltfreundliche-mode-schaffen-2\/\"><span style=\"color: #3366ff;\">recycelbar<\/span><\/a> und ungiftigen Materialien entspricht unser Stoff den globalen Nachhaltigkeitszielen.<\/p>\n<p>3. Anpassbare Optionen:<br \/>\nWir bieten eine Reihe von Farben, St\u00e4rken und Oberfl\u00e4chen an, um Ihren spezifischen Anforderungen gerecht zu werden.<\/p>\n<p>4. Nachgewiesene Leistung:<br \/>\nUnser Gewebe ist ideal f\u00fcr anspruchsvolle Anwendungen und wird von Herstellern weltweit aufgrund seiner Haltbarkeit und Funktionalit\u00e4t gesch\u00e4tzt.<\/p>","protected":false},"excerpt":{"rendered":"<p>1000 Meter (Mindestbestellmenge)<\/p>","protected":false},"featured_media":8009,"comment_status":"closed","ping_status":"closed","template":"","meta":{"_uag_custom_page_level_css":"","site-sidebar-layout":"default","site-content-layout":"default","ast-site-content-layout":"default","site-content-style":"default","site-sidebar-style":"default","ast-global-header-display":"","ast-banner-title-visibility":"","ast-main-header-display":"","ast-hfb-above-header-display":"","ast-hfb-below-header-display":"","ast-hfb-mobile-header-display":"","site-post-title":"","ast-breadcrumbs-content":"","ast-featured-img":"","footer-sml-layout":"","theme-transparent-header-meta":"default","adv-header-id-meta":"","stick-header-meta":"default","header-above-stick-meta":"","header-main-stick-meta":"","header-below-stick-meta":"","astra-migrate-meta-layouts":"set","ast-page-background-enabled":"default","ast-page-background-meta":{"desktop":{"background-color":"","background-image":"","background-repeat":"repeat","background-position":"center center","background-size":"auto","background-attachment":"scroll","background-type":"","background-media":"","overlay-type":"","overlay-color":"","overlay-opacity":"","overlay-gradient":""},"tablet":{"background-color":"","background-image":"","background-repeat":"repeat","background-position":"center center","background-size":"auto","background-attachment":"scroll","background-type":"","background-media":"","overlay-type":"","overlay-color":"","overlay-opacity":"","overlay-gradient":""},"mobile":{"background-color":"","background-image":"","background-repeat":"repeat","background-position":"center center","background-size":"auto","background-attachment":"scroll","background-type":"","background-media":"","overlay-type":"","overlay-color":"","overlay-opacity":"","overlay-gradient":""}},"ast-content-background-meta":{"desktop":{"background-color":"var(--ast-global-color-5)","background-image":"","background-repeat":"repeat","background-position":"center center","background-size":"auto","background-attachment":"scroll","background-type":"","background-media":"","overlay-type":"","overlay-color":"","overlay-opacity":"","overlay-gradient":""},"tablet":{"background-color":"var(--ast-global-color-5)","background-image":"","background-repeat":"repeat","background-position":"center center","background-size":"auto","background-attachment":"scroll","background-type":"","background-media":"","overlay-type":"","overlay-color":"","overlay-opacity":"","overlay-gradient":""},"mobile":{"background-color":"var(--ast-global-color-5)","background-image":"","background-repeat":"repeat","background-position":"center center","background-size":"auto","background-attachment":"scroll","background-type":"","background-media":"","overlay-type":"","overlay-color":"","overlay-opacity":"","overlay-gradient":""}}},"product_brand":[],"product_cat":[1206,432,1184,403,433,414],"product_tag":[],"class_list":{"0":"post-8006","1":"product","2":"type-product","3":"status-publish","4":"has-post-thumbnail","6":"product_cat-fabric-for-bag","7":"product_cat-fabric-for-tent","8":"product_cat-oxford-fabric","9":"product_cat-polyester-fabrics","10":"product_cat-textile-for-industrial","11":"product_cat-waterproof-fabrics","12":"desktop-align-left","13":"tablet-align-left","14":"mobile-align-left","15":"ast-product-gallery-layout-vertical-slider","16":"ast-product-tabs-layout-horizontal","18":"first","19":"instock","20":"shipping-taxable","21":"product-type-simple"},"uagb_featured_image_src":{"full":["https:\/\/www.sikortex.com\/wp-content\/uploads\/2025\/03\/Diamond-shaped-polyester-fabric-TPU-coated-fabric.jpg",720,480,false],"thumbnail":["https:\/\/www.sikortex.com\/wp-content\/uploads\/2025\/03\/Diamond-shaped-polyester-fabric-TPU-coated-fabric-150x150.jpg",150,150,true],"medium":["https:\/\/www.sikortex.com\/wp-content\/uploads\/2025\/03\/Diamond-shaped-polyester-fabric-TPU-coated-fabric-300x200.jpg",300,200,true],"medium_large":["https:\/\/www.sikortex.com\/wp-content\/uploads\/2025\/03\/Diamond-shaped-polyester-fabric-TPU-coated-fabric.jpg",720,480,false],"large":["https:\/\/www.sikortex.com\/wp-content\/uploads\/2025\/03\/Diamond-shaped-polyester-fabric-TPU-coated-fabric.jpg",720,480,false],"1536x1536":["https:\/\/www.sikortex.com\/wp-content\/uploads\/2025\/03\/Diamond-shaped-polyester-fabric-TPU-coated-fabric.jpg",720,480,false],"2048x2048":["https:\/\/www.sikortex.com\/wp-content\/uploads\/2025\/03\/Diamond-shaped-polyester-fabric-TPU-coated-fabric.jpg",720,480,false],"trp-custom-language-flag":["https:\/\/www.sikortex.com\/wp-content\/uploads\/2025\/03\/Diamond-shaped-polyester-fabric-TPU-coated-fabric-18x12.jpg",18,12,true],"woocommerce_thumbnail":["https:\/\/www.sikortex.com\/wp-content\/uploads\/2025\/03\/Diamond-shaped-polyester-fabric-TPU-coated-fabric-300x300.jpg",300,300,true],"woocommerce_single":["https:\/\/www.sikortex.com\/wp-content\/uploads\/2025\/03\/Diamond-shaped-polyester-fabric-TPU-coated-fabric-600x400.jpg",600,400,true],"woocommerce_gallery_thumbnail":["https:\/\/www.sikortex.com\/wp-content\/uploads\/2025\/03\/Diamond-shaped-polyester-fabric-TPU-coated-fabric-100x100.jpg",100,100,true]},"uagb_author_info":{"display_name":"Perry","author_link":"https:\/\/www.sikortex.com\/de\/author\/"},"uagb_comment_info":0,"uagb_excerpt":"1000 Meters(Min.Order)","_links":{"self":[{"href":"https:\/\/www.sikortex.com\/de\/wp-json\/wp\/v2\/product\/8006","targetHints":{"allow":["GET"]}}],"collection":[{"href":"https:\/\/www.sikortex.com\/de\/wp-json\/wp\/v2\/product"}],"about":[{"href":"https:\/\/www.sikortex.com\/de\/wp-json\/wp\/v2\/types\/product"}],"replies":[{"embeddable":true,"href":"https:\/\/www.sikortex.com\/de\/wp-json\/wp\/v2\/comments?post=8006"}],"wp:featuredmedia":[{"embeddable":true,"href":"https:\/\/www.sikortex.com\/de\/wp-json\/wp\/v2\/media\/8009"}],"wp:attachment":[{"href":"https:\/\/www.sikortex.com\/de\/wp-json\/wp\/v2\/media?parent=8006"}],"wp:term":[{"taxonomy":"product_brand","embeddable":true,"href":"https:\/\/www.sikortex.com\/de\/wp-json\/wp\/v2\/product_brand?post=8006"},{"taxonomy":"product_cat","embeddable":true,"href":"https:\/\/www.sikortex.com\/de\/wp-json\/wp\/v2\/product_cat?post=8006"},{"taxonomy":"product_tag","embeddable":true,"href":"https:\/\/www.sikortex.com\/de\/wp-json\/wp\/v2\/product_tag?post=8006"}],"curies":[{"name":"wp","href":"https:\/\/api.w.org\/{rel}","templated":true}]}}