{"id":8000,"date":"2025-03-01T11:02:42","date_gmt":"2025-03-01T03:02:42","guid":{"rendered":"https:\/\/www.sikortex.com\/?post_type=product&#038;p=8000"},"modified":"2025-03-04T13:27:30","modified_gmt":"2025-03-04T05:27:30","slug":"1680d-polyester-tpu-beschichtetes-gewebe","status":"publish","type":"product","link":"https:\/\/www.sikortex.com\/de\/produkt\/1680d-polyester-tpu-beschichtetes-gewebe\/","title":{"rendered":"1680D Polyester TPU-beschichtetes Gewebe"},"content":{"rendered":"<p>Unser\u00a0<strong>1680D Polyester TPU-beschichtetes Gewebe<\/strong>\u00a0ist ein Hochleistungsmaterial f\u00fcr anspruchsvolle Anwendungen. Durch die Kombination der Festigkeit von 1680D-Polyester mit den fortschrittlichen Eigenschaften der thermoplastischen Polyurethan-Beschichtung (TPU) bietet dieses Gewebe au\u00dfergew\u00f6hnliche Haltbarkeit. <a href=\"https:\/\/www.sikortex.com\/de\/wasserabweisend-bestandig-wasserdicht\/\"><span style=\"color: #3366ff;\">Abdichtung<\/span><\/a>und Anpassungsm\u00f6glichkeiten. Ob Sie es f\u00fcr Outdoor-Ausr\u00fcstung ben\u00f6tigen, <a href=\"https:\/\/www.sikortex.com\/de\/arbeitskleidung-fur-transport-und\/\"><span style=\"color: #3366ff;\">Industrieabdeckungen<\/span><\/a>, oder Hochleistungstaschen, dieses Gewebe bietet \u00fcberlegene Leistung und Zuverl\u00e4ssigkeit.<\/p>\n<hr \/>\n<h3><strong>Hauptmerkmale<\/strong><\/h3>\n<ol start=\"1\">\n<li><strong>Un\u00fcbertroffene Haltbarkeit<\/strong>:<br \/>\nDie Basis aus 1680D-Polyester bietet au\u00dfergew\u00f6hnliche Festigkeit und Abriebfestigkeit und ist daher ideal f\u00fcr den harten Einsatz geeignet.<\/li>\n<li><strong><a href=\"https:\/\/www.sikortex.com\/de\/wasserabweisend-bestandig-wasserdicht\/\"><span style=\"color: #3366ff;\">Wasserdicht<\/span><\/a> und wetterbest\u00e4ndig<\/strong>:<br \/>\nDie TPU-Beschichtung sorgt f\u00fcr eine vollst\u00e4ndige <a href=\"https:\/\/www.sikortex.com\/de\/wasserabweisend-bestandig-wasserdicht\/\"><span style=\"color: #3366ff;\">Abdichtung<\/span><\/a>, und sch\u00fctzt Ihre Produkte vor Regen, Feuchtigkeit und rauen Wetterbedingungen.<\/li>\n<li><strong>Anpassbare Optionen<\/strong>:<br \/>\nWir unterst\u00fctzen eine breite Palette an Anpassungen, darunter\u00a0<strong>transparente TPU-Beschichtung<\/strong>,\u00a0<strong>mattierte TPU-Beschichtung<\/strong>, Und\u00a0<strong>gef\u00e4rbte TPU-Beschichtung<\/strong>\u00a0in verschiedenen Farben.<\/li>\n<li><strong>Umweltfreundliches Material<\/strong>:<br \/>\nTPU ist frei von sch\u00e4dlichen Chemikalien wie Phthalaten und Chlor, was es zu einem sichereren und <a href=\"https:\/\/www.sikortex.com\/de\/umweltfreundliche-mode-schaffen-2\/\"><span style=\"color: #3366ff;\">nachhaltig<\/span><\/a> Option.<\/li>\n<li><a href=\"\/de\/losungsgefarbter-stoff\/\"><span style=\"color: #3366ff;\"><strong>UV-Best\u00e4ndigkeit<\/strong><\/span><\/a>:<br \/>\nDieser Stoff ist f\u00fcr die Best\u00e4ndigkeit gegen l\u00e4ngere Sonneneinstrahlung ausgelegt und eignet sich perfekt f\u00fcr den Einsatz im Au\u00dfenbereich.<\/li>\n<\/ol>\n<hr \/>\n<h3><strong>Anwendungen<\/strong><\/h3>\n<p>Unser\u00a0<strong>1680D Polyester TPU-beschichtetes Gewebe<\/strong>\u00a0ist vielseitig einsetzbar und geeignet f\u00fcr:<\/p>\n<ul>\n<li><strong>Outdoor-Ausr\u00fcstung<\/strong>: <a href=\"https:\/\/www.sikortex.com\/de\/hersteller-fur-zeltstoffe\/\"><span style=\"color: #3366ff;\">Zelte<\/span><\/a>, Rucks\u00e4cke und Planen.<\/li>\n<li><a href=\"https:\/\/www.sikortex.com\/de\/arbeitskleidung-fur-transport-und\/\"><span style=\"color: #3366ff;\"><strong>Industrielle Abdeckungen<\/strong><\/span><\/a>: Schutzh\u00fcllen f\u00fcr Maschinen und Fahrzeuge.<\/li>\n<li><strong>Robuste Taschen<\/strong>: Gep\u00e4ck, Werkzeugtaschen und taktische Ausr\u00fcstung.<\/li>\n<li><strong>Schiffsausr\u00fcstung<\/strong>: Bootsabdeckungen und Bootspolster.<\/li>\n<\/ul>\n<hr \/>\n<h3><strong>Warum uns w\u00e4hlen?<\/strong><\/h3>\n<ol start=\"1\">\n<li><strong>Fortschrittliche Fertigung<\/strong>:<br \/>\nWir sind auf TPU-Beschichtungstechnologie spezialisiert und gew\u00e4hrleisten hochwertige und konsistente Ergebnisse.<\/li>\n<li><strong>Anpassung<\/strong>:<br \/>\nVon transparenten bis hin zu mattierten oder gef\u00e4rbten Beschichtungen passen wir unsere Stoffe Ihren spezifischen Anforderungen an.<\/li>\n<li><strong>Umweltfreundlich<\/strong>:<br \/>\nUnsere TPU-Beschichtungen sind <a href=\"https:\/\/www.sikortex.com\/de\/umweltfreundliche-mode-schaffen-2\/\"><span style=\"color: #3366ff;\">recycelbar<\/span><\/a> und frei von giftigen Chemikalien.<\/li>\n<li><strong>Bew\u00e4hrte Qualit\u00e4t<\/strong>:<br \/>\nUnser Stoff wird nach den h\u00f6chsten Standards hergestellt und gew\u00e4hrleistet eine lang anhaltende Leistung.<\/li>\n<\/ol>\n<hr \/>\n<p>Wenn Sie ein strapazierf\u00e4higes, wasserdichtes und umweltfreundliches Gewebe suchen, ist unser **1680D Polyester TPU-beschichtetes Gewebe** die ideale L\u00f6sung. Dieses Gewebe eignet sich perfekt f\u00fcr Outdoor-, Industrie- und Hochleistungsanwendungen und vereint Festigkeit, Flexibilit\u00e4t und Nachhaltigkeit in einem hochwertigen Material.<\/p>\n<p>Kontaktieren Sie uns noch heute, um Muster anzufordern oder eine Bestellung aufzugeben. Lassen Sie uns gemeinsam hochwertige Produkte entwickeln!<\/p>\n<p>&nbsp;<\/p>","protected":false},"excerpt":{"rendered":"<p>600 Meter (Mindestbestellmenge)<\/p>","protected":false},"featured_media":8001,"comment_status":"closed","ping_status":"closed","template":"","meta":{"_uag_custom_page_level_css":"","site-sidebar-layout":"default","site-content-layout":"default","ast-site-content-layout":"default","site-content-style":"default","site-sidebar-style":"default","ast-global-header-display":"","ast-banner-title-visibility":"","ast-main-header-display":"","ast-hfb-above-header-display":"","ast-hfb-below-header-display":"","ast-hfb-mobile-header-display":"","site-post-title":"","ast-breadcrumbs-content":"","ast-featured-img":"","footer-sml-layout":"","theme-transparent-header-meta":"default","adv-header-id-meta":"","stick-header-meta":"default","header-above-stick-meta":"","header-main-stick-meta":"","header-below-stick-meta":"","astra-migrate-meta-layouts":"set","ast-page-background-enabled":"default","ast-page-background-meta":{"desktop":{"background-color":"","background-image":"","background-repeat":"repeat","background-position":"center center","background-size":"auto","background-attachment":"scroll","background-type":"","background-media":"","overlay-type":"","overlay-color":"","overlay-opacity":"","overlay-gradient":""},"tablet":{"background-color":"","background-image":"","background-repeat":"repeat","background-position":"center center","background-size":"auto","background-attachment":"scroll","background-type":"","background-media":"","overlay-type":"","overlay-color":"","overlay-opacity":"","overlay-gradient":""},"mobile":{"background-color":"","background-image":"","background-repeat":"repeat","background-position":"center center","background-size":"auto","background-attachment":"scroll","background-type":"","background-media":"","overlay-type":"","overlay-color":"","overlay-opacity":"","overlay-gradient":""}},"ast-content-background-meta":{"desktop":{"background-color":"var(--ast-global-color-5)","background-image":"","background-repeat":"repeat","background-position":"center center","background-size":"auto","background-attachment":"scroll","background-type":"","background-media":"","overlay-type":"","overlay-color":"","overlay-opacity":"","overlay-gradient":""},"tablet":{"background-color":"var(--ast-global-color-5)","background-image":"","background-repeat":"repeat","background-position":"center center","background-size":"auto","background-attachment":"scroll","background-type":"","background-media":"","overlay-type":"","overlay-color":"","overlay-opacity":"","overlay-gradient":""},"mobile":{"background-color":"var(--ast-global-color-5)","background-image":"","background-repeat":"repeat","background-position":"center center","background-size":"auto","background-attachment":"scroll","background-type":"","background-media":"","overlay-type":"","overlay-color":"","overlay-opacity":"","overlay-gradient":""}}},"product_brand":[],"product_cat":[1206,432,1184,403,433,414],"product_tag":[],"class_list":{"0":"post-8000","1":"product","2":"type-product","3":"status-publish","4":"has-post-thumbnail","6":"product_cat-fabric-for-bag","7":"product_cat-fabric-for-tent","8":"product_cat-oxford-fabric","9":"product_cat-polyester-fabrics","10":"product_cat-textile-for-industrial","11":"product_cat-waterproof-fabrics","12":"pa_available_colors-h-black","13":"desktop-align-left","14":"tablet-align-left","15":"mobile-align-left","16":"ast-product-gallery-layout-vertical-slider","17":"ast-product-tabs-layout-horizontal","19":"first","20":"instock","21":"shipping-taxable","22":"product-type-simple"},"uagb_featured_image_src":{"full":["https:\/\/www.sikortex.com\/wp-content\/uploads\/2025\/03\/Polyester-TPU-coated-fabric.jpg",800,800,false],"thumbnail":["https:\/\/www.sikortex.com\/wp-content\/uploads\/2025\/03\/Polyester-TPU-coated-fabric-150x150.jpg",150,150,true],"medium":["https:\/\/www.sikortex.com\/wp-content\/uploads\/2025\/03\/Polyester-TPU-coated-fabric-300x300.jpg",300,300,true],"medium_large":["https:\/\/www.sikortex.com\/wp-content\/uploads\/2025\/03\/Polyester-TPU-coated-fabric-768x768.jpg",768,768,true],"large":["https:\/\/www.sikortex.com\/wp-content\/uploads\/2025\/03\/Polyester-TPU-coated-fabric.jpg",800,800,false],"1536x1536":["https:\/\/www.sikortex.com\/wp-content\/uploads\/2025\/03\/Polyester-TPU-coated-fabric.jpg",800,800,false],"2048x2048":["https:\/\/www.sikortex.com\/wp-content\/uploads\/2025\/03\/Polyester-TPU-coated-fabric.jpg",800,800,false],"trp-custom-language-flag":["https:\/\/www.sikortex.com\/wp-content\/uploads\/2025\/03\/Polyester-TPU-coated-fabric-12x12.jpg",12,12,true],"woocommerce_thumbnail":["https:\/\/www.sikortex.com\/wp-content\/uploads\/2025\/03\/Polyester-TPU-coated-fabric-300x300.jpg",300,300,true],"woocommerce_single":["https:\/\/www.sikortex.com\/wp-content\/uploads\/2025\/03\/Polyester-TPU-coated-fabric-600x600.jpg",600,600,true],"woocommerce_gallery_thumbnail":["https:\/\/www.sikortex.com\/wp-content\/uploads\/2025\/03\/Polyester-TPU-coated-fabric-100x100.jpg",100,100,true]},"uagb_author_info":{"display_name":"Perry","author_link":"https:\/\/www.sikortex.com\/de\/author\/"},"uagb_comment_info":0,"uagb_excerpt":"600 Meters(Min.Order)","_links":{"self":[{"href":"https:\/\/www.sikortex.com\/de\/wp-json\/wp\/v2\/product\/8000","targetHints":{"allow":["GET"]}}],"collection":[{"href":"https:\/\/www.sikortex.com\/de\/wp-json\/wp\/v2\/product"}],"about":[{"href":"https:\/\/www.sikortex.com\/de\/wp-json\/wp\/v2\/types\/product"}],"replies":[{"embeddable":true,"href":"https:\/\/www.sikortex.com\/de\/wp-json\/wp\/v2\/comments?post=8000"}],"wp:featuredmedia":[{"embeddable":true,"href":"https:\/\/www.sikortex.com\/de\/wp-json\/wp\/v2\/media\/8001"}],"wp:attachment":[{"href":"https:\/\/www.sikortex.com\/de\/wp-json\/wp\/v2\/media?parent=8000"}],"wp:term":[{"taxonomy":"product_brand","embeddable":true,"href":"https:\/\/www.sikortex.com\/de\/wp-json\/wp\/v2\/product_brand?post=8000"},{"taxonomy":"product_cat","embeddable":true,"href":"https:\/\/www.sikortex.com\/de\/wp-json\/wp\/v2\/product_cat?post=8000"},{"taxonomy":"product_tag","embeddable":true,"href":"https:\/\/www.sikortex.com\/de\/wp-json\/wp\/v2\/product_tag?post=8000"}],"curies":[{"name":"wp","href":"https:\/\/api.w.org\/{rel}","templated":true}]}}