{"id":7576,"date":"2024-12-26T15:06:48","date_gmt":"2024-12-26T07:06:48","guid":{"rendered":"https:\/\/www.sikortex.com\/?post_type=product&#038;p=7576"},"modified":"2025-02-17T17:39:47","modified_gmt":"2025-02-17T09:39:47","slug":"210d-nylon-oxford-wasserdichte-pu-beschichtung","status":"publish","type":"product","link":"https:\/\/www.sikortex.com\/de\/produkt\/210d-nylon-oxford-wasserdichte-pu-beschichtung\/","title":{"rendered":"210D Nylon Oxford wasserdichtes PU-Beschichtungsgewebe"},"content":{"rendered":"<h3 class=\"header-vfC6AV auto-hide-last-sibling-br\">Wasserdichtes 210D-Nylon-Oxford-Gewebe: Die bevorzugte Wahl f\u00fcr Rucks\u00e4cke und Campingausr\u00fcstung<\/h3>\n<h4 class=\"header-vfC6AV auto-hide-last-sibling-br\">Langlebig und belastbar, um Herausforderungen direkt anzugehen<\/h4>\n<p>&nbsp;<\/p>\n<div class=\"auto-hide-last-sibling-br paragraph-JOTKXA paragraph-element br-paragraph-space\">Im Bereich Rucks\u00e4cke und Campingausr\u00fcstung ist Haltbarkeit von gr\u00f6\u00dfter Bedeutung. Das 210D Nylon Oxford <a href=\"https:\/\/www.sikortex.com\/de\/wasserabweisend-bestandig-wasserdicht\/\"><span style=\"color: #3366ff;\">wasserdicht<\/span><\/a> Stoff, wobei \u201eD\u201c f\u00fcr Denier steht, hat eine Garnst\u00e4rke von 210, die ein Gleichgewicht zwischen geringem Gewicht und Robustheit herstellt. Er ist dicht gewebt und hat eine stabile Faseranordnung. Dieser Stoff h\u00e4lt der Reibung von Rucks\u00e4cken \u00fcber lange Strecken und der Abnutzung von Campingausr\u00fcstung in schwierigem Gel\u00e4nde stand, ist rei\u00df- und bruchfest und gew\u00e4hrleistet so die langfristige Nutzung der Ausr\u00fcstung.<\/div>\n<div><\/div>\n<h4 class=\"header-vfC6AV auto-hide-last-sibling-br\">Doppelt beschichtet, mit hervorragender Wasserfestigkeit<\/h4>\n<div class=\"auto-hide-last-sibling-br paragraph-JOTKXA paragraph-element br-paragraph-space\">Der herausragende Vorteil dieses Gewebes liegt in seiner <a href=\"https:\/\/www.sikortex.com\/de\/wasserabweisend-bestandig-wasserdicht\/\"><span style=\"color: #3366ff;\">wasserdicht<\/span> <\/a>Eigenschaft. Wir verwenden ein Doppelbeschichtungsverfahren, das die Bildung einer kompakteren wasserdichten Struktur auf der Stoffoberfl\u00e4che erm\u00f6glicht. Wenn Wassertropfen darauf fallen, perlen sie schnell ab und dringen nicht ein, als ob die Ausr\u00fcstung in einen unsichtbaren Regenmantel geh\u00fcllt w\u00e4re, der \u00e4u\u00dfere Feuchtigkeit effektiv abh\u00e4lt. Wenn Sie beim Camping im Freien in einen pl\u00f6tzlichen Regenguss geraten, k\u00f6nnen die Gegenst\u00e4nde im Rucksack trocken bleiben, was eine starke Unterst\u00fctzung f\u00fcr den Einsatz in feuchten Umgebungen bietet.<\/div>\n<div><\/div>\n<h4 class=\"header-vfC6AV auto-hide-last-sibling-br\">Leicht und tragbar, f\u00fcr eine entspannte Reise<\/h4>\n<div class=\"auto-hide-last-sibling-br paragraph-JOTKXA paragraph-element br-paragraph-space\">Funktionalit\u00e4t ist zwar entscheidend, aber auch das geringe Gewicht wird hoch gesch\u00e4tzt. Das 210D Nylon <a href=\"https:\/\/www.sikortex.com\/de\/nylon-baumwollstoff-ripstop-windbreaker-stoff-5\/\"><span style=\"color: #3366ff;\">Oxford<\/span><\/a> <a href=\"https:\/\/www.sikortex.com\/de\/wasserabweisend-bestandig-wasserdicht\/\"><span style=\"color: #3366ff;\">wasserdichter Stoff<\/span><\/a> hat eine leichte Textur. Trotz seiner Robustheit und Wasserfestigkeit tr\u00e4gt es nicht viel zum Gewicht bei. Reisende, die Rucks\u00e4cke aus diesem Stoff tragen, k\u00f6nnen lange Strecken wandern, ohne sich durch den Stoff \u00fcberlastet zu f\u00fchlen, und Camper k\u00f6nnen ihre Ausr\u00fcstung leichter transportieren, was das Reisen im Freien angenehm und stressfrei macht.<\/div>\n<div><\/div>\n<h4 class=\"header-vfC6AV auto-hide-last-sibling-br\">Vielseitig einsetzbar, f\u00fcr unterschiedliche Bed\u00fcrfnisse<\/h4>\n<div class=\"auto-hide-last-sibling-br paragraph-JOTKXA paragraph-element br-paragraph-space\">Der Vorteil dieses Stoffes liegt auch in seiner Vielseitigkeit. Bei der Rucksackherstellung eignet er sich f\u00fcr verschiedene Arten von Rucks\u00e4cken wie Bergsteiger-, Wander- und Reiserucks\u00e4cke. In Bezug auf Campingausr\u00fcstung wird er h\u00e4ufig in Zelten, Schlafsackeinlagen und feuchtigkeitsdichten Polsterbez\u00fcgen verwendet. Seine breite Anwendbarkeit zeigt seine Flexibilit\u00e4t und Zweckm\u00e4\u00dfigkeit, erf\u00fcllt unterschiedliche Bed\u00fcrfnisse und bietet Komfort.<\/div>\n<p>&nbsp;<\/p>\n<div class=\"auto-hide-last-sibling-br paragraph-JOTKXA paragraph-element br-paragraph-space\">Mit seiner Haltbarkeit, seiner hervorragenden Wasserdichtigkeit, seinem geringen Gewicht und seiner Vielseitigkeit ist das 210D Nylon <a href=\"https:\/\/www.sikortex.com\/de\/nylon-baumwollstoff-ripstop-windbreaker-stoff-5\/\"><span style=\"color: #3366ff;\">Oxford<\/span><\/a> <a href=\"https:\/\/www.sikortex.com\/de\/wasserabweisend-bestandig-wasserdicht\/\"><span style=\"color: #3366ff;\">wasserdicht<\/span><\/a> Stoff ist die erste Wahl f\u00fcr Rucks\u00e4cke und Campingausr\u00fcstung. Er bietet zuverl\u00e4ssige Unterst\u00fctzung f\u00fcr Outdoor-Reisen und hilft Menschen, die Natur in vollen Z\u00fcgen zu genie\u00dfen.<\/div>","protected":false},"excerpt":{"rendered":"<p>1200 Meter (Mindestbestellmenge)<\/p>","protected":false},"featured_media":7581,"comment_status":"closed","ping_status":"closed","template":"","meta":{"_uag_custom_page_level_css":"","site-sidebar-layout":"default","site-content-layout":"default","ast-site-content-layout":"","site-content-style":"default","site-sidebar-style":"default","ast-global-header-display":"","ast-banner-title-visibility":"","ast-main-header-display":"","ast-hfb-above-header-display":"","ast-hfb-below-header-display":"","ast-hfb-mobile-header-display":"","site-post-title":"","ast-breadcrumbs-content":"","ast-featured-img":"","footer-sml-layout":"","theme-transparent-header-meta":"default","adv-header-id-meta":"","stick-header-meta":"default","header-above-stick-meta":"","header-main-stick-meta":"","header-below-stick-meta":"","astra-migrate-meta-layouts":"default","ast-page-background-enabled":"default","ast-page-background-meta":{"desktop":{"background-color":"","background-image":"","background-repeat":"repeat","background-position":"center center","background-size":"auto","background-attachment":"scroll","background-type":"","background-media":"","overlay-type":"","overlay-color":"","overlay-opacity":"","overlay-gradient":""},"tablet":{"background-color":"","background-image":"","background-repeat":"repeat","background-position":"center center","background-size":"auto","background-attachment":"scroll","background-type":"","background-media":"","overlay-type":"","overlay-color":"","overlay-opacity":"","overlay-gradient":""},"mobile":{"background-color":"","background-image":"","background-repeat":"repeat","background-position":"center center","background-size":"auto","background-attachment":"scroll","background-type":"","background-media":"","overlay-type":"","overlay-color":"","overlay-opacity":"","overlay-gradient":""}},"ast-content-background-meta":{"desktop":{"background-color":"var(--ast-global-color-5)","background-image":"","background-repeat":"repeat","background-position":"center center","background-size":"auto","background-attachment":"scroll","background-type":"","background-media":"","overlay-type":"","overlay-color":"","overlay-opacity":"","overlay-gradient":""},"tablet":{"background-color":"var(--ast-global-color-5)","background-image":"","background-repeat":"repeat","background-position":"center center","background-size":"auto","background-attachment":"scroll","background-type":"","background-media":"","overlay-type":"","overlay-color":"","overlay-opacity":"","overlay-gradient":""},"mobile":{"background-color":"var(--ast-global-color-5)","background-image":"","background-repeat":"repeat","background-position":"center center","background-size":"auto","background-attachment":"scroll","background-type":"","background-media":"","overlay-type":"","overlay-color":"","overlay-opacity":"","overlay-gradient":""}}},"product_brand":[],"product_cat":[1206,432,404,1184,433,414],"product_tag":[],"class_list":{"0":"post-7576","1":"product","2":"type-product","3":"status-publish","4":"has-post-thumbnail","6":"product_cat-fabric-for-bag","7":"product_cat-fabric-for-tent","8":"product_cat-nylon-fabrics","9":"product_cat-oxford-fabric","10":"product_cat-textile-for-industrial","11":"product_cat-waterproof-fabrics","12":"pa_available_colors-h-black","13":"desktop-align-left","14":"tablet-align-left","15":"mobile-align-left","16":"ast-product-gallery-layout-vertical-slider","17":"ast-product-tabs-layout-horizontal","19":"first","20":"instock","21":"shipping-taxable","22":"product-type-simple"},"uagb_featured_image_src":{"full":["https:\/\/www.sikortex.com\/wp-content\/uploads\/2024\/12\/210D-Nylon-Oxford-Waterproof.jpg",800,800,false],"thumbnail":["https:\/\/www.sikortex.com\/wp-content\/uploads\/2024\/12\/210D-Nylon-Oxford-Waterproof-150x150.jpg",150,150,true],"medium":["https:\/\/www.sikortex.com\/wp-content\/uploads\/2024\/12\/210D-Nylon-Oxford-Waterproof-300x300.jpg",300,300,true],"medium_large":["https:\/\/www.sikortex.com\/wp-content\/uploads\/2024\/12\/210D-Nylon-Oxford-Waterproof-768x768.jpg",768,768,true],"large":["https:\/\/www.sikortex.com\/wp-content\/uploads\/2024\/12\/210D-Nylon-Oxford-Waterproof.jpg",800,800,false],"1536x1536":["https:\/\/www.sikortex.com\/wp-content\/uploads\/2024\/12\/210D-Nylon-Oxford-Waterproof.jpg",800,800,false],"2048x2048":["https:\/\/www.sikortex.com\/wp-content\/uploads\/2024\/12\/210D-Nylon-Oxford-Waterproof.jpg",800,800,false],"trp-custom-language-flag":["https:\/\/www.sikortex.com\/wp-content\/uploads\/2024\/12\/210D-Nylon-Oxford-Waterproof-12x12.jpg",12,12,true],"woocommerce_thumbnail":["https:\/\/www.sikortex.com\/wp-content\/uploads\/2024\/12\/210D-Nylon-Oxford-Waterproof-300x300.jpg",300,300,true],"woocommerce_single":["https:\/\/www.sikortex.com\/wp-content\/uploads\/2024\/12\/210D-Nylon-Oxford-Waterproof-600x600.jpg",600,600,true],"woocommerce_gallery_thumbnail":["https:\/\/www.sikortex.com\/wp-content\/uploads\/2024\/12\/210D-Nylon-Oxford-Waterproof-100x100.jpg",100,100,true]},"uagb_author_info":{"display_name":"Perry","author_link":"https:\/\/www.sikortex.com\/de\/author\/"},"uagb_comment_info":0,"uagb_excerpt":"1200 Meters(Min.Order)","_links":{"self":[{"href":"https:\/\/www.sikortex.com\/de\/wp-json\/wp\/v2\/product\/7576","targetHints":{"allow":["GET"]}}],"collection":[{"href":"https:\/\/www.sikortex.com\/de\/wp-json\/wp\/v2\/product"}],"about":[{"href":"https:\/\/www.sikortex.com\/de\/wp-json\/wp\/v2\/types\/product"}],"replies":[{"embeddable":true,"href":"https:\/\/www.sikortex.com\/de\/wp-json\/wp\/v2\/comments?post=7576"}],"wp:featuredmedia":[{"embeddable":true,"href":"https:\/\/www.sikortex.com\/de\/wp-json\/wp\/v2\/media\/7581"}],"wp:attachment":[{"href":"https:\/\/www.sikortex.com\/de\/wp-json\/wp\/v2\/media?parent=7576"}],"wp:term":[{"taxonomy":"product_brand","embeddable":true,"href":"https:\/\/www.sikortex.com\/de\/wp-json\/wp\/v2\/product_brand?post=7576"},{"taxonomy":"product_cat","embeddable":true,"href":"https:\/\/www.sikortex.com\/de\/wp-json\/wp\/v2\/product_cat?post=7576"},{"taxonomy":"product_tag","embeddable":true,"href":"https:\/\/www.sikortex.com\/de\/wp-json\/wp\/v2\/product_tag?post=7576"}],"curies":[{"name":"wp","href":"https:\/\/api.w.org\/{rel}","templated":true}]}}