{"id":7364,"date":"2024-12-21T11:14:12","date_gmt":"2024-12-21T03:14:12","guid":{"rendered":"https:\/\/www.sikortex.com\/?post_type=product&#038;p=7364"},"modified":"2025-04-02T10:32:30","modified_gmt":"2025-04-02T02:32:30","slug":"600d-polyestergewebe-losungsgefarbte-oxford-stoffe","status":"publish","type":"product","link":"https:\/\/www.sikortex.com\/de\/produkt\/600d-polyestergewebe-losungsgefarbte-oxford-stoffe\/","title":{"rendered":"L\u00f6sungsgef\u00e4rbte Oxford-Stoffe aus 600D-Polyestergewebe"},"content":{"rendered":"<h4>L\u00f6sungsgef\u00e4rbte Oxford-Stoffe aus 600D-Polyestergewebe<\/h4>\n<p>Unser wasserdichtes 600D-Polyestergewebe hat eine echte St\u00e4rke von 600 \u00d7 600 Denier, nicht das leichtere, weniger haltbare 600 \u00d7 300. Unser 600D-Material ist nicht nur stark und abriebfest, sondern hat dank der PU-Beschichtung nach dem Warmwalzen auch eine h\u00f6here Flexibilit\u00e4t und bessere Wasserdichtigkeit. Unser 600D-Polyestergewebe hat eine hydrostatische Druckfestigkeit von mehr als 1000 mm.<\/p>\n<h4>L\u00f6sungsgef\u00e4rbtes Polyester, langanhaltende Farbe<\/h4>\n<p>Unser 600D ist l\u00f6sungsgef\u00e4rbt \u2013 anders als die meisten gew\u00f6hnlichen Stoffe auf dem Markt! Warum ist das so wichtig? Das bedeutet, dass die Farbe nicht auf die Oberfl\u00e4che aufgetragen wird, sondern Teil des Fadens ist, aus dem der Stoff hergestellt wird. Die Farbe durchdringt das gesamte Material. Die Farbe von l\u00f6sungsgef\u00e4rbten Materialien h\u00e4lt l\u00e4nger, und in den meisten F\u00e4llen kann unser l\u00f6sungsgef\u00e4rbter 600D-Stoff mehr als 3 Jahre lang im Freien verwendet werden, ohne zu verblassen! (Dies ist \u00e4hnlich wie bei unserem <a href=\"https:\/\/www.sikortex.com\/de\/anti-infrarot-stoffe-3\/\"><span style=\"color: #3366ff;\">l\u00f6sungsgef\u00e4rbtes Acrylgewebe<\/span><\/a>, eine weitere gute Wahl f\u00fcr Outdoor- oder wasserdichte Materialien.)<\/p>\n<h4>Anwendung von 600D Polyestergewebe<\/h4>\n<p>600D wird wahrscheinlich am h\u00e4ufigsten in Rucks\u00e4cken, Outdoor-Ausr\u00fcstung, Outdoor-M\u00f6beln, Outdoor-Geb\u00e4uden und verschiedenen Industrieger\u00e4ten verwendet, aber Kunden verwenden es auch zur Herstellung von Bootsabdeckungen und <a href=\"https:\/\/www.sikortex.com\/de\/nylon-baumwollstoff-ripstop-windbreaker-stoff-2\/\"><span style=\"color: #3366ff;\">Markisen<\/span><\/a> aufgrund seiner wasserdichten und schimmelresistenten Eigenschaften.<\/p>\n<h4>SIKOR-TEX ist Ihre beste Quelle f\u00fcr 600D-Polyester im Gro\u00dfhandel!<\/h4>\n<h4 style=\"font-style: normal;\"><img loading=\"lazy\" decoding=\"async\" class=\"wp-image-7060 alignright\" src=\"https:\/\/www.sikortex.com\/wp-content\/uploads\/2024\/09\/Solution-dyed-acrylic-fiber-e1726019567653-300x190.png\" alt=\"\" width=\"364\" height=\"230\" title=\"\" srcset=\"https:\/\/www.sikortex.com\/wp-content\/uploads\/2024\/09\/Solution-dyed-acrylic-fiber-e1726019567653-300x190.png 300w, https:\/\/www.sikortex.com\/wp-content\/uploads\/2024\/09\/Solution-dyed-acrylic-fiber-e1726019567653-18x12.png 18w, https:\/\/www.sikortex.com\/wp-content\/uploads\/2024\/09\/Solution-dyed-acrylic-fiber-e1726019567653.png 520w\" sizes=\"auto, (max-width: 364px) 100vw, 364px\" \/><\/h4>\n<p>Unsere Produktion beginnt mit l\u00f6sungsgef\u00e4rbten Fasern und umfasst das Spinnen, die Herstellung und die Veredelung, die unerl\u00e4sslich ist, um sicherzustellen, dass unsere Stoffe die beste Lichtechtheit und UV-Best\u00e4ndigkeit aufweisen. Wir bieten auch eine flammhemmende Behandlung an, die<\/p>\n<p>k\u00f6nnen sich treffen <a href=\"https:\/\/www.sikortex.com\/de\/feuerhemmende-stoffe\/\">flammhemmend<\/a> Normen wie NFPA 701, CPAI-84, EN 13773, usw. Wir bieten Ihnen Dienstleistungen zur Massenanpassung (einschlie\u00dflich <a href=\"https:\/\/www.sikortex.com\/de\/produkt\/600d-dty-oxford-antibakterielle-stoffe\/\"><span style=\"color: #3366ff;\">1200D<\/span><\/a> Stoff, <a href=\"https:\/\/www.sikortex.com\/de\/produkt\/sk8362-oxford-flammhemmender-stoff-9\/\"><span style=\"color: #3366ff;\">900D<\/span><\/a> Stoff, 600D oder l\u00f6sungsgef\u00e4rbtes Acrylgewebe) in hoher Qualit\u00e4t und zu wettbewerbsf\u00e4higen Preisen.<\/p>\n<h4 style=\"font-style: normal;\"><img loading=\"lazy\" decoding=\"async\" class=\"alignright wp-image-7241\" src=\"https:\/\/www.sikortex.com\/wp-content\/uploads\/2024\/12\/Solution-dyed-polyester-150D-300x200.jpg\" alt=\"\" width=\"383\" height=\"255\" title=\"\" srcset=\"https:\/\/www.sikortex.com\/wp-content\/uploads\/2024\/12\/Solution-dyed-polyester-150D-300x200.jpg 300w, https:\/\/www.sikortex.com\/wp-content\/uploads\/2024\/12\/Solution-dyed-polyester-150D-768x511.jpg 768w, https:\/\/www.sikortex.com\/wp-content\/uploads\/2024\/12\/Solution-dyed-polyester-150D-18x12.jpg 18w, https:\/\/www.sikortex.com\/wp-content\/uploads\/2024\/12\/Solution-dyed-polyester-150D-600x399.jpg 600w, https:\/\/www.sikortex.com\/wp-content\/uploads\/2024\/12\/Solution-dyed-polyester-150D.jpg 796w\" sizes=\"auto, (max-width: 383px) 100vw, 383px\" \/><\/h4>\n<p>Unser 600D-Polyestergewebe verwendet L\u00f6sungstechnologie und ben\u00f6tigt w\u00e4hrend des Herstellungsprozesses kein Wasser. Dies ist umweltfreundlich, spart Energie und reduziert den Kohlenstoffaussto\u00df. Im Einklang mit dem Trend der nachhaltigen Textilentwicklung<\/p>\n<p><a href=\"https:\/\/www.sikortex.com\/de\/wasserdichte-stoffe\/\"><span style=\"color: #3366ff;\">Ist Oxford-Stoff wasserdicht?<\/span><\/a><\/p>\n<p>Unser <a href=\"https:\/\/www.sikortex.com\/de\/nylon-baumwollstoff-ripstop-windbreaker-stoff-5\/\"><span style=\"color: #3366ff;\">Oxford-Stoff<\/span><\/a> ist nicht nur wasserdicht, sondern auch oberfl\u00e4chenfeuchtigkeitsbest\u00e4ndig (weiterlesen)<\/p>","protected":false},"excerpt":{"rendered":"<p>1200 Meter (Mindestbestellmenge)<\/p>","protected":false},"featured_media":7366,"comment_status":"closed","ping_status":"closed","template":"","meta":{"_uag_custom_page_level_css":"","site-sidebar-layout":"default","site-content-layout":"default","ast-site-content-layout":"","site-content-style":"default","site-sidebar-style":"default","ast-global-header-display":"","ast-banner-title-visibility":"","ast-main-header-display":"","ast-hfb-above-header-display":"","ast-hfb-below-header-display":"","ast-hfb-mobile-header-display":"","site-post-title":"","ast-breadcrumbs-content":"","ast-featured-img":"","footer-sml-layout":"","theme-transparent-header-meta":"default","adv-header-id-meta":"","stick-header-meta":"default","header-above-stick-meta":"","header-main-stick-meta":"","header-below-stick-meta":"","astra-migrate-meta-layouts":"default","ast-page-background-enabled":"default","ast-page-background-meta":{"desktop":{"background-color":"","background-image":"","background-repeat":"repeat","background-position":"center center","background-size":"auto","background-attachment":"scroll","background-type":"","background-media":"","overlay-type":"","overlay-color":"","overlay-opacity":"","overlay-gradient":""},"tablet":{"background-color":"","background-image":"","background-repeat":"repeat","background-position":"center center","background-size":"auto","background-attachment":"scroll","background-type":"","background-media":"","overlay-type":"","overlay-color":"","overlay-opacity":"","overlay-gradient":""},"mobile":{"background-color":"","background-image":"","background-repeat":"repeat","background-position":"center center","background-size":"auto","background-attachment":"scroll","background-type":"","background-media":"","overlay-type":"","overlay-color":"","overlay-opacity":"","overlay-gradient":""}},"ast-content-background-meta":{"desktop":{"background-color":"var(--ast-global-color-5)","background-image":"","background-repeat":"repeat","background-position":"center center","background-size":"auto","background-attachment":"scroll","background-type":"","background-media":"","overlay-type":"","overlay-color":"","overlay-opacity":"","overlay-gradient":""},"tablet":{"background-color":"var(--ast-global-color-5)","background-image":"","background-repeat":"repeat","background-position":"center center","background-size":"auto","background-attachment":"scroll","background-type":"","background-media":"","overlay-type":"","overlay-color":"","overlay-opacity":"","overlay-gradient":""},"mobile":{"background-color":"var(--ast-global-color-5)","background-image":"","background-repeat":"repeat","background-position":"center center","background-size":"auto","background-attachment":"scroll","background-type":"","background-media":"","overlay-type":"","overlay-color":"","overlay-opacity":"","overlay-gradient":""}}},"product_brand":[],"product_cat":[1126,432,1218,1184,1185,433,414],"product_tag":[],"class_list":{"0":"post-7364","1":"product","2":"type-product","3":"status-publish","4":"has-post-thumbnail","6":"product_cat-fabric-for-awning","7":"product_cat-fabric-for-tent","8":"product_cat-marine-fabrics","9":"product_cat-oxford-fabric","10":"product_cat-solution-dyed-polyester-fabrics","11":"product_cat-textile-for-industrial","12":"product_cat-waterproof-fabrics","13":"pa_available_colors-911052-spc","14":"desktop-align-left","15":"tablet-align-left","16":"mobile-align-left","17":"ast-product-gallery-layout-vertical-slider","18":"ast-product-tabs-layout-horizontal","20":"first","21":"instock","22":"shipping-taxable","23":"product-type-simple"},"uagb_featured_image_src":{"full":["https:\/\/www.sikortex.com\/wp-content\/uploads\/2024\/12\/600D-Polyester-Fabric.jpg",800,800,false],"thumbnail":["https:\/\/www.sikortex.com\/wp-content\/uploads\/2024\/12\/600D-Polyester-Fabric-150x150.jpg",150,150,true],"medium":["https:\/\/www.sikortex.com\/wp-content\/uploads\/2024\/12\/600D-Polyester-Fabric-300x300.jpg",300,300,true],"medium_large":["https:\/\/www.sikortex.com\/wp-content\/uploads\/2024\/12\/600D-Polyester-Fabric-768x768.jpg",768,768,true],"large":["https:\/\/www.sikortex.com\/wp-content\/uploads\/2024\/12\/600D-Polyester-Fabric.jpg",800,800,false],"1536x1536":["https:\/\/www.sikortex.com\/wp-content\/uploads\/2024\/12\/600D-Polyester-Fabric.jpg",800,800,false],"2048x2048":["https:\/\/www.sikortex.com\/wp-content\/uploads\/2024\/12\/600D-Polyester-Fabric.jpg",800,800,false],"trp-custom-language-flag":["https:\/\/www.sikortex.com\/wp-content\/uploads\/2024\/12\/600D-Polyester-Fabric-12x12.jpg",12,12,true],"woocommerce_thumbnail":["https:\/\/www.sikortex.com\/wp-content\/uploads\/2024\/12\/600D-Polyester-Fabric-300x300.jpg",300,300,true],"woocommerce_single":["https:\/\/www.sikortex.com\/wp-content\/uploads\/2024\/12\/600D-Polyester-Fabric-600x600.jpg",600,600,true],"woocommerce_gallery_thumbnail":["https:\/\/www.sikortex.com\/wp-content\/uploads\/2024\/12\/600D-Polyester-Fabric-100x100.jpg",100,100,true]},"uagb_author_info":{"display_name":"Perry","author_link":"https:\/\/www.sikortex.com\/de\/author\/"},"uagb_comment_info":0,"uagb_excerpt":"1200 Meters(Min.Order)","_links":{"self":[{"href":"https:\/\/www.sikortex.com\/de\/wp-json\/wp\/v2\/product\/7364","targetHints":{"allow":["GET"]}}],"collection":[{"href":"https:\/\/www.sikortex.com\/de\/wp-json\/wp\/v2\/product"}],"about":[{"href":"https:\/\/www.sikortex.com\/de\/wp-json\/wp\/v2\/types\/product"}],"replies":[{"embeddable":true,"href":"https:\/\/www.sikortex.com\/de\/wp-json\/wp\/v2\/comments?post=7364"}],"wp:featuredmedia":[{"embeddable":true,"href":"https:\/\/www.sikortex.com\/de\/wp-json\/wp\/v2\/media\/7366"}],"wp:attachment":[{"href":"https:\/\/www.sikortex.com\/de\/wp-json\/wp\/v2\/media?parent=7364"}],"wp:term":[{"taxonomy":"product_brand","embeddable":true,"href":"https:\/\/www.sikortex.com\/de\/wp-json\/wp\/v2\/product_brand?post=7364"},{"taxonomy":"product_cat","embeddable":true,"href":"https:\/\/www.sikortex.com\/de\/wp-json\/wp\/v2\/product_cat?post=7364"},{"taxonomy":"product_tag","embeddable":true,"href":"https:\/\/www.sikortex.com\/de\/wp-json\/wp\/v2\/product_tag?post=7364"}],"curies":[{"name":"wp","href":"https:\/\/api.w.org\/{rel}","templated":true}]}}