{"id":7316,"date":"2024-12-16T11:08:06","date_gmt":"2024-12-16T03:08:06","guid":{"rendered":"https:\/\/www.sikortex.com\/?post_type=product&#038;p=7316"},"modified":"2025-02-17T17:40:24","modified_gmt":"2025-02-17T09:40:24","slug":"sk8362-oxford-flammhemmender-stoff-13","status":"publish","type":"product","link":"https:\/\/www.sikortex.com\/de\/produkt\/sk8362-oxford-flammhemmender-stoff-13\/","title":{"rendered":"600D Polyestergewebe, wasserdichte PU-Beschichtung"},"content":{"rendered":"<h4 class=\"header-vfC6AV auto-hide-last-sibling-br\">600D Polyester-Gewebe: Zusammensetzung und Webprozess<\/h4>\n<div class=\"auto-hide-last-sibling-br paragraph-JOTKXA paragraph-element br-paragraph-space\">600D Polyester <a href=\"https:\/\/www.sikortex.com\/de\/2024\/09\/05\/lieferant-von-ripstop-stoffen-ripstop-material\/\"><span style=\"color: #3366ff;\">Ripstop<\/span><\/a> <a href=\"\/de\/hersteller-fur-beschichtete-stoffe\/\"><span style=\"color: #3366ff;\">PU-beschichtet<\/span><\/a> Stoff wird durch Verdoppeln und Weben von zwei 300D-Garnen hergestellt. Diese Produktionsmethode verleiht dem Stoff ein strukturierteres Aussehen. Das verdoppelte Garn verleiht dem Stoff eine hohe Festigkeit und erm\u00f6glicht es, ihn f\u00fcr eine Vielzahl von Veredelungsprozessen zu verwenden, z. B. f\u00fcr die Herstellung von 600D <a href=\"\/de\/hersteller-fur-beschichtete-stoffe\/\"><span style=\"color: #3366ff;\">PU-beschichtet<\/span><\/a> Stoff, 600D Polyestergewebe mit flammhemmender Beschichtung und 600D <a href=\"https:\/\/www.sikortex.com\/de\/wasserabweisend-bestandig-wasserdicht\/\"><span style=\"color: #3366ff;\">wasserdicht<\/span> <\/a><a href=\"\/de\/hersteller-fur-beschichtete-stoffe\/\"><span style=\"color: #3366ff;\">beschichtetes Gewebe<\/span><\/a>.<\/div>\n<div><\/div>\n<h4 class=\"header-vfC6AV auto-hide-last-sibling-br\">600D Polyester-Gewebe: Physikalische Eigenschaften Spezifikationen<\/h4>\n<div class=\"auto-hide-last-sibling-br paragraph-JOTKXA paragraph-element br-paragraph-space\">600D-Gewebe f\u00fcr Oberbekleidung ist ein mittelschweres Gewebe mit ausgezeichneter Haltbarkeit und Abriebfestigkeit. Nach der Pr\u00fcfmethode AS 2001.2.16 wiegt dieses Gewebe etwa 230 g\/m\u00b2 und hat eine Kettbruchkraft von etwa 2400 N und eine Schussbruchkraft von 1500 N. Die Pr\u00fcfmethode AS 2001.2.10 zeigt au\u00dferdem, dass das Gewebe einer Rei\u00dfkraft von 145 N in Kett- und Schussrichtung standh\u00e4lt.<\/div>\n<h4 class=\"header-vfC6AV auto-hide-last-sibling-br\"><\/h4>\n<h4 class=\"header-vfC6AV auto-hide-last-sibling-br\">600D Polyester-Gewebe: Materialeigenschaften und Urspr\u00fcnge<\/h4>\n<div class=\"auto-hide-last-sibling-br paragraph-JOTKXA paragraph-element br-paragraph-space\">600D-Polyestergewebe besteht aus 100%-Polyester. Dieses Gewebe ist weltweit f\u00fcr seine hohe Festigkeit und Haltbarkeit bekannt und geh\u00f6rt zu den beliebtesten Textilien weltweit. Es wird h\u00e4ufig in Tausenden von Industrie- und Verbraucheranwendungen verwendet. Es ist ein synthetisches Gewebe, das normalerweise aus Erd\u00f6l gewonnen wird, aber es gibt auch einige Produkte aus <a href=\"https:\/\/www.sikortex.com\/de\/zeitschrift\/umweltfreundliche-mode-schaffen-2\/\"><span style=\"color: #3366ff;\">recycelbar<\/span><\/a> und biologisch abbaubare Materialien. Neben Festigkeit und Haltbarkeit ist 600D-Polyestergewebe auch atmungsaktiv.<\/div>\n<div><\/div>\n<h4 class=\"header-vfC6AV auto-hide-last-sibling-br\">600D Polyester-Gewebe: Wasserdichte PU-Beschichtung<\/h4>\n<div class=\"auto-hide-last-sibling-br paragraph-JOTKXA paragraph-element br-paragraph-space\">Die Oberfl\u00e4che aus 600D Polyester Ripstop <a href=\"\/de\/hersteller-fur-beschichtete-stoffe\/\"><span style=\"color: #3366ff;\">PU-beschichtet<\/span><\/a> Das Gewebe ist mit Polyurethan beschichtet, was eine hervorragende <a href=\"https:\/\/www.sikortex.com\/de\/wasserabweisend-bestandig-wasserdicht\/\"><span style=\"color: #3366ff;\">wasserdicht<\/span> <\/a>Eigenschaften des Gewebes und hilft, Schmutzablagerungen vorzubeugen. Da es au\u00dferdem leichter als Segeltuch ist, l\u00e4sst es sich einfacher reinigen und pflegen. Dar\u00fcber hinaus macht die Beschichtung das Gewebe sehr abrieb-, sto\u00df- und rei\u00dffest. Die PU-Beschichtung verleiht dem Gewebe au\u00dferdem zus\u00e4tzliche Zugfestigkeit und UV-Best\u00e4ndigkeit, was es zu einer idealen Wahl f\u00fcr Outdoor-Produkte macht.<\/div>\n<div><\/div>\n<h4 class=\"header-vfC6AV auto-hide-last-sibling-br\">600D Polyester-Gewebe: Kosten und Zweckm\u00e4\u00dfigkeit<\/h4>\n<div class=\"auto-hide-last-sibling-br paragraph-JOTKXA paragraph-element br-paragraph-space\">Auch nach <a href=\"\/de\/hersteller-fur-beschichtete-stoffe\/\"><span style=\"color: #3366ff;\">PU-Beschichtung<\/span><\/a> Behandlung, 600D-Gewebe ist ein leichtes, kompaktes und vielseitiges Gewebe, und es ist auch sehr kosteng\u00fcnstig. Einerseits die Kosten f\u00fcr <a href=\"https:\/\/www.sikortex.com\/de\/polyestergewebe\/\"><span style=\"color: #3366ff;\">Polyester<\/span><\/a> ist niedriger als die von<span style=\"color: #3366ff;\"><a style=\"color: #3366ff;\" href=\"https:\/\/www.sikortex.com\/de\/hersteller-von-nylongewebe\/\"> nylo<\/a>N<\/span>; andererseits ist sein Produktionsprozess einfacher, erfordert weniger Ressourcen und weniger Energie, was die Produktionskosten senkt. In Verbindung mit seinen leichten und kompakten Eigenschaften sind auch die Transportkosten dieses Stoffes niedriger.<\/div>\n<div><\/div>\n<h4 class=\"header-vfC6AV auto-hide-last-sibling-br\">600D Polyester-Gewebe: Vielf\u00e4ltige Anwendungsszenarien<\/h4>\n<div class=\"auto-hide-last-sibling-br paragraph-JOTKXA paragraph-element br-paragraph-space\">600D Polyester Ripstop Polyurethan <a href=\"\/de\/hersteller-fur-beschichtete-stoffe\/\"><span style=\"color: #3366ff;\">Beschichtung<\/span><\/a> Denn Stoff ist zweifellos ein herausragendes Textil und hat daher ein extrem breites Anwendungsspektrum. Er wird f\u00fcr alles verwendet, von einfachen Accessoires wie Geldb\u00f6rsen bis hin zu Rucks\u00e4cken, Rucks\u00e4cken und Kamerataschen. Er ist auch ein h\u00e4ufig verwendeter Stoff in der Reitsportbranche zur Herstellung von Pferdedecken und -zubeh\u00f6r. Er ist eine beliebte Wahl f\u00fcr die Herstellung von Hundem\u00e4nteln und -zubeh\u00f6r. Dieser Stoff eignet sich auch f\u00fcr Boots- und Autoabdeckungen und ist ein ideales Material f\u00fcr die Herstellung von Zelten, Taschen und Koffern.<\/div>\n<div><a href=\"https:\/\/www.sikortex.com\/de\/nylon-baumwollstoff-ripstop-windbreaker-stoff-5\/\"><span style=\"color: #3366ff;\">Lern mehr<\/span><\/a><\/div>","protected":false},"excerpt":{"rendered":"<p>1200 Meter (Mindestbestellmenge)<\/p>","protected":false},"featured_media":7235,"comment_status":"closed","ping_status":"closed","template":"","meta":{"_uag_custom_page_level_css":"","site-sidebar-layout":"default","site-content-layout":"default","ast-site-content-layout":"","site-content-style":"default","site-sidebar-style":"default","ast-global-header-display":"","ast-banner-title-visibility":"","ast-main-header-display":"","ast-hfb-above-header-display":"","ast-hfb-below-header-display":"","ast-hfb-mobile-header-display":"","site-post-title":"","ast-breadcrumbs-content":"","ast-featured-img":"","footer-sml-layout":"","theme-transparent-header-meta":"default","adv-header-id-meta":"","stick-header-meta":"default","header-above-stick-meta":"","header-main-stick-meta":"","header-below-stick-meta":"","astra-migrate-meta-layouts":"default","ast-page-background-enabled":"default","ast-page-background-meta":{"desktop":{"background-color":"","background-image":"","background-repeat":"repeat","background-position":"center center","background-size":"auto","background-attachment":"scroll","background-type":"","background-media":"","overlay-type":"","overlay-color":"","overlay-opacity":"","overlay-gradient":""},"tablet":{"background-color":"","background-image":"","background-repeat":"repeat","background-position":"center center","background-size":"auto","background-attachment":"scroll","background-type":"","background-media":"","overlay-type":"","overlay-color":"","overlay-opacity":"","overlay-gradient":""},"mobile":{"background-color":"","background-image":"","background-repeat":"repeat","background-position":"center center","background-size":"auto","background-attachment":"scroll","background-type":"","background-media":"","overlay-type":"","overlay-color":"","overlay-opacity":"","overlay-gradient":""}},"ast-content-background-meta":{"desktop":{"background-color":"var(--ast-global-color-5)","background-image":"","background-repeat":"repeat","background-position":"center center","background-size":"auto","background-attachment":"scroll","background-type":"","background-media":"","overlay-type":"","overlay-color":"","overlay-opacity":"","overlay-gradient":""},"tablet":{"background-color":"var(--ast-global-color-5)","background-image":"","background-repeat":"repeat","background-position":"center center","background-size":"auto","background-attachment":"scroll","background-type":"","background-media":"","overlay-type":"","overlay-color":"","overlay-opacity":"","overlay-gradient":""},"mobile":{"background-color":"var(--ast-global-color-5)","background-image":"","background-repeat":"repeat","background-position":"center center","background-size":"auto","background-attachment":"scroll","background-type":"","background-media":"","overlay-type":"","overlay-color":"","overlay-opacity":"","overlay-gradient":""}}},"product_brand":[],"product_cat":[1206,1183,432,1184,403,433,414],"product_tag":[],"class_list":{"0":"post-7316","1":"product","2":"type-product","3":"status-publish","4":"has-post-thumbnail","6":"product_cat-fabric-for-bag","7":"product_cat-fabric-for-horse-blankets","8":"product_cat-fabric-for-tent","9":"product_cat-oxford-fabric","10":"product_cat-polyester-fabrics","11":"product_cat-textile-for-industrial","12":"product_cat-waterproof-fabrics","13":"pa_available_colors-911052-spc","14":"desktop-align-left","15":"tablet-align-left","16":"mobile-align-left","17":"ast-product-gallery-layout-vertical-slider","18":"ast-product-tabs-layout-horizontal","20":"first","21":"instock","22":"shipping-taxable","23":"product-type-simple"},"uagb_featured_image_src":{"full":["https:\/\/www.sikortex.com\/wp-content\/uploads\/2024\/11\/polyester-ripstop-oxford.jpg",800,800,false],"thumbnail":["https:\/\/www.sikortex.com\/wp-content\/uploads\/2024\/11\/polyester-ripstop-oxford-150x150.jpg",150,150,true],"medium":["https:\/\/www.sikortex.com\/wp-content\/uploads\/2024\/11\/polyester-ripstop-oxford-300x300.jpg",300,300,true],"medium_large":["https:\/\/www.sikortex.com\/wp-content\/uploads\/2024\/11\/polyester-ripstop-oxford-768x768.jpg",768,768,true],"large":["https:\/\/www.sikortex.com\/wp-content\/uploads\/2024\/11\/polyester-ripstop-oxford.jpg",800,800,false],"1536x1536":["https:\/\/www.sikortex.com\/wp-content\/uploads\/2024\/11\/polyester-ripstop-oxford.jpg",800,800,false],"2048x2048":["https:\/\/www.sikortex.com\/wp-content\/uploads\/2024\/11\/polyester-ripstop-oxford.jpg",800,800,false],"trp-custom-language-flag":["https:\/\/www.sikortex.com\/wp-content\/uploads\/2024\/11\/polyester-ripstop-oxford-12x12.jpg",12,12,true],"woocommerce_thumbnail":["https:\/\/www.sikortex.com\/wp-content\/uploads\/2024\/11\/polyester-ripstop-oxford-300x300.jpg",300,300,true],"woocommerce_single":["https:\/\/www.sikortex.com\/wp-content\/uploads\/2024\/11\/polyester-ripstop-oxford-600x600.jpg",600,600,true],"woocommerce_gallery_thumbnail":["https:\/\/www.sikortex.com\/wp-content\/uploads\/2024\/11\/polyester-ripstop-oxford-100x100.jpg",100,100,true]},"uagb_author_info":{"display_name":"Perry","author_link":"https:\/\/www.sikortex.com\/de\/author\/"},"uagb_comment_info":0,"uagb_excerpt":"1200 Meters(Min.Order)","_links":{"self":[{"href":"https:\/\/www.sikortex.com\/de\/wp-json\/wp\/v2\/product\/7316","targetHints":{"allow":["GET"]}}],"collection":[{"href":"https:\/\/www.sikortex.com\/de\/wp-json\/wp\/v2\/product"}],"about":[{"href":"https:\/\/www.sikortex.com\/de\/wp-json\/wp\/v2\/types\/product"}],"replies":[{"embeddable":true,"href":"https:\/\/www.sikortex.com\/de\/wp-json\/wp\/v2\/comments?post=7316"}],"wp:featuredmedia":[{"embeddable":true,"href":"https:\/\/www.sikortex.com\/de\/wp-json\/wp\/v2\/media\/7235"}],"wp:attachment":[{"href":"https:\/\/www.sikortex.com\/de\/wp-json\/wp\/v2\/media?parent=7316"}],"wp:term":[{"taxonomy":"product_brand","embeddable":true,"href":"https:\/\/www.sikortex.com\/de\/wp-json\/wp\/v2\/product_brand?post=7316"},{"taxonomy":"product_cat","embeddable":true,"href":"https:\/\/www.sikortex.com\/de\/wp-json\/wp\/v2\/product_cat?post=7316"},{"taxonomy":"product_tag","embeddable":true,"href":"https:\/\/www.sikortex.com\/de\/wp-json\/wp\/v2\/product_tag?post=7316"}],"curies":[{"name":"wp","href":"https:\/\/api.w.org\/{rel}","templated":true}]}}