{"id":7172,"date":"2024-11-20T14:51:51","date_gmt":"2024-11-20T06:51:51","guid":{"rendered":"https:\/\/www.sikortex.com\/?post_type=product&#038;p=7172"},"modified":"2024-12-24T11:12:56","modified_gmt":"2024-12-24T03:12:56","slug":"sk8362-oxford-flammhemmender-stoff-7","status":"publish","type":"product","link":"https:\/\/www.sikortex.com\/de\/produkt\/sk8362-oxford-flammhemmender-stoff-7\/","title":{"rendered":"Nylon-Elasthan-Soft Shell-Gewebe f\u00fcr Pferdedecken"},"content":{"rendered":"<p>Das Nylon-Elasthan-Softshell-Gewebe f\u00fcr Pferdedecken hat eine dreilagige Struktur. Die Au\u00dfenseite besteht aus Nylon-Elasthan, die Mitte aus einer hochwertigen, wasserdichten und atmungsaktiven Membran und die Innenseite aus Polyester-Fleece, was Komfort und Funktionalit\u00e4t gew\u00e4hrleistet.<\/p>\n<h5 class=\"auto-hide-last-sibling-br paragraph-u1TS5p paragraph-element br-paragraph-space\">Merkmale:<\/h5>\n<p>&nbsp;<\/p>\n<ol class=\"auto-hide-last-sibling-br\">\n<li>Verst\u00e4rktes Nylon-Elasthan-Gewebe mit Vier-Wege-Stretch, geeignet f\u00fcr Pferde zum freien Laufen. Die einzigartige Vier-Wege-Stretch-Eigenschaft dieses Gewebes ist ein bemerkenswertes Merkmal. Sie erm\u00f6glicht es der Pferdedecke, sich jeder Bewegung des Pferdes anzupassen, egal ob es sich um einen pl\u00f6tzlichen Sprint, eine scharfe Kurve oder einen hohen Sprung handelt. Diese Elastizit\u00e4t sorgt daf\u00fcr, dass die Decke den nat\u00fcrlichen Bewegungsspielraum des Pferdes nicht einschr\u00e4nkt und so maximalen Komfort und Freiheit beim Training und den t\u00e4glichen Aktivit\u00e4ten bietet. Sie ist wie eine zweite Haut f\u00fcr das Pferd, die sich mitbewegt und so die Gesamtleistung und das Wohlbefinden des Pferdes steigert.<\/li>\n<\/ol>\n<p>&nbsp;<\/p>\n<div class=\"auto-hide-last-sibling-br paragraph-u1TS5p paragraph-element br-paragraph-space\"><strong>Hervorragende Langlebigkeit f\u00fcr harte Eins\u00e4tze<\/strong><\/div>\n<p>&nbsp;<\/p>\n<ol class=\"auto-hide-last-sibling-br\" start=\"2\">\n<li>Nylon-Elastan f\u00fcr Pferdedecken, Nylonmaterial ist sehr abriebfest und rei\u00dffest. Pferde sind aktive Tiere, und ihre Decken sind st\u00e4ndig verschiedenen Terrains und potenziellen Schadensquellen ausgesetzt. Das Nylon in diesem Softshell-Gewebe wurde speziell aufgrund seiner F\u00e4higkeit ausgew\u00e4hlt, den harten Anforderungen des Pferdelebens standzuhalten. Es h\u00e4lt der Reibung auf rauen Oberfl\u00e4chen, dem Aufprall von \u00c4sten oder anderen Gegenst\u00e4nden und der allgemeinen Abnutzung stand, die mit dem aktiven Lebensstil eines Pferdes einhergeht. Diese Strapazierf\u00e4higkeit bedeutet, dass die Pferdedecke l\u00e4nger h\u00e4lt und dem Besitzer die Kosten und den \u00c4rger erspart, die mit dem h\u00e4ufigen Auswechseln verbunden sind.<\/li>\n<\/ol>\n<p>&nbsp;<\/p>\n<div class=\"auto-hide-last-sibling-br paragraph-u1TS5p paragraph-element br-paragraph-space\"><strong>Innovatives Design inspiriert von Outdoor-Bekleidung<\/strong><\/div>\n<p>&nbsp;<\/p>\n<ol class=\"auto-hide-last-sibling-br\" start=\"3\">\n<li>Sie basiert auf dem Designkonzept von Outdoor-Softshell-Bekleidung und ist leicht, wasserdicht und atmungsaktiv. Der maximale hydrostatische Druckwiderstand erreicht \u00fcber 10.000 mm, und die maximale Wasserdampfdurchl\u00e4ssigkeit (MVP) liegt bei \u00fcber 10.000 g\/\u33a1. Die Inspiration durch Outdoor-Bekleidung hat zu einer Pferdedecke gef\u00fchrt, die Funktionalit\u00e4t und Komfort vereint. Das geringe Gewicht des Gewebes belastet das Pferd nicht, so dass es sich leichter bewegen kann. Die hohe Wasserdichtigkeit sorgt daf\u00fcr, dass das Pferd auch bei starkem Regen oder nassen Bedingungen trocken bleibt, w\u00e4hrend die hervorragende Atmungsaktivit\u00e4t \u00dcberhitzung und Feuchtigkeitsstau unter der Decke verhindert. Dieses Gleichgewicht ist entscheidend f\u00fcr die Aufrechterhaltung der K\u00f6rpertemperatur und der allgemeinen Gesundheit des Pferdes.<\/li>\n<\/ol>\n<p>&nbsp;<\/p>\n<div class=\"auto-hide-last-sibling-br paragraph-u1TS5p paragraph-element br-paragraph-space\"><strong>Hervorragende Textur und taktile Anziehungskraft<\/strong><\/div>\n<p>&nbsp;<\/p>\n<ol class=\"auto-hide-last-sibling-br\" start=\"4\">\n<li>Der Stoff ist sowohl robust als auch fein, mit einer hochwertigen Textur und einem angenehmen Griff. Es bietet nicht nur einen hervorragenden Schutz, sondern sieht auch \u00e4sthetisch ansprechend aus. Die Kombination aus Festigkeit und Feinheit des Gewebes ist ein Beweis f\u00fcr seine Qualit\u00e4t. Der weiche Griff f\u00fchlt sich nicht nur angenehm an, sondern deutet auch darauf hin, dass das Gewebe die Haut des Pferdes weniger reizt oder unangenehm ist. Die Gesamttextur und das Aussehen der Pferdedecke verleihen ihr einen Hauch von Eleganz und machen sie zu einem praktischen und stilvollen Accessoire f\u00fcr jedes Pferd.<\/li>\n<\/ol>","protected":false},"excerpt":{"rendered":"<p>1200 Meter (Mindestbestellmenge)<\/p>","protected":false},"featured_media":7188,"comment_status":"closed","ping_status":"closed","template":"","meta":{"_uag_custom_page_level_css":"","site-sidebar-layout":"default","site-content-layout":"default","ast-site-content-layout":"","site-content-style":"default","site-sidebar-style":"default","ast-global-header-display":"","ast-banner-title-visibility":"","ast-main-header-display":"","ast-hfb-above-header-display":"","ast-hfb-below-header-display":"","ast-hfb-mobile-header-display":"","site-post-title":"","ast-breadcrumbs-content":"","ast-featured-img":"","footer-sml-layout":"","theme-transparent-header-meta":"default","adv-header-id-meta":"","stick-header-meta":"default","header-above-stick-meta":"","header-main-stick-meta":"","header-below-stick-meta":"","astra-migrate-meta-layouts":"default","ast-page-background-enabled":"default","ast-page-background-meta":{"desktop":{"background-color":"","background-image":"","background-repeat":"repeat","background-position":"center center","background-size":"auto","background-attachment":"scroll","background-type":"","background-media":"","overlay-type":"","overlay-color":"","overlay-opacity":"","overlay-gradient":""},"tablet":{"background-color":"","background-image":"","background-repeat":"repeat","background-position":"center center","background-size":"auto","background-attachment":"scroll","background-type":"","background-media":"","overlay-type":"","overlay-color":"","overlay-opacity":"","overlay-gradient":""},"mobile":{"background-color":"","background-image":"","background-repeat":"repeat","background-position":"center center","background-size":"auto","background-attachment":"scroll","background-type":"","background-media":"","overlay-type":"","overlay-color":"","overlay-opacity":"","overlay-gradient":""}},"ast-content-background-meta":{"desktop":{"background-color":"var(--ast-global-color-5)","background-image":"","background-repeat":"repeat","background-position":"center center","background-size":"auto","background-attachment":"scroll","background-type":"","background-media":"","overlay-type":"","overlay-color":"","overlay-opacity":"","overlay-gradient":""},"tablet":{"background-color":"var(--ast-global-color-5)","background-image":"","background-repeat":"repeat","background-position":"center center","background-size":"auto","background-attachment":"scroll","background-type":"","background-media":"","overlay-type":"","overlay-color":"","overlay-opacity":"","overlay-gradient":""},"mobile":{"background-color":"var(--ast-global-color-5)","background-image":"","background-repeat":"repeat","background-position":"center center","background-size":"auto","background-attachment":"scroll","background-type":"","background-media":"","overlay-type":"","overlay-color":"","overlay-opacity":"","overlay-gradient":""}}},"product_brand":[],"product_cat":[426,1183,421,404,427,414],"product_tag":[],"class_list":{"0":"post-7172","1":"product","2":"type-product","3":"status-publish","4":"has-post-thumbnail","6":"product_cat-constructionmining","7":"product_cat-fabric-for-horse-blankets","8":"product_cat-foul-weather-fabrics","9":"product_cat-nylon-fabrics","10":"product_cat-petroleum-and-petrochemical","11":"product_cat-waterproof-fabrics","12":"pa_available_colors-911052-spc","13":"desktop-align-left","14":"tablet-align-left","15":"mobile-align-left","16":"ast-product-gallery-layout-vertical-slider","17":"ast-product-tabs-layout-horizontal","19":"first","20":"instock","21":"shipping-taxable","22":"product-type-simple"},"uagb_featured_image_src":{"full":["https:\/\/www.sikortex.com\/wp-content\/uploads\/2024\/11\/\u5fae\u4fe1\u56fe\u7247_20241129134815-scaled.jpg",2560,2560,false],"thumbnail":["https:\/\/www.sikortex.com\/wp-content\/uploads\/2024\/11\/\u5fae\u4fe1\u56fe\u7247_20241129134815-150x150.jpg",150,150,true],"medium":["https:\/\/www.sikortex.com\/wp-content\/uploads\/2024\/11\/\u5fae\u4fe1\u56fe\u7247_20241129134815-300x300.jpg",300,300,true],"medium_large":["https:\/\/www.sikortex.com\/wp-content\/uploads\/2024\/11\/\u5fae\u4fe1\u56fe\u7247_20241129134815-768x768.jpg",768,768,true],"large":["https:\/\/www.sikortex.com\/wp-content\/uploads\/2024\/11\/\u5fae\u4fe1\u56fe\u7247_20241129134815-1024x1024.jpg",1024,1024,true],"1536x1536":["https:\/\/www.sikortex.com\/wp-content\/uploads\/2024\/11\/\u5fae\u4fe1\u56fe\u7247_20241129134815-1536x1536.jpg",1536,1536,true],"2048x2048":["https:\/\/www.sikortex.com\/wp-content\/uploads\/2024\/11\/\u5fae\u4fe1\u56fe\u7247_20241129134815-2048x2048.jpg",2048,2048,true],"trp-custom-language-flag":["https:\/\/www.sikortex.com\/wp-content\/uploads\/2024\/11\/\u5fae\u4fe1\u56fe\u7247_20241129134815-12x12.jpg",12,12,true],"woocommerce_thumbnail":["https:\/\/www.sikortex.com\/wp-content\/uploads\/2024\/11\/\u5fae\u4fe1\u56fe\u7247_20241129134815-300x300.jpg",300,300,true],"woocommerce_single":["https:\/\/www.sikortex.com\/wp-content\/uploads\/2024\/11\/\u5fae\u4fe1\u56fe\u7247_20241129134815-600x600.jpg",600,600,true],"woocommerce_gallery_thumbnail":["https:\/\/www.sikortex.com\/wp-content\/uploads\/2024\/11\/\u5fae\u4fe1\u56fe\u7247_20241129134815-100x100.jpg",100,100,true]},"uagb_author_info":{"display_name":"Sandy","author_link":"https:\/\/www.sikortex.com\/de\/author\/"},"uagb_comment_info":0,"uagb_excerpt":"1200 Meters(Min.Order)","_links":{"self":[{"href":"https:\/\/www.sikortex.com\/de\/wp-json\/wp\/v2\/product\/7172","targetHints":{"allow":["GET"]}}],"collection":[{"href":"https:\/\/www.sikortex.com\/de\/wp-json\/wp\/v2\/product"}],"about":[{"href":"https:\/\/www.sikortex.com\/de\/wp-json\/wp\/v2\/types\/product"}],"replies":[{"embeddable":true,"href":"https:\/\/www.sikortex.com\/de\/wp-json\/wp\/v2\/comments?post=7172"}],"wp:featuredmedia":[{"embeddable":true,"href":"https:\/\/www.sikortex.com\/de\/wp-json\/wp\/v2\/media\/7188"}],"wp:attachment":[{"href":"https:\/\/www.sikortex.com\/de\/wp-json\/wp\/v2\/media?parent=7172"}],"wp:term":[{"taxonomy":"product_brand","embeddable":true,"href":"https:\/\/www.sikortex.com\/de\/wp-json\/wp\/v2\/product_brand?post=7172"},{"taxonomy":"product_cat","embeddable":true,"href":"https:\/\/www.sikortex.com\/de\/wp-json\/wp\/v2\/product_cat?post=7172"},{"taxonomy":"product_tag","embeddable":true,"href":"https:\/\/www.sikortex.com\/de\/wp-json\/wp\/v2\/product_tag?post=7172"}],"curies":[{"name":"wp","href":"https:\/\/api.w.org\/{rel}","templated":true}]}}