{"id":7133,"date":"2024-09-13T17:13:06","date_gmt":"2024-09-13T09:13:06","guid":{"rendered":"https:\/\/www.sikortex.com\/?post_type=product&#038;p=7133"},"modified":"2025-08-18T14:03:42","modified_gmt":"2025-08-18T06:03:42","slug":"sk8362-oxford-flammhemmender-stoff-4","status":"publish","type":"product","link":"https:\/\/www.sikortex.com\/de\/produkt\/sk8362-oxford-flammhemmender-stoff-4\/","title":{"rendered":"600D l\u00f6sungsgef\u00e4rbtes Polyestergewebe mit PU-Beschichtung f\u00fcr Bootsplane-Markisen"},"content":{"rendered":"<h4>600D Solution Dyed Polyestergewebe mit PU-Beschichtung f\u00fcr Bootsplane: Die perfekte Mischung aus Haltbarkeit und Stil<\/h4>\n<p>Wenn es um Outdoor-L\u00f6sungen geht, ist das 600D Solution Dyed-Polyestergewebe mit Polyurethan-Beschichtung (PU) die erste Wahl f\u00fcr Markisen. Dieses Gewebe vereint St\u00e4rke, Wetterbest\u00e4ndigkeit und lebendige \u00c4sthetik und ist f\u00fcr eine lang anhaltende Leistung in allen Umgebungen ausgelegt.<\/p>\n<p>Materialeigenschaften: \u00dcberlegene Qualit\u00e4t f\u00fcr Haltbarkeit im Au\u00dfenbereich<\/p>\n<p>1. Verbesserte Farbtiefe und Gleichm\u00e4\u00dfigkeit:<br \/>\nDer Fl\u00fcssigf\u00e4rbeprozess dringt tief in die Fasern ein und erzeugt eine satte, gleichm\u00e4\u00dfige Farbe, die durch Sonnenlicht und Witterungseinfl\u00fcsse nicht verblasst. So bleibt die Optik Ihrer Markisen jahrelang erhalten.<\/p>\n<p>2. 600 x 600 Denier Polyester St\u00e4rke:<br \/>\nMit einer Bewertung von 600D x 600D bietet dieser Stoff eine hohe Zugfestigkeit und Haltbarkeit und ist perfekt f\u00fcr Au\u00dfenanwendungen geeignet, die der Belastung durch Wind, Regen und Sonne standhalten m\u00fcssen.<\/p>\n<p>3. <span style=\"color: #3366ff;\"><a style=\"color: #3366ff;\" href=\"https:\/\/www.sikortex.com\/de\/2025\/01\/03\/hersteller-fur-beschichtete-stoffe\/\">PU-Beschichtung<\/a><\/span> f\u00fcr maximalen Schutz:<br \/>\nDie Polyurethan-Beschichtung verleiht <a href=\"\/de\/uber-wasserdichtes-oxford-gewebe\/\"><span style=\"color: #3366ff;\">Wasserdichtigkeit<\/span><\/a>, verhindert Schimmelbildung und sch\u00fctzt vor Flecken. Dadurch bleibt der Stoff auch bei rauen Bedingungen widerstandsf\u00e4hig und bietet zuverl\u00e4ssigen Schutz und Schatten.<\/p>\n<p>4. UV-Schutzgewebe:<br \/>\nDer Stoff ist speziell f\u00fcr die beste <a href=\"https:\/\/www.sikortex.com\/de\/2024\/08\/28\/losungsgefarbter-stoff\/\"><span style=\"color: #3366ff;\">UV-Schutzgewebe<\/span><\/a>, wodurch das Risiko des Verblassens und der Abnutzung verringert wird. Dar\u00fcber hinaus bleibt es dank seiner Schimmelresistenz auch in feuchten Umgebungen sauber und hygienisch.<\/p>\n<p>Hauptanwendungen: Vielseitig und zuverl\u00e4ssig f\u00fcr alle Au\u00dfenanwendungen<\/p>\n<p>Das l\u00f6sungsgef\u00e4rbte 600D-Polyestergewebe ist ideal f\u00fcr verschiedene Au\u00dfenanwendungen, darunter:<\/p>\n<p>Stoff f\u00fcr Markisen: f\u00fcr den privaten und gewerblichen Gebrauch, bietet dauerhaften, stilvollen Sonnenschutz.<br \/>\nStoff f\u00fcr Bez\u00fcge f\u00fcr Gartenm\u00f6bel: wetterbest\u00e4ndig und farbecht.<br \/>\nStoff f\u00fcr Bootsplanen und Zelte: wo Wasserfestigkeit und <a href=\"https:\/\/www.sikortex.com\/de\/2024\/08\/28\/losungsgefarbter-stoff\/\"><span style=\"color: #3366ff;\">UV-Schutz<\/span><\/a> sind von entscheidender Bedeutung.<\/p>\n<p>Unterst\u00fctzung bei der Anpassung: Passen Sie Ihren Stoff perfekt an<\/p>\n<p>Wir bieten umfangreiche Anpassungsoptionen, darunter eine breite Farbpalette, benutzerdefinierte Abmessungen, unterschiedliche PU-Beschichtungsst\u00e4rken und Druck f\u00fcr Marken- oder Designzwecke. Passen Sie den Stoff genau an Ihre Bed\u00fcrfnisse an und sorgen Sie so f\u00fcr maximale Wirkung und Zufriedenheit.<\/p>\n<p>Entdecken Sie, wie das l\u00f6sungsgef\u00e4rbte 600D-Polyestergewebe Ihre Outdoor-Produkte mit un\u00fcbertroffener Haltbarkeit und Stil aufwerten kann. Kontaktieren Sie uns noch heute f\u00fcr weitere Informationen zu Anpassung und Verf\u00fcgbarkeit.<\/p>","protected":false},"excerpt":{"rendered":"<p>1200 Meter (Mindestbestellmenge)<\/p>","protected":false},"featured_media":6446,"comment_status":"closed","ping_status":"closed","template":"","meta":{"_uag_custom_page_level_css":"","site-sidebar-layout":"default","site-content-layout":"default","ast-site-content-layout":"","site-content-style":"default","site-sidebar-style":"default","ast-global-header-display":"","ast-banner-title-visibility":"","ast-main-header-display":"","ast-hfb-above-header-display":"","ast-hfb-below-header-display":"","ast-hfb-mobile-header-display":"","site-post-title":"","ast-breadcrumbs-content":"","ast-featured-img":"","footer-sml-layout":"","theme-transparent-header-meta":"default","adv-header-id-meta":"","stick-header-meta":"default","header-above-stick-meta":"","header-main-stick-meta":"","header-below-stick-meta":"","astra-migrate-meta-layouts":"default","ast-page-background-enabled":"default","ast-page-background-meta":{"desktop":{"background-color":"","background-image":"","background-repeat":"repeat","background-position":"center center","background-size":"auto","background-attachment":"scroll","background-type":"","background-media":"","overlay-type":"","overlay-color":"","overlay-opacity":"","overlay-gradient":""},"tablet":{"background-color":"","background-image":"","background-repeat":"repeat","background-position":"center center","background-size":"auto","background-attachment":"scroll","background-type":"","background-media":"","overlay-type":"","overlay-color":"","overlay-opacity":"","overlay-gradient":""},"mobile":{"background-color":"","background-image":"","background-repeat":"repeat","background-position":"center center","background-size":"auto","background-attachment":"scroll","background-type":"","background-media":"","overlay-type":"","overlay-color":"","overlay-opacity":"","overlay-gradient":""}},"ast-content-background-meta":{"desktop":{"background-color":"var(--ast-global-color-5)","background-image":"","background-repeat":"repeat","background-position":"center center","background-size":"auto","background-attachment":"scroll","background-type":"","background-media":"","overlay-type":"","overlay-color":"","overlay-opacity":"","overlay-gradient":""},"tablet":{"background-color":"var(--ast-global-color-5)","background-image":"","background-repeat":"repeat","background-position":"center center","background-size":"auto","background-attachment":"scroll","background-type":"","background-media":"","overlay-type":"","overlay-color":"","overlay-opacity":"","overlay-gradient":""},"mobile":{"background-color":"var(--ast-global-color-5)","background-image":"","background-repeat":"repeat","background-position":"center center","background-size":"auto","background-attachment":"scroll","background-type":"","background-media":"","overlay-type":"","overlay-color":"","overlay-opacity":"","overlay-gradient":""}}},"product_brand":[],"product_cat":[1126,1206,432,1218,1185,433,1697,414],"product_tag":[],"class_list":{"0":"post-7133","1":"product","2":"type-product","3":"status-publish","4":"has-post-thumbnail","6":"product_cat-fabric-for-awning","7":"product_cat-fabric-for-bag","8":"product_cat-fabric-for-tent","9":"product_cat-marine-fabrics","10":"product_cat-solution-dyed-polyester-fabrics","11":"product_cat-textile-for-industrial","12":"product_cat-uv-protection-fabric","13":"product_cat-waterproof-fabrics","14":"pa_available_colors-911052-spc","15":"desktop-align-left","16":"tablet-align-left","17":"mobile-align-left","18":"ast-product-gallery-layout-vertical-slider","19":"ast-product-tabs-layout-horizontal","21":"first","22":"instock","23":"shipping-taxable","24":"product-type-simple"},"uagb_featured_image_src":{"full":["https:\/\/www.sikortex.com\/wp-content\/uploads\/2023\/10\/400D-Oxford-cloth-silver-coated-awning-fabric.jpg",533,467,false],"thumbnail":["https:\/\/www.sikortex.com\/wp-content\/uploads\/2023\/10\/400D-Oxford-cloth-silver-coated-awning-fabric-150x150.jpg",150,150,true],"medium":["https:\/\/www.sikortex.com\/wp-content\/uploads\/2023\/10\/400D-Oxford-cloth-silver-coated-awning-fabric-300x263.jpg",300,263,true],"medium_large":["https:\/\/www.sikortex.com\/wp-content\/uploads\/2023\/10\/400D-Oxford-cloth-silver-coated-awning-fabric.jpg",533,467,false],"large":["https:\/\/www.sikortex.com\/wp-content\/uploads\/2023\/10\/400D-Oxford-cloth-silver-coated-awning-fabric.jpg",533,467,false],"1536x1536":["https:\/\/www.sikortex.com\/wp-content\/uploads\/2023\/10\/400D-Oxford-cloth-silver-coated-awning-fabric.jpg",533,467,false],"2048x2048":["https:\/\/www.sikortex.com\/wp-content\/uploads\/2023\/10\/400D-Oxford-cloth-silver-coated-awning-fabric.jpg",533,467,false],"trp-custom-language-flag":["https:\/\/www.sikortex.com\/wp-content\/uploads\/2023\/10\/400D-Oxford-cloth-silver-coated-awning-fabric-14x12.jpg",14,12,true],"woocommerce_thumbnail":["https:\/\/www.sikortex.com\/wp-content\/uploads\/2023\/10\/400D-Oxford-cloth-silver-coated-awning-fabric-300x300.jpg",300,300,true],"woocommerce_single":["https:\/\/www.sikortex.com\/wp-content\/uploads\/2023\/10\/400D-Oxford-cloth-silver-coated-awning-fabric.jpg",533,467,false],"woocommerce_gallery_thumbnail":["https:\/\/www.sikortex.com\/wp-content\/uploads\/2023\/10\/400D-Oxford-cloth-silver-coated-awning-fabric-100x100.jpg",100,100,true]},"uagb_author_info":{"display_name":"Perry","author_link":"https:\/\/www.sikortex.com\/de\/author\/"},"uagb_comment_info":0,"uagb_excerpt":"1200 Meters(Min.Order)","_links":{"self":[{"href":"https:\/\/www.sikortex.com\/de\/wp-json\/wp\/v2\/product\/7133","targetHints":{"allow":["GET"]}}],"collection":[{"href":"https:\/\/www.sikortex.com\/de\/wp-json\/wp\/v2\/product"}],"about":[{"href":"https:\/\/www.sikortex.com\/de\/wp-json\/wp\/v2\/types\/product"}],"replies":[{"embeddable":true,"href":"https:\/\/www.sikortex.com\/de\/wp-json\/wp\/v2\/comments?post=7133"}],"wp:featuredmedia":[{"embeddable":true,"href":"https:\/\/www.sikortex.com\/de\/wp-json\/wp\/v2\/media\/6446"}],"wp:attachment":[{"href":"https:\/\/www.sikortex.com\/de\/wp-json\/wp\/v2\/media?parent=7133"}],"wp:term":[{"taxonomy":"product_brand","embeddable":true,"href":"https:\/\/www.sikortex.com\/de\/wp-json\/wp\/v2\/product_brand?post=7133"},{"taxonomy":"product_cat","embeddable":true,"href":"https:\/\/www.sikortex.com\/de\/wp-json\/wp\/v2\/product_cat?post=7133"},{"taxonomy":"product_tag","embeddable":true,"href":"https:\/\/www.sikortex.com\/de\/wp-json\/wp\/v2\/product_tag?post=7133"}],"curies":[{"name":"wp","href":"https:\/\/api.w.org\/{rel}","templated":true}]}}