{"id":7109,"date":"2024-09-12T10:56:24","date_gmt":"2024-09-12T02:56:24","guid":{"rendered":"https:\/\/www.sikortex.com\/?post_type=product&#038;p=7109"},"modified":"2025-08-18T14:03:51","modified_gmt":"2025-08-18T06:03:51","slug":"sk8344-polyestre-cotton-stretch-stoff-7","status":"publish","type":"product","link":"https:\/\/www.sikortex.com\/de\/produkt\/sk8344-polyestre-cotton-stretch-stoff-7\/","title":{"rendered":"L\u00f6sungsgef\u00e4rbter Acrylstoff f\u00fcr Markisen"},"content":{"rendered":"<p>L\u00f6sungsgef\u00e4rbter Acrylstoff: Au\u00dfergew\u00f6hnliche Qualit\u00e4t f\u00fcr Ihre Anforderungen<\/p>\n<p>Wenn es um Stoffe geht, <a href=\"https:\/\/www.sikortex.com\/de\/anti-infrarot-stoffe-3\/\"><span style=\"color: #3366ff;\">l\u00f6sungsgef\u00e4rbtes Acrylgewebe<\/span><\/a> ist eine herausragende Option mit zahlreichen Funktionen, die sie \u00e4u\u00dferst begehrenswert machen.<\/p>\n<p><strong>Vorteile<\/strong>:<\/p>\n<p>Die Farbechtheit unserer <a href=\"https:\/\/www.sikortex.com\/de\/anti-infrarot-stoffe-3\/\"><span style=\"color: #3366ff;\">l\u00f6sungsgef\u00e4rbtes Acrylgewebe<\/span><\/a> f\u00fcr <a href=\"https:\/\/www.sikortex.com\/de\/hersteller-von-markisenstoffen\/\"><span style=\"color: #3366ff;\">Markise<\/span><\/a> ist wirklich bemerkenswert. Mit der F\u00e4higkeit, <a href=\"\/de\/losungsgefarbter-stoff\/\"><span style=\"color: #3366ff;\">UV-best\u00e4ndig<\/span><\/a> Dieser Stoff wurde \u00fcber 1500 Stunden lang getestet, ohne zu verblassen, und seine leuchtenden Farbt\u00f6ne bleiben \u00fcber 5 Jahre erhalten. Diese Langlebigkeit der Farbe ist ein erheblicher Vorteil, insbesondere bei Gegenst\u00e4nden, die regelm\u00e4\u00dfig Sonnenlicht oder intensiver Beleuchtung ausgesetzt sind. Ob f\u00fcr Gartenm\u00f6bel oder Dekorationselemente, Sie k\u00f6nnen darauf vertrauen, dass die Stoffe f\u00fcr <a href=\"https:\/\/www.sikortex.com\/de\/hersteller-von-markisenstoffen\/\"><span style=\"color: #3366ff;\">Markise<\/span><\/a> beh\u00e4lt seinen \u00e4sthetischen Reiz.<\/p>\n<p>Flexibilit\u00e4t bei Bestellungen ist ein weiterer wichtiger Vorteil. Unsere Mindestbestellmenge ist sehr entgegenkommend, sodass sowohl Klein- als auch Gro\u00dfkunden Zugang zu unserem hochwertigen Stoff haben. Die Standardbreite von 120 cm\/150 cm ist praktisch, und die M\u00f6glichkeit, Breiten und Farben nach spezifischen Anforderungen anzupassen, gibt unseren Kunden die Freiheit, einzigartige und personalisierte Produkte zu erstellen.<\/p>\n<p>Die Teflonbeschichtung des Gewebes bietet hervorragenden Schutz. Es ist <a href=\"https:\/\/www.sikortex.com\/de\/olabweisender-stoff\/\"><span style=\"color: #3366ff;\">\u00f6lbest\u00e4ndig<\/span><\/a>, schmutzabweisend und wasserfest. Das bedeutet, dass versehentliches Versch\u00fctten oder Kontakt mit verschiedenen Substanzen problemlos beseitigt werden kann. Flecken lassen sich oft ganz einfach durch Abwischen entfernen, sodass die Pflege zum Kinderspiel wird. Diese Eigenschaft ist besonders in Umgebungen wertvoll, in denen der Stoff wahrscheinlich Schmutz oder Feuchtigkeit ausgesetzt ist.<\/p>\n<p><strong>Anwendungen<\/strong>:<\/p>\n<p>Die Anwendungen von <span style=\"color: #3366ff;\"><a style=\"color: #3366ff;\" href=\"https:\/\/www.sikortex.com\/de\/anti-infrarot-stoffe-3\/\">l\u00f6sungsgef\u00e4rbtes Acrylgewebe<\/a><\/span> sind vielf\u00e4ltig. Im Au\u00dfenbereich eignen sie sich perfekt f\u00fcr Terrassenkissen, Sonnenschirme und Au\u00dfenvorh\u00e4nge. Die UV-Best\u00e4ndigkeit und Wetterfestigkeit des Stoffes sorgen daf\u00fcr, dass Ihre Gartenm\u00f6bel und -dekorationen trotz der Elemente gut aussehen. In der nautischen Welt k\u00f6nnen sie f\u00fcr Bootsabdeckungen und Segel verwendet werden, da sie den harten Bedingungen auf See standhalten. F\u00fcr die Inneneinrichtung von H\u00e4usern sind sie ideal f\u00fcr die Herstellung von Vorh\u00e4ngen, Teppichen und Polstern. Die Strapazierf\u00e4higkeit und die pflegeleichten Eigenschaften des Stoffes machen ihn zu einer praktischen Wahl f\u00fcr den Haushalt. Im gewerblichen Bereich k\u00f6nnen sie in Hotels, Restaurants und Caf\u00e9s f\u00fcr Tischdecken und Stuhlhussen verwendet werden.<\/p>\n<p>Zusammenfassend: <a href=\"https:\/\/www.sikortex.com\/de\/anti-infrarot-stoffe-3\/\"><span style=\"color: #3366ff;\">l\u00f6sungsgef\u00e4rbtes Acrylgewebe<\/span><\/a> bieten eine einzigartige Kombination von Vorteilen. Ihre Farbechtheit, Flexibilit\u00e4t bei der Bestellung und die sch\u00fctzende Oberfl\u00e4che machen sie zu einer ausgezeichneten Wahl f\u00fcr eine Vielzahl von Anwendungen. Trotz des geringf\u00fcgigen Problems der Atmungsaktivit\u00e4t in einigen F\u00e4llen sind ihre Gesamtqualit\u00e4t und Leistung wirklich hervorragend. <a href=\"https:\/\/www.sikortex.com\/de\/kontaktiere-uns\/\"><span style=\"color: #3366ff;\">Kontaktieren Sie uns<\/span><\/a> um herauszufinden, wie diese Stoffe Ihre Projekte verbessern k\u00f6nnen.<\/p>\n<h4 style=\"text-align: center;\">SIKOR-TEX L\u00f6sungsgef\u00e4rbtes Acrylgewebe TDS<\/h4>\n<table style=\"height: 757px;\" width=\"1333\">\n<tbody>\n<tr>\n<td style=\"text-align: center;\" width=\"271\"><strong>Probeartikel<\/strong><\/td>\n<td style=\"text-align: center;\" width=\"229\"><strong>Testmethode<\/strong><\/td>\n<td style=\"text-align: center;\" width=\"218\"><strong>Erfordernis<\/strong><\/td>\n<\/tr>\n<tr>\n<td style=\"text-align: center;\">Rollenbreite<\/td>\n<td style=\"text-align: center;\"><\/td>\n<td style=\"text-align: center;\" width=\"218\">54\u2033-61\u2033\/137-155 cm (\u00b12 cm)<\/td>\n<\/tr>\n<tr>\n<td style=\"text-align: center;\" width=\"271\">Rollenl\u00e4nge (durchschnittlich)<\/td>\n<td style=\"text-align: center;\"><\/td>\n<td style=\"text-align: center;\" width=\"218\">50 m<\/td>\n<\/tr>\n<tr>\n<td style=\"text-align: center;\" width=\"271\">Zusammensetzung<\/td>\n<td style=\"text-align: center;\"><\/td>\n<td style=\"text-align: center;\" width=\"218\">100%L\u00f6sungsgef\u00e4rbtes Acryl<\/td>\n<\/tr>\n<tr>\n<td style=\"text-align: center;\">Gewicht<\/td>\n<td style=\"text-align: center;\"><\/td>\n<td style=\"text-align: center;\" width=\"218\">220-400g\/m\u00b2<\/td>\n<\/tr>\n<tr>\n<td style=\"text-align: center;\" width=\"271\">Farbechtheit gegen\u00fcber Reiben<\/td>\n<td style=\"text-align: center;\">ISO 105-X12:2016<\/td>\n<td style=\"text-align: center;\" width=\"218\">Trockenf\u00e4rbung 4-5<br \/>\nNassf\u00e4rbung 4-5<\/td>\n<\/tr>\n<tr>\n<td style=\"text-align: center;\" width=\"271\">Farbechtheit gegen\u00fcber Licht<\/td>\n<td style=\"text-align: center;\" width=\"229\">ISO 105-B02:2014<\/td>\n<td style=\"text-align: center;\">8<\/td>\n<\/tr>\n<tr>\n<td style=\"text-align: center;\" width=\"271\">Farbechtheit gegen\u00fcber Witterungseinfl\u00fcssen<\/td>\n<td style=\"text-align: center;\">ISO 105-B04:1994<\/td>\n<td style=\"text-align: center;\">7<\/td>\n<\/tr>\n<tr>\n<td style=\"text-align: center;\" width=\"271\">Lichtechtheit der Farbe<br \/>\n(Nach 1500 Stunden Shad-Wechsel)<\/td>\n<td style=\"text-align: center;\" width=\"229\">AATCC TM 16.3-2014;<br \/>\nOption 3: Xenon-Bogenlampe<\/td>\n<td style=\"text-align: center;\" width=\"218\">4<\/td>\n<\/tr>\n<tr>\n<td style=\"text-align: center;\" width=\"271\">Wasserabweisend<br \/>\n20\u00b12\u2103<\/td>\n<td style=\"text-align: center;\">1SO 4920:2012(E)Spr\u00fchtest<\/td>\n<td style=\"text-align: center;\" width=\"218\">4-5<\/td>\n<\/tr>\n<tr>\n<td style=\"text-align: center;\" width=\"271\">Alkohol-\/wasserabweisend<br \/>\n0,6cm 10s 45\u00b0<\/td>\n<td style=\"text-align: center;\">AATCC 193<\/td>\n<td style=\"text-align: center;\">4<\/td>\n<\/tr>\n<tr>\n<td style=\"text-align: center;\" width=\"271\">\u00d6labweisend<br \/>\n0,6cm 30s 45\u00b0 27,3mN\/m<\/td>\n<td style=\"text-align: center;\">AATCC 118<\/td>\n<td style=\"text-align: center;\">3<\/td>\n<\/tr>\n<tr>\n<td style=\"text-align: center;\">Bewerteter UPF<\/td>\n<td style=\"text-align: center;\">AATCC 183-2014<\/td>\n<td style=\"text-align: center;\" width=\"218\">50+<\/td>\n<\/tr>\n<\/tbody>\n<\/table>\n<p>&nbsp;<\/p>\n<p>&nbsp;<\/p>\n<p>&nbsp;<\/p>\n<p>&nbsp;<\/p>\n<p>&nbsp;<\/p>","protected":false},"excerpt":{"rendered":"<p><span style=\"vertical-align: inherit;\"><span style=\"vertical-align: inherit;\">1000 m (Mindestbestellmenge)<\/span><\/span><\/p>","protected":false},"featured_media":7107,"comment_status":"closed","ping_status":"closed","template":"","meta":{"_uag_custom_page_level_css":"","site-sidebar-layout":"default","site-content-layout":"default","ast-site-content-layout":"","site-content-style":"default","site-sidebar-style":"default","ast-global-header-display":"","ast-banner-title-visibility":"","ast-main-header-display":"","ast-hfb-above-header-display":"","ast-hfb-below-header-display":"","ast-hfb-mobile-header-display":"","site-post-title":"","ast-breadcrumbs-content":"","ast-featured-img":"","footer-sml-layout":"","theme-transparent-header-meta":"default","adv-header-id-meta":"","stick-header-meta":"default","header-above-stick-meta":"","header-main-stick-meta":"","header-below-stick-meta":"","astra-migrate-meta-layouts":"default","ast-page-background-enabled":"default","ast-page-background-meta":{"desktop":{"background-color":"","background-image":"","background-repeat":"repeat","background-position":"center center","background-size":"auto","background-attachment":"scroll","background-type":"","background-media":"","overlay-type":"","overlay-color":"","overlay-opacity":"","overlay-gradient":""},"tablet":{"background-color":"","background-image":"","background-repeat":"repeat","background-position":"center center","background-size":"auto","background-attachment":"scroll","background-type":"","background-media":"","overlay-type":"","overlay-color":"","overlay-opacity":"","overlay-gradient":""},"mobile":{"background-color":"","background-image":"","background-repeat":"repeat","background-position":"center center","background-size":"auto","background-attachment":"scroll","background-type":"","background-media":"","overlay-type":"","overlay-color":"","overlay-opacity":"","overlay-gradient":""}},"ast-content-background-meta":{"desktop":{"background-color":"var(--ast-global-color-5)","background-image":"","background-repeat":"repeat","background-position":"center center","background-size":"auto","background-attachment":"scroll","background-type":"","background-media":"","overlay-type":"","overlay-color":"","overlay-opacity":"","overlay-gradient":""},"tablet":{"background-color":"var(--ast-global-color-5)","background-image":"","background-repeat":"repeat","background-position":"center center","background-size":"auto","background-attachment":"scroll","background-type":"","background-media":"","overlay-type":"","overlay-color":"","overlay-opacity":"","overlay-gradient":""},"mobile":{"background-color":"var(--ast-global-color-5)","background-image":"","background-repeat":"repeat","background-position":"center center","background-size":"auto","background-attachment":"scroll","background-type":"","background-media":"","overlay-type":"","overlay-color":"","overlay-opacity":"","overlay-gradient":""}}},"product_brand":[],"product_cat":[1169,1126,1218,433,1697,414],"product_tag":[],"class_list":{"0":"post-7109","1":"product","2":"type-product","3":"status-publish","4":"has-post-thumbnail","6":"product_cat-solution-dyed-acrylic-fabric","7":"product_cat-fabric-for-awning","8":"product_cat-marine-fabrics","9":"product_cat-textile-for-industrial","10":"product_cat-uv-protection-fabric","11":"product_cat-waterproof-fabrics","12":"pa_available_colors-1526-03","13":"pa_available_colors-1526-07","14":"pa_available_colors-1526-39","15":"pa_available_colors-1526-42","16":"pa_available_colors-1526-43","17":"pa_available_colors-1526-48","18":"pa_available_colors-1526-49","19":"pa_available_colors-1526-50","20":"pa_available_colors-1526-51","21":"pa_available_colors-1526-52","22":"desktop-align-left","23":"tablet-align-left","24":"mobile-align-left","25":"ast-product-gallery-layout-vertical-slider","26":"ast-product-tabs-layout-horizontal","28":"first","29":"instock","30":"shipping-taxable","31":"product-type-simple"},"uagb_featured_image_src":{"full":["https:\/\/www.sikortex.com\/wp-content\/uploads\/2024\/09\/Liquid-dyed-acrylic-fabric-no-fading-for-10-years.png",800,596,false],"thumbnail":["https:\/\/www.sikortex.com\/wp-content\/uploads\/2024\/09\/Liquid-dyed-acrylic-fabric-no-fading-for-10-years-150x150.png",150,150,true],"medium":["https:\/\/www.sikortex.com\/wp-content\/uploads\/2024\/09\/Liquid-dyed-acrylic-fabric-no-fading-for-10-years-300x224.png",300,224,true],"medium_large":["https:\/\/www.sikortex.com\/wp-content\/uploads\/2024\/09\/Liquid-dyed-acrylic-fabric-no-fading-for-10-years-768x572.png",768,572,true],"large":["https:\/\/www.sikortex.com\/wp-content\/uploads\/2024\/09\/Liquid-dyed-acrylic-fabric-no-fading-for-10-years.png",800,596,false],"1536x1536":["https:\/\/www.sikortex.com\/wp-content\/uploads\/2024\/09\/Liquid-dyed-acrylic-fabric-no-fading-for-10-years.png",800,596,false],"2048x2048":["https:\/\/www.sikortex.com\/wp-content\/uploads\/2024\/09\/Liquid-dyed-acrylic-fabric-no-fading-for-10-years.png",800,596,false],"trp-custom-language-flag":["https:\/\/www.sikortex.com\/wp-content\/uploads\/2024\/09\/Liquid-dyed-acrylic-fabric-no-fading-for-10-years-16x12.png",16,12,true],"woocommerce_thumbnail":["https:\/\/www.sikortex.com\/wp-content\/uploads\/2024\/09\/Liquid-dyed-acrylic-fabric-no-fading-for-10-years-300x300.png",300,300,true],"woocommerce_single":["https:\/\/www.sikortex.com\/wp-content\/uploads\/2024\/09\/Liquid-dyed-acrylic-fabric-no-fading-for-10-years-600x447.png",600,447,true],"woocommerce_gallery_thumbnail":["https:\/\/www.sikortex.com\/wp-content\/uploads\/2024\/09\/Liquid-dyed-acrylic-fabric-no-fading-for-10-years-100x100.png",100,100,true]},"uagb_author_info":{"display_name":"Perry","author_link":"https:\/\/www.sikortex.com\/de\/author\/"},"uagb_comment_info":0,"uagb_excerpt":"1000 m\uff08MOQ\uff09","_links":{"self":[{"href":"https:\/\/www.sikortex.com\/de\/wp-json\/wp\/v2\/product\/7109","targetHints":{"allow":["GET"]}}],"collection":[{"href":"https:\/\/www.sikortex.com\/de\/wp-json\/wp\/v2\/product"}],"about":[{"href":"https:\/\/www.sikortex.com\/de\/wp-json\/wp\/v2\/types\/product"}],"replies":[{"embeddable":true,"href":"https:\/\/www.sikortex.com\/de\/wp-json\/wp\/v2\/comments?post=7109"}],"wp:featuredmedia":[{"embeddable":true,"href":"https:\/\/www.sikortex.com\/de\/wp-json\/wp\/v2\/media\/7107"}],"wp:attachment":[{"href":"https:\/\/www.sikortex.com\/de\/wp-json\/wp\/v2\/media?parent=7109"}],"wp:term":[{"taxonomy":"product_brand","embeddable":true,"href":"https:\/\/www.sikortex.com\/de\/wp-json\/wp\/v2\/product_brand?post=7109"},{"taxonomy":"product_cat","embeddable":true,"href":"https:\/\/www.sikortex.com\/de\/wp-json\/wp\/v2\/product_cat?post=7109"},{"taxonomy":"product_tag","embeddable":true,"href":"https:\/\/www.sikortex.com\/de\/wp-json\/wp\/v2\/product_tag?post=7109"}],"curies":[{"name":"wp","href":"https:\/\/api.w.org\/{rel}","templated":true}]}}