{"id":6995,"date":"2024-08-26T11:12:18","date_gmt":"2024-08-26T03:12:18","guid":{"rendered":"https:\/\/www.sikortex.com\/?post_type=product&#038;p=6995"},"modified":"2025-04-17T14:02:10","modified_gmt":"2025-04-17T06:02:10","slug":"sk8344-polyestre-cotton-stretch-stoff-3","status":"publish","type":"product","link":"https:\/\/www.sikortex.com\/de\/produkt\/sk8344-polyestre-cotton-stretch-stoff-3\/","title":{"rendered":"Stretch-Ripstop-Gewebe T400 aus Polyester-Baumwolle f\u00fcr taktische Bekleidung"},"content":{"rendered":"<p>SIKOR-TEX Hersteller von Hochleistungsgeweben<\/p>\n<p>Das Polyester-Baumwoll-T400-Stretch-Ripstop-Gewebe ist ein hochwertiges Material, das sich ideal f\u00fcr taktische Polizeiuniformen und Arbeitskleidung eignet. Es ist angenehm zu tragen und pflegeleicht. Es ist sehr langlebig und rei\u00dffest, was bedeutet, dass es der Abnutzung durch den t\u00e4glichen Gebrauch standh\u00e4lt. Die T400-Stretchfunktion bietet zus\u00e4tzlichen Komfort und Flexibilit\u00e4t und ist damit die ideale Wahl f\u00fcr Polizisten und andere Berufst\u00e4tige, die volle Bewegungsfreiheit ben\u00f6tigen.<\/p>\n<p>Dar\u00fcber hinaus besteht der Stoff aus 80%-Polyesterfaser, die eine hohe Verschlei\u00dffestigkeit und gute Elastizit\u00e4t in Querrichtung aufweist. Die elastische Dehnungsrate \u00fcbersteigt 23%, und der 20%-Baumwollanteil sorgt f\u00fcr Komfort und gew\u00e4hrleistet gleichzeitig Festigkeit. Zus\u00e4tzliche spezielle Veredelungsprozesse wie UV-Best\u00e4ndigkeit, Schwei\u00dfabsorption und schnelles Trocknen, fluorfreie Wasserabweisung, \u00d6labweisung, Teflon und andere Veredelungsprozesse verleihen dem Stoff weitere funktionelle Optionen.<br \/>\nDieser Stoff ist eine bahnbrechende Anwendung der neuesten Fasertechnologie Polyester Stretch T400. Er ist leicht und dennoch robust und dick, was die Belastung von Soldaten, Polizisten und anderem Personal verringern kann und dem Trend zu leichter Ausr\u00fcstung in der Zukunft entspricht.<\/p>\n<p>Insgesamt ist T400 Ripstop-Stretchgewebe f\u00fcr taktische Bekleidung ein vielseitiges und langlebiges Material, das f\u00fcr eine breite Palette von Anwendungen geeignet ist. Seine einzigartigen Eigenschaften machen es zur idealen Wahl f\u00fcr taktische Hemden und Hosen und bieten Komfort und Haltbarkeit f\u00fcr den t\u00e4glichen Gebrauch.<\/p>\n<p>St\u00f6bern Sie weiter <a href=\"https:\/\/www.sikortex.com\/de\/military-fabric-ripstop-fabric\/\">Ripstop-Materialien<\/a><\/p>","protected":false},"excerpt":{"rendered":"<p>1000 Meter (Mindestbestellmenge)<\/p>","protected":false},"featured_media":6817,"comment_status":"closed","ping_status":"closed","template":"","meta":{"_uag_custom_page_level_css":"","site-sidebar-layout":"default","site-content-layout":"default","ast-site-content-layout":"default","site-content-style":"default","site-sidebar-style":"default","ast-global-header-display":"","ast-banner-title-visibility":"","ast-main-header-display":"","ast-hfb-above-header-display":"","ast-hfb-below-header-display":"","ast-hfb-mobile-header-display":"","site-post-title":"","ast-breadcrumbs-content":"","ast-featured-img":"","footer-sml-layout":"","theme-transparent-header-meta":"default","adv-header-id-meta":"","stick-header-meta":"default","header-above-stick-meta":"","header-main-stick-meta":"","header-below-stick-meta":"","astra-migrate-meta-layouts":"set","ast-page-background-enabled":"default","ast-page-background-meta":{"desktop":{"background-color":"","background-image":"","background-repeat":"repeat","background-position":"center center","background-size":"auto","background-attachment":"scroll","background-type":"","background-media":"","overlay-type":"","overlay-color":"","overlay-opacity":"","overlay-gradient":""},"tablet":{"background-color":"","background-image":"","background-repeat":"repeat","background-position":"center center","background-size":"auto","background-attachment":"scroll","background-type":"","background-media":"","overlay-type":"","overlay-color":"","overlay-opacity":"","overlay-gradient":""},"mobile":{"background-color":"","background-image":"","background-repeat":"repeat","background-position":"center center","background-size":"auto","background-attachment":"scroll","background-type":"","background-media":"","overlay-type":"","overlay-color":"","overlay-opacity":"","overlay-gradient":""}},"ast-content-background-meta":{"desktop":{"background-color":"var(--ast-global-color-5)","background-image":"","background-repeat":"repeat","background-position":"center center","background-size":"auto","background-attachment":"scroll","background-type":"","background-media":"","overlay-type":"","overlay-color":"","overlay-opacity":"","overlay-gradient":""},"tablet":{"background-color":"var(--ast-global-color-5)","background-image":"","background-repeat":"repeat","background-position":"center center","background-size":"auto","background-attachment":"scroll","background-type":"","background-media":"","overlay-type":"","overlay-color":"","overlay-opacity":"","overlay-gradient":""},"mobile":{"background-color":"var(--ast-global-color-5)","background-image":"","background-repeat":"repeat","background-position":"center center","background-size":"auto","background-attachment":"scroll","background-type":"","background-media":"","overlay-type":"","overlay-color":"","overlay-opacity":"","overlay-gradient":""}}},"product_brand":[],"product_cat":[423,403],"product_tag":[],"class_list":{"0":"post-6995","1":"product","2":"type-product","3":"status-publish","4":"has-post-thumbnail","6":"product_cat-fabric-for-military-police","7":"product_cat-polyester-fabrics","8":"pa_available_colors-1526-04","9":"pa_available_colors-1526-08","10":"pa_available_colors-8236-19","11":"pa_available_colors-8236-3","12":"pa_available_colors-911052-spc","13":"desktop-align-left","14":"tablet-align-left","15":"mobile-align-left","16":"ast-product-gallery-layout-vertical-slider","17":"ast-product-tabs-layout-horizontal","19":"first","20":"instock","21":"shipping-taxable","22":"product-type-simple"},"uagb_featured_image_src":{"full":["https:\/\/www.sikortex.com\/wp-content\/uploads\/2023\/06\/9ee724d85b21c5676c7af5e0991b710.jpg",800,800,false],"thumbnail":["https:\/\/www.sikortex.com\/wp-content\/uploads\/2023\/06\/9ee724d85b21c5676c7af5e0991b710-150x150.jpg",150,150,true],"medium":["https:\/\/www.sikortex.com\/wp-content\/uploads\/2023\/06\/9ee724d85b21c5676c7af5e0991b710-300x300.jpg",300,300,true],"medium_large":["https:\/\/www.sikortex.com\/wp-content\/uploads\/2023\/06\/9ee724d85b21c5676c7af5e0991b710-768x768.jpg",768,768,true],"large":["https:\/\/www.sikortex.com\/wp-content\/uploads\/2023\/06\/9ee724d85b21c5676c7af5e0991b710.jpg",800,800,false],"1536x1536":["https:\/\/www.sikortex.com\/wp-content\/uploads\/2023\/06\/9ee724d85b21c5676c7af5e0991b710.jpg",800,800,false],"2048x2048":["https:\/\/www.sikortex.com\/wp-content\/uploads\/2023\/06\/9ee724d85b21c5676c7af5e0991b710.jpg",800,800,false],"trp-custom-language-flag":["https:\/\/www.sikortex.com\/wp-content\/uploads\/2023\/06\/9ee724d85b21c5676c7af5e0991b710-12x12.jpg",12,12,true],"woocommerce_thumbnail":["https:\/\/www.sikortex.com\/wp-content\/uploads\/2023\/06\/9ee724d85b21c5676c7af5e0991b710-300x300.jpg",300,300,true],"woocommerce_single":["https:\/\/www.sikortex.com\/wp-content\/uploads\/2023\/06\/9ee724d85b21c5676c7af5e0991b710-600x600.jpg",600,600,true],"woocommerce_gallery_thumbnail":["https:\/\/www.sikortex.com\/wp-content\/uploads\/2023\/06\/9ee724d85b21c5676c7af5e0991b710-100x100.jpg",100,100,true]},"uagb_author_info":{"display_name":"Perry","author_link":"https:\/\/www.sikortex.com\/de\/author\/"},"uagb_comment_info":0,"uagb_excerpt":"1000 Meters(Min.Order)","_links":{"self":[{"href":"https:\/\/www.sikortex.com\/de\/wp-json\/wp\/v2\/product\/6995","targetHints":{"allow":["GET"]}}],"collection":[{"href":"https:\/\/www.sikortex.com\/de\/wp-json\/wp\/v2\/product"}],"about":[{"href":"https:\/\/www.sikortex.com\/de\/wp-json\/wp\/v2\/types\/product"}],"replies":[{"embeddable":true,"href":"https:\/\/www.sikortex.com\/de\/wp-json\/wp\/v2\/comments?post=6995"}],"wp:featuredmedia":[{"embeddable":true,"href":"https:\/\/www.sikortex.com\/de\/wp-json\/wp\/v2\/media\/6817"}],"wp:attachment":[{"href":"https:\/\/www.sikortex.com\/de\/wp-json\/wp\/v2\/media?parent=6995"}],"wp:term":[{"taxonomy":"product_brand","embeddable":true,"href":"https:\/\/www.sikortex.com\/de\/wp-json\/wp\/v2\/product_brand?post=6995"},{"taxonomy":"product_cat","embeddable":true,"href":"https:\/\/www.sikortex.com\/de\/wp-json\/wp\/v2\/product_cat?post=6995"},{"taxonomy":"product_tag","embeddable":true,"href":"https:\/\/www.sikortex.com\/de\/wp-json\/wp\/v2\/product_tag?post=6995"}],"curies":[{"name":"wp","href":"https:\/\/api.w.org\/{rel}","templated":true}]}}