{"id":6445,"date":"2023-10-19T17:10:53","date_gmt":"2023-10-19T09:10:53","guid":{"rendered":"https:\/\/www.sikortex.com\/?post_type=product&#038;p=6445"},"modified":"2025-08-18T14:04:42","modified_gmt":"2025-08-18T06:04:42","slug":"sk8362-oxford-flammhemmender-stoff-3","status":"publish","type":"product","link":"https:\/\/www.sikortex.com\/de\/produkt\/sk8362-oxford-flammhemmender-stoff-3\/","title":{"rendered":"450D l\u00f6sungsgef\u00e4rbtes Polyestergewebe PU-beschichtetes Gewebe f\u00fcr Markisen"},"content":{"rendered":"<h4>450D Solution Dyed Polyestergewebe mit PU-Beschichtung f\u00fcr Markisen: Die perfekte Mischung aus Haltbarkeit und Stil<\/h4>\n<p>Wenn es um Outdoor-L\u00f6sungen geht, ist das fl\u00fcssiggef\u00e4rbte 450D-Polyestergewebe mit Polyurethan (PU)-Beschichtung die erste Wahl f\u00fcr <a href=\"https:\/\/www.sikortex.com\/de\/hersteller-von-markisenstoffen\/\"><span style=\"color: #3366ff;\">Markisen<\/span><\/a>. Dieser Stoff vereint St\u00e4rke, Wetterbest\u00e4ndigkeit und lebendige \u00c4sthetik und ist auf lang anhaltende Leistung in allen Umgebungen ausgelegt.<\/p>\n<p>Materialeigenschaften: \u00dcberlegene Qualit\u00e4t f\u00fcr Haltbarkeit im Au\u00dfenbereich<\/p>\n<p>1. Verbesserte Farbtiefe und Gleichm\u00e4\u00dfigkeit:<br \/>\n<a href=\"https:\/\/www.sikortex.com\/de\/anti-infrarot-stoffe-3\/\"><span style=\"color: #3366ff;\">Der Fl\u00fcssigf\u00e4rbeprozess<\/span><\/a> dringt tief in die Fasern ein und erzeugt eine satte, gleichm\u00e4\u00dfige Farbe, die dem Ausbleichen durch Sonnenlicht und Witterungseinfl\u00fcsse widersteht. Dadurch wird sichergestellt, dass Ihre <a href=\"https:\/\/www.sikortex.com\/de\/hersteller-von-markisenstoffen\/\"><span style=\"color: #3366ff;\">Markisen<\/span><\/a> behalten ihre optische Attraktivit\u00e4t \u00fcber Jahre hinweg.<\/p>\n<p>2. 450<a href=\"https:\/\/www.sikortex.com\/de\/2025\/01\/10\/was-ist-denier\/\"><span style=\"color: #3366ff;\">Denier<\/span><\/a> Polyesterst\u00e4rke:<br \/>\nMit einer 450D-Bewertung bietet dieser Stoff eine hohe Zugfestigkeit und Haltbarkeit und ist perfekt f\u00fcr Au\u00dfenanwendungen geeignet, die der Belastung durch Wind, Regen und Sonne standhalten m\u00fcssen.<\/p>\n<p>3. PU-Beschichtung f\u00fcr maximalen Schutz:<br \/>\nDie Polyurethan-Beschichtung macht das Gewebe wasserabweisend, verhindert Schimmelbildung und sch\u00fctzt vor Flecken. So bleibt es auch bei rauen Bedingungen widerstandsf\u00e4hig und bietet zuverl\u00e4ssigen Schutz und Schatten.<\/p>\n<p>4. UV- und Schimmelresistenz:<br \/>\nDer Stoff ist speziell daf\u00fcr ausgelegt, <a href=\"\/de\/losungsgefarbter-stoff\/\"><span style=\"color: #3366ff;\">best\u00e4ndig gegen ultraviolette (UV) Strahlen<\/span><\/a>, wodurch das Risiko von Verblassen und Abnutzung verringert wird. Dar\u00fcber hinaus ist es <a href=\"https:\/\/www.sikortex.com\/de\/antimikrobielle-stoffe\/\"><span style=\"color: #3366ff;\">Mehltauresistenz<\/span><\/a> h\u00e4lt es auch in feuchten Umgebungen sauber und hygienisch.<\/p>\n<p>Hauptanwendungen: Vielseitig und zuverl\u00e4ssig f\u00fcr alle Au\u00dfenanwendungen<\/p>\n<p>Das l\u00f6sungsgef\u00e4rbte 450D-Polyestergewebe ist ideal f\u00fcr verschiedene Au\u00dfenanwendungen, darunter:<\/p>\n<p>Stoff f\u00fcr <a href=\"https:\/\/www.sikortex.com\/de\/hersteller-von-markisenstoffen\/\"><span style=\"color: #3366ff;\">Markise<\/span><\/a>: f\u00fcr den privaten und gewerblichen Gebrauch, bietet dauerhaften, stilvollen Sonnenschutz.<br \/>\nStoff f\u00fcr Bez\u00fcge f\u00fcr Gartenm\u00f6bel: wetterbest\u00e4ndig und farbecht.<br \/>\nStoff f\u00fcr Schiffsabdeckungen und <a href=\"https:\/\/www.sikortex.com\/de\/hersteller-fur-zeltstoffe\/\"><span style=\"color: #3366ff;\">Zelte<\/span><\/a>: wo Wasserbest\u00e4ndigkeit und UV-Schutz entscheidend sind.<\/p>\n<p>Unterst\u00fctzung bei der Anpassung: Passen Sie Ihren Stoff perfekt an<\/p>\n<p>Wir bieten umfangreiche Anpassungsoptionen, darunter eine breite Farbpalette, benutzerdefinierte Abmessungen, unterschiedliche PU-Beschichtungsst\u00e4rken und Druck f\u00fcr Marken- oder Designzwecke. Passen Sie den Stoff genau an Ihre Bed\u00fcrfnisse an und sorgen Sie so f\u00fcr maximale Wirkung und Zufriedenheit.<\/p>\n<p>Entdecken Sie, wie das fl\u00fcssiggef\u00e4rbte 450D-Polyestergewebe Ihre Outdoor-Produkte mit un\u00fcbertroffener Haltbarkeit und Stil aufwerten kann. <span style=\"color: #3366ff;\"><a style=\"color: #3366ff;\" href=\"https:\/\/www.sikortex.com\/de\/kontaktiere-uns\/\">Kontaktieren Sie uns<\/a><\/span> noch heute, um weitere Informationen zur Anpassung und Verf\u00fcgbarkeit zu erhalten.<\/p>","protected":false},"excerpt":{"rendered":"<p>1200 Meter (Mindestbestellmenge)<\/p>","protected":false},"featured_media":7070,"comment_status":"closed","ping_status":"closed","template":"","meta":{"_uag_custom_page_level_css":"","site-sidebar-layout":"default","site-content-layout":"default","ast-site-content-layout":"","site-content-style":"default","site-sidebar-style":"default","ast-global-header-display":"","ast-banner-title-visibility":"","ast-main-header-display":"","ast-hfb-above-header-display":"","ast-hfb-below-header-display":"","ast-hfb-mobile-header-display":"","site-post-title":"","ast-breadcrumbs-content":"","ast-featured-img":"","footer-sml-layout":"","theme-transparent-header-meta":"default","adv-header-id-meta":"","stick-header-meta":"default","header-above-stick-meta":"","header-main-stick-meta":"","header-below-stick-meta":"","astra-migrate-meta-layouts":"default","ast-page-background-enabled":"default","ast-page-background-meta":{"desktop":{"background-color":"","background-image":"","background-repeat":"repeat","background-position":"center center","background-size":"auto","background-attachment":"scroll","background-type":"","background-media":"","overlay-type":"","overlay-color":"","overlay-opacity":"","overlay-gradient":""},"tablet":{"background-color":"","background-image":"","background-repeat":"repeat","background-position":"center center","background-size":"auto","background-attachment":"scroll","background-type":"","background-media":"","overlay-type":"","overlay-color":"","overlay-opacity":"","overlay-gradient":""},"mobile":{"background-color":"","background-image":"","background-repeat":"repeat","background-position":"center center","background-size":"auto","background-attachment":"scroll","background-type":"","background-media":"","overlay-type":"","overlay-color":"","overlay-opacity":"","overlay-gradient":""}},"ast-content-background-meta":{"desktop":{"background-color":"var(--ast-global-color-5)","background-image":"","background-repeat":"repeat","background-position":"center center","background-size":"auto","background-attachment":"scroll","background-type":"","background-media":"","overlay-type":"","overlay-color":"","overlay-opacity":"","overlay-gradient":""},"tablet":{"background-color":"var(--ast-global-color-5)","background-image":"","background-repeat":"repeat","background-position":"center center","background-size":"auto","background-attachment":"scroll","background-type":"","background-media":"","overlay-type":"","overlay-color":"","overlay-opacity":"","overlay-gradient":""},"mobile":{"background-color":"var(--ast-global-color-5)","background-image":"","background-repeat":"repeat","background-position":"center center","background-size":"auto","background-attachment":"scroll","background-type":"","background-media":"","overlay-type":"","overlay-color":"","overlay-opacity":"","overlay-gradient":""}}},"product_brand":[],"product_cat":[1126,1169,433,1697,414],"product_tag":[],"class_list":{"0":"post-6445","1":"product","2":"type-product","3":"status-publish","4":"has-post-thumbnail","6":"product_cat-fabric-for-awning","7":"product_cat-solution-dyed-acrylic-fabric","8":"product_cat-textile-for-industrial","9":"product_cat-uv-protection-fabric","10":"product_cat-waterproof-fabrics","11":"pa_available_colors-911052-spc","12":"desktop-align-left","13":"tablet-align-left","14":"mobile-align-left","15":"ast-product-gallery-layout-vertical-slider","16":"ast-product-tabs-layout-horizontal","18":"first","19":"instock","20":"shipping-taxable","21":"product-type-simple"},"uagb_featured_image_src":{"full":["https:\/\/www.sikortex.com\/wp-content\/uploads\/2024\/09\/O1CN01AJNxka1HxtfJZgfy9_959560825-0-cib.jpg",800,800,false],"thumbnail":["https:\/\/www.sikortex.com\/wp-content\/uploads\/2024\/09\/O1CN01AJNxka1HxtfJZgfy9_959560825-0-cib-150x150.jpg",150,150,true],"medium":["https:\/\/www.sikortex.com\/wp-content\/uploads\/2024\/09\/O1CN01AJNxka1HxtfJZgfy9_959560825-0-cib-300x300.jpg",300,300,true],"medium_large":["https:\/\/www.sikortex.com\/wp-content\/uploads\/2024\/09\/O1CN01AJNxka1HxtfJZgfy9_959560825-0-cib-768x768.jpg",768,768,true],"large":["https:\/\/www.sikortex.com\/wp-content\/uploads\/2024\/09\/O1CN01AJNxka1HxtfJZgfy9_959560825-0-cib.jpg",800,800,false],"1536x1536":["https:\/\/www.sikortex.com\/wp-content\/uploads\/2024\/09\/O1CN01AJNxka1HxtfJZgfy9_959560825-0-cib.jpg",800,800,false],"2048x2048":["https:\/\/www.sikortex.com\/wp-content\/uploads\/2024\/09\/O1CN01AJNxka1HxtfJZgfy9_959560825-0-cib.jpg",800,800,false],"trp-custom-language-flag":["https:\/\/www.sikortex.com\/wp-content\/uploads\/2024\/09\/O1CN01AJNxka1HxtfJZgfy9_959560825-0-cib-12x12.jpg",12,12,true],"woocommerce_thumbnail":["https:\/\/www.sikortex.com\/wp-content\/uploads\/2024\/09\/O1CN01AJNxka1HxtfJZgfy9_959560825-0-cib-300x300.jpg",300,300,true],"woocommerce_single":["https:\/\/www.sikortex.com\/wp-content\/uploads\/2024\/09\/O1CN01AJNxka1HxtfJZgfy9_959560825-0-cib-600x600.jpg",600,600,true],"woocommerce_gallery_thumbnail":["https:\/\/www.sikortex.com\/wp-content\/uploads\/2024\/09\/O1CN01AJNxka1HxtfJZgfy9_959560825-0-cib-100x100.jpg",100,100,true]},"uagb_author_info":{"display_name":"Perry","author_link":"https:\/\/www.sikortex.com\/de\/author\/"},"uagb_comment_info":0,"uagb_excerpt":"1200 Meters(Min.Order)","_links":{"self":[{"href":"https:\/\/www.sikortex.com\/de\/wp-json\/wp\/v2\/product\/6445","targetHints":{"allow":["GET"]}}],"collection":[{"href":"https:\/\/www.sikortex.com\/de\/wp-json\/wp\/v2\/product"}],"about":[{"href":"https:\/\/www.sikortex.com\/de\/wp-json\/wp\/v2\/types\/product"}],"replies":[{"embeddable":true,"href":"https:\/\/www.sikortex.com\/de\/wp-json\/wp\/v2\/comments?post=6445"}],"wp:featuredmedia":[{"embeddable":true,"href":"https:\/\/www.sikortex.com\/de\/wp-json\/wp\/v2\/media\/7070"}],"wp:attachment":[{"href":"https:\/\/www.sikortex.com\/de\/wp-json\/wp\/v2\/media?parent=6445"}],"wp:term":[{"taxonomy":"product_brand","embeddable":true,"href":"https:\/\/www.sikortex.com\/de\/wp-json\/wp\/v2\/product_brand?post=6445"},{"taxonomy":"product_cat","embeddable":true,"href":"https:\/\/www.sikortex.com\/de\/wp-json\/wp\/v2\/product_cat?post=6445"},{"taxonomy":"product_tag","embeddable":true,"href":"https:\/\/www.sikortex.com\/de\/wp-json\/wp\/v2\/product_tag?post=6445"}],"curies":[{"name":"wp","href":"https:\/\/api.w.org\/{rel}","templated":true}]}}