{"id":6251,"date":"2023-09-24T12:03:40","date_gmt":"2023-09-24T04:03:40","guid":{"rendered":"https:\/\/www.sikortex.com\/?post_type=product&#038;p=6251"},"modified":"2023-10-10T14:03:01","modified_gmt":"2023-10-10T06:03:01","slug":"sk8263-nylon-baumwoll-arbeitskleidungsstoff-3","status":"publish","type":"product","link":"https:\/\/www.sikortex.com\/de\/produkt\/sk8263-nylon-baumwoll-arbeitskleidungsstoff-3\/","title":{"rendered":"Baumwoll-Nylon-Spandex-Popeline-Stoff"},"content":{"rendered":"<p>SIKOR-TEX Baumwoll-Nylon-Spandex-Popeline-Stoff f\u00fcr Jacken und Kleider, Stretch-Nylon-Baumwollstoff f\u00fcr eine einzigartige Mischung aus St\u00e4rke, Komfort und Stil. Der Stoff kombiniert das Beste aus beiden Welten, indem er Nylonfasern in Kettrichtung und Baumwollgarn in Schussrichtung miteinander verwebt und Spandex hinzuf\u00fcgt, um eine einzigartige Verwebungsstruktur zu schaffen, die ihn von traditionellen Mischgeweben unterscheidet.<br \/>\nWir bieten Nylon-Baumwoll-Stretchstoffe mit St\u00e4rken von 80\u2013350 g\/m\u00b2 in Leinwandbindung, K\u00f6perbindung und Schaftbindung und unterst\u00fctzen die individuelle Musteranpassung.<\/p>\n<p>Erleben Sie die \u00fcberlegene Oberfl\u00e4chenhaptik unseres Stoffes, der die Gl\u00e4tte und Abriebfestigkeit von Nylon aufweist und gleichzeitig subtile Ankl\u00e4nge der nat\u00fcrlichen Textur von Baumwollgarn bietet. Es verk\u00f6rpert die besten Eigenschaften beider Materialien und bietet hohe Festigkeit, Anti-Falten-Eigenschaften sowie hautfreundliche und atmungsaktive Eigenschaften \u00e4hnlich wie Baumwolle.<\/p>\n<p>Dieser spezielle Baumwoll-Nylon-Spandex-Stoff eignet sich perfekt f\u00fcr die Herstellung vielseitiger Kleidung, Windjacken, Jacken und Modeartikel. Er ist strapazierf\u00e4hig und sorgt daf\u00fcr, dass Ihre Kleidungsst\u00fccke starker Beanspruchung standhalten, und bietet gleichzeitig ein Ma\u00df an Komfort, mit dem Sie sich den ganzen Tag \u00fcber wohl f\u00fchlen.<\/p>","protected":false},"excerpt":{"rendered":"<p>1200 Meter (Mindestbestellmenge)<\/p>","protected":false},"featured_media":6263,"comment_status":"closed","ping_status":"closed","template":"","meta":{"_uag_custom_page_level_css":"","site-sidebar-layout":"default","site-content-layout":"default","ast-site-content-layout":"","site-content-style":"default","site-sidebar-style":"default","ast-global-header-display":"","ast-banner-title-visibility":"","ast-main-header-display":"","ast-hfb-above-header-display":"","ast-hfb-below-header-display":"","ast-hfb-mobile-header-display":"","site-post-title":"","ast-breadcrumbs-content":"","ast-featured-img":"","footer-sml-layout":"","theme-transparent-header-meta":"default","adv-header-id-meta":"","stick-header-meta":"default","header-above-stick-meta":"","header-main-stick-meta":"","header-below-stick-meta":"","astra-migrate-meta-layouts":"default","ast-page-background-enabled":"default","ast-page-background-meta":{"desktop":{"background-color":"","background-image":"","background-repeat":"repeat","background-position":"center center","background-size":"auto","background-attachment":"scroll","background-type":"","background-media":"","overlay-type":"","overlay-color":"","overlay-opacity":"","overlay-gradient":""},"tablet":{"background-color":"","background-image":"","background-repeat":"repeat","background-position":"center center","background-size":"auto","background-attachment":"scroll","background-type":"","background-media":"","overlay-type":"","overlay-color":"","overlay-opacity":"","overlay-gradient":""},"mobile":{"background-color":"","background-image":"","background-repeat":"repeat","background-position":"center center","background-size":"auto","background-attachment":"scroll","background-type":"","background-media":"","overlay-type":"","overlay-color":"","overlay-opacity":"","overlay-gradient":""}},"ast-content-background-meta":{"desktop":{"background-color":"var(--ast-global-color-5)","background-image":"","background-repeat":"repeat","background-position":"center center","background-size":"auto","background-attachment":"scroll","background-type":"","background-media":"","overlay-type":"","overlay-color":"","overlay-opacity":"","overlay-gradient":""},"tablet":{"background-color":"var(--ast-global-color-5)","background-image":"","background-repeat":"repeat","background-position":"center center","background-size":"auto","background-attachment":"scroll","background-type":"","background-media":"","overlay-type":"","overlay-color":"","overlay-opacity":"","overlay-gradient":""},"mobile":{"background-color":"var(--ast-global-color-5)","background-image":"","background-repeat":"repeat","background-position":"center center","background-size":"auto","background-attachment":"scroll","background-type":"","background-media":"","overlay-type":"","overlay-color":"","overlay-opacity":"","overlay-gradient":""}}},"product_brand":[],"product_cat":[426,431,428,406,425,420],"product_tag":[],"class_list":{"0":"post-6251","1":"product","2":"type-product","3":"status-publish","4":"has-post-thumbnail","6":"product_cat-constructionmining","7":"product_cat-fabric-for-commuting-clothing","8":"product_cat-fabric-for-outdoor-sports","9":"product_cat-nylon-cotton","10":"product_cat-security-emergencies-road-services","11":"product_cat-stretch-fabrics","12":"pa_available_colors-911052-spc","13":"desktop-align-left","14":"tablet-align-left","15":"mobile-align-left","16":"ast-product-gallery-layout-vertical-slider","17":"ast-product-tabs-layout-horizontal","19":"first","20":"instock","21":"shipping-taxable","22":"product-type-simple"},"uagb_featured_image_src":{"full":["https:\/\/www.sikortex.com\/wp-content\/uploads\/2023\/09\/Nylon-cotton-stretch-fabrics.jpg",800,800,false],"thumbnail":["https:\/\/www.sikortex.com\/wp-content\/uploads\/2023\/09\/Nylon-cotton-stretch-fabrics-150x150.jpg",150,150,true],"medium":["https:\/\/www.sikortex.com\/wp-content\/uploads\/2023\/09\/Nylon-cotton-stretch-fabrics-300x300.jpg",300,300,true],"medium_large":["https:\/\/www.sikortex.com\/wp-content\/uploads\/2023\/09\/Nylon-cotton-stretch-fabrics-768x768.jpg",768,768,true],"large":["https:\/\/www.sikortex.com\/wp-content\/uploads\/2023\/09\/Nylon-cotton-stretch-fabrics.jpg",800,800,false],"1536x1536":["https:\/\/www.sikortex.com\/wp-content\/uploads\/2023\/09\/Nylon-cotton-stretch-fabrics.jpg",800,800,false],"2048x2048":["https:\/\/www.sikortex.com\/wp-content\/uploads\/2023\/09\/Nylon-cotton-stretch-fabrics.jpg",800,800,false],"trp-custom-language-flag":["https:\/\/www.sikortex.com\/wp-content\/uploads\/2023\/09\/Nylon-cotton-stretch-fabrics-12x12.jpg",12,12,true],"woocommerce_thumbnail":["https:\/\/www.sikortex.com\/wp-content\/uploads\/2023\/09\/Nylon-cotton-stretch-fabrics-300x300.jpg",300,300,true],"woocommerce_single":["https:\/\/www.sikortex.com\/wp-content\/uploads\/2023\/09\/Nylon-cotton-stretch-fabrics-600x600.jpg",600,600,true],"woocommerce_gallery_thumbnail":["https:\/\/www.sikortex.com\/wp-content\/uploads\/2023\/09\/Nylon-cotton-stretch-fabrics-100x100.jpg",100,100,true]},"uagb_author_info":{"display_name":"Perry","author_link":"https:\/\/www.sikortex.com\/de\/author\/"},"uagb_comment_info":0,"uagb_excerpt":"1200 Meters(Min.Order)","_links":{"self":[{"href":"https:\/\/www.sikortex.com\/de\/wp-json\/wp\/v2\/product\/6251","targetHints":{"allow":["GET"]}}],"collection":[{"href":"https:\/\/www.sikortex.com\/de\/wp-json\/wp\/v2\/product"}],"about":[{"href":"https:\/\/www.sikortex.com\/de\/wp-json\/wp\/v2\/types\/product"}],"replies":[{"embeddable":true,"href":"https:\/\/www.sikortex.com\/de\/wp-json\/wp\/v2\/comments?post=6251"}],"wp:featuredmedia":[{"embeddable":true,"href":"https:\/\/www.sikortex.com\/de\/wp-json\/wp\/v2\/media\/6263"}],"wp:attachment":[{"href":"https:\/\/www.sikortex.com\/de\/wp-json\/wp\/v2\/media?parent=6251"}],"wp:term":[{"taxonomy":"product_brand","embeddable":true,"href":"https:\/\/www.sikortex.com\/de\/wp-json\/wp\/v2\/product_brand?post=6251"},{"taxonomy":"product_cat","embeddable":true,"href":"https:\/\/www.sikortex.com\/de\/wp-json\/wp\/v2\/product_cat?post=6251"},{"taxonomy":"product_tag","embeddable":true,"href":"https:\/\/www.sikortex.com\/de\/wp-json\/wp\/v2\/product_tag?post=6251"}],"curies":[{"name":"wp","href":"https:\/\/api.w.org\/{rel}","templated":true}]}}