{"id":6169,"date":"2023-09-05T17:50:15","date_gmt":"2023-09-05T09:50:15","guid":{"rendered":"https:\/\/www.sikortex.com\/?post_type=product&#038;p=6169"},"modified":"2025-01-08T12:36:28","modified_gmt":"2025-01-08T04:36:28","slug":"300d-fluoreszierende-farbe-oxford-3","status":"publish","type":"product","link":"https:\/\/www.sikortex.com\/de\/produkt\/300d-fluoreszierende-farbe-oxford-3\/","title":{"rendered":"Hersteller von Hi-Vis-Softshell-Stoffen"},"content":{"rendered":"<h5>Hersteller von SIKOR-TEX-Hi-Vis-Stoffen<\/h5>\n<p>Das leichteste Hi Vis <a href=\"https:\/\/www.sikortex.com\/de\/wasserdichtes-atmungsaktives-gewebe\/\"><span style=\"color: #3366ff;\">Softshell<\/span><\/a> Stoff verf\u00fcgbar, dieser Stoff besteht aus 3 Schichten ultrad\u00fcnnem Polyester, laminiert mit TPU f\u00fcr Haltbarkeit und Festigkeit f\u00fcr den rauen Au\u00dfenbereich. Kr\u00e4ftige fluoreszierende Farben verbessern die Sichtbarkeit und sorgen f\u00fcr einfaches Sehen bei schlechten Lichtverh\u00e4ltnissen oder gef\u00e4hrlichen Umgebungen, was die Sicherheit f\u00fcr Reisende oder Arbeiter im Freien erh\u00f6ht und dennoch extrem <a href=\"https:\/\/www.sikortex.com\/de\/nylon-baumwollstoff-ripstop-windbreaker-stoff-3\/\"><span style=\"color: #3366ff;\">leicht<\/span><\/a>.<\/p>\n<p>Fluoreszierender Hi Vis-Stoff in Farbe, ein gut sichtbarer Stoff, der f\u00fcr optimale Leistung in verschiedenen Arbeitsumgebungen entwickelt wurde. Dieser Stoff kombiniert Funktionalit\u00e4t, Haltbarkeit und Sichtbarkeit, um die Sicherheit der Arbeiter unter anspruchsvollen Bedingungen zu gew\u00e4hrleisten.<\/p>\n<p>Die fluoreszierende Farbe verbessert die Sichtbarkeit und ist daher ideal f\u00fcr Stra\u00dfenrettung, Stra\u00dfendienstpersonal, Verkehrspolizei, Logistiktransport und Au\u00dfendienstmitarbeiter. Die PU-Beschichtung bietet <a href=\"\/de\/uber-wasserdichtes-oxford-gewebe\/\"><span style=\"color: #3366ff;\">Wasserabweisung<\/span><\/a>, sch\u00fctzt Sie vor Regen und h\u00e4lt Sie trocken. Dar\u00fcber hinaus sorgen die innovative Technologie und die hohe Atmungsaktivit\u00e4t des <a href=\"https:\/\/www.sikortex.com\/de\/2025\/01\/03\/hersteller-fur-beschichtete-stoffe\/\"><span style=\"color: #3366ff;\">PU-Beschichtung<\/span><\/a> erm\u00f6glichen eine effiziente Schwei\u00dfableitung und sorgen so f\u00fcr Ihren Komfort auch bei widrigen Wetterbedingungen.<\/p>\n<p>Unser Hi Vis Softshell-Stoff ist nicht nur praktisch, sondern auch leicht zu reinigen, sodass er lange h\u00e4lt und seine gut sichtbaren Eigenschaften beh\u00e4lt. W\u00e4hlen Sie diesen Stoff f\u00fcr Ihre Arbeitskleidung und erleben Sie seine \u00fcberlegene Leistung und Zuverl\u00e4ssigkeit in anspruchsvollen Arbeitsumgebungen.<\/p>","protected":false},"excerpt":{"rendered":"<p>1500 Meter (Mindestbestellmenge)<\/p>","protected":false},"featured_media":6170,"comment_status":"closed","ping_status":"closed","template":"","meta":{"_uag_custom_page_level_css":"","site-sidebar-layout":"default","site-content-layout":"default","ast-site-content-layout":"","site-content-style":"default","site-sidebar-style":"default","ast-global-header-display":"","ast-banner-title-visibility":"","ast-main-header-display":"","ast-hfb-above-header-display":"","ast-hfb-below-header-display":"","ast-hfb-mobile-header-display":"","site-post-title":"","ast-breadcrumbs-content":"","ast-featured-img":"","footer-sml-layout":"","theme-transparent-header-meta":"default","adv-header-id-meta":"","stick-header-meta":"default","header-above-stick-meta":"","header-main-stick-meta":"","header-below-stick-meta":"","astra-migrate-meta-layouts":"default","ast-page-background-enabled":"default","ast-page-background-meta":{"desktop":{"background-color":"","background-image":"","background-repeat":"repeat","background-position":"center center","background-size":"auto","background-attachment":"scroll","background-type":"","background-media":"","overlay-type":"","overlay-color":"","overlay-opacity":"","overlay-gradient":""},"tablet":{"background-color":"","background-image":"","background-repeat":"repeat","background-position":"center center","background-size":"auto","background-attachment":"scroll","background-type":"","background-media":"","overlay-type":"","overlay-color":"","overlay-opacity":"","overlay-gradient":""},"mobile":{"background-color":"","background-image":"","background-repeat":"repeat","background-position":"center center","background-size":"auto","background-attachment":"scroll","background-type":"","background-media":"","overlay-type":"","overlay-color":"","overlay-opacity":"","overlay-gradient":""}},"ast-content-background-meta":{"desktop":{"background-color":"var(--ast-global-color-5)","background-image":"","background-repeat":"repeat","background-position":"center center","background-size":"auto","background-attachment":"scroll","background-type":"","background-media":"","overlay-type":"","overlay-color":"","overlay-opacity":"","overlay-gradient":""},"tablet":{"background-color":"var(--ast-global-color-5)","background-image":"","background-repeat":"repeat","background-position":"center center","background-size":"auto","background-attachment":"scroll","background-type":"","background-media":"","overlay-type":"","overlay-color":"","overlay-opacity":"","overlay-gradient":""},"mobile":{"background-color":"var(--ast-global-color-5)","background-image":"","background-repeat":"repeat","background-position":"center center","background-size":"auto","background-attachment":"scroll","background-type":"","background-media":"","overlay-type":"","overlay-color":"","overlay-opacity":"","overlay-gradient":""}}},"product_brand":[],"product_cat":[426,421,427,403,425,414],"product_tag":[],"class_list":{"0":"post-6169","1":"product","2":"type-product","3":"status-publish","4":"has-post-thumbnail","6":"product_cat-constructionmining","7":"product_cat-foul-weather-fabrics","8":"product_cat-petroleum-and-petrochemical","9":"product_cat-polyester-fabrics","10":"product_cat-security-emergencies-road-services","11":"product_cat-waterproof-fabrics","12":"pa_available_colors-fluorescent-orange","13":"pa_available_colors-fluorescent-yellow","14":"desktop-align-left","15":"tablet-align-left","16":"mobile-align-left","17":"ast-product-gallery-layout-vertical-slider","18":"ast-product-tabs-layout-horizontal","20":"first","21":"instock","22":"shipping-taxable","23":"product-type-simple"},"uagb_featured_image_src":{"full":["https:\/\/www.sikortex.com\/wp-content\/uploads\/2023\/09\/High-visibility-softshell-fabric.jpg",800,800,false],"thumbnail":["https:\/\/www.sikortex.com\/wp-content\/uploads\/2023\/09\/High-visibility-softshell-fabric-150x150.jpg",150,150,true],"medium":["https:\/\/www.sikortex.com\/wp-content\/uploads\/2023\/09\/High-visibility-softshell-fabric-300x300.jpg",300,300,true],"medium_large":["https:\/\/www.sikortex.com\/wp-content\/uploads\/2023\/09\/High-visibility-softshell-fabric-768x768.jpg",768,768,true],"large":["https:\/\/www.sikortex.com\/wp-content\/uploads\/2023\/09\/High-visibility-softshell-fabric.jpg",800,800,false],"1536x1536":["https:\/\/www.sikortex.com\/wp-content\/uploads\/2023\/09\/High-visibility-softshell-fabric.jpg",800,800,false],"2048x2048":["https:\/\/www.sikortex.com\/wp-content\/uploads\/2023\/09\/High-visibility-softshell-fabric.jpg",800,800,false],"trp-custom-language-flag":["https:\/\/www.sikortex.com\/wp-content\/uploads\/2023\/09\/High-visibility-softshell-fabric-12x12.jpg",12,12,true],"woocommerce_thumbnail":["https:\/\/www.sikortex.com\/wp-content\/uploads\/2023\/09\/High-visibility-softshell-fabric-300x300.jpg",300,300,true],"woocommerce_single":["https:\/\/www.sikortex.com\/wp-content\/uploads\/2023\/09\/High-visibility-softshell-fabric-600x600.jpg",600,600,true],"woocommerce_gallery_thumbnail":["https:\/\/www.sikortex.com\/wp-content\/uploads\/2023\/09\/High-visibility-softshell-fabric-100x100.jpg",100,100,true]},"uagb_author_info":{"display_name":"Perry","author_link":"https:\/\/www.sikortex.com\/de\/author\/"},"uagb_comment_info":0,"uagb_excerpt":"1500 Meters(Min.Order)","_links":{"self":[{"href":"https:\/\/www.sikortex.com\/de\/wp-json\/wp\/v2\/product\/6169","targetHints":{"allow":["GET"]}}],"collection":[{"href":"https:\/\/www.sikortex.com\/de\/wp-json\/wp\/v2\/product"}],"about":[{"href":"https:\/\/www.sikortex.com\/de\/wp-json\/wp\/v2\/types\/product"}],"replies":[{"embeddable":true,"href":"https:\/\/www.sikortex.com\/de\/wp-json\/wp\/v2\/comments?post=6169"}],"wp:featuredmedia":[{"embeddable":true,"href":"https:\/\/www.sikortex.com\/de\/wp-json\/wp\/v2\/media\/6170"}],"wp:attachment":[{"href":"https:\/\/www.sikortex.com\/de\/wp-json\/wp\/v2\/media?parent=6169"}],"wp:term":[{"taxonomy":"product_brand","embeddable":true,"href":"https:\/\/www.sikortex.com\/de\/wp-json\/wp\/v2\/product_brand?post=6169"},{"taxonomy":"product_cat","embeddable":true,"href":"https:\/\/www.sikortex.com\/de\/wp-json\/wp\/v2\/product_cat?post=6169"},{"taxonomy":"product_tag","embeddable":true,"href":"https:\/\/www.sikortex.com\/de\/wp-json\/wp\/v2\/product_tag?post=6169"}],"curies":[{"name":"wp","href":"https:\/\/api.w.org\/{rel}","templated":true}]}}