{"id":4766,"date":"2023-06-28T16:43:35","date_gmt":"2023-06-28T08:43:35","guid":{"rendered":"http:\/\/shihan.vihsu.com\/?post_type=product&#038;p=4766"},"modified":"2025-01-08T12:38:58","modified_gmt":"2025-01-08T04:38:58","slug":"300d-fluoreszierende-farbe-oxford","status":"publish","type":"product","link":"https:\/\/www.sikortex.com\/de\/produkt\/300d-fluoreszierende-farbe-oxford\/","title":{"rendered":"300D Antistatik-Beschichtung Fluoreszierende Farbe Oxford"},"content":{"rendered":"<h5>Hersteller von SIKOR-TEX-Hi-Vis-Stoffen<\/h5>\n<p>300D antistatische Beschichtung, fluoreszierende Farbe Oxford, a <a href=\"https:\/\/www.sikortex.com\/de\/zeitschrift\/functional-fabric\/warnschutzstoffe\/\">Stoff mit hoher Sichtbarkeit<\/a> Entwickelt f\u00fcr optimale Leistung in einer Vielzahl von Arbeitsumgebungen. In das Gewebe eingebettete Kohlefasern leiten statische Elektrizit\u00e4t effektiv ab; Dieser Stoff vereint Funktionalit\u00e4t, Haltbarkeit und Sichtbarkeit, um die Sicherheit der Arbeiter unter anspruchsvollen Bedingungen zu gew\u00e4hrleisten.<\/p>\n<p>Fluoreszierende Farben verbessern die Sichtbarkeit und sind ideal f\u00fcr den Einsatz durch Stra\u00dfendienstpersonal, Energie-, Petrochemie-, Gas-, Energie- und Au\u00dfenarbeiter. Die <a href=\"https:\/\/www.sikortex.com\/de\/2025\/01\/03\/hersteller-fur-beschichtete-stoffe\/\"><span style=\"color: #3366ff;\">PU-Beschichtung<\/span><\/a> Ist <a href=\"\/de\/uber-wasserdichtes-oxford-gewebe\/\"><span style=\"color: #3366ff;\">wasserabweisend<\/span><\/a> um Sie vor Regen zu sch\u00fctzen und trocken zu halten. Dar\u00fcber hinaus ist die innovative Technologie von <a href=\"https:\/\/www.sikortex.com\/de\/2025\/01\/03\/hersteller-fur-beschichtete-stoffe\/\"><span style=\"color: #3366ff;\">PU-Beschichtung<\/span><\/a> und die hohe Atmungsaktivit\u00e4t kann den Schwei\u00df effektiv ableiten und sorgt so f\u00fcr Ihren Komfort auch bei widrigen Wetterbedingungen.<\/p>","protected":false},"excerpt":{"rendered":"<p>600 Meter (Mindestbestellmenge)<\/p>","protected":false},"featured_media":4414,"comment_status":"closed","ping_status":"closed","template":"","meta":{"_uag_custom_page_level_css":"","site-sidebar-layout":"default","site-content-layout":"default","ast-site-content-layout":"","site-content-style":"default","site-sidebar-style":"default","ast-global-header-display":"","ast-banner-title-visibility":"","ast-main-header-display":"","ast-hfb-above-header-display":"","ast-hfb-below-header-display":"","ast-hfb-mobile-header-display":"","site-post-title":"","ast-breadcrumbs-content":"","ast-featured-img":"","footer-sml-layout":"","theme-transparent-header-meta":"default","adv-header-id-meta":"","stick-header-meta":"default","header-above-stick-meta":"","header-main-stick-meta":"","header-below-stick-meta":"","astra-migrate-meta-layouts":"default","ast-page-background-enabled":"default","ast-page-background-meta":{"desktop":{"background-color":"","background-image":"","background-repeat":"repeat","background-position":"center center","background-size":"auto","background-attachment":"scroll","background-type":"","background-media":"","overlay-type":"","overlay-color":"","overlay-opacity":"","overlay-gradient":""},"tablet":{"background-color":"","background-image":"","background-repeat":"repeat","background-position":"center center","background-size":"auto","background-attachment":"scroll","background-type":"","background-media":"","overlay-type":"","overlay-color":"","overlay-opacity":"","overlay-gradient":""},"mobile":{"background-color":"","background-image":"","background-repeat":"repeat","background-position":"center center","background-size":"auto","background-attachment":"scroll","background-type":"","background-media":"","overlay-type":"","overlay-color":"","overlay-opacity":"","overlay-gradient":""}},"ast-content-background-meta":{"desktop":{"background-color":"var(--ast-global-color-5)","background-image":"","background-repeat":"repeat","background-position":"center center","background-size":"auto","background-attachment":"scroll","background-type":"","background-media":"","overlay-type":"","overlay-color":"","overlay-opacity":"","overlay-gradient":""},"tablet":{"background-color":"var(--ast-global-color-5)","background-image":"","background-repeat":"repeat","background-position":"center center","background-size":"auto","background-attachment":"scroll","background-type":"","background-media":"","overlay-type":"","overlay-color":"","overlay-opacity":"","overlay-gradient":""},"mobile":{"background-color":"var(--ast-global-color-5)","background-image":"","background-repeat":"repeat","background-position":"center center","background-size":"auto","background-attachment":"scroll","background-type":"","background-media":"","overlay-type":"","overlay-color":"","overlay-opacity":"","overlay-gradient":""}}},"product_brand":[],"product_cat":[413,426,423,1184,427,403,425],"product_tag":[],"class_list":{"0":"post-4766","1":"product","2":"type-product","3":"status-publish","4":"has-post-thumbnail","6":"product_cat-antistatic-fabrics","7":"product_cat-constructionmining","8":"product_cat-fabric-for-military-police","9":"product_cat-oxford-fabric","10":"product_cat-petroleum-and-petrochemical","11":"product_cat-polyester-fabrics","12":"product_cat-security-emergencies-road-services","13":"pa_available_colors-911052-spc","14":"desktop-align-left","15":"tablet-align-left","16":"mobile-align-left","17":"ast-product-gallery-layout-vertical-slider","18":"ast-product-tabs-layout-horizontal","20":"first","21":"instock","22":"shipping-taxable","23":"product-type-simple"},"uagb_featured_image_src":{"full":["https:\/\/www.sikortex.com\/wp-content\/uploads\/2023\/06\/11838128510_742988091.jpg",680,680,false],"thumbnail":["https:\/\/www.sikortex.com\/wp-content\/uploads\/2023\/06\/11838128510_742988091-150x150.jpg",150,150,true],"medium":["https:\/\/www.sikortex.com\/wp-content\/uploads\/2023\/06\/11838128510_742988091-300x300.jpg",300,300,true],"medium_large":["https:\/\/www.sikortex.com\/wp-content\/uploads\/2023\/06\/11838128510_742988091.jpg",680,680,false],"large":["https:\/\/www.sikortex.com\/wp-content\/uploads\/2023\/06\/11838128510_742988091.jpg",680,680,false],"1536x1536":["https:\/\/www.sikortex.com\/wp-content\/uploads\/2023\/06\/11838128510_742988091.jpg",680,680,false],"2048x2048":["https:\/\/www.sikortex.com\/wp-content\/uploads\/2023\/06\/11838128510_742988091.jpg",680,680,false],"trp-custom-language-flag":["https:\/\/www.sikortex.com\/wp-content\/uploads\/2023\/06\/11838128510_742988091.jpg",12,12,false],"woocommerce_thumbnail":["https:\/\/www.sikortex.com\/wp-content\/uploads\/2023\/06\/11838128510_742988091-300x300.jpg",300,300,true],"woocommerce_single":["https:\/\/www.sikortex.com\/wp-content\/uploads\/2023\/06\/11838128510_742988091-600x600.jpg",600,600,true],"woocommerce_gallery_thumbnail":["https:\/\/www.sikortex.com\/wp-content\/uploads\/2023\/06\/11838128510_742988091-100x100.jpg",100,100,true]},"uagb_author_info":{"display_name":"Perry","author_link":"https:\/\/www.sikortex.com\/de\/author\/"},"uagb_comment_info":0,"uagb_excerpt":"600 Meters(Min.Order)","_links":{"self":[{"href":"https:\/\/www.sikortex.com\/de\/wp-json\/wp\/v2\/product\/4766","targetHints":{"allow":["GET"]}}],"collection":[{"href":"https:\/\/www.sikortex.com\/de\/wp-json\/wp\/v2\/product"}],"about":[{"href":"https:\/\/www.sikortex.com\/de\/wp-json\/wp\/v2\/types\/product"}],"replies":[{"embeddable":true,"href":"https:\/\/www.sikortex.com\/de\/wp-json\/wp\/v2\/comments?post=4766"}],"wp:featuredmedia":[{"embeddable":true,"href":"https:\/\/www.sikortex.com\/de\/wp-json\/wp\/v2\/media\/4414"}],"wp:attachment":[{"href":"https:\/\/www.sikortex.com\/de\/wp-json\/wp\/v2\/media?parent=4766"}],"wp:term":[{"taxonomy":"product_brand","embeddable":true,"href":"https:\/\/www.sikortex.com\/de\/wp-json\/wp\/v2\/product_brand?post=4766"},{"taxonomy":"product_cat","embeddable":true,"href":"https:\/\/www.sikortex.com\/de\/wp-json\/wp\/v2\/product_cat?post=4766"},{"taxonomy":"product_tag","embeddable":true,"href":"https:\/\/www.sikortex.com\/de\/wp-json\/wp\/v2\/product_tag?post=4766"}],"curies":[{"name":"wp","href":"https:\/\/api.w.org\/{rel}","templated":true}]}}