{"id":4621,"date":"2023-06-27T16:26:35","date_gmt":"2023-06-27T08:26:35","guid":{"rendered":"http:\/\/shihan.vihsu.com\/?post_type=product&#038;p=4621"},"modified":"2023-09-24T14:27:42","modified_gmt":"2023-09-24T06:27:42","slug":"der-dunnste-3-lagen-stretch-nylonstoff","status":"publish","type":"product","link":"https:\/\/www.sikortex.com\/de\/produkt\/der-dunnste-3-lagen-stretch-nylonstoff\/","title":{"rendered":"Das d\u00fcnnste 3-Lagen-Nylon-Stretchgewebe"},"content":{"rendered":"<p>Wir stellen Ihnen den d\u00fcnnsten 3-Lagen-Stretchstoff aus Nylon vor \u2013 die perfekte Wahl f\u00fcr alle, die bei ihrer Outdoor-Kleidung sowohl Mode als auch Funktion verlangen. Dieser Stoff wird hergestellt, indem Nylonfasern mit 20 Denier und Spandexfasern mit 20 Denier zusammengewickelt und mit Gewirke und PU-Folie laminiert werden. Das Ergebnis ist der d\u00fcnnste 3-Lagen-Stoff, der derzeit erh\u00e4ltlich ist. Sein leichtes Design erleichtert das Tragen und Packen, w\u00e4hrend seine hohe Festigkeit und Abriebfestigkeit es langlebig genug machen, um starker Beanspruchung standzuhalten. Der Stoff ist wasserdicht bis zu einem Wasserdruck von 10.000 mm und atmungsaktiv bis zu 10.000 g\/m\u00b2\/24 Stunden, um sicherzustellen, dass Sie bei jedem Wetter trocken und komfortabel bleiben.<br \/>\nSIKOR-TEX ist dieser Stoff ideal f\u00fcr Softshelljacken, Daunenjacken, Loungewear und Outdoor-Sportbekleidung. Seine einzigartige Kombination aus Leichtigkeit, Dehnbarkeit, Strapazierf\u00e4higkeit und wasserdichter Atmungsaktivit\u00e4t machen es ideal f\u00fcr eine Reihe von Outdoor-Aktivit\u00e4ten, von Freizeitkleidung bis hin zum Motorsport.<br \/>\nErleben Sie noch heute den Komfort und die Funktionalit\u00e4t des d\u00fcnnsten 3-Lagen-Nylon-Stretch-Gewebes und bringen Sie Ihre Outdoor-Abenteuer auf die n\u00e4chste Stufe.<\/p>\n<p><a href=\"https:\/\/www.sikortex.com\/de\/stofffinder\/\">STOFFFINDER<\/a> Wasserdicht und atmungsaktiv, Gore Tex 20.000 mm, 28.000 mm, Softshell-Gewebe<\/p>","protected":false},"excerpt":{"rendered":"<p>600 Meter (Mindestbestellmenge)<\/p>","protected":false},"featured_media":4602,"comment_status":"closed","ping_status":"closed","template":"","meta":{"_uag_custom_page_level_css":"","site-sidebar-layout":"default","site-content-layout":"default","ast-site-content-layout":"","site-content-style":"default","site-sidebar-style":"default","ast-global-header-display":"","ast-banner-title-visibility":"","ast-main-header-display":"","ast-hfb-above-header-display":"","ast-hfb-below-header-display":"","ast-hfb-mobile-header-display":"","site-post-title":"","ast-breadcrumbs-content":"","ast-featured-img":"","footer-sml-layout":"","theme-transparent-header-meta":"default","adv-header-id-meta":"","stick-header-meta":"default","header-above-stick-meta":"","header-main-stick-meta":"","header-below-stick-meta":"","astra-migrate-meta-layouts":"default","ast-page-background-enabled":"default","ast-page-background-meta":{"desktop":{"background-color":"","background-image":"","background-repeat":"repeat","background-position":"center center","background-size":"auto","background-attachment":"scroll","background-type":"","background-media":"","overlay-type":"","overlay-color":"","overlay-opacity":"","overlay-gradient":""},"tablet":{"background-color":"","background-image":"","background-repeat":"repeat","background-position":"center center","background-size":"auto","background-attachment":"scroll","background-type":"","background-media":"","overlay-type":"","overlay-color":"","overlay-opacity":"","overlay-gradient":""},"mobile":{"background-color":"","background-image":"","background-repeat":"repeat","background-position":"center center","background-size":"auto","background-attachment":"scroll","background-type":"","background-media":"","overlay-type":"","overlay-color":"","overlay-opacity":"","overlay-gradient":""}},"ast-content-background-meta":{"desktop":{"background-color":"var(--ast-global-color-5)","background-image":"","background-repeat":"repeat","background-position":"center center","background-size":"auto","background-attachment":"scroll","background-type":"","background-media":"","overlay-type":"","overlay-color":"","overlay-opacity":"","overlay-gradient":""},"tablet":{"background-color":"var(--ast-global-color-5)","background-image":"","background-repeat":"repeat","background-position":"center center","background-size":"auto","background-attachment":"scroll","background-type":"","background-media":"","overlay-type":"","overlay-color":"","overlay-opacity":"","overlay-gradient":""},"mobile":{"background-color":"var(--ast-global-color-5)","background-image":"","background-repeat":"repeat","background-position":"center center","background-size":"auto","background-attachment":"scroll","background-type":"","background-media":"","overlay-type":"","overlay-color":"","overlay-opacity":"","overlay-gradient":""}}},"product_brand":[],"product_cat":[431,428,421,404,415,414],"product_tag":[],"class_list":{"0":"post-4621","1":"product","2":"type-product","3":"status-publish","4":"has-post-thumbnail","6":"product_cat-fabric-for-commuting-clothing","7":"product_cat-fabric-for-outdoor-sports","8":"product_cat-foul-weather-fabrics","9":"product_cat-nylon-fabrics","10":"product_cat-oil-repellent-fabric","11":"product_cat-waterproof-fabrics","12":"pa_available_colors-911052-spc","13":"desktop-align-left","14":"tablet-align-left","15":"mobile-align-left","16":"ast-product-gallery-layout-vertical-slider","17":"ast-product-tabs-layout-horizontal","19":"first","20":"instock","21":"shipping-taxable","22":"product-type-simple"},"uagb_featured_image_src":{"full":["https:\/\/www.sikortex.com\/wp-content\/uploads\/2023\/06\/DSC02841-e1693107037461.jpg",800,800,false],"thumbnail":["https:\/\/www.sikortex.com\/wp-content\/uploads\/2023\/06\/DSC02841-e1693107037461-150x150.jpg",150,150,true],"medium":["https:\/\/www.sikortex.com\/wp-content\/uploads\/2023\/06\/DSC02841-e1693107037461-300x300.jpg",300,300,true],"medium_large":["https:\/\/www.sikortex.com\/wp-content\/uploads\/2023\/06\/DSC02841-e1693107037461-768x768.jpg",768,768,true],"large":["https:\/\/www.sikortex.com\/wp-content\/uploads\/2023\/06\/DSC02841-e1693107037461.jpg",800,800,false],"1536x1536":["https:\/\/www.sikortex.com\/wp-content\/uploads\/2023\/06\/DSC02841-e1693107037461.jpg",800,800,false],"2048x2048":["https:\/\/www.sikortex.com\/wp-content\/uploads\/2023\/06\/DSC02841-e1693107037461.jpg",800,800,false],"trp-custom-language-flag":["https:\/\/www.sikortex.com\/wp-content\/uploads\/2023\/06\/DSC02841-e1693107037461-12x12.jpg",12,12,true],"woocommerce_thumbnail":["https:\/\/www.sikortex.com\/wp-content\/uploads\/2023\/06\/DSC02841-e1693107037461-300x300.jpg",300,300,true],"woocommerce_single":["https:\/\/www.sikortex.com\/wp-content\/uploads\/2023\/06\/DSC02841-e1693107037461-600x600.jpg",600,600,true],"woocommerce_gallery_thumbnail":["https:\/\/www.sikortex.com\/wp-content\/uploads\/2023\/06\/DSC02841-e1693107037461-100x100.jpg",100,100,true]},"uagb_author_info":{"display_name":"Perry","author_link":"https:\/\/www.sikortex.com\/de\/author\/"},"uagb_comment_info":0,"uagb_excerpt":"600 Meters(Min.Order)","_links":{"self":[{"href":"https:\/\/www.sikortex.com\/de\/wp-json\/wp\/v2\/product\/4621","targetHints":{"allow":["GET"]}}],"collection":[{"href":"https:\/\/www.sikortex.com\/de\/wp-json\/wp\/v2\/product"}],"about":[{"href":"https:\/\/www.sikortex.com\/de\/wp-json\/wp\/v2\/types\/product"}],"replies":[{"embeddable":true,"href":"https:\/\/www.sikortex.com\/de\/wp-json\/wp\/v2\/comments?post=4621"}],"wp:featuredmedia":[{"embeddable":true,"href":"https:\/\/www.sikortex.com\/de\/wp-json\/wp\/v2\/media\/4602"}],"wp:attachment":[{"href":"https:\/\/www.sikortex.com\/de\/wp-json\/wp\/v2\/media?parent=4621"}],"wp:term":[{"taxonomy":"product_brand","embeddable":true,"href":"https:\/\/www.sikortex.com\/de\/wp-json\/wp\/v2\/product_brand?post=4621"},{"taxonomy":"product_cat","embeddable":true,"href":"https:\/\/www.sikortex.com\/de\/wp-json\/wp\/v2\/product_cat?post=4621"},{"taxonomy":"product_tag","embeddable":true,"href":"https:\/\/www.sikortex.com\/de\/wp-json\/wp\/v2\/product_tag?post=4621"}],"curies":[{"name":"wp","href":"https:\/\/api.w.org\/{rel}","templated":true}]}}