{"id":4579,"date":"2023-06-27T16:04:42","date_gmt":"2023-06-27T08:04:42","guid":{"rendered":"http:\/\/shihan.vihsu.com\/?post_type=product&#038;p=4579"},"modified":"2023-11-21T12:55:57","modified_gmt":"2023-11-21T04:55:57","slug":"polyester-mikrofaser-plusch-gewebe","status":"publish","type":"product","link":"https:\/\/www.sikortex.com\/de\/produkt\/polyester-mikrofaser-plusch-gewebe\/","title":{"rendered":"Polyester-Mikrofaser-Pl\u00fcsch-Xpore-Gewebe"},"content":{"rendered":"<p>SIKOR-TEX Polyester-Mikrofaser-Pl\u00fcschgef\u00fchl-Xpore-Gewebe. Dieser Stoff zeichnet sich durch ein einzigartiges Pl\u00fcschgef\u00fchl aus und eignet sich perfekt f\u00fcr die Herstellung kuscheliger und bequemer Kleidung wie Freizeitbekleidung, Outdoor-Bekleidung f\u00fcr kaltes Wetter und Daunenjacken. Seine Mikrofaserkonstruktion verleiht dem Stoff Struktur und Dimension und hebt ihn so von anderen Materialien ab, die \u00fcblicherweise f\u00fcr Kleidung verwendet werden.<br \/>\nDas Polyester-Mikrofaser-Pl\u00fcschgef\u00fchl-Xpore-Gewebe ist au\u00dferdem \u00e4u\u00dferst vielseitig und pflegeleicht, sodass es auch nach mehreren W\u00e4schen in ausgezeichnetem Zustand bleibt. Dank seiner langlebigen Konstruktion h\u00e4lt es starker Beanspruchung stand und eignet sich daher perfekt f\u00fcr den t\u00e4glichen Gebrauch.<\/p>\n<p><a href=\"https:\/\/www.sikortex.com\/de\/stofffinder\/\">STOFFFINDER<\/a><\/p>","protected":false},"excerpt":{"rendered":"<p>1200 Meter (Mindestbestellmenge)<\/p>","protected":false},"featured_media":4588,"comment_status":"closed","ping_status":"closed","template":"","meta":{"_uag_custom_page_level_css":"","site-sidebar-layout":"default","site-content-layout":"default","ast-site-content-layout":"","site-content-style":"default","site-sidebar-style":"default","ast-global-header-display":"","ast-banner-title-visibility":"","ast-main-header-display":"","ast-hfb-above-header-display":"","ast-hfb-below-header-display":"","ast-hfb-mobile-header-display":"","site-post-title":"","ast-breadcrumbs-content":"","ast-featured-img":"","footer-sml-layout":"","theme-transparent-header-meta":"default","adv-header-id-meta":"","stick-header-meta":"default","header-above-stick-meta":"","header-main-stick-meta":"","header-below-stick-meta":"","astra-migrate-meta-layouts":"default","ast-page-background-enabled":"default","ast-page-background-meta":{"desktop":{"background-color":"","background-image":"","background-repeat":"repeat","background-position":"center center","background-size":"auto","background-attachment":"scroll","background-type":"","background-media":"","overlay-type":"","overlay-color":"","overlay-opacity":"","overlay-gradient":""},"tablet":{"background-color":"","background-image":"","background-repeat":"repeat","background-position":"center center","background-size":"auto","background-attachment":"scroll","background-type":"","background-media":"","overlay-type":"","overlay-color":"","overlay-opacity":"","overlay-gradient":""},"mobile":{"background-color":"","background-image":"","background-repeat":"repeat","background-position":"center center","background-size":"auto","background-attachment":"scroll","background-type":"","background-media":"","overlay-type":"","overlay-color":"","overlay-opacity":"","overlay-gradient":""}},"ast-content-background-meta":{"desktop":{"background-color":"var(--ast-global-color-5)","background-image":"","background-repeat":"repeat","background-position":"center center","background-size":"auto","background-attachment":"scroll","background-type":"","background-media":"","overlay-type":"","overlay-color":"","overlay-opacity":"","overlay-gradient":""},"tablet":{"background-color":"var(--ast-global-color-5)","background-image":"","background-repeat":"repeat","background-position":"center center","background-size":"auto","background-attachment":"scroll","background-type":"","background-media":"","overlay-type":"","overlay-color":"","overlay-opacity":"","overlay-gradient":""},"mobile":{"background-color":"var(--ast-global-color-5)","background-image":"","background-repeat":"repeat","background-position":"center center","background-size":"auto","background-attachment":"scroll","background-type":"","background-media":"","overlay-type":"","overlay-color":"","overlay-opacity":"","overlay-gradient":""}}},"product_brand":[],"product_cat":[431,428,403],"product_tag":[],"class_list":{"0":"post-4579","1":"product","2":"type-product","3":"status-publish","4":"has-post-thumbnail","6":"product_cat-fabric-for-commuting-clothing","7":"product_cat-fabric-for-outdoor-sports","8":"product_cat-polyester-fabrics","9":"pa_available_colors-1526-07","10":"desktop-align-left","11":"tablet-align-left","12":"mobile-align-left","13":"ast-product-gallery-layout-vertical-slider","14":"ast-product-tabs-layout-horizontal","16":"first","17":"instock","18":"shipping-taxable","19":"product-type-simple"},"uagb_featured_image_src":{"full":["https:\/\/www.sikortex.com\/wp-content\/uploads\/2023\/06\/DSC00386-e1693106766874.jpg",800,800,false],"thumbnail":["https:\/\/www.sikortex.com\/wp-content\/uploads\/2023\/06\/DSC00386-e1693106766874-150x150.jpg",150,150,true],"medium":["https:\/\/www.sikortex.com\/wp-content\/uploads\/2023\/06\/DSC00386-e1693106766874-300x300.jpg",300,300,true],"medium_large":["https:\/\/www.sikortex.com\/wp-content\/uploads\/2023\/06\/DSC00386-e1693106766874-768x768.jpg",768,768,true],"large":["https:\/\/www.sikortex.com\/wp-content\/uploads\/2023\/06\/DSC00386-e1693106766874.jpg",800,800,false],"1536x1536":["https:\/\/www.sikortex.com\/wp-content\/uploads\/2023\/06\/DSC00386-e1693106766874.jpg",800,800,false],"2048x2048":["https:\/\/www.sikortex.com\/wp-content\/uploads\/2023\/06\/DSC00386-e1693106766874.jpg",800,800,false],"trp-custom-language-flag":["https:\/\/www.sikortex.com\/wp-content\/uploads\/2023\/06\/DSC00386-e1693106766874-12x12.jpg",12,12,true],"woocommerce_thumbnail":["https:\/\/www.sikortex.com\/wp-content\/uploads\/2023\/06\/DSC00386-e1693106766874-300x300.jpg",300,300,true],"woocommerce_single":["https:\/\/www.sikortex.com\/wp-content\/uploads\/2023\/06\/DSC00386-e1693106766874-600x600.jpg",600,600,true],"woocommerce_gallery_thumbnail":["https:\/\/www.sikortex.com\/wp-content\/uploads\/2023\/06\/DSC00386-e1693106766874-100x100.jpg",100,100,true]},"uagb_author_info":{"display_name":"Perry","author_link":"https:\/\/www.sikortex.com\/de\/author\/"},"uagb_comment_info":0,"uagb_excerpt":"1200 Meters(Min.Order)","_links":{"self":[{"href":"https:\/\/www.sikortex.com\/de\/wp-json\/wp\/v2\/product\/4579","targetHints":{"allow":["GET"]}}],"collection":[{"href":"https:\/\/www.sikortex.com\/de\/wp-json\/wp\/v2\/product"}],"about":[{"href":"https:\/\/www.sikortex.com\/de\/wp-json\/wp\/v2\/types\/product"}],"replies":[{"embeddable":true,"href":"https:\/\/www.sikortex.com\/de\/wp-json\/wp\/v2\/comments?post=4579"}],"wp:featuredmedia":[{"embeddable":true,"href":"https:\/\/www.sikortex.com\/de\/wp-json\/wp\/v2\/media\/4588"}],"wp:attachment":[{"href":"https:\/\/www.sikortex.com\/de\/wp-json\/wp\/v2\/media?parent=4579"}],"wp:term":[{"taxonomy":"product_brand","embeddable":true,"href":"https:\/\/www.sikortex.com\/de\/wp-json\/wp\/v2\/product_brand?post=4579"},{"taxonomy":"product_cat","embeddable":true,"href":"https:\/\/www.sikortex.com\/de\/wp-json\/wp\/v2\/product_cat?post=4579"},{"taxonomy":"product_tag","embeddable":true,"href":"https:\/\/www.sikortex.com\/de\/wp-json\/wp\/v2\/product_tag?post=4579"}],"curies":[{"name":"wp","href":"https:\/\/api.w.org\/{rel}","templated":true}]}}