{"id":4568,"date":"2023-06-27T15:32:59","date_gmt":"2023-06-27T07:32:59","guid":{"rendered":"http:\/\/shihan.vihsu.com\/?post_type=product&#038;p=4568"},"modified":"2025-01-09T10:47:25","modified_gmt":"2025-01-09T02:47:25","slug":"nylon-6-6-30d-double-line-grid-ripstop-gewebe","status":"publish","type":"product","link":"https:\/\/www.sikortex.com\/de\/produkt\/nylon-6-6-30d-double-line-grid-ripstop-gewebe\/","title":{"rendered":"Nylon 6.6 30D Double Line Grid Ripstop verschlei\u00dffestes Gewebe"},"content":{"rendered":"<p><a href=\"https:\/\/www.sikortex.com\/de\/firmenprofil\/\"><span style=\"color: #3366ff;\">SIKOR-TEX<\/span><\/a> Nylon 6.6 30D Doppelliniengitter <a href=\"https:\/\/www.sikortex.com\/de\/2024\/09\/05\/lieferant-von-ripstop-stoffen-ripstop-material\/\"><span style=\"color: #3366ff;\">Ripstop<\/span><\/a> Verschlei\u00dffestes Gewebe, Nylon 6\/6 ist steifer und in der Regel haltbarer als Nylon 6, mit besserer chemischer Best\u00e4ndigkeit gegen ges\u00e4ttigtes Calciumchlorid, gr\u00f6\u00dferer Formschrumpfung und h\u00f6herer Abriebfestigkeit. Das Material ist <a href=\"https:\/\/www.sikortex.com\/de\/nylon-baumwollstoff-ripstop-windbreaker-stoff-3\/\"><span style=\"color: #3366ff;\">leicht<\/span><\/a> und weist eine hohe mechanische Festigkeit, Z\u00e4higkeit, Steifheit und H\u00e4rte auf. Es weist au\u00dferdem eine gute Erm\u00fcdungs- und Schlagfestigkeit, eine ausgezeichnete Verschlei\u00dffestigkeit, gute elektrische Isoliereigenschaften sowie eine ausgezeichnete Kraftstoff- und \u00d6lbest\u00e4ndigkeit auf.<\/p>\n<p>Wenn Sie nach einem vielseitigen und verschlei\u00dffesten Gewebe suchen, sind Sie bei Nylon 6\/6 genau richtig. Mit seinen hervorragenden mechanischen Eigenschaften, einschlie\u00dflich hoher Festigkeit, Z\u00e4higkeit und Steifheit, eignet es sich perfekt f\u00fcr eine Vielzahl von Anwendungen. Egal, ob Sie Outdoor-Ausr\u00fcstung, robuste Taschen oder langlebige Kleidung herstellen m\u00f6chten, Nylon 6\/6-Gewebe ist eine gute Wahl. Seine hervorragende Kraftstoff- und \u00d6lbest\u00e4ndigkeit macht es ideal f\u00fcr Automobil- und <a href=\"https:\/\/www.sikortex.com\/de\/arbeitskleidung-fur-transport-und\/\"><span style=\"color: #3366ff;\">industriell<\/span><\/a> Anwendungen, w\u00e4hrend seine <a href=\"https:\/\/www.sikortex.com\/de\/nylon-baumwollstoff-ripstop-windbreaker-stoff-3\/\"><span style=\"color: #3366ff;\">leicht<\/span><\/a> Die Konstruktion macht es perfekt f\u00fcr alles, was sowohl robust als auch leicht zu tragen sein muss. Mit all diesen Vorteilen ist klar, dass Nylon 6\/6-Gewebe eine kluge Wahl f\u00fcr alle ist, die hochwertige, langlebige Produkte herstellen m\u00f6chten.<\/p>\n<p><span style=\"color: #3366ff;\"><a style=\"color: #3366ff;\" href=\"https:\/\/www.sikortex.com\/de\/stofffinder\/\">STOFFFINDER<\/a><\/span><\/p>","protected":false},"excerpt":{"rendered":"<p>1000 Meter (Mindestbestellmenge)<\/p>","protected":false},"featured_media":4566,"comment_status":"closed","ping_status":"closed","template":"","meta":{"_uag_custom_page_level_css":"","site-sidebar-layout":"default","site-content-layout":"default","ast-site-content-layout":"","site-content-style":"default","site-sidebar-style":"default","ast-global-header-display":"","ast-banner-title-visibility":"","ast-main-header-display":"","ast-hfb-above-header-display":"","ast-hfb-below-header-display":"","ast-hfb-mobile-header-display":"","site-post-title":"","ast-breadcrumbs-content":"","ast-featured-img":"","footer-sml-layout":"","theme-transparent-header-meta":"default","adv-header-id-meta":"","stick-header-meta":"default","header-above-stick-meta":"","header-main-stick-meta":"","header-below-stick-meta":"","astra-migrate-meta-layouts":"default","ast-page-background-enabled":"default","ast-page-background-meta":{"desktop":{"background-color":"","background-image":"","background-repeat":"repeat","background-position":"center center","background-size":"auto","background-attachment":"scroll","background-type":"","background-media":"","overlay-type":"","overlay-color":"","overlay-opacity":"","overlay-gradient":""},"tablet":{"background-color":"","background-image":"","background-repeat":"repeat","background-position":"center center","background-size":"auto","background-attachment":"scroll","background-type":"","background-media":"","overlay-type":"","overlay-color":"","overlay-opacity":"","overlay-gradient":""},"mobile":{"background-color":"","background-image":"","background-repeat":"repeat","background-position":"center center","background-size":"auto","background-attachment":"scroll","background-type":"","background-media":"","overlay-type":"","overlay-color":"","overlay-opacity":"","overlay-gradient":""}},"ast-content-background-meta":{"desktop":{"background-color":"var(--ast-global-color-5)","background-image":"","background-repeat":"repeat","background-position":"center center","background-size":"auto","background-attachment":"scroll","background-type":"","background-media":"","overlay-type":"","overlay-color":"","overlay-opacity":"","overlay-gradient":""},"tablet":{"background-color":"var(--ast-global-color-5)","background-image":"","background-repeat":"repeat","background-position":"center center","background-size":"auto","background-attachment":"scroll","background-type":"","background-media":"","overlay-type":"","overlay-color":"","overlay-opacity":"","overlay-gradient":""},"mobile":{"background-color":"var(--ast-global-color-5)","background-image":"","background-repeat":"repeat","background-position":"center center","background-size":"auto","background-attachment":"scroll","background-type":"","background-media":"","overlay-type":"","overlay-color":"","overlay-opacity":"","overlay-gradient":""}}},"product_brand":[],"product_cat":[428,432,1145,404,433],"product_tag":[],"class_list":{"0":"post-4568","1":"product","2":"type-product","3":"status-publish","4":"has-post-thumbnail","6":"product_cat-fabric-for-outdoor-sports","7":"product_cat-fabric-for-tent","8":"product_cat-lightweight-fabric","9":"product_cat-nylon-fabrics","10":"product_cat-textile-for-industrial","11":"pa_available_colors-h-black","12":"desktop-align-left","13":"tablet-align-left","14":"mobile-align-left","15":"ast-product-gallery-layout-vertical-slider","16":"ast-product-tabs-layout-horizontal","18":"first","19":"instock","20":"shipping-taxable","21":"product-type-simple"},"uagb_featured_image_src":{"full":["https:\/\/www.sikortex.com\/wp-content\/uploads\/2023\/06\/9312958505_1058445396.jpg",1024,1024,false],"thumbnail":["https:\/\/www.sikortex.com\/wp-content\/uploads\/2023\/06\/9312958505_1058445396-150x150.jpg",150,150,true],"medium":["https:\/\/www.sikortex.com\/wp-content\/uploads\/2023\/06\/9312958505_1058445396-300x300.jpg",300,300,true],"medium_large":["https:\/\/www.sikortex.com\/wp-content\/uploads\/2023\/06\/9312958505_1058445396-768x768.jpg",768,768,true],"large":["https:\/\/www.sikortex.com\/wp-content\/uploads\/2023\/06\/9312958505_1058445396.jpg",1024,1024,false],"1536x1536":["https:\/\/www.sikortex.com\/wp-content\/uploads\/2023\/06\/9312958505_1058445396.jpg",1024,1024,false],"2048x2048":["https:\/\/www.sikortex.com\/wp-content\/uploads\/2023\/06\/9312958505_1058445396.jpg",1024,1024,false],"trp-custom-language-flag":["https:\/\/www.sikortex.com\/wp-content\/uploads\/2023\/06\/9312958505_1058445396.jpg",12,12,false],"woocommerce_thumbnail":["https:\/\/www.sikortex.com\/wp-content\/uploads\/2023\/06\/9312958505_1058445396-300x300.jpg",300,300,true],"woocommerce_single":["https:\/\/www.sikortex.com\/wp-content\/uploads\/2023\/06\/9312958505_1058445396-600x600.jpg",600,600,true],"woocommerce_gallery_thumbnail":["https:\/\/www.sikortex.com\/wp-content\/uploads\/2023\/06\/9312958505_1058445396-100x100.jpg",100,100,true]},"uagb_author_info":{"display_name":"Perry","author_link":"https:\/\/www.sikortex.com\/de\/author\/"},"uagb_comment_info":0,"uagb_excerpt":"1000 Meters(Min.Order)","_links":{"self":[{"href":"https:\/\/www.sikortex.com\/de\/wp-json\/wp\/v2\/product\/4568","targetHints":{"allow":["GET"]}}],"collection":[{"href":"https:\/\/www.sikortex.com\/de\/wp-json\/wp\/v2\/product"}],"about":[{"href":"https:\/\/www.sikortex.com\/de\/wp-json\/wp\/v2\/types\/product"}],"replies":[{"embeddable":true,"href":"https:\/\/www.sikortex.com\/de\/wp-json\/wp\/v2\/comments?post=4568"}],"wp:featuredmedia":[{"embeddable":true,"href":"https:\/\/www.sikortex.com\/de\/wp-json\/wp\/v2\/media\/4566"}],"wp:attachment":[{"href":"https:\/\/www.sikortex.com\/de\/wp-json\/wp\/v2\/media?parent=4568"}],"wp:term":[{"taxonomy":"product_brand","embeddable":true,"href":"https:\/\/www.sikortex.com\/de\/wp-json\/wp\/v2\/product_brand?post=4568"},{"taxonomy":"product_cat","embeddable":true,"href":"https:\/\/www.sikortex.com\/de\/wp-json\/wp\/v2\/product_cat?post=4568"},{"taxonomy":"product_tag","embeddable":true,"href":"https:\/\/www.sikortex.com\/de\/wp-json\/wp\/v2\/product_tag?post=4568"}],"curies":[{"name":"wp","href":"https:\/\/api.w.org\/{rel}","templated":true}]}}