{"id":4347,"date":"2023-06-26T17:16:07","date_gmt":"2023-06-26T09:16:07","guid":{"rendered":"http:\/\/shihan.vihsu.com\/?post_type=product&#038;p=4347"},"modified":"2025-08-18T14:04:52","modified_gmt":"2025-08-18T06:04:52","slug":"polyester-600d-verschlusseltes-oxford","status":"publish","type":"product","link":"https:\/\/www.sikortex.com\/de\/produkt\/polyester-600d-verschlusseltes-oxford\/","title":{"rendered":"L\u00f6sungsgef\u00e4rbtes, verschl\u00fcsseltes Polyester 600D Oxford-Gewebe"},"content":{"rendered":"<h5>SIKOR-TEX ist ein Hersteller von Hochleistungsgeweben mit Sitz in China<\/h5>\n<p>Solution Dyeing Encrypted Polyester 600D Oxford Fabric mit TPU-Laminierung ist ein hochwertiges Material, das sich perfekt f\u00fcr die Herstellung von langlebigen, <a href=\"https:\/\/www.sikortex.com\/de\/wasserdichtes-atmungsaktives-gewebe\/\"><span style=\"color: #3366ff;\">wasserdicht und atmungsaktiv<\/span><\/a> Kleidung. Dieser Stoff ist ideal f\u00fcr die Herstellung <a href=\"https:\/\/www.sikortex.com\/de\/stoff-fur-motorradbekleidung\/\"><span style=\"color: #3366ff;\">Motorradjacken<\/span><\/a>, <a href=\"https:\/\/www.sikortex.com\/de\/militarstoff-ripstop-stoff\/\"><span style=\"color: #3366ff;\">Polizeiuniformen<\/span><\/a>, Und <a href=\"https:\/\/www.sikortex.com\/de\/zeitschrift\/berufskleidungsstoffe\/\"><span style=\"color: #3366ff;\">Outdoor-Arbeitskleidung<\/span><\/a>.<\/p>\n<p>Der Stoff besteht aus hochfesten Polyesterfasern, die eng miteinander verwoben sind, um ein starkes und langlebiges Material zu schaffen. Die TPU-Laminierung bietet eine zus\u00e4tzliche Schutzschicht gegen Wasser und ist somit ideal f\u00fcr den Einsatz in nassen Umgebungen.<\/p>\n<p>Zus\u00e4tzlich zu seiner Haltbarkeit und Wasserfestigkeit bietet Encrypted <a href=\"https:\/\/www.sikortex.com\/de\/nylon-baumwollstoff-ripstop-windbreaker-stoff-5\/\"><span style=\"color: #3366ff;\">Oxford<\/span><\/a> Gewebe mit TPU-Laminierung ist zudem atmungsaktiv. Dadurch ist es auch bei warmen Temperaturen \u00fcber l\u00e4ngere Zeit angenehm zu tragen. Die Atmungsaktivit\u00e4t des Gewebes hilft au\u00dferdem dabei, die Ansammlung von Feuchtigkeit zu verhindern, die unangenehm sein und zu Hautreizungen f\u00fchren kann.<\/p>","protected":false},"excerpt":{"rendered":"<p>800 Meter (Mindestbestellmenge)<\/p>","protected":false},"featured_media":4349,"comment_status":"closed","ping_status":"closed","template":"","meta":{"_uag_custom_page_level_css":"","site-sidebar-layout":"default","site-content-layout":"default","ast-site-content-layout":"","site-content-style":"default","site-sidebar-style":"default","ast-global-header-display":"","ast-banner-title-visibility":"","ast-main-header-display":"","ast-hfb-above-header-display":"","ast-hfb-below-header-display":"","ast-hfb-mobile-header-display":"","site-post-title":"","ast-breadcrumbs-content":"","ast-featured-img":"","footer-sml-layout":"","theme-transparent-header-meta":"default","adv-header-id-meta":"","stick-header-meta":"default","header-above-stick-meta":"","header-main-stick-meta":"","header-below-stick-meta":"","astra-migrate-meta-layouts":"default","ast-page-background-enabled":"default","ast-page-background-meta":{"desktop":{"background-color":"","background-image":"","background-repeat":"repeat","background-position":"center center","background-size":"auto","background-attachment":"scroll","background-type":"","background-media":"","overlay-type":"","overlay-color":"","overlay-opacity":"","overlay-gradient":""},"tablet":{"background-color":"","background-image":"","background-repeat":"repeat","background-position":"center center","background-size":"auto","background-attachment":"scroll","background-type":"","background-media":"","overlay-type":"","overlay-color":"","overlay-opacity":"","overlay-gradient":""},"mobile":{"background-color":"","background-image":"","background-repeat":"repeat","background-position":"center center","background-size":"auto","background-attachment":"scroll","background-type":"","background-media":"","overlay-type":"","overlay-color":"","overlay-opacity":"","overlay-gradient":""}},"ast-content-background-meta":{"desktop":{"background-color":"var(--ast-global-color-5)","background-image":"","background-repeat":"repeat","background-position":"center center","background-size":"auto","background-attachment":"scroll","background-type":"","background-media":"","overlay-type":"","overlay-color":"","overlay-opacity":"","overlay-gradient":""},"tablet":{"background-color":"var(--ast-global-color-5)","background-image":"","background-repeat":"repeat","background-position":"center center","background-size":"auto","background-attachment":"scroll","background-type":"","background-media":"","overlay-type":"","overlay-color":"","overlay-opacity":"","overlay-gradient":""},"mobile":{"background-color":"var(--ast-global-color-5)","background-image":"","background-repeat":"repeat","background-position":"center center","background-size":"auto","background-attachment":"scroll","background-type":"","background-media":"","overlay-type":"","overlay-color":"","overlay-opacity":"","overlay-gradient":""}}},"product_brand":[],"product_cat":[1126,1206,432,1218,1184,403,1185,433,1697,414],"product_tag":[],"class_list":{"0":"post-4347","1":"product","2":"type-product","3":"status-publish","4":"has-post-thumbnail","6":"product_cat-fabric-for-awning","7":"product_cat-fabric-for-bag","8":"product_cat-fabric-for-tent","9":"product_cat-marine-fabrics","10":"product_cat-oxford-fabric","11":"product_cat-polyester-fabrics","12":"product_cat-solution-dyed-polyester-fabrics","13":"product_cat-textile-for-industrial","14":"product_cat-uv-protection-fabric","15":"product_cat-waterproof-fabrics","16":"pa_available_colors-911052-spc","17":"desktop-align-left","18":"tablet-align-left","19":"mobile-align-left","20":"ast-product-gallery-layout-vertical-slider","21":"ast-product-tabs-layout-horizontal","23":"first","24":"instock","25":"shipping-taxable","26":"product-type-simple"},"uagb_featured_image_src":{"full":["https:\/\/www.sikortex.com\/wp-content\/uploads\/2023\/06\/O1CN01XYQMrO1zLHFkmoRgf_956506697-0-cib.jpg",1024,1024,false],"thumbnail":["https:\/\/www.sikortex.com\/wp-content\/uploads\/2023\/06\/O1CN01XYQMrO1zLHFkmoRgf_956506697-0-cib-150x150.jpg",150,150,true],"medium":["https:\/\/www.sikortex.com\/wp-content\/uploads\/2023\/06\/O1CN01XYQMrO1zLHFkmoRgf_956506697-0-cib-300x300.jpg",300,300,true],"medium_large":["https:\/\/www.sikortex.com\/wp-content\/uploads\/2023\/06\/O1CN01XYQMrO1zLHFkmoRgf_956506697-0-cib-768x768.jpg",768,768,true],"large":["https:\/\/www.sikortex.com\/wp-content\/uploads\/2023\/06\/O1CN01XYQMrO1zLHFkmoRgf_956506697-0-cib.jpg",1024,1024,false],"1536x1536":["https:\/\/www.sikortex.com\/wp-content\/uploads\/2023\/06\/O1CN01XYQMrO1zLHFkmoRgf_956506697-0-cib.jpg",1024,1024,false],"2048x2048":["https:\/\/www.sikortex.com\/wp-content\/uploads\/2023\/06\/O1CN01XYQMrO1zLHFkmoRgf_956506697-0-cib.jpg",1024,1024,false],"trp-custom-language-flag":["https:\/\/www.sikortex.com\/wp-content\/uploads\/2023\/06\/O1CN01XYQMrO1zLHFkmoRgf_956506697-0-cib.jpg",12,12,false],"woocommerce_thumbnail":["https:\/\/www.sikortex.com\/wp-content\/uploads\/2023\/06\/O1CN01XYQMrO1zLHFkmoRgf_956506697-0-cib-300x300.jpg",300,300,true],"woocommerce_single":["https:\/\/www.sikortex.com\/wp-content\/uploads\/2023\/06\/O1CN01XYQMrO1zLHFkmoRgf_956506697-0-cib-600x600.jpg",600,600,true],"woocommerce_gallery_thumbnail":["https:\/\/www.sikortex.com\/wp-content\/uploads\/2023\/06\/O1CN01XYQMrO1zLHFkmoRgf_956506697-0-cib-100x100.jpg",100,100,true]},"uagb_author_info":{"display_name":"Perry","author_link":"https:\/\/www.sikortex.com\/de\/author\/"},"uagb_comment_info":0,"uagb_excerpt":"800 Meters(Min.Order)","_links":{"self":[{"href":"https:\/\/www.sikortex.com\/de\/wp-json\/wp\/v2\/product\/4347","targetHints":{"allow":["GET"]}}],"collection":[{"href":"https:\/\/www.sikortex.com\/de\/wp-json\/wp\/v2\/product"}],"about":[{"href":"https:\/\/www.sikortex.com\/de\/wp-json\/wp\/v2\/types\/product"}],"replies":[{"embeddable":true,"href":"https:\/\/www.sikortex.com\/de\/wp-json\/wp\/v2\/comments?post=4347"}],"wp:featuredmedia":[{"embeddable":true,"href":"https:\/\/www.sikortex.com\/de\/wp-json\/wp\/v2\/media\/4349"}],"wp:attachment":[{"href":"https:\/\/www.sikortex.com\/de\/wp-json\/wp\/v2\/media?parent=4347"}],"wp:term":[{"taxonomy":"product_brand","embeddable":true,"href":"https:\/\/www.sikortex.com\/de\/wp-json\/wp\/v2\/product_brand?post=4347"},{"taxonomy":"product_cat","embeddable":true,"href":"https:\/\/www.sikortex.com\/de\/wp-json\/wp\/v2\/product_cat?post=4347"},{"taxonomy":"product_tag","embeddable":true,"href":"https:\/\/www.sikortex.com\/de\/wp-json\/wp\/v2\/product_tag?post=4347"}],"curies":[{"name":"wp","href":"https:\/\/api.w.org\/{rel}","templated":true}]}}