{"id":4127,"date":"2023-06-25T10:16:56","date_gmt":"2023-06-25T02:16:56","guid":{"rendered":"http:\/\/shihan.vihsu.com\/?post_type=product&#038;p=4127"},"modified":"2025-01-09T10:18:59","modified_gmt":"2025-01-09T02:18:59","slug":"nylon-500d-5mm-karogewebe","status":"publish","type":"product","link":"https:\/\/www.sikortex.com\/de\/produkt\/nylon-500d-5mm-karogewebe\/","title":{"rendered":"Nylon 500D 5 mm kariertes ballistisches Cordura-Gewebe"},"content":{"rendered":"<p><a href=\"https:\/\/www.sikortex.com\/de\/hersteller-von-nylongewebe\/\"><span style=\"color: #3366ff;\">Nylon<\/span><\/a> 500D 5mm Check Ballistik <a href=\"https:\/\/www.sikortex.com\/de\/cordura-stoffe\/\"><span style=\"color: #3366ff;\">Cordura<\/span><\/a> Stoff ist ein Hochleistungsmaterial, das h\u00e4ufig bei der Herstellung von Taschen, Rucks\u00e4cken, Campingausr\u00fcstung und anderer Outdoor-Ausr\u00fcstung verwendet wird. Es ist ein langlebiges und vielseitiges Material, das den Strapazen des Au\u00dfeneinsatzes, einschlie\u00dflich Verschlei\u00df und Witterungseinfl\u00fcssen, standh\u00e4lt. <a href=\"https:\/\/www.sikortex.com\/de\/hersteller-von-nylongewebe\/\"><span style=\"color: #3366ff;\">Nylon<\/span><\/a> 500D 5mm Check Fabric kann auch verwendet werden f\u00fcr <a href=\"https:\/\/www.sikortex.com\/de\/militarstoff-ripstop-stoff\/\"><span style=\"color: #3366ff;\">Milit\u00e4r<\/span><\/a> Kleidung und <a href=\"https:\/\/www.sikortex.com\/de\/militarstoff-ripstop-stoff\/\"><span style=\"color: #3366ff;\">Milit\u00e4r<\/span><\/a> Ausr\u00fcstung sowie Outdoor-Ausr\u00fcstung. Seine Haltbarkeit und Wetterbest\u00e4ndigkeit machen es zu einem idealen Material f\u00fcr Produkte, die Hochleistungsgewebe erfordern.<\/p>\n<p><a href=\"https:\/\/www.sikortex.com\/de\/militarstoff-ripstop-stoff\/\"><span style=\"color: #3366ff;\">Milit\u00e4r<\/span><\/a> Kleidung und Ausr\u00fcstung erfordern Hochleistungsmaterialien, die rauen Umgebungen standhalten und Soldaten Schutz bieten. <a href=\"https:\/\/www.sikortex.com\/de\/hersteller-von-nylongewebe\/\"><span style=\"color: #3366ff;\">Nylon<\/span><\/a> 500D 5mm Karogewebe ist ein geeignetes Material f\u00fcr <a href=\"https:\/\/www.sikortex.com\/de\/militarstoff-ripstop-stoff\/\"><span style=\"color: #3366ff;\">Milit\u00e4r<\/span><\/a> Kleidung und Ausr\u00fcstung aufgrund ihrer Haltbarkeit, Abrieb- und Rei\u00dffestigkeit und ihrer F\u00e4higkeit, den Elementen standzuhalten.<\/p>\n<p>Zus\u00e4tzlich zu <a href=\"https:\/\/www.sikortex.com\/de\/militarstoff-ripstop-stoff\/\"><span style=\"color: #3366ff;\">Milit\u00e4r<\/span><\/a> Kleidung, es kann auch verwendet werden, um Rucks\u00e4cke zu machen, <a href=\"https:\/\/www.sikortex.com\/de\/hersteller-fur-zeltstoffe\/\"><span style=\"color: #3366ff;\">Zelte<\/span><\/a>und andere <a href=\"https:\/\/www.sikortex.com\/de\/militarstoff-ripstop-stoff\/\"><span style=\"color: #3366ff;\">Milit\u00e4r<\/span><\/a> Ausr\u00fcstung. Die Strapazierf\u00e4higkeit und die Abrieb- und Rei\u00dffestigkeit des Gewebes machen es f\u00fcr diese Anwendungen geeignet. <a href=\"https:\/\/www.sikortex.com\/de\/nylon-baumwollstoff-ripstop-windbreaker-stoff-3\/\"><span style=\"color: #3366ff;\">leicht<\/span><\/a> Die Beschaffenheit des Gewebes kann zudem die Belastung der Ausr\u00fcstung verringern, sodass Soldaten ihre Ausr\u00fcstung bei der Aus\u00fcbung ihrer Aufgaben leichter tragen k\u00f6nnen.<\/p>","protected":false},"excerpt":{"rendered":"<p>600 Meter (Mindestbestellmenge)<\/p>","protected":false},"featured_media":4128,"comment_status":"closed","ping_status":"closed","template":"","meta":{"_uag_custom_page_level_css":"","site-sidebar-layout":"default","site-content-layout":"default","ast-site-content-layout":"","site-content-style":"default","site-sidebar-style":"default","ast-global-header-display":"","ast-banner-title-visibility":"","ast-main-header-display":"","ast-hfb-above-header-display":"","ast-hfb-below-header-display":"","ast-hfb-mobile-header-display":"","site-post-title":"","ast-breadcrumbs-content":"","ast-featured-img":"","footer-sml-layout":"","theme-transparent-header-meta":"default","adv-header-id-meta":"","stick-header-meta":"default","header-above-stick-meta":"","header-main-stick-meta":"","header-below-stick-meta":"","astra-migrate-meta-layouts":"default","ast-page-background-enabled":"default","ast-page-background-meta":{"desktop":{"background-color":"","background-image":"","background-repeat":"repeat","background-position":"center center","background-size":"auto","background-attachment":"scroll","background-type":"","background-media":"","overlay-type":"","overlay-color":"","overlay-opacity":"","overlay-gradient":""},"tablet":{"background-color":"","background-image":"","background-repeat":"repeat","background-position":"center center","background-size":"auto","background-attachment":"scroll","background-type":"","background-media":"","overlay-type":"","overlay-color":"","overlay-opacity":"","overlay-gradient":""},"mobile":{"background-color":"","background-image":"","background-repeat":"repeat","background-position":"center center","background-size":"auto","background-attachment":"scroll","background-type":"","background-media":"","overlay-type":"","overlay-color":"","overlay-opacity":"","overlay-gradient":""}},"ast-content-background-meta":{"desktop":{"background-color":"var(--ast-global-color-5)","background-image":"","background-repeat":"repeat","background-position":"center center","background-size":"auto","background-attachment":"scroll","background-type":"","background-media":"","overlay-type":"","overlay-color":"","overlay-opacity":"","overlay-gradient":""},"tablet":{"background-color":"var(--ast-global-color-5)","background-image":"","background-repeat":"repeat","background-position":"center center","background-size":"auto","background-attachment":"scroll","background-type":"","background-media":"","overlay-type":"","overlay-color":"","overlay-opacity":"","overlay-gradient":""},"mobile":{"background-color":"var(--ast-global-color-5)","background-image":"","background-repeat":"repeat","background-position":"center center","background-size":"auto","background-attachment":"scroll","background-type":"","background-media":"","overlay-type":"","overlay-color":"","overlay-opacity":"","overlay-gradient":""}}},"product_brand":[],"product_cat":[423,430,404],"product_tag":[],"class_list":{"0":"post-4127","1":"product","2":"type-product","3":"status-publish","4":"has-post-thumbnail","6":"product_cat-fabric-for-military-police","7":"product_cat-fabric-for-motorwear","8":"product_cat-nylon-fabrics","9":"pa_available_colors-911052-spc","10":"desktop-align-left","11":"tablet-align-left","12":"mobile-align-left","13":"ast-product-gallery-layout-vertical-slider","14":"ast-product-tabs-layout-horizontal","16":"first","17":"instock","18":"shipping-taxable","19":"product-type-simple"},"uagb_featured_image_src":{"full":["https:\/\/www.sikortex.com\/wp-content\/uploads\/2023\/06\/O1CN01M23KH41Bs2g30b9Zb_0-0-cib.jpg",1024,1024,false],"thumbnail":["https:\/\/www.sikortex.com\/wp-content\/uploads\/2023\/06\/O1CN01M23KH41Bs2g30b9Zb_0-0-cib-150x150.jpg",150,150,true],"medium":["https:\/\/www.sikortex.com\/wp-content\/uploads\/2023\/06\/O1CN01M23KH41Bs2g30b9Zb_0-0-cib-300x300.jpg",300,300,true],"medium_large":["https:\/\/www.sikortex.com\/wp-content\/uploads\/2023\/06\/O1CN01M23KH41Bs2g30b9Zb_0-0-cib-768x768.jpg",768,768,true],"large":["https:\/\/www.sikortex.com\/wp-content\/uploads\/2023\/06\/O1CN01M23KH41Bs2g30b9Zb_0-0-cib.jpg",1024,1024,false],"1536x1536":["https:\/\/www.sikortex.com\/wp-content\/uploads\/2023\/06\/O1CN01M23KH41Bs2g30b9Zb_0-0-cib.jpg",1024,1024,false],"2048x2048":["https:\/\/www.sikortex.com\/wp-content\/uploads\/2023\/06\/O1CN01M23KH41Bs2g30b9Zb_0-0-cib.jpg",1024,1024,false],"trp-custom-language-flag":["https:\/\/www.sikortex.com\/wp-content\/uploads\/2023\/06\/O1CN01M23KH41Bs2g30b9Zb_0-0-cib.jpg",12,12,false],"woocommerce_thumbnail":["https:\/\/www.sikortex.com\/wp-content\/uploads\/2023\/06\/O1CN01M23KH41Bs2g30b9Zb_0-0-cib-300x300.jpg",300,300,true],"woocommerce_single":["https:\/\/www.sikortex.com\/wp-content\/uploads\/2023\/06\/O1CN01M23KH41Bs2g30b9Zb_0-0-cib-600x600.jpg",600,600,true],"woocommerce_gallery_thumbnail":["https:\/\/www.sikortex.com\/wp-content\/uploads\/2023\/06\/O1CN01M23KH41Bs2g30b9Zb_0-0-cib-100x100.jpg",100,100,true]},"uagb_author_info":{"display_name":"Perry","author_link":"https:\/\/www.sikortex.com\/de\/author\/"},"uagb_comment_info":0,"uagb_excerpt":"600 Meters(Min.Order)","_links":{"self":[{"href":"https:\/\/www.sikortex.com\/de\/wp-json\/wp\/v2\/product\/4127","targetHints":{"allow":["GET"]}}],"collection":[{"href":"https:\/\/www.sikortex.com\/de\/wp-json\/wp\/v2\/product"}],"about":[{"href":"https:\/\/www.sikortex.com\/de\/wp-json\/wp\/v2\/types\/product"}],"replies":[{"embeddable":true,"href":"https:\/\/www.sikortex.com\/de\/wp-json\/wp\/v2\/comments?post=4127"}],"wp:featuredmedia":[{"embeddable":true,"href":"https:\/\/www.sikortex.com\/de\/wp-json\/wp\/v2\/media\/4128"}],"wp:attachment":[{"href":"https:\/\/www.sikortex.com\/de\/wp-json\/wp\/v2\/media?parent=4127"}],"wp:term":[{"taxonomy":"product_brand","embeddable":true,"href":"https:\/\/www.sikortex.com\/de\/wp-json\/wp\/v2\/product_brand?post=4127"},{"taxonomy":"product_cat","embeddable":true,"href":"https:\/\/www.sikortex.com\/de\/wp-json\/wp\/v2\/product_cat?post=4127"},{"taxonomy":"product_tag","embeddable":true,"href":"https:\/\/www.sikortex.com\/de\/wp-json\/wp\/v2\/product_tag?post=4127"}],"curies":[{"name":"wp","href":"https:\/\/api.w.org\/{rel}","templated":true}]}}