{"id":4112,"date":"2023-06-25T09:57:21","date_gmt":"2023-06-25T01:57:21","guid":{"rendered":"http:\/\/shihan.vihsu.com\/?post_type=product&#038;p=4112"},"modified":"2025-01-02T13:14:56","modified_gmt":"2025-01-02T05:14:56","slug":"flammhemmend-beschichtetes-gewebe","status":"publish","type":"product","link":"https:\/\/www.sikortex.com\/de\/produkt\/flammhemmend-beschichtetes-gewebe\/","title":{"rendered":"Flammhemmendes Nylon 550D Oxford-Gewebe EN ISO 11612"},"content":{"rendered":"<h6>SIKOR-TEX <span style=\"color: #3366ff;\"><a style=\"color: #3366ff;\" href=\"https:\/\/www.sikortex.com\/de\/nylon-baumwollstoff-ripstop-windbreaker-stoff-5\/\">Oxford-Stoff<\/a><\/span> Hersteller<\/h6>\n<p>SIKOR-TEX beschichtetes PU-Nylon 550D <a href=\"https:\/\/www.sikortex.com\/de\/flame-retardant-fabrics\/\"><span style=\"color: #3366ff;\">Flammhemmend<\/span><\/a> Oxford-Gewebe ist ein flammhemmendes Hochleistungsmaterial mit ausgezeichneter Feuerbest\u00e4ndigkeit, Haltbarkeit, Atmungsaktivit\u00e4t, geringem Gewicht und einfacher Reinigung. Dies macht es zu einem idealen Material, das in verschiedenen Szenarien vielseitig eingesetzt werden kann.<\/p>\n<p>Im milit\u00e4rischen Bereich wird das flammhemmende PU-beschichtete Nylon 550D-Gewebe aufgrund seiner Eigenschaften h\u00e4ufig in Milit\u00e4runiformen und milit\u00e4rischer Ausr\u00fcstung eingesetzt. Wenn Soldaten im Einsatz sind, sind sie unterschiedlichen Umgebungen und Gefahren ausgesetzt. Daher ben\u00f6tigen sie ein Hochleistungsmaterial, um ihre Sicherheit zu gew\u00e4hrleisten. Das flammhemmende PU-beschichtete Nylon 550D-Gewebe verf\u00fcgt nicht nur \u00fcber feuerfeste Eigenschaften, die Brandgefahren verhindern k\u00f6nnen, sondern verf\u00fcgt auch \u00fcber eine hervorragende Abriebfestigkeit und Rei\u00dffestigkeit, um verschiedenen Umwelt- und physikalischen Herausforderungen standzuhalten.<\/p>\n<p>Dar\u00fcber hinaus verf\u00fcgt das Material \u00fcber eine gute Atmungsaktivit\u00e4t, wodurch die Soldaten trocken und komfortabel bleiben k\u00f6nnen. Sein geringes Gewicht kann auch die Belastung durch die Ausr\u00fcstung verringern und es den Soldaten erleichtern, ihre Aufgaben zu erledigen. Schlie\u00dflich ist das flammhemmende PU-beschichtete Nylon 550D-Gewebe leicht zu reinigen, was die Sauberkeit und Hygiene der Ausr\u00fcstung gew\u00e4hrleisten und das Risiko von Bakterien und Infektionen verringern kann.<\/p>\n<p><a href=\"https:\/\/www.sikortex.com\/de\/nylon-stoffe\/\"><span style=\"color: #3366ff;\">Nylon<\/span><\/a> Flammhemmendes PU-beschichtetes Gewebe kann auch zur Herstellung von Rucks\u00e4cken, Zelten, Schlafs\u00e4cken und anderer Ausr\u00fcstung sowie von Sitzen und T\u00fcren von Milit\u00e4rfahrzeugen verwendet werden. Diese Ausr\u00fcstung muss \u00fcber Hochleistungseigenschaften verf\u00fcgen, um sich an unterschiedliche Umgebungen und Aufgaben anzupassen, und muss au\u00dferdem feuerbest\u00e4ndig, langlebig, atmungsaktiv, leicht und einfach zu reinigen sein, um die Sicherheit und Gesundheit der Soldaten zu sch\u00fctzen.<\/p>","protected":false},"excerpt":{"rendered":"<p>2000 Meter (Mindestbestellmenge)<\/p>","protected":false},"featured_media":4113,"comment_status":"closed","ping_status":"closed","template":"","meta":{"_uag_custom_page_level_css":"","site-sidebar-layout":"default","site-content-layout":"default","ast-site-content-layout":"","site-content-style":"default","site-sidebar-style":"default","ast-global-header-display":"","ast-banner-title-visibility":"","ast-main-header-display":"","ast-hfb-above-header-display":"","ast-hfb-below-header-display":"","ast-hfb-mobile-header-display":"","site-post-title":"","ast-breadcrumbs-content":"","ast-featured-img":"","footer-sml-layout":"","theme-transparent-header-meta":"default","adv-header-id-meta":"","stick-header-meta":"default","header-above-stick-meta":"","header-main-stick-meta":"","header-below-stick-meta":"","astra-migrate-meta-layouts":"default","ast-page-background-enabled":"default","ast-page-background-meta":{"desktop":{"background-color":"","background-image":"","background-repeat":"repeat","background-position":"center center","background-size":"auto","background-attachment":"scroll","background-type":"","background-media":"","overlay-type":"","overlay-color":"","overlay-opacity":"","overlay-gradient":""},"tablet":{"background-color":"","background-image":"","background-repeat":"repeat","background-position":"center center","background-size":"auto","background-attachment":"scroll","background-type":"","background-media":"","overlay-type":"","overlay-color":"","overlay-opacity":"","overlay-gradient":""},"mobile":{"background-color":"","background-image":"","background-repeat":"repeat","background-position":"center center","background-size":"auto","background-attachment":"scroll","background-type":"","background-media":"","overlay-type":"","overlay-color":"","overlay-opacity":"","overlay-gradient":""}},"ast-content-background-meta":{"desktop":{"background-color":"var(--ast-global-color-5)","background-image":"","background-repeat":"repeat","background-position":"center center","background-size":"auto","background-attachment":"scroll","background-type":"","background-media":"","overlay-type":"","overlay-color":"","overlay-opacity":"","overlay-gradient":""},"tablet":{"background-color":"var(--ast-global-color-5)","background-image":"","background-repeat":"repeat","background-position":"center center","background-size":"auto","background-attachment":"scroll","background-type":"","background-media":"","overlay-type":"","overlay-color":"","overlay-opacity":"","overlay-gradient":""},"mobile":{"background-color":"var(--ast-global-color-5)","background-image":"","background-repeat":"repeat","background-position":"center center","background-size":"auto","background-attachment":"scroll","background-type":"","background-media":"","overlay-type":"","overlay-color":"","overlay-opacity":"","overlay-gradient":""}}},"product_brand":[],"product_cat":[426,430,432,416,404,1184,427,414],"product_tag":[],"class_list":{"0":"post-4112","1":"product","2":"type-product","3":"status-publish","4":"has-post-thumbnail","6":"product_cat-constructionmining","7":"product_cat-fabric-for-motorwear","8":"product_cat-fabric-for-tent","9":"product_cat-fire-retardant-fabrics","10":"product_cat-nylon-fabrics","11":"product_cat-oxford-fabric","12":"product_cat-petroleum-and-petrochemical","13":"product_cat-waterproof-fabrics","14":"pa_available_colors-1526-35","15":"desktop-align-left","16":"tablet-align-left","17":"mobile-align-left","18":"ast-product-gallery-layout-vertical-slider","19":"ast-product-tabs-layout-horizontal","21":"first","22":"instock","23":"shipping-taxable","24":"product-type-simple"},"uagb_featured_image_src":{"full":["https:\/\/www.sikortex.com\/wp-content\/uploads\/2023\/06\/O1CN01tpTTOp1JA5g2HW6m4_3828250987-0-cib.jpg",1024,1024,false],"thumbnail":["https:\/\/www.sikortex.com\/wp-content\/uploads\/2023\/06\/O1CN01tpTTOp1JA5g2HW6m4_3828250987-0-cib-150x150.jpg",150,150,true],"medium":["https:\/\/www.sikortex.com\/wp-content\/uploads\/2023\/06\/O1CN01tpTTOp1JA5g2HW6m4_3828250987-0-cib-300x300.jpg",300,300,true],"medium_large":["https:\/\/www.sikortex.com\/wp-content\/uploads\/2023\/06\/O1CN01tpTTOp1JA5g2HW6m4_3828250987-0-cib-768x768.jpg",768,768,true],"large":["https:\/\/www.sikortex.com\/wp-content\/uploads\/2023\/06\/O1CN01tpTTOp1JA5g2HW6m4_3828250987-0-cib.jpg",1024,1024,false],"1536x1536":["https:\/\/www.sikortex.com\/wp-content\/uploads\/2023\/06\/O1CN01tpTTOp1JA5g2HW6m4_3828250987-0-cib.jpg",1024,1024,false],"2048x2048":["https:\/\/www.sikortex.com\/wp-content\/uploads\/2023\/06\/O1CN01tpTTOp1JA5g2HW6m4_3828250987-0-cib.jpg",1024,1024,false],"trp-custom-language-flag":["https:\/\/www.sikortex.com\/wp-content\/uploads\/2023\/06\/O1CN01tpTTOp1JA5g2HW6m4_3828250987-0-cib.jpg",12,12,false],"woocommerce_thumbnail":["https:\/\/www.sikortex.com\/wp-content\/uploads\/2023\/06\/O1CN01tpTTOp1JA5g2HW6m4_3828250987-0-cib-300x300.jpg",300,300,true],"woocommerce_single":["https:\/\/www.sikortex.com\/wp-content\/uploads\/2023\/06\/O1CN01tpTTOp1JA5g2HW6m4_3828250987-0-cib-600x600.jpg",600,600,true],"woocommerce_gallery_thumbnail":["https:\/\/www.sikortex.com\/wp-content\/uploads\/2023\/06\/O1CN01tpTTOp1JA5g2HW6m4_3828250987-0-cib-100x100.jpg",100,100,true]},"uagb_author_info":{"display_name":"Perry","author_link":"https:\/\/www.sikortex.com\/de\/author\/"},"uagb_comment_info":0,"uagb_excerpt":"2000 Meters(Min.Order)","_links":{"self":[{"href":"https:\/\/www.sikortex.com\/de\/wp-json\/wp\/v2\/product\/4112","targetHints":{"allow":["GET"]}}],"collection":[{"href":"https:\/\/www.sikortex.com\/de\/wp-json\/wp\/v2\/product"}],"about":[{"href":"https:\/\/www.sikortex.com\/de\/wp-json\/wp\/v2\/types\/product"}],"replies":[{"embeddable":true,"href":"https:\/\/www.sikortex.com\/de\/wp-json\/wp\/v2\/comments?post=4112"}],"wp:featuredmedia":[{"embeddable":true,"href":"https:\/\/www.sikortex.com\/de\/wp-json\/wp\/v2\/media\/4113"}],"wp:attachment":[{"href":"https:\/\/www.sikortex.com\/de\/wp-json\/wp\/v2\/media?parent=4112"}],"wp:term":[{"taxonomy":"product_brand","embeddable":true,"href":"https:\/\/www.sikortex.com\/de\/wp-json\/wp\/v2\/product_brand?post=4112"},{"taxonomy":"product_cat","embeddable":true,"href":"https:\/\/www.sikortex.com\/de\/wp-json\/wp\/v2\/product_cat?post=4112"},{"taxonomy":"product_tag","embeddable":true,"href":"https:\/\/www.sikortex.com\/de\/wp-json\/wp\/v2\/product_tag?post=4112"}],"curies":[{"name":"wp","href":"https:\/\/api.w.org\/{rel}","templated":true}]}}