{"id":4106,"date":"2023-06-25T09:47:51","date_gmt":"2023-06-25T01:47:51","guid":{"rendered":"http:\/\/shihan.vihsu.com\/?post_type=product&#038;p=4106"},"modified":"2023-10-23T13:17:22","modified_gmt":"2023-10-23T05:17:22","slug":"20d-nylon-66-hochfestes-karogewebe","status":"publish","type":"product","link":"https:\/\/www.sikortex.com\/de\/produkt\/20d-nylon-66-hochfestes-karogewebe\/","title":{"rendered":"20D Ripstop Nylon 66 Plaid Leichtes Gewebe"},"content":{"rendered":"<p>SIKOR-TEX 20D Ripstop Nylon 66 Plaid Lightweight Fabric ist steifer und normalerweise haltbarer als Nylon 6, mit besserer chemischer Best\u00e4ndigkeit gegen\u00fcber ges\u00e4ttigtem Calciumchlorid, gr\u00f6\u00dferer Formschrumpfung und h\u00f6herer Abriebfestigkeit. Das Material ist leicht und weist eine hohe mechanische Festigkeit, Z\u00e4higkeit, Steifigkeit und H\u00e4rte auf. Es verf\u00fcgt au\u00dferdem \u00fcber eine gute Erm\u00fcdungs- und Schlagfestigkeit, eine ausgezeichnete Verschlei\u00dffestigkeit, gute elektrische Isoliereigenschaften sowie eine ausgezeichnete Kraftstoff- und \u00d6lbest\u00e4ndigkeit.<\/p>\n<p>Wenn Sie auf der Suche nach einem vielseitigen und langlebigen Stoff sind, ist Nylon 66 genau das Richtige f\u00fcr Sie. Mit seinen hervorragenden mechanischen Eigenschaften, einschlie\u00dflich hoher Festigkeit, Z\u00e4higkeit und Steifigkeit, eignet es sich perfekt f\u00fcr eine Vielzahl von Anwendungen. Egal, ob Sie Outdoor-Ausr\u00fcstung, robuste Taschen oder strapazierf\u00e4hige Kleidung herstellen m\u00f6chten, Nylon 66-Gewebe ist eine gute Wahl. Seine hervorragende Kraftstoff- und \u00d6lbest\u00e4ndigkeit macht es ideal f\u00fcr Automobil- und Industrieanwendungen, w\u00e4hrend seine leichte Bauweise es perfekt f\u00fcr alles macht, was sowohl stabil als auch leicht zu transportieren sein muss. Angesichts all dieser Vorteile ist es klar, dass Nylon 66-Gewebe eine kluge Wahl f\u00fcr alle ist, die hochwertige, langlebige Produkte herstellen m\u00f6chten.<\/p>","protected":false},"excerpt":{"rendered":"<p>1200 Meter (Mindestbestellmenge)<\/p>","protected":false},"featured_media":4107,"comment_status":"closed","ping_status":"closed","template":"","meta":{"_uag_custom_page_level_css":"","site-sidebar-layout":"default","site-content-layout":"default","ast-site-content-layout":"","site-content-style":"default","site-sidebar-style":"default","ast-global-header-display":"","ast-banner-title-visibility":"","ast-main-header-display":"","ast-hfb-above-header-display":"","ast-hfb-below-header-display":"","ast-hfb-mobile-header-display":"","site-post-title":"","ast-breadcrumbs-content":"","ast-featured-img":"","footer-sml-layout":"","theme-transparent-header-meta":"default","adv-header-id-meta":"","stick-header-meta":"default","header-above-stick-meta":"","header-main-stick-meta":"","header-below-stick-meta":"","astra-migrate-meta-layouts":"default","ast-page-background-enabled":"default","ast-page-background-meta":{"desktop":{"background-color":"","background-image":"","background-repeat":"repeat","background-position":"center center","background-size":"auto","background-attachment":"scroll","background-type":"","background-media":"","overlay-type":"","overlay-color":"","overlay-opacity":"","overlay-gradient":""},"tablet":{"background-color":"","background-image":"","background-repeat":"repeat","background-position":"center center","background-size":"auto","background-attachment":"scroll","background-type":"","background-media":"","overlay-type":"","overlay-color":"","overlay-opacity":"","overlay-gradient":""},"mobile":{"background-color":"","background-image":"","background-repeat":"repeat","background-position":"center center","background-size":"auto","background-attachment":"scroll","background-type":"","background-media":"","overlay-type":"","overlay-color":"","overlay-opacity":"","overlay-gradient":""}},"ast-content-background-meta":{"desktop":{"background-color":"var(--ast-global-color-5)","background-image":"","background-repeat":"repeat","background-position":"center center","background-size":"auto","background-attachment":"scroll","background-type":"","background-media":"","overlay-type":"","overlay-color":"","overlay-opacity":"","overlay-gradient":""},"tablet":{"background-color":"var(--ast-global-color-5)","background-image":"","background-repeat":"repeat","background-position":"center center","background-size":"auto","background-attachment":"scroll","background-type":"","background-media":"","overlay-type":"","overlay-color":"","overlay-opacity":"","overlay-gradient":""},"mobile":{"background-color":"var(--ast-global-color-5)","background-image":"","background-repeat":"repeat","background-position":"center center","background-size":"auto","background-attachment":"scroll","background-type":"","background-media":"","overlay-type":"","overlay-color":"","overlay-opacity":"","overlay-gradient":""}}},"product_brand":[],"product_cat":[431,428,429,432,1145,404,433],"product_tag":[],"class_list":{"0":"post-4106","1":"product","2":"type-product","3":"status-publish","4":"has-post-thumbnail","6":"product_cat-fabric-for-commuting-clothing","7":"product_cat-fabric-for-outdoor-sports","8":"product_cat-fabric-for-sportswear","9":"product_cat-fabric-for-tent","10":"product_cat-lightweight-fabric","11":"product_cat-nylon-fabrics","12":"product_cat-textile-for-industrial","13":"pa_available_colors-1526-03","14":"desktop-align-left","15":"tablet-align-left","16":"mobile-align-left","17":"ast-product-gallery-layout-vertical-slider","18":"ast-product-tabs-layout-horizontal","20":"first","21":"instock","22":"shipping-taxable","23":"product-type-simple"},"uagb_featured_image_src":{"full":["https:\/\/www.sikortex.com\/wp-content\/uploads\/2023\/06\/O1CN010udCfx1JA5cVmpT3h_3828250987-0-cib.jpg",1024,1024,false],"thumbnail":["https:\/\/www.sikortex.com\/wp-content\/uploads\/2023\/06\/O1CN010udCfx1JA5cVmpT3h_3828250987-0-cib-150x150.jpg",150,150,true],"medium":["https:\/\/www.sikortex.com\/wp-content\/uploads\/2023\/06\/O1CN010udCfx1JA5cVmpT3h_3828250987-0-cib-300x300.jpg",300,300,true],"medium_large":["https:\/\/www.sikortex.com\/wp-content\/uploads\/2023\/06\/O1CN010udCfx1JA5cVmpT3h_3828250987-0-cib-768x768.jpg",768,768,true],"large":["https:\/\/www.sikortex.com\/wp-content\/uploads\/2023\/06\/O1CN010udCfx1JA5cVmpT3h_3828250987-0-cib.jpg",1024,1024,false],"1536x1536":["https:\/\/www.sikortex.com\/wp-content\/uploads\/2023\/06\/O1CN010udCfx1JA5cVmpT3h_3828250987-0-cib.jpg",1024,1024,false],"2048x2048":["https:\/\/www.sikortex.com\/wp-content\/uploads\/2023\/06\/O1CN010udCfx1JA5cVmpT3h_3828250987-0-cib.jpg",1024,1024,false],"trp-custom-language-flag":["https:\/\/www.sikortex.com\/wp-content\/uploads\/2023\/06\/O1CN010udCfx1JA5cVmpT3h_3828250987-0-cib.jpg",12,12,false],"woocommerce_thumbnail":["https:\/\/www.sikortex.com\/wp-content\/uploads\/2023\/06\/O1CN010udCfx1JA5cVmpT3h_3828250987-0-cib-300x300.jpg",300,300,true],"woocommerce_single":["https:\/\/www.sikortex.com\/wp-content\/uploads\/2023\/06\/O1CN010udCfx1JA5cVmpT3h_3828250987-0-cib-600x600.jpg",600,600,true],"woocommerce_gallery_thumbnail":["https:\/\/www.sikortex.com\/wp-content\/uploads\/2023\/06\/O1CN010udCfx1JA5cVmpT3h_3828250987-0-cib-100x100.jpg",100,100,true]},"uagb_author_info":{"display_name":"Perry","author_link":"https:\/\/www.sikortex.com\/de\/author\/"},"uagb_comment_info":0,"uagb_excerpt":"1200 Meters(Min.Order)","_links":{"self":[{"href":"https:\/\/www.sikortex.com\/de\/wp-json\/wp\/v2\/product\/4106","targetHints":{"allow":["GET"]}}],"collection":[{"href":"https:\/\/www.sikortex.com\/de\/wp-json\/wp\/v2\/product"}],"about":[{"href":"https:\/\/www.sikortex.com\/de\/wp-json\/wp\/v2\/types\/product"}],"replies":[{"embeddable":true,"href":"https:\/\/www.sikortex.com\/de\/wp-json\/wp\/v2\/comments?post=4106"}],"wp:featuredmedia":[{"embeddable":true,"href":"https:\/\/www.sikortex.com\/de\/wp-json\/wp\/v2\/media\/4107"}],"wp:attachment":[{"href":"https:\/\/www.sikortex.com\/de\/wp-json\/wp\/v2\/media?parent=4106"}],"wp:term":[{"taxonomy":"product_brand","embeddable":true,"href":"https:\/\/www.sikortex.com\/de\/wp-json\/wp\/v2\/product_brand?post=4106"},{"taxonomy":"product_cat","embeddable":true,"href":"https:\/\/www.sikortex.com\/de\/wp-json\/wp\/v2\/product_cat?post=4106"},{"taxonomy":"product_tag","embeddable":true,"href":"https:\/\/www.sikortex.com\/de\/wp-json\/wp\/v2\/product_tag?post=4106"}],"curies":[{"name":"wp","href":"https:\/\/api.w.org\/{rel}","templated":true}]}}