{"id":3982,"date":"2023-06-21T17:51:28","date_gmt":"2023-06-21T09:51:28","guid":{"rendered":"http:\/\/shihan.vihsu.com\/?post_type=product&#038;p=3982"},"modified":"2023-10-23T13:17:33","modified_gmt":"2023-10-23T05:17:33","slug":"jacquard-plaid-nylon-20d-stoff","status":"publish","type":"product","link":"https:\/\/www.sikortex.com\/de\/produkt\/jacquard-plaid-nylon-20d-stoff\/","title":{"rendered":"Jacquard-Plaid-Ripstop-Nylon-20D-Gewebe"},"content":{"rendered":"<p>Das SIKOR-TEX Jacquard Plaid Ripstop Nylon 20D-Gewebe ist eine Art Ripstop-Nylongewebe, das mit einem einzigartigen Doppellinien-Gittermuster gestaltet ist. Dieses Muster bietet noch mehr Festigkeit und Haltbarkeit als herk\u00f6mmliches Ripstop-Nylon und ist somit die ideale Wahl selbst f\u00fcr die anspruchsvollsten Outdoor-Aktivit\u00e4ten.<\/p>\n<p>Das Nylon-Doppellinien-Gittergewebe ist au\u00dferdem leicht und atmungsaktiv, sodass es auch bei hei\u00dfen und feuchten Bedingungen angenehm zu tragen ist. Es ist schnell trocknend und wasserabweisend, sodass Sie auch bei unerwarteten Regenschauern trocken und komfortabel bleiben.<\/p>\n<p>Insgesamt ist das Nylon-Doppellinien-Gittergewebe die perfekte Wahl f\u00fcr alle, die ein strapazierf\u00e4higes und bequemes Gewebe f\u00fcr ihre Outdoor-Abenteuer suchen. Egal, ob Sie campen, wandern oder mit dem Rucksack unterwegs sind, dieser Stoff sorgt daf\u00fcr, dass Sie gesch\u00fctzt und bequem bleiben, ganz gleich, vor welchen Herausforderungen Sie stehen.<\/p>","protected":false},"excerpt":{"rendered":"<p>600 Meter (Mindestbestellmenge)<\/p>","protected":false},"featured_media":3983,"comment_status":"closed","ping_status":"closed","template":"","meta":{"_uag_custom_page_level_css":"","site-sidebar-layout":"default","site-content-layout":"default","ast-site-content-layout":"","site-content-style":"default","site-sidebar-style":"default","ast-global-header-display":"","ast-banner-title-visibility":"","ast-main-header-display":"","ast-hfb-above-header-display":"","ast-hfb-below-header-display":"","ast-hfb-mobile-header-display":"","site-post-title":"","ast-breadcrumbs-content":"","ast-featured-img":"","footer-sml-layout":"","theme-transparent-header-meta":"default","adv-header-id-meta":"","stick-header-meta":"default","header-above-stick-meta":"","header-main-stick-meta":"","header-below-stick-meta":"","astra-migrate-meta-layouts":"default","ast-page-background-enabled":"default","ast-page-background-meta":{"desktop":{"background-color":"","background-image":"","background-repeat":"repeat","background-position":"center center","background-size":"auto","background-attachment":"scroll","background-type":"","background-media":"","overlay-type":"","overlay-color":"","overlay-opacity":"","overlay-gradient":""},"tablet":{"background-color":"","background-image":"","background-repeat":"repeat","background-position":"center center","background-size":"auto","background-attachment":"scroll","background-type":"","background-media":"","overlay-type":"","overlay-color":"","overlay-opacity":"","overlay-gradient":""},"mobile":{"background-color":"","background-image":"","background-repeat":"repeat","background-position":"center center","background-size":"auto","background-attachment":"scroll","background-type":"","background-media":"","overlay-type":"","overlay-color":"","overlay-opacity":"","overlay-gradient":""}},"ast-content-background-meta":{"desktop":{"background-color":"var(--ast-global-color-5)","background-image":"","background-repeat":"repeat","background-position":"center center","background-size":"auto","background-attachment":"scroll","background-type":"","background-media":"","overlay-type":"","overlay-color":"","overlay-opacity":"","overlay-gradient":""},"tablet":{"background-color":"var(--ast-global-color-5)","background-image":"","background-repeat":"repeat","background-position":"center center","background-size":"auto","background-attachment":"scroll","background-type":"","background-media":"","overlay-type":"","overlay-color":"","overlay-opacity":"","overlay-gradient":""},"mobile":{"background-color":"var(--ast-global-color-5)","background-image":"","background-repeat":"repeat","background-position":"center center","background-size":"auto","background-attachment":"scroll","background-type":"","background-media":"","overlay-type":"","overlay-color":"","overlay-opacity":"","overlay-gradient":""}}},"product_brand":[],"product_cat":[431,429,432,1145,404,407,433,414],"product_tag":[],"class_list":{"0":"post-3982","1":"product","2":"type-product","3":"status-publish","4":"has-post-thumbnail","6":"product_cat-fabric-for-commuting-clothing","7":"product_cat-fabric-for-sportswear","8":"product_cat-fabric-for-tent","9":"product_cat-lightweight-fabric","10":"product_cat-nylon-fabrics","11":"product_cat-recycled-fabric","12":"product_cat-textile-for-industrial","13":"product_cat-waterproof-fabrics","14":"pa_available_colors-h-black","15":"desktop-align-left","16":"tablet-align-left","17":"mobile-align-left","18":"ast-product-gallery-layout-vertical-slider","19":"ast-product-tabs-layout-horizontal","21":"first","22":"instock","23":"shipping-taxable","24":"product-type-simple"},"uagb_featured_image_src":{"full":["https:\/\/www.sikortex.com\/wp-content\/uploads\/2023\/06\/20560005723_1642631480.jpg",1024,1024,false],"thumbnail":["https:\/\/www.sikortex.com\/wp-content\/uploads\/2023\/06\/20560005723_1642631480-150x150.jpg",150,150,true],"medium":["https:\/\/www.sikortex.com\/wp-content\/uploads\/2023\/06\/20560005723_1642631480-300x300.jpg",300,300,true],"medium_large":["https:\/\/www.sikortex.com\/wp-content\/uploads\/2023\/06\/20560005723_1642631480-768x768.jpg",768,768,true],"large":["https:\/\/www.sikortex.com\/wp-content\/uploads\/2023\/06\/20560005723_1642631480.jpg",1024,1024,false],"1536x1536":["https:\/\/www.sikortex.com\/wp-content\/uploads\/2023\/06\/20560005723_1642631480.jpg",1024,1024,false],"2048x2048":["https:\/\/www.sikortex.com\/wp-content\/uploads\/2023\/06\/20560005723_1642631480.jpg",1024,1024,false],"trp-custom-language-flag":["https:\/\/www.sikortex.com\/wp-content\/uploads\/2023\/06\/20560005723_1642631480.jpg",12,12,false],"woocommerce_thumbnail":["https:\/\/www.sikortex.com\/wp-content\/uploads\/2023\/06\/20560005723_1642631480-300x300.jpg",300,300,true],"woocommerce_single":["https:\/\/www.sikortex.com\/wp-content\/uploads\/2023\/06\/20560005723_1642631480-600x600.jpg",600,600,true],"woocommerce_gallery_thumbnail":["https:\/\/www.sikortex.com\/wp-content\/uploads\/2023\/06\/20560005723_1642631480-100x100.jpg",100,100,true]},"uagb_author_info":{"display_name":"Perry","author_link":"https:\/\/www.sikortex.com\/de\/author\/"},"uagb_comment_info":0,"uagb_excerpt":"600 Meters(Min.Order)","_links":{"self":[{"href":"https:\/\/www.sikortex.com\/de\/wp-json\/wp\/v2\/product\/3982","targetHints":{"allow":["GET"]}}],"collection":[{"href":"https:\/\/www.sikortex.com\/de\/wp-json\/wp\/v2\/product"}],"about":[{"href":"https:\/\/www.sikortex.com\/de\/wp-json\/wp\/v2\/types\/product"}],"replies":[{"embeddable":true,"href":"https:\/\/www.sikortex.com\/de\/wp-json\/wp\/v2\/comments?post=3982"}],"wp:featuredmedia":[{"embeddable":true,"href":"https:\/\/www.sikortex.com\/de\/wp-json\/wp\/v2\/media\/3983"}],"wp:attachment":[{"href":"https:\/\/www.sikortex.com\/de\/wp-json\/wp\/v2\/media?parent=3982"}],"wp:term":[{"taxonomy":"product_brand","embeddable":true,"href":"https:\/\/www.sikortex.com\/de\/wp-json\/wp\/v2\/product_brand?post=3982"},{"taxonomy":"product_cat","embeddable":true,"href":"https:\/\/www.sikortex.com\/de\/wp-json\/wp\/v2\/product_cat?post=3982"},{"taxonomy":"product_tag","embeddable":true,"href":"https:\/\/www.sikortex.com\/de\/wp-json\/wp\/v2\/product_tag?post=3982"}],"curies":[{"name":"wp","href":"https:\/\/api.w.org\/{rel}","templated":true}]}}