{"id":3953,"date":"2023-06-21T17:06:15","date_gmt":"2023-06-21T09:06:15","guid":{"rendered":"http:\/\/shihan.vihsu.com\/?post_type=product&#038;p=3953"},"modified":"2023-10-20T13:27:35","modified_gmt":"2023-10-20T05:27:35","slug":"ripstop-nylon-polyester-20d-plaid-silikon-beschichteter-stoff","status":"publish","type":"product","link":"https:\/\/www.sikortex.com\/de\/produkt\/ripstop-nylon-polyester-20d-plaid-silikon-beschichteter-stoff\/","title":{"rendered":"Ripstop-Nylon-Polyester 20D kariertes, silikonbeschichtetes Gewebe"},"content":{"rendered":"<p>Suchen Sie nach einem leichten, aber dennoch strapazierf\u00e4higen und wasserdichten Stoff f\u00fcr Ihre Outdoor-Ausr\u00fcstung? Dann ist der Ripstop-Nylon-Zeltstoff mit Silikonbeschichtung, 20 Den, 36 g\/qm von extremtextil genau das Richtige f\u00fcr Sie.<\/p>\n<p>Dieses rei\u00dffeste Ripstop-Nylon, auch Silnylon genannt, eignet sich perfekt f\u00fcr Zelte, Tarps, Ponchos, Biwaks und ultraleichten Regenschutz. Die insgesamt zwei Schichten Silikonbeschichtung auf beiden Seiten machen den Stoff wasserdicht und \u00e4u\u00dferst rei\u00dffest bei gleichzeitig geringem Gewicht.<\/p>\n<p>Dieser Stoff dehnt sich bei N\u00e4sse und eignet sich daher perfekt f\u00fcr den Einsatz bei verschiedenen Wetterbedingungen. Dar\u00fcber hinaus ist es schnell trocknend, unelastisch und winddicht, was es zu einer vielseitigen Wahl f\u00fcr jede Outdoor-Ausr\u00fcstung macht.<\/p>\n<p>Mit einem Gewicht von nur 36g\/qm ist es ultraleicht und einfach zu tragen und eignet sich daher perfekt f\u00fcr Rucks\u00e4cke und andere Ausr\u00fcstung. Es entspricht au\u00dferdem den \u00d6ko-Tex Standard 100 Klasse II- und REACH-Zertifikaten und gew\u00e4hrleistet so seine Sicherheit und Qualit\u00e4t.<\/p>\n<p>Bitte beachten Sie, dass die Silikonbeschichtung die UV-Best\u00e4ndigkeit des Stoffes erh\u00f6ht, dieser jedoch aufgrund des d\u00fcnnen Stoffes nicht f\u00fcr den dauerhaften Einsatz bei direkter Sonneneinstrahlung geeignet ist.<\/p>","protected":false},"excerpt":{"rendered":"<p>1200 Meter (Mindestbestellmenge)<\/p>","protected":false},"featured_media":3954,"comment_status":"closed","ping_status":"closed","template":"","meta":{"_uag_custom_page_level_css":"","site-sidebar-layout":"default","site-content-layout":"default","ast-site-content-layout":"","site-content-style":"default","site-sidebar-style":"default","ast-global-header-display":"","ast-banner-title-visibility":"","ast-main-header-display":"","ast-hfb-above-header-display":"","ast-hfb-below-header-display":"","ast-hfb-mobile-header-display":"","site-post-title":"","ast-breadcrumbs-content":"","ast-featured-img":"","footer-sml-layout":"","theme-transparent-header-meta":"default","adv-header-id-meta":"","stick-header-meta":"default","header-above-stick-meta":"","header-main-stick-meta":"","header-below-stick-meta":"","astra-migrate-meta-layouts":"default","ast-page-background-enabled":"default","ast-page-background-meta":{"desktop":{"background-color":"","background-image":"","background-repeat":"repeat","background-position":"center center","background-size":"auto","background-attachment":"scroll","background-type":"","background-media":"","overlay-type":"","overlay-color":"","overlay-opacity":"","overlay-gradient":""},"tablet":{"background-color":"","background-image":"","background-repeat":"repeat","background-position":"center center","background-size":"auto","background-attachment":"scroll","background-type":"","background-media":"","overlay-type":"","overlay-color":"","overlay-opacity":"","overlay-gradient":""},"mobile":{"background-color":"","background-image":"","background-repeat":"repeat","background-position":"center center","background-size":"auto","background-attachment":"scroll","background-type":"","background-media":"","overlay-type":"","overlay-color":"","overlay-opacity":"","overlay-gradient":""}},"ast-content-background-meta":{"desktop":{"background-color":"var(--ast-global-color-5)","background-image":"","background-repeat":"repeat","background-position":"center center","background-size":"auto","background-attachment":"scroll","background-type":"","background-media":"","overlay-type":"","overlay-color":"","overlay-opacity":"","overlay-gradient":""},"tablet":{"background-color":"var(--ast-global-color-5)","background-image":"","background-repeat":"repeat","background-position":"center center","background-size":"auto","background-attachment":"scroll","background-type":"","background-media":"","overlay-type":"","overlay-color":"","overlay-opacity":"","overlay-gradient":""},"mobile":{"background-color":"var(--ast-global-color-5)","background-image":"","background-repeat":"repeat","background-position":"center center","background-size":"auto","background-attachment":"scroll","background-type":"","background-media":"","overlay-type":"","overlay-color":"","overlay-opacity":"","overlay-gradient":""}}},"product_brand":[],"product_cat":[431,428,432,1145,415,1041,407,433,414],"product_tag":[],"class_list":{"0":"post-3953","1":"product","2":"type-product","3":"status-publish","4":"has-post-thumbnail","6":"product_cat-fabric-for-commuting-clothing","7":"product_cat-fabric-for-outdoor-sports","8":"product_cat-fabric-for-tent","9":"product_cat-lightweight-fabric","10":"product_cat-oil-repellent-fabric","11":"product_cat-polyester-nylon","12":"product_cat-recycled-fabric","13":"product_cat-textile-for-industrial","14":"product_cat-waterproof-fabrics","15":"pa_available_colors-h-black","16":"desktop-align-left","17":"tablet-align-left","18":"mobile-align-left","19":"ast-product-gallery-layout-vertical-slider","20":"ast-product-tabs-layout-horizontal","22":"first","23":"instock","24":"shipping-taxable","25":"product-type-simple"},"uagb_featured_image_src":{"full":["https:\/\/www.sikortex.com\/wp-content\/uploads\/2023\/06\/9171018737_1058445396.jpg",1024,1024,false],"thumbnail":["https:\/\/www.sikortex.com\/wp-content\/uploads\/2023\/06\/9171018737_1058445396-150x150.jpg",150,150,true],"medium":["https:\/\/www.sikortex.com\/wp-content\/uploads\/2023\/06\/9171018737_1058445396-300x300.jpg",300,300,true],"medium_large":["https:\/\/www.sikortex.com\/wp-content\/uploads\/2023\/06\/9171018737_1058445396-768x768.jpg",768,768,true],"large":["https:\/\/www.sikortex.com\/wp-content\/uploads\/2023\/06\/9171018737_1058445396.jpg",1024,1024,false],"1536x1536":["https:\/\/www.sikortex.com\/wp-content\/uploads\/2023\/06\/9171018737_1058445396.jpg",1024,1024,false],"2048x2048":["https:\/\/www.sikortex.com\/wp-content\/uploads\/2023\/06\/9171018737_1058445396.jpg",1024,1024,false],"trp-custom-language-flag":["https:\/\/www.sikortex.com\/wp-content\/uploads\/2023\/06\/9171018737_1058445396.jpg",12,12,false],"woocommerce_thumbnail":["https:\/\/www.sikortex.com\/wp-content\/uploads\/2023\/06\/9171018737_1058445396-300x300.jpg",300,300,true],"woocommerce_single":["https:\/\/www.sikortex.com\/wp-content\/uploads\/2023\/06\/9171018737_1058445396-600x600.jpg",600,600,true],"woocommerce_gallery_thumbnail":["https:\/\/www.sikortex.com\/wp-content\/uploads\/2023\/06\/9171018737_1058445396-100x100.jpg",100,100,true]},"uagb_author_info":{"display_name":"Perry","author_link":"https:\/\/www.sikortex.com\/de\/author\/"},"uagb_comment_info":0,"uagb_excerpt":"1200 Meters(Min.Order)","_links":{"self":[{"href":"https:\/\/www.sikortex.com\/de\/wp-json\/wp\/v2\/product\/3953","targetHints":{"allow":["GET"]}}],"collection":[{"href":"https:\/\/www.sikortex.com\/de\/wp-json\/wp\/v2\/product"}],"about":[{"href":"https:\/\/www.sikortex.com\/de\/wp-json\/wp\/v2\/types\/product"}],"replies":[{"embeddable":true,"href":"https:\/\/www.sikortex.com\/de\/wp-json\/wp\/v2\/comments?post=3953"}],"wp:featuredmedia":[{"embeddable":true,"href":"https:\/\/www.sikortex.com\/de\/wp-json\/wp\/v2\/media\/3954"}],"wp:attachment":[{"href":"https:\/\/www.sikortex.com\/de\/wp-json\/wp\/v2\/media?parent=3953"}],"wp:term":[{"taxonomy":"product_brand","embeddable":true,"href":"https:\/\/www.sikortex.com\/de\/wp-json\/wp\/v2\/product_brand?post=3953"},{"taxonomy":"product_cat","embeddable":true,"href":"https:\/\/www.sikortex.com\/de\/wp-json\/wp\/v2\/product_cat?post=3953"},{"taxonomy":"product_tag","embeddable":true,"href":"https:\/\/www.sikortex.com\/de\/wp-json\/wp\/v2\/product_tag?post=3953"}],"curies":[{"name":"wp","href":"https:\/\/api.w.org\/{rel}","templated":true}]}}