{"id":2388,"date":"2023-06-02T16:47:44","date_gmt":"2023-06-02T08:47:44","guid":{"rendered":"http:\/\/203.196.10.64:3021\/?post_type=product&#038;p=2388"},"modified":"2023-11-21T17:22:58","modified_gmt":"2023-11-21T09:22:58","slug":"sk8282-2","status":"publish","type":"product","link":"https:\/\/www.sikortex.com\/de\/produkt\/sk8282-2\/","title":{"rendered":"T400 Jacquard-Polyester-Stretchstoff"},"content":{"rendered":"<h4>Ist 100 Polyester dehnbar?<\/h4>\n<p>Polyester T400 ist eine sehr elastische texturierte Faser, die von DuPont erfunden wurde und f\u00fcr ihre lang anhaltende Elastizit\u00e4t bekannt ist, die langsamer abnimmt als Spandex. Das Material eignet sich sehr gut f\u00fcr die Herstellung von Freizeitm\u00e4nteln, Windjacken, Daunenjacken usw. und ist wegen seiner Weichheit, Atmungsaktivit\u00e4t und Haltbarkeit beliebt.<\/p>\n<p>Im Vergleich zu Baumwollmaterial ist die Faser des Polyester-Stretch-T400-Materials flauschiger, was den K\u00f6rper warm halten kann, was es sehr beliebt bei Menschen macht, die gerne Sport treiben und bei kaltem Wetter lange Spazierg\u00e4nge machen, da dieses Material halten kann warm. Dar\u00fcber hinaus ist das Material wasserabweisend, sodass es beim Schwitzen nicht von der Kleidung aufgenommen wird, was es ideal f\u00fcr Sportbekleidung macht.<\/p>\n<p>Die besonderen elastischen Eigenschaften von Polyester T400 erm\u00f6glichen eine nat\u00fcrliche Dehnung beim Tragen. Durch die Ber\u00fccksichtigung dieser Eigenschaft haben die Hersteller dieses Material komfortabler gemacht. Egal wie stark es beim Tragen gedehnt wird, beim Ausziehen nimmt das Material wieder seine urspr\u00fcngliche Form und Gr\u00f6\u00dfe an. Das sind tolle Neuigkeiten, denn Sie m\u00fcssen sich keine Sorgen machen, dass Trainingskleidung oder Leggings eines Tages zwei Nummern gr\u00f6\u00dfer ausfallen.<\/p>\n<p>Kleidungsst\u00fccke aus reinem Polyester schrumpfen sehr wenig, daher ist es schwierig, solche Kleidungsst\u00fccke bei Bedarf zu schrumpfen. Kleidungsst\u00fccke, die Polyester mit Naturfasern mischen, dehnen sich m\u00f6glicherweise weniger.<\/p>","protected":false},"excerpt":{"rendered":"<p>600 Meter (Mindestbestellmenge)<\/p>","protected":false},"featured_media":3934,"comment_status":"closed","ping_status":"closed","template":"","meta":{"_uag_custom_page_level_css":"","site-sidebar-layout":"default","site-content-layout":"default","ast-site-content-layout":"","site-content-style":"default","site-sidebar-style":"default","ast-global-header-display":"","ast-banner-title-visibility":"","ast-main-header-display":"","ast-hfb-above-header-display":"","ast-hfb-below-header-display":"","ast-hfb-mobile-header-display":"","site-post-title":"","ast-breadcrumbs-content":"","ast-featured-img":"","footer-sml-layout":"","theme-transparent-header-meta":"default","adv-header-id-meta":"","stick-header-meta":"default","header-above-stick-meta":"","header-main-stick-meta":"","header-below-stick-meta":"","astra-migrate-meta-layouts":"default","ast-page-background-enabled":"default","ast-page-background-meta":{"desktop":{"background-color":"","background-image":"","background-repeat":"repeat","background-position":"center center","background-size":"auto","background-attachment":"scroll","background-type":"","background-media":"","overlay-type":"","overlay-color":"","overlay-opacity":"","overlay-gradient":""},"tablet":{"background-color":"","background-image":"","background-repeat":"repeat","background-position":"center center","background-size":"auto","background-attachment":"scroll","background-type":"","background-media":"","overlay-type":"","overlay-color":"","overlay-opacity":"","overlay-gradient":""},"mobile":{"background-color":"","background-image":"","background-repeat":"repeat","background-position":"center center","background-size":"auto","background-attachment":"scroll","background-type":"","background-media":"","overlay-type":"","overlay-color":"","overlay-opacity":"","overlay-gradient":""}},"ast-content-background-meta":{"desktop":{"background-color":"var(--ast-global-color-5)","background-image":"","background-repeat":"repeat","background-position":"center center","background-size":"auto","background-attachment":"scroll","background-type":"","background-media":"","overlay-type":"","overlay-color":"","overlay-opacity":"","overlay-gradient":""},"tablet":{"background-color":"var(--ast-global-color-5)","background-image":"","background-repeat":"repeat","background-position":"center center","background-size":"auto","background-attachment":"scroll","background-type":"","background-media":"","overlay-type":"","overlay-color":"","overlay-opacity":"","overlay-gradient":""},"mobile":{"background-color":"var(--ast-global-color-5)","background-image":"","background-repeat":"repeat","background-position":"center center","background-size":"auto","background-attachment":"scroll","background-type":"","background-media":"","overlay-type":"","overlay-color":"","overlay-opacity":"","overlay-gradient":""}}},"product_brand":[],"product_cat":[431,428,429,415,403,407,420,414],"product_tag":[],"class_list":{"0":"post-2388","1":"product","2":"type-product","3":"status-publish","4":"has-post-thumbnail","6":"product_cat-fabric-for-commuting-clothing","7":"product_cat-fabric-for-outdoor-sports","8":"product_cat-fabric-for-sportswear","9":"product_cat-oil-repellent-fabric","10":"product_cat-polyester-fabrics","11":"product_cat-recycled-fabric","12":"product_cat-stretch-fabrics","13":"product_cat-waterproof-fabrics","14":"pa_available_colors-1526-03","15":"pa_available_colors-1526-04","16":"pa_available_colors-1526-05","17":"pa_available_colors-1526-18","18":"pa_available_colors-1526-19","19":"pa_available_colors-1526-29","20":"pa_available_colors-1526-30","21":"pa_available_colors-1526-32","22":"pa_available_colors-1526-35","23":"pa_available_colors-1526-37","24":"pa_available_colors-1526-38","25":"pa_available_colors-1526-43","26":"pa_available_colors-1526-44","27":"pa_available_colors-1526-45","28":"pa_available_colors-1526-47","29":"pa_available_colors-1526-53","30":"pa_available_colors-1526-59","31":"pa_available_colors-911052-spc","32":"pa_available_colors-000020-wht","33":"desktop-align-left","34":"tablet-align-left","35":"mobile-align-left","36":"ast-product-gallery-layout-vertical-slider","37":"ast-product-tabs-layout-horizontal","39":"first","40":"instock","41":"shipping-taxable","42":"product-type-simple"},"uagb_featured_image_src":{"full":["https:\/\/www.sikortex.com\/wp-content\/uploads\/2023\/06\/O1CN01lDjgLz1g9ODZoSSEQ_2207443834099-0-cib-1.jpg",1024,1024,false],"thumbnail":["https:\/\/www.sikortex.com\/wp-content\/uploads\/2023\/06\/O1CN01lDjgLz1g9ODZoSSEQ_2207443834099-0-cib-1-150x150.jpg",150,150,true],"medium":["https:\/\/www.sikortex.com\/wp-content\/uploads\/2023\/06\/O1CN01lDjgLz1g9ODZoSSEQ_2207443834099-0-cib-1-300x300.jpg",300,300,true],"medium_large":["https:\/\/www.sikortex.com\/wp-content\/uploads\/2023\/06\/O1CN01lDjgLz1g9ODZoSSEQ_2207443834099-0-cib-1-768x768.jpg",768,768,true],"large":["https:\/\/www.sikortex.com\/wp-content\/uploads\/2023\/06\/O1CN01lDjgLz1g9ODZoSSEQ_2207443834099-0-cib-1.jpg",1024,1024,false],"1536x1536":["https:\/\/www.sikortex.com\/wp-content\/uploads\/2023\/06\/O1CN01lDjgLz1g9ODZoSSEQ_2207443834099-0-cib-1.jpg",1024,1024,false],"2048x2048":["https:\/\/www.sikortex.com\/wp-content\/uploads\/2023\/06\/O1CN01lDjgLz1g9ODZoSSEQ_2207443834099-0-cib-1.jpg",1024,1024,false],"trp-custom-language-flag":["https:\/\/www.sikortex.com\/wp-content\/uploads\/2023\/06\/O1CN01lDjgLz1g9ODZoSSEQ_2207443834099-0-cib-1.jpg",12,12,false],"woocommerce_thumbnail":["https:\/\/www.sikortex.com\/wp-content\/uploads\/2023\/06\/O1CN01lDjgLz1g9ODZoSSEQ_2207443834099-0-cib-1-300x300.jpg",300,300,true],"woocommerce_single":["https:\/\/www.sikortex.com\/wp-content\/uploads\/2023\/06\/O1CN01lDjgLz1g9ODZoSSEQ_2207443834099-0-cib-1-600x600.jpg",600,600,true],"woocommerce_gallery_thumbnail":["https:\/\/www.sikortex.com\/wp-content\/uploads\/2023\/06\/O1CN01lDjgLz1g9ODZoSSEQ_2207443834099-0-cib-1-100x100.jpg",100,100,true]},"uagb_author_info":{"display_name":"Perry","author_link":"https:\/\/www.sikortex.com\/de\/author\/"},"uagb_comment_info":0,"uagb_excerpt":"600 Meters(Min.Order)","_links":{"self":[{"href":"https:\/\/www.sikortex.com\/de\/wp-json\/wp\/v2\/product\/2388","targetHints":{"allow":["GET"]}}],"collection":[{"href":"https:\/\/www.sikortex.com\/de\/wp-json\/wp\/v2\/product"}],"about":[{"href":"https:\/\/www.sikortex.com\/de\/wp-json\/wp\/v2\/types\/product"}],"replies":[{"embeddable":true,"href":"https:\/\/www.sikortex.com\/de\/wp-json\/wp\/v2\/comments?post=2388"}],"wp:featuredmedia":[{"embeddable":true,"href":"https:\/\/www.sikortex.com\/de\/wp-json\/wp\/v2\/media\/3934"}],"wp:attachment":[{"href":"https:\/\/www.sikortex.com\/de\/wp-json\/wp\/v2\/media?parent=2388"}],"wp:term":[{"taxonomy":"product_brand","embeddable":true,"href":"https:\/\/www.sikortex.com\/de\/wp-json\/wp\/v2\/product_brand?post=2388"},{"taxonomy":"product_cat","embeddable":true,"href":"https:\/\/www.sikortex.com\/de\/wp-json\/wp\/v2\/product_cat?post=2388"},{"taxonomy":"product_tag","embeddable":true,"href":"https:\/\/www.sikortex.com\/de\/wp-json\/wp\/v2\/product_tag?post=2388"}],"curies":[{"name":"wp","href":"https:\/\/api.w.org\/{rel}","templated":true}]}}