{"id":2317,"date":"2023-06-02T16:10:54","date_gmt":"2023-06-02T08:10:54","guid":{"rendered":"http:\/\/203.196.10.64:3021\/?post_type=product&#038;p=2317"},"modified":"2025-01-06T13:38:32","modified_gmt":"2025-01-06T05:38:32","slug":"sk8272-jacquard-nylon-schaumbeschichtetes-pvc","status":"publish","type":"product","link":"https:\/\/www.sikortex.com\/de\/produkt\/sk8272-jacquard-nylon-schaumbeschichtetes-pvc\/","title":{"rendered":"Jacquard-Nylonschaumbeschichtetes PVC-Oxford-Gewebe"},"content":{"rendered":"<h6>SIKOR-TEX <span style=\"color: #3366ff;\"><a style=\"color: #3366ff;\" href=\"https:\/\/www.sikortex.com\/de\/nylon-baumwollstoff-ripstop-windbreaker-stoff-5\/\">Oxford-Stoff<\/a><\/span> Hersteller<\/h6>\n<p>Jacquard-Nylonschaumbeschichtetes PVC-Oxford-Gewebe f\u00fcr Gep\u00e4ck! Dieser Stoff ist perfekt f\u00fcr alle, die ein hochwertiges, langlebiges Material f\u00fcr ihr Gep\u00e4ck suchen. Mit seiner hohen Rei\u00dffestigkeit, guten Farbechtheit und hohen Wasserbest\u00e4ndigkeit ist dieser Stoff f\u00fcr die Strapazen auf Reisen ausgelegt. Au\u00dferdem ist es umweltfreundlich und AZO-frei, sodass Sie bei Ihrem Kauf ein gutes Gef\u00fchl haben k\u00f6nnen.<\/p>\n<p>Dieser Stoff ist nicht nur von h\u00f6chster Qualit\u00e4t, sondern auch in verschiedenen Garnst\u00e4rken, Beschichtungen, Breiten und Gewichten erh\u00e4ltlich. Das bedeutet, dass Sie Ihr Gep\u00e4ck genau nach Ihren W\u00fcnschen anpassen k\u00f6nnen. Unser professioneller Hersteller von 100%-Polyester- und Nylongeweben produziert dieses Gewebe in seiner eigenen Web- und Beschichtungsfabrik und gew\u00e4hrleistet so eine stabile Qualit\u00e4t und wettbewerbsf\u00e4hige Preise. Mit jahrelanger Erfahrung garantieren wir unseren Kunden den besten Service.<\/p>\n<p>Wenn Sie also auf der Suche nach einem zuverl\u00e4ssigen und hochwertigen Stoff f\u00fcr Ihr Gep\u00e4ck sind, sind Sie beim neuesten Jacquard-Nylon-PVC-Schaumstoff f\u00fcr Gep\u00e4ck genau richtig. Kontaktieren Sie uns \u00fcber unsere Webseite, um mehr \u00fcber unsere Produktlinien und Versandrichtlinien zu erfahren.<\/p>","protected":false},"excerpt":{"rendered":"<p>600 Meter (Mindestbestellmenge)<\/p>","protected":false},"featured_media":3902,"comment_status":"closed","ping_status":"closed","template":"","meta":{"_uag_custom_page_level_css":"","site-sidebar-layout":"default","site-content-layout":"default","ast-site-content-layout":"","site-content-style":"default","site-sidebar-style":"default","ast-global-header-display":"","ast-banner-title-visibility":"","ast-main-header-display":"","ast-hfb-above-header-display":"","ast-hfb-below-header-display":"","ast-hfb-mobile-header-display":"","site-post-title":"","ast-breadcrumbs-content":"","ast-featured-img":"","footer-sml-layout":"","theme-transparent-header-meta":"default","adv-header-id-meta":"","stick-header-meta":"default","header-above-stick-meta":"","header-main-stick-meta":"","header-below-stick-meta":"","astra-migrate-meta-layouts":"default","ast-page-background-enabled":"default","ast-page-background-meta":{"desktop":{"background-color":"","background-image":"","background-repeat":"repeat","background-position":"center center","background-size":"auto","background-attachment":"scroll","background-type":"","background-media":"","overlay-type":"","overlay-color":"","overlay-opacity":"","overlay-gradient":""},"tablet":{"background-color":"","background-image":"","background-repeat":"repeat","background-position":"center center","background-size":"auto","background-attachment":"scroll","background-type":"","background-media":"","overlay-type":"","overlay-color":"","overlay-opacity":"","overlay-gradient":""},"mobile":{"background-color":"","background-image":"","background-repeat":"repeat","background-position":"center center","background-size":"auto","background-attachment":"scroll","background-type":"","background-media":"","overlay-type":"","overlay-color":"","overlay-opacity":"","overlay-gradient":""}},"ast-content-background-meta":{"desktop":{"background-color":"var(--ast-global-color-5)","background-image":"","background-repeat":"repeat","background-position":"center center","background-size":"auto","background-attachment":"scroll","background-type":"","background-media":"","overlay-type":"","overlay-color":"","overlay-opacity":"","overlay-gradient":""},"tablet":{"background-color":"var(--ast-global-color-5)","background-image":"","background-repeat":"repeat","background-position":"center center","background-size":"auto","background-attachment":"scroll","background-type":"","background-media":"","overlay-type":"","overlay-color":"","overlay-opacity":"","overlay-gradient":""},"mobile":{"background-color":"var(--ast-global-color-5)","background-image":"","background-repeat":"repeat","background-position":"center center","background-size":"auto","background-attachment":"scroll","background-type":"","background-media":"","overlay-type":"","overlay-color":"","overlay-opacity":"","overlay-gradient":""}}},"product_brand":[],"product_cat":[404,407,433,414],"product_tag":[],"class_list":{"0":"post-2317","1":"product","2":"type-product","3":"status-publish","4":"has-post-thumbnail","6":"product_cat-nylon-fabrics","7":"product_cat-recycled-fabric","8":"product_cat-textile-for-industrial","9":"product_cat-waterproof-fabrics","10":"pa_available_colors-h-black","11":"desktop-align-left","12":"tablet-align-left","13":"mobile-align-left","14":"ast-product-gallery-layout-vertical-slider","15":"ast-product-tabs-layout-horizontal","17":"first","18":"instock","19":"shipping-taxable","20":"product-type-simple"},"uagb_featured_image_src":{"full":["https:\/\/www.sikortex.com\/wp-content\/uploads\/2023\/06\/4002372872_496900300-1.jpg",1024,1024,false],"thumbnail":["https:\/\/www.sikortex.com\/wp-content\/uploads\/2023\/06\/4002372872_496900300-1-150x150.jpg",150,150,true],"medium":["https:\/\/www.sikortex.com\/wp-content\/uploads\/2023\/06\/4002372872_496900300-1-300x300.jpg",300,300,true],"medium_large":["https:\/\/www.sikortex.com\/wp-content\/uploads\/2023\/06\/4002372872_496900300-1-768x768.jpg",768,768,true],"large":["https:\/\/www.sikortex.com\/wp-content\/uploads\/2023\/06\/4002372872_496900300-1.jpg",1024,1024,false],"1536x1536":["https:\/\/www.sikortex.com\/wp-content\/uploads\/2023\/06\/4002372872_496900300-1.jpg",1024,1024,false],"2048x2048":["https:\/\/www.sikortex.com\/wp-content\/uploads\/2023\/06\/4002372872_496900300-1.jpg",1024,1024,false],"trp-custom-language-flag":["https:\/\/www.sikortex.com\/wp-content\/uploads\/2023\/06\/4002372872_496900300-1.jpg",12,12,false],"woocommerce_thumbnail":["https:\/\/www.sikortex.com\/wp-content\/uploads\/2023\/06\/4002372872_496900300-1-300x300.jpg",300,300,true],"woocommerce_single":["https:\/\/www.sikortex.com\/wp-content\/uploads\/2023\/06\/4002372872_496900300-1-600x600.jpg",600,600,true],"woocommerce_gallery_thumbnail":["https:\/\/www.sikortex.com\/wp-content\/uploads\/2023\/06\/4002372872_496900300-1-100x100.jpg",100,100,true]},"uagb_author_info":{"display_name":"Perry","author_link":"https:\/\/www.sikortex.com\/de\/author\/"},"uagb_comment_info":0,"uagb_excerpt":"600 Meters(Min.Order)","_links":{"self":[{"href":"https:\/\/www.sikortex.com\/de\/wp-json\/wp\/v2\/product\/2317","targetHints":{"allow":["GET"]}}],"collection":[{"href":"https:\/\/www.sikortex.com\/de\/wp-json\/wp\/v2\/product"}],"about":[{"href":"https:\/\/www.sikortex.com\/de\/wp-json\/wp\/v2\/types\/product"}],"replies":[{"embeddable":true,"href":"https:\/\/www.sikortex.com\/de\/wp-json\/wp\/v2\/comments?post=2317"}],"wp:featuredmedia":[{"embeddable":true,"href":"https:\/\/www.sikortex.com\/de\/wp-json\/wp\/v2\/media\/3902"}],"wp:attachment":[{"href":"https:\/\/www.sikortex.com\/de\/wp-json\/wp\/v2\/media?parent=2317"}],"wp:term":[{"taxonomy":"product_brand","embeddable":true,"href":"https:\/\/www.sikortex.com\/de\/wp-json\/wp\/v2\/product_brand?post=2317"},{"taxonomy":"product_cat","embeddable":true,"href":"https:\/\/www.sikortex.com\/de\/wp-json\/wp\/v2\/product_cat?post=2317"},{"taxonomy":"product_tag","embeddable":true,"href":"https:\/\/www.sikortex.com\/de\/wp-json\/wp\/v2\/product_tag?post=2317"}],"curies":[{"name":"wp","href":"https:\/\/api.w.org\/{rel}","templated":true}]}}