{"id":2303,"date":"2023-06-02T16:03:32","date_gmt":"2023-06-02T08:03:32","guid":{"rendered":"http:\/\/203.196.10.64:3021\/?post_type=product&#038;p=2303"},"modified":"2025-01-06T13:38:52","modified_gmt":"2025-01-06T05:38:52","slug":"sk8270-polyester-doppelgewebe","status":"publish","type":"product","link":"https:\/\/www.sikortex.com\/de\/produkt\/sk8270-polyester-doppelgewebe\/","title":{"rendered":"Polyester-Doppelgewebe-Jacquard-Oxford-Gewebe"},"content":{"rendered":"<h6>SIKOR-TEX <span style=\"color: #3366ff;\"><a style=\"color: #3366ff;\" href=\"https:\/\/www.sikortex.com\/de\/nylon-baumwollstoff-ripstop-windbreaker-stoff-5\/\">Oxford-Stoff<\/a> <\/span>Hersteller<\/h6>\n<p>Polyester-Doppelgewebe-Jacquard-Oxford-Gewebe ist ein vielseitiges, hochwertiges Gewebe, das sich perfekt f\u00fcr eine Vielzahl von Anwendungen eignet. Egal, ob Sie stilvolle Kleidung, langlebige Taschen oder bequeme Polster herstellen m\u00f6chten, dieser Stoff wird Ihren Anforderungen mit Sicherheit gerecht.<br \/>\nBei Quality Fabric sind wir auf die Bereitstellung hochwertiger Polyester-Jacquard-Oxford-Stoffe spezialisiert, die auf Langlebigkeit ausgelegt sind. Unser Stoff besteht aus hochwertigen Polyesterfasern, die mithilfe fortschrittlicher Jacquard-Technologie miteinander verwoben werden, wodurch eine einzigartige und langlebige Oberfl\u00e4che entsteht, die jahrelangem Verschlei\u00df standh\u00e4lt.<br \/>\nUnser Polyester-Jacquard-Oxford-Stoff ist in verschiedenen Farben und Mustern erh\u00e4ltlich, sodass Sie leicht die perfekte Erg\u00e4nzung f\u00fcr Ihr Projekt finden. Seine subtile Textur und sein hervorragender Fall erm\u00f6glichen eine einfache Handhabung und ein professionelles Finish, w\u00e4hrend seine atmungsaktiven und wasserabweisenden Eigenschaften es ideal f\u00fcr Anwendungen im Freien machen.<\/p>","protected":false},"excerpt":{"rendered":"<p>600 Meter (Mindestbestellmenge)<\/p>","protected":false},"featured_media":3895,"comment_status":"closed","ping_status":"closed","template":"","meta":{"_uag_custom_page_level_css":"","site-sidebar-layout":"default","site-content-layout":"default","ast-site-content-layout":"","site-content-style":"default","site-sidebar-style":"default","ast-global-header-display":"","ast-banner-title-visibility":"","ast-main-header-display":"","ast-hfb-above-header-display":"","ast-hfb-below-header-display":"","ast-hfb-mobile-header-display":"","site-post-title":"","ast-breadcrumbs-content":"","ast-featured-img":"","footer-sml-layout":"","theme-transparent-header-meta":"default","adv-header-id-meta":"","stick-header-meta":"default","header-above-stick-meta":"","header-main-stick-meta":"","header-below-stick-meta":"","astra-migrate-meta-layouts":"default","ast-page-background-enabled":"default","ast-page-background-meta":{"desktop":{"background-color":"","background-image":"","background-repeat":"repeat","background-position":"center center","background-size":"auto","background-attachment":"scroll","background-type":"","background-media":"","overlay-type":"","overlay-color":"","overlay-opacity":"","overlay-gradient":""},"tablet":{"background-color":"","background-image":"","background-repeat":"repeat","background-position":"center center","background-size":"auto","background-attachment":"scroll","background-type":"","background-media":"","overlay-type":"","overlay-color":"","overlay-opacity":"","overlay-gradient":""},"mobile":{"background-color":"","background-image":"","background-repeat":"repeat","background-position":"center center","background-size":"auto","background-attachment":"scroll","background-type":"","background-media":"","overlay-type":"","overlay-color":"","overlay-opacity":"","overlay-gradient":""}},"ast-content-background-meta":{"desktop":{"background-color":"var(--ast-global-color-5)","background-image":"","background-repeat":"repeat","background-position":"center center","background-size":"auto","background-attachment":"scroll","background-type":"","background-media":"","overlay-type":"","overlay-color":"","overlay-opacity":"","overlay-gradient":""},"tablet":{"background-color":"var(--ast-global-color-5)","background-image":"","background-repeat":"repeat","background-position":"center center","background-size":"auto","background-attachment":"scroll","background-type":"","background-media":"","overlay-type":"","overlay-color":"","overlay-opacity":"","overlay-gradient":""},"mobile":{"background-color":"var(--ast-global-color-5)","background-image":"","background-repeat":"repeat","background-position":"center center","background-size":"auto","background-attachment":"scroll","background-type":"","background-media":"","overlay-type":"","overlay-color":"","overlay-opacity":"","overlay-gradient":""}}},"product_brand":[],"product_cat":[403,414],"product_tag":[],"class_list":{"0":"post-2303","1":"product","2":"type-product","3":"status-publish","4":"has-post-thumbnail","6":"product_cat-polyester-fabrics","7":"product_cat-waterproof-fabrics","8":"pa_available_colors-911052-spc","9":"desktop-align-left","10":"tablet-align-left","11":"mobile-align-left","12":"ast-product-gallery-layout-vertical-slider","13":"ast-product-tabs-layout-horizontal","15":"first","16":"instock","17":"shipping-taxable","18":"product-type-simple"},"uagb_featured_image_src":{"full":["https:\/\/www.sikortex.com\/wp-content\/uploads\/2023\/06\/2718340826_496900300-1.jpg",1024,1024,false],"thumbnail":["https:\/\/www.sikortex.com\/wp-content\/uploads\/2023\/06\/2718340826_496900300-1-150x150.jpg",150,150,true],"medium":["https:\/\/www.sikortex.com\/wp-content\/uploads\/2023\/06\/2718340826_496900300-1-300x300.jpg",300,300,true],"medium_large":["https:\/\/www.sikortex.com\/wp-content\/uploads\/2023\/06\/2718340826_496900300-1-768x768.jpg",768,768,true],"large":["https:\/\/www.sikortex.com\/wp-content\/uploads\/2023\/06\/2718340826_496900300-1.jpg",1024,1024,false],"1536x1536":["https:\/\/www.sikortex.com\/wp-content\/uploads\/2023\/06\/2718340826_496900300-1.jpg",1024,1024,false],"2048x2048":["https:\/\/www.sikortex.com\/wp-content\/uploads\/2023\/06\/2718340826_496900300-1.jpg",1024,1024,false],"trp-custom-language-flag":["https:\/\/www.sikortex.com\/wp-content\/uploads\/2023\/06\/2718340826_496900300-1.jpg",12,12,false],"woocommerce_thumbnail":["https:\/\/www.sikortex.com\/wp-content\/uploads\/2023\/06\/2718340826_496900300-1-300x300.jpg",300,300,true],"woocommerce_single":["https:\/\/www.sikortex.com\/wp-content\/uploads\/2023\/06\/2718340826_496900300-1-600x600.jpg",600,600,true],"woocommerce_gallery_thumbnail":["https:\/\/www.sikortex.com\/wp-content\/uploads\/2023\/06\/2718340826_496900300-1-100x100.jpg",100,100,true]},"uagb_author_info":{"display_name":"Perry","author_link":"https:\/\/www.sikortex.com\/de\/author\/"},"uagb_comment_info":0,"uagb_excerpt":"600 Meters(Min.Order)","_links":{"self":[{"href":"https:\/\/www.sikortex.com\/de\/wp-json\/wp\/v2\/product\/2303","targetHints":{"allow":["GET"]}}],"collection":[{"href":"https:\/\/www.sikortex.com\/de\/wp-json\/wp\/v2\/product"}],"about":[{"href":"https:\/\/www.sikortex.com\/de\/wp-json\/wp\/v2\/types\/product"}],"replies":[{"embeddable":true,"href":"https:\/\/www.sikortex.com\/de\/wp-json\/wp\/v2\/comments?post=2303"}],"wp:featuredmedia":[{"embeddable":true,"href":"https:\/\/www.sikortex.com\/de\/wp-json\/wp\/v2\/media\/3895"}],"wp:attachment":[{"href":"https:\/\/www.sikortex.com\/de\/wp-json\/wp\/v2\/media?parent=2303"}],"wp:term":[{"taxonomy":"product_brand","embeddable":true,"href":"https:\/\/www.sikortex.com\/de\/wp-json\/wp\/v2\/product_brand?post=2303"},{"taxonomy":"product_cat","embeddable":true,"href":"https:\/\/www.sikortex.com\/de\/wp-json\/wp\/v2\/product_cat?post=2303"},{"taxonomy":"product_tag","embeddable":true,"href":"https:\/\/www.sikortex.com\/de\/wp-json\/wp\/v2\/product_tag?post=2303"}],"curies":[{"name":"wp","href":"https:\/\/api.w.org\/{rel}","templated":true}]}}