{"id":2288,"date":"2023-06-02T16:00:53","date_gmt":"2023-06-02T08:00:53","guid":{"rendered":"http:\/\/203.196.10.64:3021\/?post_type=product&#038;p=2288"},"modified":"2025-02-17T17:45:35","modified_gmt":"2025-02-17T09:45:35","slug":"420d-nylongewebe-pu-beschichtung-oxford","status":"publish","type":"product","link":"https:\/\/www.sikortex.com\/de\/produkt\/420d-nylongewebe-pu-beschichtung-oxford\/","title":{"rendered":"420D Nylongewebe PU-Beschichtung Oxford"},"content":{"rendered":"<h3 class=\"header-vfC6AV auto-hide-last-sibling-br\">420D-Nylongewebe: Eine zuverl\u00e4ssige Wahl f\u00fcr Schlechtwetterausr\u00fcstung<\/h3>\n<p>&nbsp;<\/p>\n<h4 class=\"header-vfC6AV auto-hide-last-sibling-br\">Sorgf\u00e4ltige Handwerkskunst als Grundlage f\u00fcr Langlebigkeit<\/h4>\n<div class=\"auto-hide-last-sibling-br paragraph-JOTKXA paragraph-element br-paragraph-space\">Unser 420D-Nylongewebe f\u00e4llt schon beim ersten Mal durch seinen Webprozess auf. Die Garne sind eng miteinander verwoben, wodurch ein stabiles physisches Ger\u00fcst f\u00fcr das Gewebe entsteht und eine solide Grundlage f\u00fcr seine Haltbarkeit geschaffen wird. Dar\u00fcber tragen wir eine zweilagige PU-Beschichtung auf. Das ist keine gew\u00f6hnliche Ma\u00dfnahme. Die zweilagige Beschichtung ist, als ob man dem Gewebe zwei Lagen solider R\u00fcstung auferlegt. Sie erh\u00f6ht nicht nur die Gesamtfestigkeit des Gewebes umfassend, sondern verbessert auch seine Rei\u00dffestigkeit erheblich. Stellen Sie sich vor, bei einem Outdoor-Abenteuer kommt die Ausr\u00fcstung h\u00e4ufig mit scharfen Steinen und \u00c4sten in Ber\u00fchrung. Gew\u00f6hnliche Stoffe w\u00fcrden leicht zerkratzt werden, aber unser 420D-Nylongewebe mit einer zweilagigen PU-Beschichtung kann diesen St\u00f6\u00dfen hartn\u00e4ckig widerstehen, wodurch die Integrit\u00e4t der Ausr\u00fcstung gew\u00e4hrleistet und eine zuverl\u00e4ssige Garantie f\u00fcr Ihre Outdoor-Ausfl\u00fcge geboten wird.<\/div>\n<div><\/div>\n<h4 class=\"header-vfC6AV auto-hide-last-sibling-br\">Doppelfunktion: Impr\u00e4gnierung, sorgt f\u00fcr Trockenheit<\/h4>\n<div class=\"auto-hide-last-sibling-br paragraph-JOTKXA paragraph-element br-paragraph-space\">Neben seiner hervorragenden Haltbarkeit ist unser 420D-Nylongewebe auch in Sachen Wasserdichtigkeit noch ein St\u00fcck weiter. Es wurde einer DWR-Behandlung (Durable Water Repellent) unterzogen, die eine spezielle mikroskopische Struktur auf der Gewebeoberfl\u00e4che bildet. Wenn Wassertropfen es ber\u00fchren, sammeln sie sich schnell zu Perlen und perlen ab. In Verbindung mit der zweilagigen PU-Beschichtung sorgen diese beiden Ma\u00dfnahmen f\u00fcr die beste <a href=\"https:\/\/www.sikortex.com\/de\/zeitschrift\/wasserdicht-und-wasserabweisend\/\"><span style=\"color: #3366ff;\">wasserdicht<\/span><\/a> Effekt. Egal ob starker Regenguss oder dichter Nebel, das Gewebe kann Feuchtigkeit vollst\u00e4ndig abhalten und h\u00e4lt die Gegenst\u00e4nde im Inneren der Ausr\u00fcstung jederzeit trocken. Diese ultimative Wasserfestigkeit ist der wichtigste Schutz, den unser 420D-Nylongewebe f\u00fcr Ausr\u00fcstung bietet, die bei rauem Wetter verwendet wird.<\/div>\n<div><\/div>\n<h4 class=\"header-vfC6AV auto-hide-last-sibling-br\">Hervorragende Abriebfestigkeit, lang anhaltender Schutz<\/h4>\n<div class=\"auto-hide-last-sibling-br paragraph-JOTKXA paragraph-element br-paragraph-space\">In der komplexen Au\u00dfenumgebung kommt es \u00fcberall zu Reibung. Unser 420D-Nylongewebe weist dank seiner einzigartigen Materialeigenschaften und seiner dichten Webstruktur eine bemerkenswerte Abriebfestigkeit auf. Selbst nach zahlreichen Eins\u00e4tzen und Langstreckenwanderungen, bei denen es \u00fcber l\u00e4ngere Zeitr\u00e4ume hoher Reibung ausgesetzt war, beh\u00e4lt es seine guten physikalischen Eigenschaften, ohne seine Schutzwirkung auf die Ausr\u00fcstung zu beeintr\u00e4chtigen. Jede Reibung ist ein Test seiner Qualit\u00e4t, und unser 420D-Nylongewebe beweist immer seine herausragende Leistung.<\/div>\n<div><\/div>\n<h4 class=\"header-vfC6AV auto-hide-last-sibling-br\">Vielseitig einsetzbar, zuverl\u00e4ssig in allen Szenarien<\/h4>\n<div class=\"auto-hide-last-sibling-br paragraph-JOTKXA paragraph-element br-paragraph-space\">Dank der vielen oben genannten herausragenden Vorteile ist unser 420D-Nylongewebe vielseitig einsetzbar, insbesondere bei der Herstellung von Ausr\u00fcstung, die rauem Wetter standhalten muss. Ob es sich um einen Bergsteigerrucksack handelt, der beim Gipfelbesteigen Wind, Regen und Felsreibung aushalten muss, oder um ein Feldzelt, das verschiedenen komplexen Wetterbedingungen standhalten muss \u2013 unser 420D-Nylongewebe bietet mit seiner hervorragenden Leistung zuverl\u00e4ssigen Schutz f\u00fcr diese Ausr\u00fcstung. So k\u00f6nnen Benutzer auch bei rauem Wetter unbesorgt Outdoor-Aktivit\u00e4ten genie\u00dfen.<\/div>\n<p>&nbsp;<\/p>\n<div class=\"auto-hide-last-sibling-br paragraph-JOTKXA paragraph-element br-paragraph-space\">Unser 420D-Nylongewebe ist mit seiner Strapazierf\u00e4higkeit, Rei\u00dffestigkeit, Wasserfestigkeit mit Doppelfunktion und hervorragenden Abriebfestigkeit, die in sorgf\u00e4ltiger Handwerkskunst hergestellt wird, zu einer unersetzlichen, hochwertigen Wahl im Bereich der Ausr\u00fcstung f\u00fcr raues Wetter geworden und begleitet die Abenteuerreisen von Outdoor-Enthusiasten umfassend.<\/div>","protected":false},"excerpt":{"rendered":"<p>1000 Meter (Mindestbestellmenge)<\/p>","protected":false},"featured_media":6451,"comment_status":"closed","ping_status":"closed","template":"","meta":{"_uag_custom_page_level_css":"","site-sidebar-layout":"default","site-content-layout":"default","ast-site-content-layout":"","site-content-style":"default","site-sidebar-style":"default","ast-global-header-display":"","ast-banner-title-visibility":"","ast-main-header-display":"","ast-hfb-above-header-display":"","ast-hfb-below-header-display":"","ast-hfb-mobile-header-display":"","site-post-title":"","ast-breadcrumbs-content":"","ast-featured-img":"","footer-sml-layout":"","theme-transparent-header-meta":"default","adv-header-id-meta":"","stick-header-meta":"default","header-above-stick-meta":"","header-main-stick-meta":"","header-below-stick-meta":"","astra-migrate-meta-layouts":"default","ast-page-background-enabled":"default","ast-page-background-meta":{"desktop":{"background-color":"","background-image":"","background-repeat":"repeat","background-position":"center center","background-size":"auto","background-attachment":"scroll","background-type":"","background-media":"","overlay-type":"","overlay-color":"","overlay-opacity":"","overlay-gradient":""},"tablet":{"background-color":"","background-image":"","background-repeat":"repeat","background-position":"center center","background-size":"auto","background-attachment":"scroll","background-type":"","background-media":"","overlay-type":"","overlay-color":"","overlay-opacity":"","overlay-gradient":""},"mobile":{"background-color":"","background-image":"","background-repeat":"repeat","background-position":"center center","background-size":"auto","background-attachment":"scroll","background-type":"","background-media":"","overlay-type":"","overlay-color":"","overlay-opacity":"","overlay-gradient":""}},"ast-content-background-meta":{"desktop":{"background-color":"var(--ast-global-color-5)","background-image":"","background-repeat":"repeat","background-position":"center center","background-size":"auto","background-attachment":"scroll","background-type":"","background-media":"","overlay-type":"","overlay-color":"","overlay-opacity":"","overlay-gradient":""},"tablet":{"background-color":"var(--ast-global-color-5)","background-image":"","background-repeat":"repeat","background-position":"center center","background-size":"auto","background-attachment":"scroll","background-type":"","background-media":"","overlay-type":"","overlay-color":"","overlay-opacity":"","overlay-gradient":""},"mobile":{"background-color":"var(--ast-global-color-5)","background-image":"","background-repeat":"repeat","background-position":"center center","background-size":"auto","background-attachment":"scroll","background-type":"","background-media":"","overlay-type":"","overlay-color":"","overlay-opacity":"","overlay-gradient":""}}},"product_brand":[],"product_cat":[426,1206,423,430,432,404,1184,433,414],"product_tag":[],"class_list":{"0":"post-2288","1":"product","2":"type-product","3":"status-publish","4":"has-post-thumbnail","6":"product_cat-constructionmining","7":"product_cat-fabric-for-bag","8":"product_cat-fabric-for-military-police","9":"product_cat-fabric-for-motorwear","10":"product_cat-fabric-for-tent","11":"product_cat-nylon-fabrics","12":"product_cat-oxford-fabric","13":"product_cat-textile-for-industrial","14":"product_cat-waterproof-fabrics","15":"pa_available_colors-911052-spc","16":"desktop-align-left","17":"tablet-align-left","18":"mobile-align-left","19":"ast-product-gallery-layout-vertical-slider","20":"ast-product-tabs-layout-horizontal","22":"first","23":"instock","24":"shipping-taxable","25":"product-type-simple"},"uagb_featured_image_src":{"full":["https:\/\/www.sikortex.com\/wp-content\/uploads\/2023\/06\/nylon-oxford.jpg",800,800,false],"thumbnail":["https:\/\/www.sikortex.com\/wp-content\/uploads\/2023\/06\/nylon-oxford-150x150.jpg",150,150,true],"medium":["https:\/\/www.sikortex.com\/wp-content\/uploads\/2023\/06\/nylon-oxford-300x300.jpg",300,300,true],"medium_large":["https:\/\/www.sikortex.com\/wp-content\/uploads\/2023\/06\/nylon-oxford-768x768.jpg",768,768,true],"large":["https:\/\/www.sikortex.com\/wp-content\/uploads\/2023\/06\/nylon-oxford.jpg",800,800,false],"1536x1536":["https:\/\/www.sikortex.com\/wp-content\/uploads\/2023\/06\/nylon-oxford.jpg",800,800,false],"2048x2048":["https:\/\/www.sikortex.com\/wp-content\/uploads\/2023\/06\/nylon-oxford.jpg",800,800,false],"trp-custom-language-flag":["https:\/\/www.sikortex.com\/wp-content\/uploads\/2023\/06\/nylon-oxford-12x12.jpg",12,12,true],"woocommerce_thumbnail":["https:\/\/www.sikortex.com\/wp-content\/uploads\/2023\/06\/nylon-oxford-300x300.jpg",300,300,true],"woocommerce_single":["https:\/\/www.sikortex.com\/wp-content\/uploads\/2023\/06\/nylon-oxford-600x600.jpg",600,600,true],"woocommerce_gallery_thumbnail":["https:\/\/www.sikortex.com\/wp-content\/uploads\/2023\/06\/nylon-oxford-100x100.jpg",100,100,true]},"uagb_author_info":{"display_name":"Perry","author_link":"https:\/\/www.sikortex.com\/de\/author\/"},"uagb_comment_info":0,"uagb_excerpt":"1000 Meters(Min.Order)","_links":{"self":[{"href":"https:\/\/www.sikortex.com\/de\/wp-json\/wp\/v2\/product\/2288","targetHints":{"allow":["GET"]}}],"collection":[{"href":"https:\/\/www.sikortex.com\/de\/wp-json\/wp\/v2\/product"}],"about":[{"href":"https:\/\/www.sikortex.com\/de\/wp-json\/wp\/v2\/types\/product"}],"replies":[{"embeddable":true,"href":"https:\/\/www.sikortex.com\/de\/wp-json\/wp\/v2\/comments?post=2288"}],"wp:featuredmedia":[{"embeddable":true,"href":"https:\/\/www.sikortex.com\/de\/wp-json\/wp\/v2\/media\/6451"}],"wp:attachment":[{"href":"https:\/\/www.sikortex.com\/de\/wp-json\/wp\/v2\/media?parent=2288"}],"wp:term":[{"taxonomy":"product_brand","embeddable":true,"href":"https:\/\/www.sikortex.com\/de\/wp-json\/wp\/v2\/product_brand?post=2288"},{"taxonomy":"product_cat","embeddable":true,"href":"https:\/\/www.sikortex.com\/de\/wp-json\/wp\/v2\/product_cat?post=2288"},{"taxonomy":"product_tag","embeddable":true,"href":"https:\/\/www.sikortex.com\/de\/wp-json\/wp\/v2\/product_tag?post=2288"}],"curies":[{"name":"wp","href":"https:\/\/api.w.org\/{rel}","templated":true}]}}