{"id":2252,"date":"2023-06-02T15:51:39","date_gmt":"2023-06-02T07:51:39","guid":{"rendered":"http:\/\/203.196.10.64:3021\/?post_type=product&#038;p=2252"},"modified":"2023-10-10T16:15:51","modified_gmt":"2023-10-10T08:15:51","slug":"sk8331-nylon-baumwoll-verschleisfester-stoff","status":"publish","type":"product","link":"https:\/\/www.sikortex.com\/de\/produkt\/sk8331-nylon-baumwoll-verschleisfester-stoff\/","title":{"rendered":"50\/50 Nylon-Baumwoll-Mischgewebe, hochfest, verschlei\u00dffest"},"content":{"rendered":"<h5>Beste Milit\u00e4rstoffe \u2013 Nylon-Baumwollmischungen<\/h5>\n<p>Sind Sie auf der Suche nach hochfestem Stoff, der rauen Umgebungen standh\u00e4lt? Dann sind Sie bei der bahnbrechenden Stoffmischung SIKOR-TEX aus 50%-Nylon und 50%-Baumwolle genau richtig. Diese innovative Mischung vereint das Beste aus beiden Welten und vereint die Atmungsaktivit\u00e4t von Baumwolle mit der au\u00dfergew\u00f6hnlichen Haltbarkeit und Festigkeit von Nylon.<br \/>\nDie Hinzuf\u00fcgung eines Karomusterdesigns weist nicht nur eine bemerkenswerte Verschlei\u00dffestigkeit auf, sondern verbessert auch die Rei\u00dffestigkeit erheblich. Dieses einzigartige Design sorgt daf\u00fcr, dass der Stoff selbst den h\u00e4rtesten Umgebungen standh\u00e4lt und ist somit die perfekte Wahl f\u00fcr alle, deren Kleidung dem t\u00e4glichen Verschlei\u00df standhalten muss.<br \/>\nSIKOR-TEX Nylon-Baumwollgewebe ist mehr als nur langlebig. Seine Verschlei\u00dffestigkeit ist mehr als dreimal so hoch wie die von Polyester-Baumwolle oder 100%-Baumwollgewebe, was es zur idealen Wahl f\u00fcr alle macht, die Hochleistungsmaterialien ben\u00f6tigen. Auch Druckoptionen und spezielle Funktionsveredelungen sind m\u00f6glich, was ihn zu einem der vielseitigsten Stoffe auf dem Markt macht.<br \/>\nGanz gleich, ob Sie im Milit\u00e4r-, Polizei-, Sicherheits- oder Berufsbekleidungssektor t\u00e4tig sind, unser Stoff ist die perfekte Wahl f\u00fcr Sie. Seine einzigartige Mischung aus Materialien und Design machen es zur ersten Wahl f\u00fcr diejenigen, die das Beste an Qualit\u00e4t und Haltbarkeit verlangen. W\u00e4hlen Sie f\u00fcr Ihr n\u00e4chstes Projekt unsere Stoffmischung aus 50%-Nylon und 50%-Baumwolle und erleben Sie den Unterschied selbst.<\/p>","protected":false},"excerpt":{"rendered":"<p>3000 Meter (Mindestbestellmenge)<\/p>","protected":false},"featured_media":3877,"comment_status":"closed","ping_status":"closed","template":"","meta":{"_uag_custom_page_level_css":"","site-sidebar-layout":"default","site-content-layout":"default","ast-site-content-layout":"","site-content-style":"default","site-sidebar-style":"default","ast-global-header-display":"","ast-banner-title-visibility":"","ast-main-header-display":"","ast-hfb-above-header-display":"","ast-hfb-below-header-display":"","ast-hfb-mobile-header-display":"","site-post-title":"","ast-breadcrumbs-content":"","ast-featured-img":"","footer-sml-layout":"","theme-transparent-header-meta":"default","adv-header-id-meta":"","stick-header-meta":"default","header-above-stick-meta":"","header-main-stick-meta":"","header-below-stick-meta":"","astra-migrate-meta-layouts":"default","ast-page-background-enabled":"default","ast-page-background-meta":{"desktop":{"background-color":"","background-image":"","background-repeat":"repeat","background-position":"center center","background-size":"auto","background-attachment":"scroll","background-type":"","background-media":"","overlay-type":"","overlay-color":"","overlay-opacity":"","overlay-gradient":""},"tablet":{"background-color":"","background-image":"","background-repeat":"repeat","background-position":"center center","background-size":"auto","background-attachment":"scroll","background-type":"","background-media":"","overlay-type":"","overlay-color":"","overlay-opacity":"","overlay-gradient":""},"mobile":{"background-color":"","background-image":"","background-repeat":"repeat","background-position":"center center","background-size":"auto","background-attachment":"scroll","background-type":"","background-media":"","overlay-type":"","overlay-color":"","overlay-opacity":"","overlay-gradient":""}},"ast-content-background-meta":{"desktop":{"background-color":"var(--ast-global-color-5)","background-image":"","background-repeat":"repeat","background-position":"center center","background-size":"auto","background-attachment":"scroll","background-type":"","background-media":"","overlay-type":"","overlay-color":"","overlay-opacity":"","overlay-gradient":""},"tablet":{"background-color":"var(--ast-global-color-5)","background-image":"","background-repeat":"repeat","background-position":"center center","background-size":"auto","background-attachment":"scroll","background-type":"","background-media":"","overlay-type":"","overlay-color":"","overlay-opacity":"","overlay-gradient":""},"mobile":{"background-color":"var(--ast-global-color-5)","background-image":"","background-repeat":"repeat","background-position":"center center","background-size":"auto","background-attachment":"scroll","background-type":"","background-media":"","overlay-type":"","overlay-color":"","overlay-opacity":"","overlay-gradient":""}}},"product_brand":[],"product_cat":[419,426,423,428,406,427],"product_tag":[],"class_list":{"0":"post-2252","1":"product","2":"type-product","3":"status-publish","4":"has-post-thumbnail","6":"product_cat-anti-infrared-fabrics","7":"product_cat-constructionmining","8":"product_cat-fabric-for-military-police","9":"product_cat-fabric-for-outdoor-sports","10":"product_cat-nylon-cotton","11":"product_cat-petroleum-and-petrochemical","12":"pa_available_colors-911052-spc","13":"desktop-align-left","14":"tablet-align-left","15":"mobile-align-left","16":"ast-product-gallery-layout-vertical-slider","17":"ast-product-tabs-layout-horizontal","19":"first","20":"instock","21":"shipping-taxable","22":"product-type-simple"},"uagb_featured_image_src":{"full":["https:\/\/www.sikortex.com\/wp-content\/uploads\/2023\/06\/O1CN01wzQMQw1eKGJIlXM7q_969893852-0-cib-1.jpg",1024,1024,false],"thumbnail":["https:\/\/www.sikortex.com\/wp-content\/uploads\/2023\/06\/O1CN01wzQMQw1eKGJIlXM7q_969893852-0-cib-1-150x150.jpg",150,150,true],"medium":["https:\/\/www.sikortex.com\/wp-content\/uploads\/2023\/06\/O1CN01wzQMQw1eKGJIlXM7q_969893852-0-cib-1-300x300.jpg",300,300,true],"medium_large":["https:\/\/www.sikortex.com\/wp-content\/uploads\/2023\/06\/O1CN01wzQMQw1eKGJIlXM7q_969893852-0-cib-1-768x768.jpg",768,768,true],"large":["https:\/\/www.sikortex.com\/wp-content\/uploads\/2023\/06\/O1CN01wzQMQw1eKGJIlXM7q_969893852-0-cib-1.jpg",1024,1024,false],"1536x1536":["https:\/\/www.sikortex.com\/wp-content\/uploads\/2023\/06\/O1CN01wzQMQw1eKGJIlXM7q_969893852-0-cib-1.jpg",1024,1024,false],"2048x2048":["https:\/\/www.sikortex.com\/wp-content\/uploads\/2023\/06\/O1CN01wzQMQw1eKGJIlXM7q_969893852-0-cib-1.jpg",1024,1024,false],"trp-custom-language-flag":["https:\/\/www.sikortex.com\/wp-content\/uploads\/2023\/06\/O1CN01wzQMQw1eKGJIlXM7q_969893852-0-cib-1.jpg",12,12,false],"woocommerce_thumbnail":["https:\/\/www.sikortex.com\/wp-content\/uploads\/2023\/06\/O1CN01wzQMQw1eKGJIlXM7q_969893852-0-cib-1-300x300.jpg",300,300,true],"woocommerce_single":["https:\/\/www.sikortex.com\/wp-content\/uploads\/2023\/06\/O1CN01wzQMQw1eKGJIlXM7q_969893852-0-cib-1-600x600.jpg",600,600,true],"woocommerce_gallery_thumbnail":["https:\/\/www.sikortex.com\/wp-content\/uploads\/2023\/06\/O1CN01wzQMQw1eKGJIlXM7q_969893852-0-cib-1-100x100.jpg",100,100,true]},"uagb_author_info":{"display_name":"Perry","author_link":"https:\/\/www.sikortex.com\/de\/author\/"},"uagb_comment_info":0,"uagb_excerpt":"3000 Meters(Min.Order)","_links":{"self":[{"href":"https:\/\/www.sikortex.com\/de\/wp-json\/wp\/v2\/product\/2252","targetHints":{"allow":["GET"]}}],"collection":[{"href":"https:\/\/www.sikortex.com\/de\/wp-json\/wp\/v2\/product"}],"about":[{"href":"https:\/\/www.sikortex.com\/de\/wp-json\/wp\/v2\/types\/product"}],"replies":[{"embeddable":true,"href":"https:\/\/www.sikortex.com\/de\/wp-json\/wp\/v2\/comments?post=2252"}],"wp:featuredmedia":[{"embeddable":true,"href":"https:\/\/www.sikortex.com\/de\/wp-json\/wp\/v2\/media\/3877"}],"wp:attachment":[{"href":"https:\/\/www.sikortex.com\/de\/wp-json\/wp\/v2\/media?parent=2252"}],"wp:term":[{"taxonomy":"product_brand","embeddable":true,"href":"https:\/\/www.sikortex.com\/de\/wp-json\/wp\/v2\/product_brand?post=2252"},{"taxonomy":"product_cat","embeddable":true,"href":"https:\/\/www.sikortex.com\/de\/wp-json\/wp\/v2\/product_cat?post=2252"},{"taxonomy":"product_tag","embeddable":true,"href":"https:\/\/www.sikortex.com\/de\/wp-json\/wp\/v2\/product_tag?post=2252"}],"curies":[{"name":"wp","href":"https:\/\/api.w.org\/{rel}","templated":true}]}}