{"id":2005,"date":"2023-06-02T14:47:47","date_gmt":"2023-06-02T06:47:47","guid":{"rendered":"http:\/\/203.196.10.64:3021\/?post_type=product&#038;p=2005"},"modified":"2025-01-08T12:49:02","modified_gmt":"2025-01-08T04:49:02","slug":"sk8253-1000d-nylon-66","status":"publish","type":"product","link":"https:\/\/www.sikortex.com\/de\/produkt\/sk8253-1000d-nylon-66\/","title":{"rendered":"1000D Nylon 66 hochfestes Oxford"},"content":{"rendered":"<p>1000D <span style=\"color: #3366ff;\"><a style=\"color: #3366ff;\" href=\"https:\/\/www.sikortex.com\/de\/hersteller-von-nylongewebe\/\">Nylon<\/a><\/span> 66 <a href=\"https:\/\/www.sikortex.com\/de\/nylon-baumwollstoff-ripstop-windbreaker-stoff-5\/\"><span style=\"color: #3366ff;\">Oxford Stoff<\/span><\/a>c, eine hervorragende Wahl f\u00fcr anspruchsvolle Anwendungen, die Haltbarkeit und Festigkeit erfordern. Gewebt aus 1000 Denier <span style=\"color: #3366ff;\"><a style=\"color: #3366ff;\" href=\"https:\/\/www.sikortex.com\/de\/hersteller-von-nylongewebe\/\">Nylon<\/a><\/span> 66 Air Textured Yarn, dieser Stoff bietet das Aussehen und die Haptik von Baumwollgarn und ist gleichzeitig au\u00dfergew\u00f6hnlich haltbar.<\/p>\n<p>Die Fasern dieses Gewebes sind miteinander verbunden, was f\u00fcr eine bessere Widerstandsf\u00e4higkeit gegen \u00e4u\u00dfere Reibung sorgt und die allgemeine Haltbarkeit erh\u00f6ht. <span style=\"color: #3366ff;\"><a style=\"color: #3366ff;\" href=\"https:\/\/www.sikortex.com\/de\/hersteller-von-nylongewebe\/\">Nylon<\/a><\/span> 66 ist f\u00fcr seine hohe Festigkeit bekannt und bietet die dreifache Festigkeit von Polyester und die doppelte Festigkeit von Nylon 6, was es zu einer ausgezeichneten Wahl f\u00fcr robuste Anwendungen macht.<\/p>\n<p>Dar\u00fcber hinaus bieten wir stolz an <a href=\"https:\/\/www.sikortex.com\/de\/cordura-stoffe\/\"><span style=\"color: #3366ff;\">Cordura<\/span><\/a> Fasern mit INVISTA-Technologie, entwickelt von DuPont, bekannt f\u00fcr ihre Leistung und Qualit\u00e4t. Unsere Stoffe k\u00f6nnen erg\u00e4nzt werden durch <a href=\"https:\/\/www.sikortex.com\/de\/cordura-stoffe\/\"><span style=\"color: #3366ff;\">Cordura<\/span><\/a> H\u00e4ngeetiketten sorgen f\u00fcr zus\u00e4tzliche Sicherheit hinsichtlich Haltbarkeit und Zuverl\u00e4ssigkeit.<\/p>\n<p>Die 1000D <span style=\"color: #3366ff;\"><a style=\"color: #3366ff;\" href=\"https:\/\/www.sikortex.com\/de\/hersteller-von-nylongewebe\/\">Nylon<\/a><\/span> 66 <a href=\"https:\/\/www.sikortex.com\/de\/nylon-baumwollstoff-ripstop-windbreaker-stoff-5\/\"><span style=\"color: #3366ff;\">Oxford Stoff<\/span><\/a>c wird h\u00e4ufig bei der Herstellung taktischer Westen, Milit\u00e4runiformen, Schutzpanzer und verschlei\u00dffester Arbeitskleidung f\u00fcr die Schwerindustrie verwendet. W\u00e4hlen Sie unseren Stoff aufgrund seiner au\u00dfergew\u00f6hnlichen St\u00e4rke, Langlebigkeit und Zuverl\u00e4ssigkeit in anspruchsvollen Umgebungen.<\/p>\n<p><a href=\"https:\/\/www.sikortex.com\/de\/2024\/09\/05\/lieferant-von-ripstop-stoffen-ripstop-material\/\"><span style=\"color: #3366ff;\">Erfahren Sie mehr \u00fcber Ripstop-Stoffe<\/span><\/a><\/p>","protected":false},"excerpt":{"rendered":"<p>600 Meter (Mindestbestellmenge)<\/p>","protected":false},"featured_media":3767,"comment_status":"closed","ping_status":"closed","template":"","meta":{"_uag_custom_page_level_css":"","site-sidebar-layout":"default","site-content-layout":"default","ast-site-content-layout":"","site-content-style":"default","site-sidebar-style":"default","ast-global-header-display":"","ast-banner-title-visibility":"","ast-main-header-display":"","ast-hfb-above-header-display":"","ast-hfb-below-header-display":"","ast-hfb-mobile-header-display":"","site-post-title":"","ast-breadcrumbs-content":"","ast-featured-img":"","footer-sml-layout":"","theme-transparent-header-meta":"default","adv-header-id-meta":"","stick-header-meta":"default","header-above-stick-meta":"","header-main-stick-meta":"","header-below-stick-meta":"","astra-migrate-meta-layouts":"default","ast-page-background-enabled":"default","ast-page-background-meta":{"desktop":{"background-color":"","background-image":"","background-repeat":"repeat","background-position":"center center","background-size":"auto","background-attachment":"scroll","background-type":"","background-media":"","overlay-type":"","overlay-color":"","overlay-opacity":"","overlay-gradient":""},"tablet":{"background-color":"","background-image":"","background-repeat":"repeat","background-position":"center center","background-size":"auto","background-attachment":"scroll","background-type":"","background-media":"","overlay-type":"","overlay-color":"","overlay-opacity":"","overlay-gradient":""},"mobile":{"background-color":"","background-image":"","background-repeat":"repeat","background-position":"center center","background-size":"auto","background-attachment":"scroll","background-type":"","background-media":"","overlay-type":"","overlay-color":"","overlay-opacity":"","overlay-gradient":""}},"ast-content-background-meta":{"desktop":{"background-color":"var(--ast-global-color-5)","background-image":"","background-repeat":"repeat","background-position":"center center","background-size":"auto","background-attachment":"scroll","background-type":"","background-media":"","overlay-type":"","overlay-color":"","overlay-opacity":"","overlay-gradient":""},"tablet":{"background-color":"var(--ast-global-color-5)","background-image":"","background-repeat":"repeat","background-position":"center center","background-size":"auto","background-attachment":"scroll","background-type":"","background-media":"","overlay-type":"","overlay-color":"","overlay-opacity":"","overlay-gradient":""},"mobile":{"background-color":"var(--ast-global-color-5)","background-image":"","background-repeat":"repeat","background-position":"center center","background-size":"auto","background-attachment":"scroll","background-type":"","background-media":"","overlay-type":"","overlay-color":"","overlay-opacity":"","overlay-gradient":""}}},"product_brand":[],"product_cat":[419,423,404,414],"product_tag":[],"class_list":{"0":"post-2005","1":"product","2":"type-product","3":"status-publish","4":"has-post-thumbnail","6":"product_cat-anti-infrared-fabrics","7":"product_cat-fabric-for-military-police","8":"product_cat-nylon-fabrics","9":"product_cat-waterproof-fabrics","10":"pa_available_colors-502001-std","11":"pa_available_colors-h-black","12":"pa_available_colors-911052-spc","13":"desktop-align-left","14":"tablet-align-left","15":"mobile-align-left","16":"ast-product-gallery-layout-vertical-slider","17":"ast-product-tabs-layout-horizontal","19":"first","20":"instock","21":"shipping-taxable","22":"product-type-simple"},"uagb_featured_image_src":{"full":["https:\/\/www.sikortex.com\/wp-content\/uploads\/2023\/06\/O1CN01tudKto1JA5cNyAHO7_3828250987-0-cib-3.jpg",1024,1024,false],"thumbnail":["https:\/\/www.sikortex.com\/wp-content\/uploads\/2023\/06\/O1CN01tudKto1JA5cNyAHO7_3828250987-0-cib-3-150x150.jpg",150,150,true],"medium":["https:\/\/www.sikortex.com\/wp-content\/uploads\/2023\/06\/O1CN01tudKto1JA5cNyAHO7_3828250987-0-cib-3-300x300.jpg",300,300,true],"medium_large":["https:\/\/www.sikortex.com\/wp-content\/uploads\/2023\/06\/O1CN01tudKto1JA5cNyAHO7_3828250987-0-cib-3-768x768.jpg",768,768,true],"large":["https:\/\/www.sikortex.com\/wp-content\/uploads\/2023\/06\/O1CN01tudKto1JA5cNyAHO7_3828250987-0-cib-3.jpg",1024,1024,false],"1536x1536":["https:\/\/www.sikortex.com\/wp-content\/uploads\/2023\/06\/O1CN01tudKto1JA5cNyAHO7_3828250987-0-cib-3.jpg",1024,1024,false],"2048x2048":["https:\/\/www.sikortex.com\/wp-content\/uploads\/2023\/06\/O1CN01tudKto1JA5cNyAHO7_3828250987-0-cib-3.jpg",1024,1024,false],"trp-custom-language-flag":["https:\/\/www.sikortex.com\/wp-content\/uploads\/2023\/06\/O1CN01tudKto1JA5cNyAHO7_3828250987-0-cib-3.jpg",12,12,false],"woocommerce_thumbnail":["https:\/\/www.sikortex.com\/wp-content\/uploads\/2023\/06\/O1CN01tudKto1JA5cNyAHO7_3828250987-0-cib-3-300x300.jpg",300,300,true],"woocommerce_single":["https:\/\/www.sikortex.com\/wp-content\/uploads\/2023\/06\/O1CN01tudKto1JA5cNyAHO7_3828250987-0-cib-3-600x600.jpg",600,600,true],"woocommerce_gallery_thumbnail":["https:\/\/www.sikortex.com\/wp-content\/uploads\/2023\/06\/O1CN01tudKto1JA5cNyAHO7_3828250987-0-cib-3-100x100.jpg",100,100,true]},"uagb_author_info":{"display_name":"Perry","author_link":"https:\/\/www.sikortex.com\/de\/author\/"},"uagb_comment_info":0,"uagb_excerpt":"600 Meters(Min.Order)","_links":{"self":[{"href":"https:\/\/www.sikortex.com\/de\/wp-json\/wp\/v2\/product\/2005","targetHints":{"allow":["GET"]}}],"collection":[{"href":"https:\/\/www.sikortex.com\/de\/wp-json\/wp\/v2\/product"}],"about":[{"href":"https:\/\/www.sikortex.com\/de\/wp-json\/wp\/v2\/types\/product"}],"replies":[{"embeddable":true,"href":"https:\/\/www.sikortex.com\/de\/wp-json\/wp\/v2\/comments?post=2005"}],"wp:featuredmedia":[{"embeddable":true,"href":"https:\/\/www.sikortex.com\/de\/wp-json\/wp\/v2\/media\/3767"}],"wp:attachment":[{"href":"https:\/\/www.sikortex.com\/de\/wp-json\/wp\/v2\/media?parent=2005"}],"wp:term":[{"taxonomy":"product_brand","embeddable":true,"href":"https:\/\/www.sikortex.com\/de\/wp-json\/wp\/v2\/product_brand?post=2005"},{"taxonomy":"product_cat","embeddable":true,"href":"https:\/\/www.sikortex.com\/de\/wp-json\/wp\/v2\/product_cat?post=2005"},{"taxonomy":"product_tag","embeddable":true,"href":"https:\/\/www.sikortex.com\/de\/wp-json\/wp\/v2\/product_tag?post=2005"}],"curies":[{"name":"wp","href":"https:\/\/api.w.org\/{rel}","templated":true}]}}