{"id":1995,"date":"2023-06-02T14:45:41","date_gmt":"2023-06-02T06:45:41","guid":{"rendered":"http:\/\/203.196.10.64:3021\/?post_type=product&#038;p=1995"},"modified":"2025-08-18T14:05:01","modified_gmt":"2025-08-18T06:05:01","slug":"sk8362-oxford-flammhemmender-stoff","status":"publish","type":"product","link":"https:\/\/www.sikortex.com\/de\/produkt\/sk8362-oxford-flammhemmender-stoff\/","title":{"rendered":"Flammhemmendes Polyester-Oxford-Gewebe, BS5852-Standard-PU-Beschichtung"},"content":{"rendered":"<p>SIKOR-TEX ist ein Hersteller von Hochleistungsgeweben mit Sitz in China<\/p>\n<p>Das flammhemmende 300D-Polyester-Oxford-Gewebe mit BS5852-Standard-PU-Beschichtung ist ein hochwertiges Gewebe, das sowohl flammhemmend als auch wasserdicht ist. Es ist mit einer flammhemmenden PU-Beschichtung auf dem Stoff beschichtet und eignet sich daher ideal f\u00fcr den Einsatz in Produkten, die ein zus\u00e4tzliches Ma\u00df an Sicherheit erfordern. Dieser Stoff ist nicht nur flammhemmend, sondern auch wasserdicht und sch\u00fctzt so vor Wassersch\u00e4den.<br \/>\nDer FR-Stoff entspricht den BS5852-Standards und stellt so sicher, dass er die Sicherheitsanforderungen f\u00fcr Kinderprodukte und Haushaltsgegenst\u00e4nde erf\u00fcllt. Es handelt sich um einen vielseitigen Stoff, der in einer Vielzahl von Anwendungen eingesetzt werden kann, darunter Outdoor-Ausr\u00fcstung, Kinderprodukte und Heimtextilien.<\/p>","protected":false},"excerpt":{"rendered":"<p>1200 Meter (Mindestbestellmenge)<\/p>","protected":false},"featured_media":3771,"comment_status":"closed","ping_status":"closed","template":"","meta":{"_uag_custom_page_level_css":"","site-sidebar-layout":"default","site-content-layout":"default","ast-site-content-layout":"","site-content-style":"default","site-sidebar-style":"default","ast-global-header-display":"","ast-banner-title-visibility":"","ast-main-header-display":"","ast-hfb-above-header-display":"","ast-hfb-below-header-display":"","ast-hfb-mobile-header-display":"","site-post-title":"","ast-breadcrumbs-content":"","ast-featured-img":"","footer-sml-layout":"","theme-transparent-header-meta":"default","adv-header-id-meta":"","stick-header-meta":"default","header-above-stick-meta":"","header-main-stick-meta":"","header-below-stick-meta":"","astra-migrate-meta-layouts":"default","ast-page-background-enabled":"default","ast-page-background-meta":{"desktop":{"background-color":"","background-image":"","background-repeat":"repeat","background-position":"center center","background-size":"auto","background-attachment":"scroll","background-type":"","background-media":"","overlay-type":"","overlay-color":"","overlay-opacity":"","overlay-gradient":""},"tablet":{"background-color":"","background-image":"","background-repeat":"repeat","background-position":"center center","background-size":"auto","background-attachment":"scroll","background-type":"","background-media":"","overlay-type":"","overlay-color":"","overlay-opacity":"","overlay-gradient":""},"mobile":{"background-color":"","background-image":"","background-repeat":"repeat","background-position":"center center","background-size":"auto","background-attachment":"scroll","background-type":"","background-media":"","overlay-type":"","overlay-color":"","overlay-opacity":"","overlay-gradient":""}},"ast-content-background-meta":{"desktop":{"background-color":"var(--ast-global-color-5)","background-image":"","background-repeat":"repeat","background-position":"center center","background-size":"auto","background-attachment":"scroll","background-type":"","background-media":"","overlay-type":"","overlay-color":"","overlay-opacity":"","overlay-gradient":""},"tablet":{"background-color":"var(--ast-global-color-5)","background-image":"","background-repeat":"repeat","background-position":"center center","background-size":"auto","background-attachment":"scroll","background-type":"","background-media":"","overlay-type":"","overlay-color":"","overlay-opacity":"","overlay-gradient":""},"mobile":{"background-color":"var(--ast-global-color-5)","background-image":"","background-repeat":"repeat","background-position":"center center","background-size":"auto","background-attachment":"scroll","background-type":"","background-media":"","overlay-type":"","overlay-color":"","overlay-opacity":"","overlay-gradient":""}}},"product_brand":[],"product_cat":[426,1126,432,416,427,403,433,1697,414],"product_tag":[],"class_list":{"0":"post-1995","1":"product","2":"type-product","3":"status-publish","4":"has-post-thumbnail","6":"product_cat-constructionmining","7":"product_cat-fabric-for-awning","8":"product_cat-fabric-for-tent","9":"product_cat-fire-retardant-fabrics","10":"product_cat-petroleum-and-petrochemical","11":"product_cat-polyester-fabrics","12":"product_cat-textile-for-industrial","13":"product_cat-uv-protection-fabric","14":"product_cat-waterproof-fabrics","15":"pa_available_colors-911052-spc","16":"desktop-align-left","17":"tablet-align-left","18":"mobile-align-left","19":"ast-product-gallery-layout-vertical-slider","20":"ast-product-tabs-layout-horizontal","22":"first","23":"instock","24":"shipping-taxable","25":"product-type-simple"},"uagb_featured_image_src":{"full":["https:\/\/www.sikortex.com\/wp-content\/uploads\/2023\/06\/O1CN0170tjFV1vw8hbSZLv3_2215622046236-0-cib-1.jpg",1024,1024,false],"thumbnail":["https:\/\/www.sikortex.com\/wp-content\/uploads\/2023\/06\/O1CN0170tjFV1vw8hbSZLv3_2215622046236-0-cib-1-150x150.jpg",150,150,true],"medium":["https:\/\/www.sikortex.com\/wp-content\/uploads\/2023\/06\/O1CN0170tjFV1vw8hbSZLv3_2215622046236-0-cib-1-300x300.jpg",300,300,true],"medium_large":["https:\/\/www.sikortex.com\/wp-content\/uploads\/2023\/06\/O1CN0170tjFV1vw8hbSZLv3_2215622046236-0-cib-1-768x768.jpg",768,768,true],"large":["https:\/\/www.sikortex.com\/wp-content\/uploads\/2023\/06\/O1CN0170tjFV1vw8hbSZLv3_2215622046236-0-cib-1.jpg",1024,1024,false],"1536x1536":["https:\/\/www.sikortex.com\/wp-content\/uploads\/2023\/06\/O1CN0170tjFV1vw8hbSZLv3_2215622046236-0-cib-1.jpg",1024,1024,false],"2048x2048":["https:\/\/www.sikortex.com\/wp-content\/uploads\/2023\/06\/O1CN0170tjFV1vw8hbSZLv3_2215622046236-0-cib-1.jpg",1024,1024,false],"trp-custom-language-flag":["https:\/\/www.sikortex.com\/wp-content\/uploads\/2023\/06\/O1CN0170tjFV1vw8hbSZLv3_2215622046236-0-cib-1.jpg",12,12,false],"woocommerce_thumbnail":["https:\/\/www.sikortex.com\/wp-content\/uploads\/2023\/06\/O1CN0170tjFV1vw8hbSZLv3_2215622046236-0-cib-1-300x300.jpg",300,300,true],"woocommerce_single":["https:\/\/www.sikortex.com\/wp-content\/uploads\/2023\/06\/O1CN0170tjFV1vw8hbSZLv3_2215622046236-0-cib-1-600x600.jpg",600,600,true],"woocommerce_gallery_thumbnail":["https:\/\/www.sikortex.com\/wp-content\/uploads\/2023\/06\/O1CN0170tjFV1vw8hbSZLv3_2215622046236-0-cib-1-100x100.jpg",100,100,true]},"uagb_author_info":{"display_name":"Perry","author_link":"https:\/\/www.sikortex.com\/de\/author\/"},"uagb_comment_info":0,"uagb_excerpt":"1200 Meters(Min.Order)","_links":{"self":[{"href":"https:\/\/www.sikortex.com\/de\/wp-json\/wp\/v2\/product\/1995","targetHints":{"allow":["GET"]}}],"collection":[{"href":"https:\/\/www.sikortex.com\/de\/wp-json\/wp\/v2\/product"}],"about":[{"href":"https:\/\/www.sikortex.com\/de\/wp-json\/wp\/v2\/types\/product"}],"replies":[{"embeddable":true,"href":"https:\/\/www.sikortex.com\/de\/wp-json\/wp\/v2\/comments?post=1995"}],"wp:featuredmedia":[{"embeddable":true,"href":"https:\/\/www.sikortex.com\/de\/wp-json\/wp\/v2\/media\/3771"}],"wp:attachment":[{"href":"https:\/\/www.sikortex.com\/de\/wp-json\/wp\/v2\/media?parent=1995"}],"wp:term":[{"taxonomy":"product_brand","embeddable":true,"href":"https:\/\/www.sikortex.com\/de\/wp-json\/wp\/v2\/product_brand?post=1995"},{"taxonomy":"product_cat","embeddable":true,"href":"https:\/\/www.sikortex.com\/de\/wp-json\/wp\/v2\/product_cat?post=1995"},{"taxonomy":"product_tag","embeddable":true,"href":"https:\/\/www.sikortex.com\/de\/wp-json\/wp\/v2\/product_tag?post=1995"}],"curies":[{"name":"wp","href":"https:\/\/api.w.org\/{rel}","templated":true}]}}