{"id":1991,"date":"2023-06-02T14:44:48","date_gmt":"2023-06-02T06:44:48","guid":{"rendered":"http:\/\/203.196.10.64:3021\/?post_type=product&#038;p=1991"},"modified":"2025-01-08T13:00:08","modified_gmt":"2025-01-08T05:00:08","slug":"sk8251-2","status":"publish","type":"product","link":"https:\/\/www.sikortex.com\/de\/produkt\/sk8251-2\/","title":{"rendered":"1000D Nylongewebe, hochfestes Oxford"},"content":{"rendered":"<p>Hersteller von SIKOR-TEX Hochleistungsgeweben<\/p>\n<p>1000D <a href=\"https:\/\/www.sikortex.com\/de\/hersteller-von-nylongewebe\/\"><span style=\"color: #3366ff;\">Nylon<\/span><\/a>\u00a0 Hohe Festigkeit <a href=\"https:\/\/www.sikortex.com\/de\/nylon-baumwollstoff-ripstop-windbreaker-stoff-5\/\"><span style=\"color: #3366ff;\">Oxford-Stoff<\/span><\/a>, ein leistungsstarkes Material, das den hohen Anforderungen milit\u00e4rischer Ausr\u00fcstung und spezieller, verschlei\u00dffester Arbeitskleidung gerecht wird.<\/p>\n<p>Hergestellt aus hochwertigem 1000D <a href=\"https:\/\/www.sikortex.com\/de\/hersteller-von-nylongewebe\/\"><span style=\"color: #3366ff;\">Nylon<\/span><\/a> 6 Fasern, dieser Stoff zeichnet sich durch au\u00dfergew\u00f6hnliche Festigkeit und Haltbarkeit aus. Mit einer Festigkeit, die 1,5-mal h\u00f6her ist als die von Polyester, h\u00e4lt er starker Beanspruchung und extremen Bedingungen stand und ist daher ideal f\u00fcr Anwendungen, die eine robuste Leistung erfordern.<\/p>\n<p>Die hohe Festigkeit dieses Gewebes stellt sicher, dass es den Strapazen milit\u00e4rischer Eins\u00e4tze standh\u00e4lt und in anspruchsvollen Umgebungen zuverl\u00e4ssigen Schutz bietet. Es wurde speziell f\u00fcr die Anforderungen von<a href=\"https:\/\/www.sikortex.com\/de\/militarstoff-ripstop-stoff\/\"><span style=\"color: #3366ff;\"> Milit\u00e4r<\/span><\/a> Ausr\u00fcstung wie Rucks\u00e4cke, taktische Westen und Ausr\u00fcstungszubeh\u00f6r, bei denen Haltbarkeit und Belastbarkeit von gr\u00f6\u00dfter Bedeutung sind.<\/p>\n<p>Dar\u00fcber hinaus eignet sich dieses Gewebe gut zur Herstellung besonders verschlei\u00dffester Arbeitskleidung. Seine robuste Konstruktion und seine hohen Festigkeitseigenschaften machen es zu einer zuverl\u00e4ssigen Wahl f\u00fcr Branchen, die au\u00dfergew\u00f6hnliche Haltbarkeit erfordern, wie z. B. Baugewerbe, Bergbau und Schwermaschinenbau.<\/p>\n<p>St\u00f6bern Sie weiter <span style=\"color: #3366ff;\"><a style=\"color: #3366ff;\" href=\"https:\/\/www.sikortex.com\/de\/cordura-stoffe\/\">Cordura-Stoffe<\/a><\/span><\/p>","protected":false},"excerpt":{"rendered":"<p>600 Meter (Mindestbestellmenge)<\/p>","protected":false},"featured_media":3765,"comment_status":"closed","ping_status":"closed","template":"","meta":{"_uag_custom_page_level_css":"","site-sidebar-layout":"default","site-content-layout":"default","ast-site-content-layout":"","site-content-style":"default","site-sidebar-style":"default","ast-global-header-display":"","ast-banner-title-visibility":"","ast-main-header-display":"","ast-hfb-above-header-display":"","ast-hfb-below-header-display":"","ast-hfb-mobile-header-display":"","site-post-title":"","ast-breadcrumbs-content":"","ast-featured-img":"","footer-sml-layout":"","theme-transparent-header-meta":"default","adv-header-id-meta":"","stick-header-meta":"default","header-above-stick-meta":"","header-main-stick-meta":"","header-below-stick-meta":"","astra-migrate-meta-layouts":"default","ast-page-background-enabled":"default","ast-page-background-meta":{"desktop":{"background-color":"","background-image":"","background-repeat":"repeat","background-position":"center center","background-size":"auto","background-attachment":"scroll","background-type":"","background-media":"","overlay-type":"","overlay-color":"","overlay-opacity":"","overlay-gradient":""},"tablet":{"background-color":"","background-image":"","background-repeat":"repeat","background-position":"center center","background-size":"auto","background-attachment":"scroll","background-type":"","background-media":"","overlay-type":"","overlay-color":"","overlay-opacity":"","overlay-gradient":""},"mobile":{"background-color":"","background-image":"","background-repeat":"repeat","background-position":"center center","background-size":"auto","background-attachment":"scroll","background-type":"","background-media":"","overlay-type":"","overlay-color":"","overlay-opacity":"","overlay-gradient":""}},"ast-content-background-meta":{"desktop":{"background-color":"var(--ast-global-color-5)","background-image":"","background-repeat":"repeat","background-position":"center center","background-size":"auto","background-attachment":"scroll","background-type":"","background-media":"","overlay-type":"","overlay-color":"","overlay-opacity":"","overlay-gradient":""},"tablet":{"background-color":"var(--ast-global-color-5)","background-image":"","background-repeat":"repeat","background-position":"center center","background-size":"auto","background-attachment":"scroll","background-type":"","background-media":"","overlay-type":"","overlay-color":"","overlay-opacity":"","overlay-gradient":""},"mobile":{"background-color":"var(--ast-global-color-5)","background-image":"","background-repeat":"repeat","background-position":"center center","background-size":"auto","background-attachment":"scroll","background-type":"","background-media":"","overlay-type":"","overlay-color":"","overlay-opacity":"","overlay-gradient":""}}},"product_brand":[],"product_cat":[419,423,404],"product_tag":[],"class_list":{"0":"post-1991","1":"product","2":"type-product","3":"status-publish","4":"has-post-thumbnail","6":"product_cat-anti-infrared-fabrics","7":"product_cat-fabric-for-military-police","8":"product_cat-nylon-fabrics","9":"pa_available_colors-olive-green","10":"pa_available_colors-911052-spc","11":"desktop-align-left","12":"tablet-align-left","13":"mobile-align-left","14":"ast-product-gallery-layout-vertical-slider","15":"ast-product-tabs-layout-horizontal","17":"first","18":"instock","19":"shipping-taxable","20":"product-type-simple"},"uagb_featured_image_src":{"full":["https:\/\/www.sikortex.com\/wp-content\/uploads\/2023\/06\/O1CN01WJli1Q1JA5dxdB96v_3828250987-0-cib-1.jpg",1024,1024,false],"thumbnail":["https:\/\/www.sikortex.com\/wp-content\/uploads\/2023\/06\/O1CN01WJli1Q1JA5dxdB96v_3828250987-0-cib-1-150x150.jpg",150,150,true],"medium":["https:\/\/www.sikortex.com\/wp-content\/uploads\/2023\/06\/O1CN01WJli1Q1JA5dxdB96v_3828250987-0-cib-1-300x300.jpg",300,300,true],"medium_large":["https:\/\/www.sikortex.com\/wp-content\/uploads\/2023\/06\/O1CN01WJli1Q1JA5dxdB96v_3828250987-0-cib-1-768x768.jpg",768,768,true],"large":["https:\/\/www.sikortex.com\/wp-content\/uploads\/2023\/06\/O1CN01WJli1Q1JA5dxdB96v_3828250987-0-cib-1.jpg",1024,1024,false],"1536x1536":["https:\/\/www.sikortex.com\/wp-content\/uploads\/2023\/06\/O1CN01WJli1Q1JA5dxdB96v_3828250987-0-cib-1.jpg",1024,1024,false],"2048x2048":["https:\/\/www.sikortex.com\/wp-content\/uploads\/2023\/06\/O1CN01WJli1Q1JA5dxdB96v_3828250987-0-cib-1.jpg",1024,1024,false],"trp-custom-language-flag":["https:\/\/www.sikortex.com\/wp-content\/uploads\/2023\/06\/O1CN01WJli1Q1JA5dxdB96v_3828250987-0-cib-1.jpg",12,12,false],"woocommerce_thumbnail":["https:\/\/www.sikortex.com\/wp-content\/uploads\/2023\/06\/O1CN01WJli1Q1JA5dxdB96v_3828250987-0-cib-1-300x300.jpg",300,300,true],"woocommerce_single":["https:\/\/www.sikortex.com\/wp-content\/uploads\/2023\/06\/O1CN01WJli1Q1JA5dxdB96v_3828250987-0-cib-1-600x600.jpg",600,600,true],"woocommerce_gallery_thumbnail":["https:\/\/www.sikortex.com\/wp-content\/uploads\/2023\/06\/O1CN01WJli1Q1JA5dxdB96v_3828250987-0-cib-1-100x100.jpg",100,100,true]},"uagb_author_info":{"display_name":"Perry","author_link":"https:\/\/www.sikortex.com\/de\/author\/"},"uagb_comment_info":0,"uagb_excerpt":"600 Meters(Min.Order)","_links":{"self":[{"href":"https:\/\/www.sikortex.com\/de\/wp-json\/wp\/v2\/product\/1991","targetHints":{"allow":["GET"]}}],"collection":[{"href":"https:\/\/www.sikortex.com\/de\/wp-json\/wp\/v2\/product"}],"about":[{"href":"https:\/\/www.sikortex.com\/de\/wp-json\/wp\/v2\/types\/product"}],"replies":[{"embeddable":true,"href":"https:\/\/www.sikortex.com\/de\/wp-json\/wp\/v2\/comments?post=1991"}],"wp:featuredmedia":[{"embeddable":true,"href":"https:\/\/www.sikortex.com\/de\/wp-json\/wp\/v2\/media\/3765"}],"wp:attachment":[{"href":"https:\/\/www.sikortex.com\/de\/wp-json\/wp\/v2\/media?parent=1991"}],"wp:term":[{"taxonomy":"product_brand","embeddable":true,"href":"https:\/\/www.sikortex.com\/de\/wp-json\/wp\/v2\/product_brand?post=1991"},{"taxonomy":"product_cat","embeddable":true,"href":"https:\/\/www.sikortex.com\/de\/wp-json\/wp\/v2\/product_cat?post=1991"},{"taxonomy":"product_tag","embeddable":true,"href":"https:\/\/www.sikortex.com\/de\/wp-json\/wp\/v2\/product_tag?post=1991"}],"curies":[{"name":"wp","href":"https:\/\/api.w.org\/{rel}","templated":true}]}}