{"id":1950,"date":"2023-06-02T14:30:32","date_gmt":"2023-06-02T06:30:32","guid":{"rendered":"http:\/\/203.196.10.64:3021\/?post_type=product&#038;p=1950"},"modified":"2023-10-20T13:30:27","modified_gmt":"2023-10-20T05:30:27","slug":"sk8367-nylon-66-fabri","status":"publish","type":"product","link":"https:\/\/www.sikortex.com\/de\/produkt\/sk8367-nylon-66-fabri\/","title":{"rendered":"Hochfestes 40D Nylon 66 Schuss-Stretchgewebe"},"content":{"rendered":"<p>Hersteller von SIKOR-TEX Hochleistungsgeweben<\/p>\n<p>Hochfestes 40D-Nylon-66-Schuss-Stretchgewebe \u2013 ein hochfestes und langlebiges Material, ideal f\u00fcr Jacken, Hosen, Wattierungen und Daunenjacken. Im Gegensatz zu gew\u00f6hnlichen 40D-Nylonfasern ist die Schussgarn-Nylon-66-Faser in diesem Stoff eine Art hochelastische Faser, daher handelt es sich bei diesem Stoff um eine Art elastischen Schussstoff, dessen Elastizit\u00e4t der von Spandex-Stoff nahe kommt und die Elastizit\u00e4t sehr hoch ist dauerhaft; Es verf\u00fcgt au\u00dferdem \u00fcber eine hervorragende Haltbarkeit, Abrieb- und Rei\u00dffestigkeit. Dadurch eignet es sich ideal f\u00fcr Outdoor-Aktivit\u00e4ten, Skibekleidung und Freizeitkleidung.<\/p>\n<p>Die hohe Festigkeit und Strapazierf\u00e4higkeit des Stoffes stellen sicher, dass er den Strapazen des Outdoor-Einsatzes standh\u00e4lt, was ihn zur perfekten Wahl f\u00fcr alle macht, die gerne Zeit in der Natur verbringen. Mit seiner Vielseitigkeit und seinen leistungsstarken Eigenschaften ist die leichte Nylon 6.6-Reihe an Stretchstoffen von SIKOR-TEX ein Muss f\u00fcr alle, die einen langlebigen, zuverl\u00e4ssigen Stoff f\u00fcr ihr n\u00e4chstes Projekt suchen.<\/p>","protected":false},"excerpt":{"rendered":"<p>1200 Meter (Mindestbestellmenge)<\/p>","protected":false},"featured_media":3748,"comment_status":"closed","ping_status":"closed","template":"","meta":{"_uag_custom_page_level_css":"","site-sidebar-layout":"default","site-content-layout":"default","ast-site-content-layout":"","site-content-style":"default","site-sidebar-style":"default","ast-global-header-display":"","ast-banner-title-visibility":"","ast-main-header-display":"","ast-hfb-above-header-display":"","ast-hfb-below-header-display":"","ast-hfb-mobile-header-display":"","site-post-title":"","ast-breadcrumbs-content":"","ast-featured-img":"","footer-sml-layout":"","theme-transparent-header-meta":"default","adv-header-id-meta":"","stick-header-meta":"default","header-above-stick-meta":"","header-main-stick-meta":"","header-below-stick-meta":"","astra-migrate-meta-layouts":"default","ast-page-background-enabled":"default","ast-page-background-meta":{"desktop":{"background-color":"","background-image":"","background-repeat":"repeat","background-position":"center center","background-size":"auto","background-attachment":"scroll","background-type":"","background-media":"","overlay-type":"","overlay-color":"","overlay-opacity":"","overlay-gradient":""},"tablet":{"background-color":"","background-image":"","background-repeat":"repeat","background-position":"center center","background-size":"auto","background-attachment":"scroll","background-type":"","background-media":"","overlay-type":"","overlay-color":"","overlay-opacity":"","overlay-gradient":""},"mobile":{"background-color":"","background-image":"","background-repeat":"repeat","background-position":"center center","background-size":"auto","background-attachment":"scroll","background-type":"","background-media":"","overlay-type":"","overlay-color":"","overlay-opacity":"","overlay-gradient":""}},"ast-content-background-meta":{"desktop":{"background-color":"var(--ast-global-color-5)","background-image":"","background-repeat":"repeat","background-position":"center center","background-size":"auto","background-attachment":"scroll","background-type":"","background-media":"","overlay-type":"","overlay-color":"","overlay-opacity":"","overlay-gradient":""},"tablet":{"background-color":"var(--ast-global-color-5)","background-image":"","background-repeat":"repeat","background-position":"center center","background-size":"auto","background-attachment":"scroll","background-type":"","background-media":"","overlay-type":"","overlay-color":"","overlay-opacity":"","overlay-gradient":""},"mobile":{"background-color":"var(--ast-global-color-5)","background-image":"","background-repeat":"repeat","background-position":"center center","background-size":"auto","background-attachment":"scroll","background-type":"","background-media":"","overlay-type":"","overlay-color":"","overlay-opacity":"","overlay-gradient":""}}},"product_brand":[],"product_cat":[431,430,428,1145,404,420],"product_tag":[],"class_list":{"0":"post-1950","1":"product","2":"type-product","3":"status-publish","4":"has-post-thumbnail","6":"product_cat-fabric-for-commuting-clothing","7":"product_cat-fabric-for-motorwear","8":"product_cat-fabric-for-outdoor-sports","9":"product_cat-lightweight-fabric","10":"product_cat-nylon-fabrics","11":"product_cat-stretch-fabrics","12":"pa_available_colors-h-black","13":"desktop-align-left","14":"tablet-align-left","15":"mobile-align-left","16":"ast-product-gallery-layout-vertical-slider","17":"ast-product-tabs-layout-horizontal","19":"first","20":"instock","21":"shipping-taxable","22":"product-type-simple"},"uagb_featured_image_src":{"full":["https:\/\/www.sikortex.com\/wp-content\/uploads\/2023\/06\/O1CN01EXgtiy1ncsyNxH3Ii_2201413325111-0-cib-1.jpg",1024,1024,false],"thumbnail":["https:\/\/www.sikortex.com\/wp-content\/uploads\/2023\/06\/O1CN01EXgtiy1ncsyNxH3Ii_2201413325111-0-cib-1-150x150.jpg",150,150,true],"medium":["https:\/\/www.sikortex.com\/wp-content\/uploads\/2023\/06\/O1CN01EXgtiy1ncsyNxH3Ii_2201413325111-0-cib-1-300x300.jpg",300,300,true],"medium_large":["https:\/\/www.sikortex.com\/wp-content\/uploads\/2023\/06\/O1CN01EXgtiy1ncsyNxH3Ii_2201413325111-0-cib-1-768x768.jpg",768,768,true],"large":["https:\/\/www.sikortex.com\/wp-content\/uploads\/2023\/06\/O1CN01EXgtiy1ncsyNxH3Ii_2201413325111-0-cib-1.jpg",1024,1024,false],"1536x1536":["https:\/\/www.sikortex.com\/wp-content\/uploads\/2023\/06\/O1CN01EXgtiy1ncsyNxH3Ii_2201413325111-0-cib-1.jpg",1024,1024,false],"2048x2048":["https:\/\/www.sikortex.com\/wp-content\/uploads\/2023\/06\/O1CN01EXgtiy1ncsyNxH3Ii_2201413325111-0-cib-1.jpg",1024,1024,false],"trp-custom-language-flag":["https:\/\/www.sikortex.com\/wp-content\/uploads\/2023\/06\/O1CN01EXgtiy1ncsyNxH3Ii_2201413325111-0-cib-1.jpg",12,12,false],"woocommerce_thumbnail":["https:\/\/www.sikortex.com\/wp-content\/uploads\/2023\/06\/O1CN01EXgtiy1ncsyNxH3Ii_2201413325111-0-cib-1-300x300.jpg",300,300,true],"woocommerce_single":["https:\/\/www.sikortex.com\/wp-content\/uploads\/2023\/06\/O1CN01EXgtiy1ncsyNxH3Ii_2201413325111-0-cib-1-600x600.jpg",600,600,true],"woocommerce_gallery_thumbnail":["https:\/\/www.sikortex.com\/wp-content\/uploads\/2023\/06\/O1CN01EXgtiy1ncsyNxH3Ii_2201413325111-0-cib-1-100x100.jpg",100,100,true]},"uagb_author_info":{"display_name":"Perry","author_link":"https:\/\/www.sikortex.com\/de\/author\/"},"uagb_comment_info":0,"uagb_excerpt":"1200 Meters(Min.Order)","_links":{"self":[{"href":"https:\/\/www.sikortex.com\/de\/wp-json\/wp\/v2\/product\/1950","targetHints":{"allow":["GET"]}}],"collection":[{"href":"https:\/\/www.sikortex.com\/de\/wp-json\/wp\/v2\/product"}],"about":[{"href":"https:\/\/www.sikortex.com\/de\/wp-json\/wp\/v2\/types\/product"}],"replies":[{"embeddable":true,"href":"https:\/\/www.sikortex.com\/de\/wp-json\/wp\/v2\/comments?post=1950"}],"wp:featuredmedia":[{"embeddable":true,"href":"https:\/\/www.sikortex.com\/de\/wp-json\/wp\/v2\/media\/3748"}],"wp:attachment":[{"href":"https:\/\/www.sikortex.com\/de\/wp-json\/wp\/v2\/media?parent=1950"}],"wp:term":[{"taxonomy":"product_brand","embeddable":true,"href":"https:\/\/www.sikortex.com\/de\/wp-json\/wp\/v2\/product_brand?post=1950"},{"taxonomy":"product_cat","embeddable":true,"href":"https:\/\/www.sikortex.com\/de\/wp-json\/wp\/v2\/product_cat?post=1950"},{"taxonomy":"product_tag","embeddable":true,"href":"https:\/\/www.sikortex.com\/de\/wp-json\/wp\/v2\/product_tag?post=1950"}],"curies":[{"name":"wp","href":"https:\/\/api.w.org\/{rel}","templated":true}]}}