{"id":1868,"date":"2023-06-02T13:52:09","date_gmt":"2023-06-02T05:52:09","guid":{"rendered":"http:\/\/203.196.10.64:3021\/?post_type=product&#038;p=1868"},"modified":"2025-01-02T14:42:38","modified_gmt":"2025-01-02T06:42:38","slug":"sk8239-2","status":"publish","type":"product","link":"https:\/\/www.sikortex.com\/de\/produkt\/sk8239-2\/","title":{"rendered":"FR Oxford 300D inh\u00e4rent flammhemmendes Gewebe NFPA 701"},"content":{"rendered":"<p>Hersteller von SIKOR-TEX Hochleistungsgeweben<\/p>\n<p>Polyester 300D, inh\u00e4rent flammhemmender Stoff NFPA 701, ein vielseitiger Stoff mit einem breiten Anwendungsspektrum. Dieser Stoff besteht aus einem inh\u00e4rent flammhemmenden Polyestermaterial, ist dauerhaft flammhemmend und bleibt auch nach h\u00e4ufigem Waschen flammhemmend.<\/p>\n<p>Der 300D-Denier des Stoffes macht ihn stark und rei\u00dffest und eignet sich daher ideal f\u00fcr eine Vielzahl von Anwendungen wie Zelte, Gep\u00e4ck, Vorh\u00e4nge, industrielle Anwendungen, Bauprojekte, Transportartikel und Busmarkisen. Seine flammhemmenden Eigenschaften sorgen f\u00fcr zus\u00e4tzliche Sicherheit und Schutz.<\/p>\n<p>Mit seiner Vielseitigkeit und Zuverl\u00e4ssigkeit ist unser 300D Polyester FR Oxford eine ausgezeichnete Wahl f\u00fcr kommerzielle und private Projekte. Verlassen Sie sich auf seine St\u00e4rke und Haltbarkeit, um Ihre spezifischen Anforderungen zu erf\u00fcllen, egal ob Sie einen Stoff f\u00fcr Au\u00dfenanwendungen oder den industriellen Einsatz suchen.<\/p>","protected":false},"excerpt":{"rendered":"<p>3000 Meter (Mindestbestellmenge)<\/p>","protected":false},"featured_media":3696,"comment_status":"closed","ping_status":"closed","template":"","meta":{"_uag_custom_page_level_css":"","site-sidebar-layout":"default","site-content-layout":"default","ast-site-content-layout":"","site-content-style":"default","site-sidebar-style":"default","ast-global-header-display":"","ast-banner-title-visibility":"","ast-main-header-display":"","ast-hfb-above-header-display":"","ast-hfb-below-header-display":"","ast-hfb-mobile-header-display":"","site-post-title":"","ast-breadcrumbs-content":"","ast-featured-img":"","footer-sml-layout":"","theme-transparent-header-meta":"default","adv-header-id-meta":"","stick-header-meta":"default","header-above-stick-meta":"","header-main-stick-meta":"","header-below-stick-meta":"","astra-migrate-meta-layouts":"default","ast-page-background-enabled":"default","ast-page-background-meta":{"desktop":{"background-color":"","background-image":"","background-repeat":"repeat","background-position":"center center","background-size":"auto","background-attachment":"scroll","background-type":"","background-media":"","overlay-type":"","overlay-color":"","overlay-opacity":"","overlay-gradient":""},"tablet":{"background-color":"","background-image":"","background-repeat":"repeat","background-position":"center center","background-size":"auto","background-attachment":"scroll","background-type":"","background-media":"","overlay-type":"","overlay-color":"","overlay-opacity":"","overlay-gradient":""},"mobile":{"background-color":"","background-image":"","background-repeat":"repeat","background-position":"center center","background-size":"auto","background-attachment":"scroll","background-type":"","background-media":"","overlay-type":"","overlay-color":"","overlay-opacity":"","overlay-gradient":""}},"ast-content-background-meta":{"desktop":{"background-color":"var(--ast-global-color-5)","background-image":"","background-repeat":"repeat","background-position":"center center","background-size":"auto","background-attachment":"scroll","background-type":"","background-media":"","overlay-type":"","overlay-color":"","overlay-opacity":"","overlay-gradient":""},"tablet":{"background-color":"var(--ast-global-color-5)","background-image":"","background-repeat":"repeat","background-position":"center center","background-size":"auto","background-attachment":"scroll","background-type":"","background-media":"","overlay-type":"","overlay-color":"","overlay-opacity":"","overlay-gradient":""},"mobile":{"background-color":"var(--ast-global-color-5)","background-image":"","background-repeat":"repeat","background-position":"center center","background-size":"auto","background-attachment":"scroll","background-type":"","background-media":"","overlay-type":"","overlay-color":"","overlay-opacity":"","overlay-gradient":""}}},"product_brand":[],"product_cat":[416,427,403],"product_tag":[],"class_list":{"0":"post-1868","1":"product","2":"type-product","3":"status-publish","4":"has-post-thumbnail","6":"product_cat-fire-retardant-fabrics","7":"product_cat-petroleum-and-petrochemical","8":"product_cat-polyester-fabrics","9":"pa_available_colors-1526-62","10":"desktop-align-left","11":"tablet-align-left","12":"mobile-align-left","13":"ast-product-gallery-layout-vertical-slider","14":"ast-product-tabs-layout-horizontal","16":"first","17":"instock","18":"shipping-taxable","19":"product-type-simple"},"uagb_featured_image_src":{"full":["https:\/\/www.sikortex.com\/wp-content\/uploads\/2023\/06\/O1CN01kkDI6S1SRL3ukQoNr_2206398122243-0-cib-1.jpg",1024,1024,false],"thumbnail":["https:\/\/www.sikortex.com\/wp-content\/uploads\/2023\/06\/O1CN01kkDI6S1SRL3ukQoNr_2206398122243-0-cib-1-150x150.jpg",150,150,true],"medium":["https:\/\/www.sikortex.com\/wp-content\/uploads\/2023\/06\/O1CN01kkDI6S1SRL3ukQoNr_2206398122243-0-cib-1-300x300.jpg",300,300,true],"medium_large":["https:\/\/www.sikortex.com\/wp-content\/uploads\/2023\/06\/O1CN01kkDI6S1SRL3ukQoNr_2206398122243-0-cib-1-768x768.jpg",768,768,true],"large":["https:\/\/www.sikortex.com\/wp-content\/uploads\/2023\/06\/O1CN01kkDI6S1SRL3ukQoNr_2206398122243-0-cib-1.jpg",1024,1024,false],"1536x1536":["https:\/\/www.sikortex.com\/wp-content\/uploads\/2023\/06\/O1CN01kkDI6S1SRL3ukQoNr_2206398122243-0-cib-1.jpg",1024,1024,false],"2048x2048":["https:\/\/www.sikortex.com\/wp-content\/uploads\/2023\/06\/O1CN01kkDI6S1SRL3ukQoNr_2206398122243-0-cib-1.jpg",1024,1024,false],"trp-custom-language-flag":["https:\/\/www.sikortex.com\/wp-content\/uploads\/2023\/06\/O1CN01kkDI6S1SRL3ukQoNr_2206398122243-0-cib-1.jpg",12,12,false],"woocommerce_thumbnail":["https:\/\/www.sikortex.com\/wp-content\/uploads\/2023\/06\/O1CN01kkDI6S1SRL3ukQoNr_2206398122243-0-cib-1-300x300.jpg",300,300,true],"woocommerce_single":["https:\/\/www.sikortex.com\/wp-content\/uploads\/2023\/06\/O1CN01kkDI6S1SRL3ukQoNr_2206398122243-0-cib-1-600x600.jpg",600,600,true],"woocommerce_gallery_thumbnail":["https:\/\/www.sikortex.com\/wp-content\/uploads\/2023\/06\/O1CN01kkDI6S1SRL3ukQoNr_2206398122243-0-cib-1-100x100.jpg",100,100,true]},"uagb_author_info":{"display_name":"Perry","author_link":"https:\/\/www.sikortex.com\/de\/author\/"},"uagb_comment_info":0,"uagb_excerpt":"3000 Meters(Min.Order)","_links":{"self":[{"href":"https:\/\/www.sikortex.com\/de\/wp-json\/wp\/v2\/product\/1868","targetHints":{"allow":["GET"]}}],"collection":[{"href":"https:\/\/www.sikortex.com\/de\/wp-json\/wp\/v2\/product"}],"about":[{"href":"https:\/\/www.sikortex.com\/de\/wp-json\/wp\/v2\/types\/product"}],"replies":[{"embeddable":true,"href":"https:\/\/www.sikortex.com\/de\/wp-json\/wp\/v2\/comments?post=1868"}],"wp:featuredmedia":[{"embeddable":true,"href":"https:\/\/www.sikortex.com\/de\/wp-json\/wp\/v2\/media\/3696"}],"wp:attachment":[{"href":"https:\/\/www.sikortex.com\/de\/wp-json\/wp\/v2\/media?parent=1868"}],"wp:term":[{"taxonomy":"product_brand","embeddable":true,"href":"https:\/\/www.sikortex.com\/de\/wp-json\/wp\/v2\/product_brand?post=1868"},{"taxonomy":"product_cat","embeddable":true,"href":"https:\/\/www.sikortex.com\/de\/wp-json\/wp\/v2\/product_cat?post=1868"},{"taxonomy":"product_tag","embeddable":true,"href":"https:\/\/www.sikortex.com\/de\/wp-json\/wp\/v2\/product_tag?post=1868"}],"curies":[{"name":"wp","href":"https:\/\/api.w.org\/{rel}","templated":true}]}}