{"id":1858,"date":"2023-06-01T15:06:58","date_gmt":"2023-06-01T07:06:58","guid":{"rendered":"http:\/\/203.196.10.64:3021\/?post_type=product&#038;p=1858"},"modified":"2025-02-17T17:46:19","modified_gmt":"2025-02-17T09:46:19","slug":"sk8236-2","status":"publish","type":"product","link":"https:\/\/www.sikortex.com\/de\/produkt\/sk8236-2\/","title":{"rendered":"Flammhemmendes Oxford-Gewebe aus Polyester 600d"},"content":{"rendered":"<p>Flammhemmendes Oxford-Gewebe aus Polyester 600D, ein vielseitiges Gewebe, das f\u00fcr eine Vielzahl von Anwendungen geeignet ist. Dieser aus hochwertigem Polyestermaterial hergestellte Stoff bietet hervorragende Haltbarkeit und flammhemmende Eigenschaften und sorgt so f\u00fcr Sicherheit und Langlebigkeit.<\/p>\n<p>Die 600D-Denier-Zahl des Stoffes macht ihn robust und rei\u00dffest und eignet sich daher ideal f\u00fcr verschiedene Verwendungszwecke wie Zelte, Gep\u00e4ck, Vorh\u00e4nge, industrielle Anwendungen, Bauprojekte, verkehrsbezogene Gegenst\u00e4nde und Bus-Sonnenschutz. Seine flammhemmende Eigenschaft sorgt f\u00fcr zus\u00e4tzliche Sicherheit und Schutz.<\/p>\n<p>Mit seiner Vielseitigkeit und Zuverl\u00e4ssigkeit ist unser flammhemmendes Oxford-Gewebe aus Polyester 300D, 600D, 900D eine ausgezeichnete Wahl f\u00fcr kommerzielle und private Projekte. Verlassen Sie sich auf seine St\u00e4rke und Haltbarkeit, um Ihre spezifischen Anforderungen zu erf\u00fcllen, egal ob Sie einen Stoff f\u00fcr Au\u00dfenanwendungen oder industrielle Zwecke suchen.<\/p>","protected":false},"excerpt":{"rendered":"<p>600 Meter (Mindestbestellmenge)<\/p>","protected":false},"featured_media":3691,"comment_status":"closed","ping_status":"closed","template":"","meta":{"_uag_custom_page_level_css":"","site-sidebar-layout":"default","site-content-layout":"default","ast-site-content-layout":"","site-content-style":"default","site-sidebar-style":"default","ast-global-header-display":"","ast-banner-title-visibility":"","ast-main-header-display":"","ast-hfb-above-header-display":"","ast-hfb-below-header-display":"","ast-hfb-mobile-header-display":"","site-post-title":"","ast-breadcrumbs-content":"","ast-featured-img":"","footer-sml-layout":"","theme-transparent-header-meta":"default","adv-header-id-meta":"","stick-header-meta":"default","header-above-stick-meta":"","header-main-stick-meta":"","header-below-stick-meta":"","astra-migrate-meta-layouts":"default","ast-page-background-enabled":"default","ast-page-background-meta":{"desktop":{"background-color":"","background-image":"","background-repeat":"repeat","background-position":"center center","background-size":"auto","background-attachment":"scroll","background-type":"","background-media":"","overlay-type":"","overlay-color":"","overlay-opacity":"","overlay-gradient":""},"tablet":{"background-color":"","background-image":"","background-repeat":"repeat","background-position":"center center","background-size":"auto","background-attachment":"scroll","background-type":"","background-media":"","overlay-type":"","overlay-color":"","overlay-opacity":"","overlay-gradient":""},"mobile":{"background-color":"","background-image":"","background-repeat":"repeat","background-position":"center center","background-size":"auto","background-attachment":"scroll","background-type":"","background-media":"","overlay-type":"","overlay-color":"","overlay-opacity":"","overlay-gradient":""}},"ast-content-background-meta":{"desktop":{"background-color":"var(--ast-global-color-5)","background-image":"","background-repeat":"repeat","background-position":"center center","background-size":"auto","background-attachment":"scroll","background-type":"","background-media":"","overlay-type":"","overlay-color":"","overlay-opacity":"","overlay-gradient":""},"tablet":{"background-color":"var(--ast-global-color-5)","background-image":"","background-repeat":"repeat","background-position":"center center","background-size":"auto","background-attachment":"scroll","background-type":"","background-media":"","overlay-type":"","overlay-color":"","overlay-opacity":"","overlay-gradient":""},"mobile":{"background-color":"var(--ast-global-color-5)","background-image":"","background-repeat":"repeat","background-position":"center center","background-size":"auto","background-attachment":"scroll","background-type":"","background-media":"","overlay-type":"","overlay-color":"","overlay-opacity":"","overlay-gradient":""}}},"product_brand":[],"product_cat":[1206,432,416,1184,403,433,414],"product_tag":[],"class_list":{"0":"post-1858","1":"product","2":"type-product","3":"status-publish","4":"has-post-thumbnail","6":"product_cat-fabric-for-bag","7":"product_cat-fabric-for-tent","8":"product_cat-fire-retardant-fabrics","9":"product_cat-oxford-fabric","10":"product_cat-polyester-fabrics","11":"product_cat-textile-for-industrial","12":"product_cat-waterproof-fabrics","13":"pa_available_colors-8236-1","14":"pa_available_colors-8236-10","15":"pa_available_colors-8236-11","16":"pa_available_colors-8236-12","17":"pa_available_colors-8236-13","18":"pa_available_colors-8236-15","19":"pa_available_colors-8236-16","20":"pa_available_colors-8236-17","21":"pa_available_colors-8236-18","22":"pa_available_colors-8236-19","23":"pa_available_colors-8236-2","24":"pa_available_colors-8236-20","25":"pa_available_colors-8236-3","26":"pa_available_colors-8236-4","27":"pa_available_colors-8236-5","28":"pa_available_colors-8236-6","29":"pa_available_colors-8236-7","30":"pa_available_colors-8236-8","31":"pa_available_colors-8236-9","32":"desktop-align-left","33":"tablet-align-left","34":"mobile-align-left","35":"ast-product-gallery-layout-vertical-slider","36":"ast-product-tabs-layout-horizontal","38":"first","39":"instock","40":"shipping-taxable","41":"product-type-simple"},"uagb_featured_image_src":{"full":["https:\/\/www.sikortex.com\/wp-content\/uploads\/2023\/06\/11402928930_417530336-1.jpg",1024,1024,false],"thumbnail":["https:\/\/www.sikortex.com\/wp-content\/uploads\/2023\/06\/11402928930_417530336-1-150x150.jpg",150,150,true],"medium":["https:\/\/www.sikortex.com\/wp-content\/uploads\/2023\/06\/11402928930_417530336-1-300x300.jpg",300,300,true],"medium_large":["https:\/\/www.sikortex.com\/wp-content\/uploads\/2023\/06\/11402928930_417530336-1-768x768.jpg",768,768,true],"large":["https:\/\/www.sikortex.com\/wp-content\/uploads\/2023\/06\/11402928930_417530336-1.jpg",1024,1024,false],"1536x1536":["https:\/\/www.sikortex.com\/wp-content\/uploads\/2023\/06\/11402928930_417530336-1.jpg",1024,1024,false],"2048x2048":["https:\/\/www.sikortex.com\/wp-content\/uploads\/2023\/06\/11402928930_417530336-1.jpg",1024,1024,false],"trp-custom-language-flag":["https:\/\/www.sikortex.com\/wp-content\/uploads\/2023\/06\/11402928930_417530336-1.jpg",12,12,false],"woocommerce_thumbnail":["https:\/\/www.sikortex.com\/wp-content\/uploads\/2023\/06\/11402928930_417530336-1-300x300.jpg",300,300,true],"woocommerce_single":["https:\/\/www.sikortex.com\/wp-content\/uploads\/2023\/06\/11402928930_417530336-1-600x600.jpg",600,600,true],"woocommerce_gallery_thumbnail":["https:\/\/www.sikortex.com\/wp-content\/uploads\/2023\/06\/11402928930_417530336-1-100x100.jpg",100,100,true]},"uagb_author_info":{"display_name":"Perry","author_link":"https:\/\/www.sikortex.com\/de\/author\/"},"uagb_comment_info":0,"uagb_excerpt":"600 Meters(Min.Order)","_links":{"self":[{"href":"https:\/\/www.sikortex.com\/de\/wp-json\/wp\/v2\/product\/1858","targetHints":{"allow":["GET"]}}],"collection":[{"href":"https:\/\/www.sikortex.com\/de\/wp-json\/wp\/v2\/product"}],"about":[{"href":"https:\/\/www.sikortex.com\/de\/wp-json\/wp\/v2\/types\/product"}],"replies":[{"embeddable":true,"href":"https:\/\/www.sikortex.com\/de\/wp-json\/wp\/v2\/comments?post=1858"}],"wp:featuredmedia":[{"embeddable":true,"href":"https:\/\/www.sikortex.com\/de\/wp-json\/wp\/v2\/media\/3691"}],"wp:attachment":[{"href":"https:\/\/www.sikortex.com\/de\/wp-json\/wp\/v2\/media?parent=1858"}],"wp:term":[{"taxonomy":"product_brand","embeddable":true,"href":"https:\/\/www.sikortex.com\/de\/wp-json\/wp\/v2\/product_brand?post=1858"},{"taxonomy":"product_cat","embeddable":true,"href":"https:\/\/www.sikortex.com\/de\/wp-json\/wp\/v2\/product_cat?post=1858"},{"taxonomy":"product_tag","embeddable":true,"href":"https:\/\/www.sikortex.com\/de\/wp-json\/wp\/v2\/product_tag?post=1858"}],"curies":[{"name":"wp","href":"https:\/\/api.w.org\/{rel}","templated":true}]}}