{"id":1817,"date":"2023-06-01T14:21:42","date_gmt":"2023-06-01T06:21:42","guid":{"rendered":"http:\/\/203.196.10.64:3021\/?post_type=product&#038;p=1817"},"modified":"2025-01-08T12:28:35","modified_gmt":"2025-01-08T04:28:35","slug":"antistatisches-oxford-polyester-ppe-gewebe","status":"publish","type":"product","link":"https:\/\/www.sikortex.com\/de\/produkt\/antistatisches-oxford-polyester-ppe-gewebe\/","title":{"rendered":"300D antistatisches Oxford-Gewebe, Polyester, PSA-Gewebe"},"content":{"rendered":"<p>Wir pr\u00e4sentieren unser antistatisches Polyester 300D <a href=\"https:\/\/www.sikortex.com\/de\/nylon-baumwollstoff-ripstop-windbreaker-stoff-5\/\"><span style=\"color: #3366ff;\">Oxford<\/span><\/a> <a href=\"https:\/\/www.sikortex.com\/de\/hersteller-von-flammhemmenden-stoffen\/\"><span style=\"color: #3366ff;\">Flammhemmend<\/span><\/a>t Gittergewebe (optional 600D, 900D), eine zuverl\u00e4ssige Wahl f\u00fcr verschiedene Branchen. Dieses Polyester-PSA-Gewebe besteht aus 98%-Polyester und 2%-Kohlefaser und bietet hervorragende antistatische und<a href=\"https:\/\/www.sikortex.com\/de\/hersteller-von-flammhemmenden-stoffen\/\"><span style=\"color: #3366ff;\"> flammhemmend<\/span><\/a> Eigenschaften. Sie haben die M\u00f6glichkeit, zwischen schwarzen oder grauen leitf\u00e4higen Fasern zu w\u00e4hlen, was eine Anpassung an Ihre Pr\u00e4ferenzen erm\u00f6glicht.<\/p>\n<p>Die Antistatik <a href=\"https:\/\/www.sikortex.com\/de\/nylon-baumwollstoff-ripstop-windbreaker-stoff-5\/\"><span style=\"color: #3366ff;\">Oxford<\/span><\/a> Der Stoff ist dick und strapazierf\u00e4hig und gew\u00e4hrleistet so eine dauerhafte Leistung in anspruchsvollen Umgebungen. Er kann nachtr\u00e4glich veredelt werden, beispielsweise mit wasserabweisenden Behandlungen und PU-Beschichtungen, um seine Funktionalit\u00e4t und seinen Schutz weiter zu verbessern.<\/p>\n<p>Dieser Stoff eignet sich ideal f\u00fcr Arbeits- und Schutzkleidung und ist gut geeignet f\u00fcr Mitarbeiter in Elektronikfabriken, Bediener von Pr\u00e4zisionsinstrumenten, Personal in staubfreien Reinr\u00e4umen und OP-Personal. Vertrauen Sie auf die Qualit\u00e4t und Zuverl\u00e4ssigkeit unseres antistatischen Polyester 300D <a href=\"https:\/\/www.sikortex.com\/de\/nylon-baumwollstoff-ripstop-windbreaker-stoff-5\/\"><span style=\"color: #3366ff;\">Oxford<\/span><\/a> Stoff, der Ihren Sicherheits- und Leistungsanforderungen entspricht.<\/p>","protected":false},"excerpt":{"rendered":"<p>1000 Meter (Mindestbestellmenge)<\/p>","protected":false},"featured_media":3756,"comment_status":"closed","ping_status":"closed","template":"","meta":{"_uag_custom_page_level_css":"","site-sidebar-layout":"default","site-content-layout":"default","ast-site-content-layout":"","site-content-style":"default","site-sidebar-style":"default","ast-global-header-display":"","ast-banner-title-visibility":"","ast-main-header-display":"","ast-hfb-above-header-display":"","ast-hfb-below-header-display":"","ast-hfb-mobile-header-display":"","site-post-title":"","ast-breadcrumbs-content":"","ast-featured-img":"","footer-sml-layout":"","theme-transparent-header-meta":"default","adv-header-id-meta":"","stick-header-meta":"default","header-above-stick-meta":"","header-main-stick-meta":"","header-below-stick-meta":"","astra-migrate-meta-layouts":"default","ast-page-background-enabled":"default","ast-page-background-meta":{"desktop":{"background-color":"","background-image":"","background-repeat":"repeat","background-position":"center center","background-size":"auto","background-attachment":"scroll","background-type":"","background-media":"","overlay-type":"","overlay-color":"","overlay-opacity":"","overlay-gradient":""},"tablet":{"background-color":"","background-image":"","background-repeat":"repeat","background-position":"center center","background-size":"auto","background-attachment":"scroll","background-type":"","background-media":"","overlay-type":"","overlay-color":"","overlay-opacity":"","overlay-gradient":""},"mobile":{"background-color":"","background-image":"","background-repeat":"repeat","background-position":"center center","background-size":"auto","background-attachment":"scroll","background-type":"","background-media":"","overlay-type":"","overlay-color":"","overlay-opacity":"","overlay-gradient":""}},"ast-content-background-meta":{"desktop":{"background-color":"var(--ast-global-color-5)","background-image":"","background-repeat":"repeat","background-position":"center center","background-size":"auto","background-attachment":"scroll","background-type":"","background-media":"","overlay-type":"","overlay-color":"","overlay-opacity":"","overlay-gradient":""},"tablet":{"background-color":"var(--ast-global-color-5)","background-image":"","background-repeat":"repeat","background-position":"center center","background-size":"auto","background-attachment":"scroll","background-type":"","background-media":"","overlay-type":"","overlay-color":"","overlay-opacity":"","overlay-gradient":""},"mobile":{"background-color":"var(--ast-global-color-5)","background-image":"","background-repeat":"repeat","background-position":"center center","background-size":"auto","background-attachment":"scroll","background-type":"","background-media":"","overlay-type":"","overlay-color":"","overlay-opacity":"","overlay-gradient":""}}},"product_brand":[],"product_cat":[413,426,427,414],"product_tag":[],"class_list":{"0":"post-1817","1":"product","2":"type-product","3":"status-publish","4":"has-post-thumbnail","6":"product_cat-antistatic-fabrics","7":"product_cat-constructionmining","8":"product_cat-petroleum-and-petrochemical","9":"product_cat-waterproof-fabrics","10":"pa_available_colors-fluorescent-orange","11":"pa_available_colors-fluorescent-red","12":"pa_available_colors-fluorescent-yellow","13":"pa_available_colors-501001-spc","14":"pa_available_colors-000020-wht","15":"desktop-align-left","16":"tablet-align-left","17":"mobile-align-left","18":"ast-product-gallery-layout-vertical-slider","19":"ast-product-tabs-layout-horizontal","21":"first","22":"instock","23":"shipping-taxable","24":"product-type-simple"},"uagb_featured_image_src":{"full":["https:\/\/www.sikortex.com\/wp-content\/uploads\/2023\/06\/3-6.jpg",734,650,false],"thumbnail":["https:\/\/www.sikortex.com\/wp-content\/uploads\/2023\/06\/3-6-150x150.jpg",150,150,true],"medium":["https:\/\/www.sikortex.com\/wp-content\/uploads\/2023\/06\/3-6-300x266.jpg",300,266,true],"medium_large":["https:\/\/www.sikortex.com\/wp-content\/uploads\/2023\/06\/3-6.jpg",734,650,false],"large":["https:\/\/www.sikortex.com\/wp-content\/uploads\/2023\/06\/3-6.jpg",734,650,false],"1536x1536":["https:\/\/www.sikortex.com\/wp-content\/uploads\/2023\/06\/3-6.jpg",734,650,false],"2048x2048":["https:\/\/www.sikortex.com\/wp-content\/uploads\/2023\/06\/3-6.jpg",734,650,false],"trp-custom-language-flag":["https:\/\/www.sikortex.com\/wp-content\/uploads\/2023\/06\/3-6.jpg",14,12,false],"woocommerce_thumbnail":["https:\/\/www.sikortex.com\/wp-content\/uploads\/2023\/06\/3-6-300x300.jpg",300,300,true],"woocommerce_single":["https:\/\/www.sikortex.com\/wp-content\/uploads\/2023\/06\/3-6-600x531.jpg",600,531,true],"woocommerce_gallery_thumbnail":["https:\/\/www.sikortex.com\/wp-content\/uploads\/2023\/06\/3-6-100x100.jpg",100,100,true]},"uagb_author_info":{"display_name":"Perry","author_link":"https:\/\/www.sikortex.com\/de\/author\/"},"uagb_comment_info":0,"uagb_excerpt":"1000 Meters(Min.Order)","_links":{"self":[{"href":"https:\/\/www.sikortex.com\/de\/wp-json\/wp\/v2\/product\/1817","targetHints":{"allow":["GET"]}}],"collection":[{"href":"https:\/\/www.sikortex.com\/de\/wp-json\/wp\/v2\/product"}],"about":[{"href":"https:\/\/www.sikortex.com\/de\/wp-json\/wp\/v2\/types\/product"}],"replies":[{"embeddable":true,"href":"https:\/\/www.sikortex.com\/de\/wp-json\/wp\/v2\/comments?post=1817"}],"wp:featuredmedia":[{"embeddable":true,"href":"https:\/\/www.sikortex.com\/de\/wp-json\/wp\/v2\/media\/3756"}],"wp:attachment":[{"href":"https:\/\/www.sikortex.com\/de\/wp-json\/wp\/v2\/media?parent=1817"}],"wp:term":[{"taxonomy":"product_brand","embeddable":true,"href":"https:\/\/www.sikortex.com\/de\/wp-json\/wp\/v2\/product_brand?post=1817"},{"taxonomy":"product_cat","embeddable":true,"href":"https:\/\/www.sikortex.com\/de\/wp-json\/wp\/v2\/product_cat?post=1817"},{"taxonomy":"product_tag","embeddable":true,"href":"https:\/\/www.sikortex.com\/de\/wp-json\/wp\/v2\/product_tag?post=1817"}],"curies":[{"name":"wp","href":"https:\/\/api.w.org\/{rel}","templated":true}]}}